{"id":134431,"date":"2025-12-16T09:02:20","date_gmt":"2025-12-16T02:02:20","guid":{"rendered":"https:\/\/trading.hhg.vn\/product\/mat-che-200-da-cam-thach-lasa-covelano-vena-oro-axor-myedition\/"},"modified":"2025-12-20T16:06:58","modified_gmt":"2025-12-20T09:06:58","slug":"mat-che-200-da-cam-thach-lasa-covelano-vena-oro-axor-myedition","status":"publish","type":"product","link":"https:\/\/trading.hhg.vn\/en\/s\u1ea3n-ph\u1ea9m\/mat-che-200-da-cam-thach-lasa-covelano-vena-oro-axor-myedition\/","title":{"rendered":"M\u1eb7t che 200 \u0111\u00e1 c\u1ea9m th\u1ea1ch Lasa Covelano Vena Oro AXOR MyEdition"},"content":{"rendered":"","protected":false},"excerpt":{"rendered":"<p>M\u1eb7t che AXOR MyEdition 200 b\u1eb1ng \u0111\u00e1 c\u1ea9m th\u1ea1ch Lasa Covelano Vena Oro l\u00e0 ki\u1ec7t t\u00e1c ki\u1ebfn tr\u00fac, n\u01a1i v\u1ebb \u0111\u1eb9p thi\u00ean nhi\u00ean giao h\u00f2a c\u00f9ng thi\u1ebft k\u1ebf tinh x\u1ea3o. M\u1ed7i v\u00e2n \u0111\u00e1 c\u1ea9m th\u1ea1ch Vena Oro \u0111\u1ed9c \u0111\u00e1o, h\u00f2a quy\u1ec7n tr\u00ean n\u1ec1n Lasa Covelano tr\u1eafng tinh kh\u00f4i, t\u1ea1o n\u00ean m\u1ed9t t\u00e1c ph\u1ea9m ngh\u1ec7 thu\u1eadt ri\u00eang bi\u1ec7t cho kh\u00f4ng gian ph\u00f2ng t\u1eafm c\u1ee7a b\u1ea1n. Kh\u00f4ng ch\u1ec9 l\u00e0 m\u1ed9t chi ti\u1ebft trang tr\u00ed, m\u1eb7t che n\u00e0y n\u00e2ng t\u1ea7m tr\u1ea3i nghi\u1ec7m s\u1eed d\u1ee5ng, mang \u0111\u1ebfn c\u1ea3m gi\u00e1c sang tr\u1ecdng v\u00e0 \u0111\u1eb3ng c\u1ea5p, bi\u1ebfn m\u1ed7i kho\u1ea3nh kh\u1eafc th\u00e0nh m\u1ed9t h\u00e0nh tr\u00ecnh kh\u00e1m ph\u00e1 v\u1ebb \u0111\u1eb9p v\u01b0\u1ee3t th\u1eddi gian.<\/p>\n","protected":false},"featured_media":134429,"comment_status":"open","ping_status":"closed","template":"","meta":{"_acf_changed":false},"product_cat":[887],"product_tag":[],"class_list":{"0":"post-134431","1":"product","2":"type-product","3":"status-publish","4":"has-post-thumbnail","6":"product_cat-phu-kien-di-kem","7":"pa_mau-sac-marble-lasa-covelano-vena-oro","9":"first","10":"instock","11":"shipping-taxable","12":"purchasable","13":"product-type-simple"},"acf":[],"featured_media_urls":{"thumbnail":["https:\/\/trading.hhg.vn\/wp-content\/uploads\/2025\/12\/154__apr00172_tif-150x150.png",150,150,true],"medium":["https:\/\/trading.hhg.vn\/wp-content\/uploads\/2025\/12\/154__apr00172_tif-263x300.png",263,300,true],"medium_large":["https:\/\/trading.hhg.vn\/wp-content\/uploads\/2025\/12\/154__apr00172_tif-768x878.png",768,878,true],"large":["https:\/\/trading.hhg.vn\/wp-content\/uploads\/2025\/12\/154__apr00172_tif-896x1024.png",896,1024,true],"1536x1536":["https:\/\/trading.hhg.vn\/wp-content\/uploads\/2025\/12\/154__apr00172_tif-1344x1536.png",1344,1536,true],"2048x2048":["https:\/\/trading.hhg.vn\/wp-content\/uploads\/2025\/12\/154__apr00172_tif-1792x2048.png",1792,2048,true],"woocommerce_thumbnail":["https:\/\/trading.hhg.vn\/wp-content\/uploads\/2025\/12\/154__apr00172_tif-600x600.png",600,600,true],"woocommerce_single":["https:\/\/trading.hhg.vn\/wp-content\/uploads\/2025\/12\/154__apr00172_tif-1200x1371.png",1200,1371,true],"woocommerce_gallery_thumbnail":["https:\/\/trading.hhg.vn\/wp-content\/uploads\/2025\/12\/154__apr00172_tif-150x171.png",150,171,true],"portfolio_item-thumbnail":["https:\/\/trading.hhg.vn\/wp-content\/uploads\/2025\/12\/154__apr00172_tif-scaled.png",350,400,false],"portfolio_item-thumbnail@2x":["https:\/\/trading.hhg.vn\/wp-content\/uploads\/2025\/12\/154__apr00172_tif-scaled.png",700,800,false],"portfolio_item-masonry":["https:\/\/trading.hhg.vn\/wp-content\/uploads\/2025\/12\/154__apr00172_tif-scaled.png",600,686,false],"portfolio_item-masonry@2x":["https:\/\/trading.hhg.vn\/wp-content\/uploads\/2025\/12\/154__apr00172_tif-scaled.png",1200,1371,false],"portfolio_item-thumbnail_cinema":["https:\/\/trading.hhg.vn\/wp-content\/uploads\/2025\/12\/154__apr00172_tif-scaled.png",293,335,false],"portfolio_item-thumbnail_portrait":["https:\/\/trading.hhg.vn\/wp-content\/uploads\/2025\/12\/154__apr00172_tif-scaled.png",600,686,false],"portfolio_item-thumbnail_portrait@2x":["https:\/\/trading.hhg.vn\/wp-content\/uploads\/2025\/12\/154__apr00172_tif-scaled.png",1200,1371,false],"portfolio_item-thumbnail_square":["https:\/\/trading.hhg.vn\/wp-content\/uploads\/2025\/12\/154__apr00172_tif-scaled.png",700,800,false]},"_links":{"self":[{"href":"https:\/\/trading.hhg.vn\/en\/wp-json\/wp\/v2\/product\/134431","targetHints":{"allow":["GET"]}}],"collection":[{"href":"https:\/\/trading.hhg.vn\/en\/wp-json\/wp\/v2\/product"}],"about":[{"href":"https:\/\/trading.hhg.vn\/en\/wp-json\/wp\/v2\/types\/product"}],"replies":[{"embeddable":true,"href":"https:\/\/trading.hhg.vn\/en\/wp-json\/wp\/v2\/comments?post=134431"}],"version-history":[{"count":1,"href":"https:\/\/trading.hhg.vn\/en\/wp-json\/wp\/v2\/product\/134431\/revisions"}],"predecessor-version":[{"id":140820,"href":"https:\/\/trading.hhg.vn\/en\/wp-json\/wp\/v2\/product\/134431\/revisions\/140820"}],"wp:featuredmedia":[{"embeddable":true,"href":"https:\/\/trading.hhg.vn\/en\/wp-json\/wp\/v2\/media\/134429"}],"wp:attachment":[{"href":"https:\/\/trading.hhg.vn\/en\/wp-json\/wp\/v2\/media?parent=134431"}],"wp:term":[{"taxonomy":"product_cat","embeddable":true,"href":"https:\/\/trading.hhg.vn\/en\/wp-json\/wp\/v2\/product_cat?post=134431"},{"taxonomy":"product_tag","embeddable":true,"href":"https:\/\/trading.hhg.vn\/en\/wp-json\/wp\/v2\/product_tag?post=134431"}],"curies":[{"name":"wp","href":"https:\/\/api.w.org\/{rel}","templated":true}]}}