{"id":134498,"date":"2025-12-16T09:04:51","date_gmt":"2025-12-16T02:04:51","guid":{"rendered":"https:\/\/trading.hhg.vn\/?post_type=product&#038;p=134498"},"modified":"2025-12-30T07:09:22","modified_gmt":"2025-12-30T00:09:22","slug":"day-sen-hieu-ung-kim-loai-1-25-m-voi-dau-noi-tru-axor-starck","status":"publish","type":"product","link":"https:\/\/trading.hhg.vn\/en\/s\u1ea3n-ph\u1ea9m\/day-sen-hieu-ung-kim-loai-1-25-m-voi-dau-noi-tru-axor-starck\/","title":{"rendered":"D\u00e2y sen hi\u1ec7u \u1ee9ng kim lo\u1ea1i 1.25 m v\u1edbi \u0111\u1ea7u n\u1ed1i tr\u1ee5 AXOR Starck"},"content":{"rendered":"","protected":false},"excerpt":{"rendered":"<p>D\u00e2y sen AXOR Starck, v\u1edbi l\u1edbp v\u1ecf kim lo\u1ea1i \u00e1nh b\u1ea1c l\u1ea5p l\u00e1nh v\u00e0 chi\u1ec1u d\u00e0i 1.25m l\u00fd t\u01b0\u1edfng, l\u00e0 s\u1ef1 k\u1ebft h\u1ee3p ho\u00e0n h\u1ea3o gi\u1eefa n\u00e9t \u0111\u1eb9p tinh t\u1ebf v\u00e0 ti\u1ec7n \u00edch v\u01b0\u1ee3t tr\u1ed9i. T\u1eebng s\u1ee3i kim lo\u1ea1i \u0111an xen mang \u0111\u1ebfn c\u1ea3m gi\u00e1c ch\u1eafc ch\u1eafn nh\u01b0ng v\u1eabn m\u1ec1m d\u1ea1i khi ch\u1ea1m v\u00e0o, t\u1ea1o n\u00ean m\u1ed9t tr\u1ea3i nghi\u1ec7m t\u1eafm \u0111\u1eb3ng c\u1ea5p, \u0111\u1ea7y phong c\u00e1ch. \u0110\u1ea7u n\u1ed1i tr\u1ee5 v\u1eefng ch\u00e3i kh\u00f4ng ch\u1ec9 \u0111\u1ea3m b\u1ea3o d\u00f2ng ch\u1ea3y \u1ed5n \u0111\u1ecbnh m\u00e0 c\u00f2n n\u00e2ng t\u1ea7m kh\u00f4ng gian ph\u00f2ng t\u1eafm, bi\u1ebfn m\u1ed7i kho\u1ea3nh kh\u1eafc th\u01b0 gi\u00e3n th\u00e0nh m\u1ed9t nghi th\u1ee9c \u0111\u1ea7y ngh\u1ec7 thu\u1eadt.<\/p>\n","protected":false},"featured_media":134692,"comment_status":"open","ping_status":"closed","template":"","meta":{"_acf_changed":false},"product_cat":[887],"product_tag":[],"class_list":{"0":"post-134498","1":"product","2":"type-product","3":"status-publish","4":"has-post-thumbnail","6":"product_cat-phu-kien-di-kem","7":"pa_mau-sac-chrome","8":"pa_mau-sac-chrome-den-xuoc","9":"pa_mau-sac-den-mo","10":"pa_mau-sac-dong-thau-xuoc","11":"pa_mau-sac-dong-xuoc","12":"pa_mau-sac-niken-xuoc","13":"pa_mau-sac-chrome-den-bong","14":"pa_mau-sac-thep-khong-gi","15":"pa_mau-sac-trang-mo","16":"pa_mau-sac-vang-bong","17":"pa_mau-sac-vang-hong-bong","18":"pa_mau-sac-vang-hong-xuoc","19":"pa_mau-sac-vang-xuoc","20":"pa_mau-sac-niken-bong","22":"first","23":"instock","24":"shipping-taxable","25":"purchasable","26":"product-type-variable"},"acf":[],"featured_media_urls":{"thumbnail":["https:\/\/trading.hhg.vn\/wp-content\/uploads\/2025\/12\/154__hpb00752_tif-150x150.png",150,150,true],"medium":["https:\/\/trading.hhg.vn\/wp-content\/uploads\/2025\/12\/154__hpb00752_tif-262x300.png",262,300,true],"medium_large":["https:\/\/trading.hhg.vn\/wp-content\/uploads\/2025\/12\/154__hpb00752_tif-768x878.png",768,878,true],"large":["https:\/\/trading.hhg.vn\/wp-content\/uploads\/2025\/12\/154__hpb00752_tif-896x1024.png",896,1024,true],"1536x1536":["https:\/\/trading.hhg.vn\/wp-content\/uploads\/2025\/12\/154__hpb00752_tif-1344x1536.png",1344,1536,true],"2048x2048":["https:\/\/trading.hhg.vn\/wp-content\/uploads\/2025\/12\/154__hpb00752_tif.png",1559,1782,false],"woocommerce_thumbnail":["https:\/\/trading.hhg.vn\/wp-content\/uploads\/2025\/12\/154__hpb00752_tif-600x600.png",600,600,true],"woocommerce_single":["https:\/\/trading.hhg.vn\/wp-content\/uploads\/2025\/12\/154__hpb00752_tif-1200x1372.png",1200,1372,true],"woocommerce_gallery_thumbnail":["https:\/\/trading.hhg.vn\/wp-content\/uploads\/2025\/12\/154__hpb00752_tif-150x171.png",150,171,true],"portfolio_item-thumbnail":["https:\/\/trading.hhg.vn\/wp-content\/uploads\/2025\/12\/154__hpb00752_tif.png",350,400,false],"portfolio_item-thumbnail@2x":["https:\/\/trading.hhg.vn\/wp-content\/uploads\/2025\/12\/154__hpb00752_tif.png",700,800,false],"portfolio_item-masonry":["https:\/\/trading.hhg.vn\/wp-content\/uploads\/2025\/12\/154__hpb00752_tif.png",600,686,false],"portfolio_item-masonry@2x":["https:\/\/trading.hhg.vn\/wp-content\/uploads\/2025\/12\/154__hpb00752_tif.png",1200,1372,false],"portfolio_item-thumbnail_cinema":["https:\/\/trading.hhg.vn\/wp-content\/uploads\/2025\/12\/154__hpb00752_tif.png",293,335,false],"portfolio_item-thumbnail_portrait":["https:\/\/trading.hhg.vn\/wp-content\/uploads\/2025\/12\/154__hpb00752_tif.png",600,686,false],"portfolio_item-thumbnail_portrait@2x":["https:\/\/trading.hhg.vn\/wp-content\/uploads\/2025\/12\/154__hpb00752_tif.png",1200,1372,false],"portfolio_item-thumbnail_square":["https:\/\/trading.hhg.vn\/wp-content\/uploads\/2025\/12\/154__hpb00752_tif.png",700,800,false]},"_links":{"self":[{"href":"https:\/\/trading.hhg.vn\/en\/wp-json\/wp\/v2\/product\/134498","targetHints":{"allow":["GET"]}}],"collection":[{"href":"https:\/\/trading.hhg.vn\/en\/wp-json\/wp\/v2\/product"}],"about":[{"href":"https:\/\/trading.hhg.vn\/en\/wp-json\/wp\/v2\/types\/product"}],"replies":[{"embeddable":true,"href":"https:\/\/trading.hhg.vn\/en\/wp-json\/wp\/v2\/comments?post=134498"}],"version-history":[{"count":1,"href":"https:\/\/trading.hhg.vn\/en\/wp-json\/wp\/v2\/product\/134498\/revisions"}],"predecessor-version":[{"id":134694,"href":"https:\/\/trading.hhg.vn\/en\/wp-json\/wp\/v2\/product\/134498\/revisions\/134694"}],"wp:featuredmedia":[{"embeddable":true,"href":"https:\/\/trading.hhg.vn\/en\/wp-json\/wp\/v2\/media\/134692"}],"wp:attachment":[{"href":"https:\/\/trading.hhg.vn\/en\/wp-json\/wp\/v2\/media?parent=134498"}],"wp:term":[{"taxonomy":"product_cat","embeddable":true,"href":"https:\/\/trading.hhg.vn\/en\/wp-json\/wp\/v2\/product_cat?post=134498"},{"taxonomy":"product_tag","embeddable":true,"href":"https:\/\/trading.hhg.vn\/en\/wp-json\/wp\/v2\/product_tag?post=134498"}],"curies":[{"name":"wp","href":"https:\/\/api.w.org\/{rel}","templated":true}]}}