{"id":134917,"date":"2025-12-16T09:24:26","date_gmt":"2025-12-16T02:24:26","guid":{"rendered":"https:\/\/trading.hhg.vn\/product\/tam-gan-117-axor-myedition\/"},"modified":"2025-12-20T16:06:37","modified_gmt":"2025-12-20T09:06:37","slug":"tam-gan-117-axor-myedition","status":"publish","type":"product","link":"https:\/\/trading.hhg.vn\/en\/s\u1ea3n-ph\u1ea9m\/tam-gan-117-axor-myedition\/","title":{"rendered":"T\u1ea5m g\u1eafn 117 AXOR MyEdition"},"content":{"rendered":"","protected":false},"excerpt":{"rendered":"<p>T\u1ea5m g\u1eafn 117 AXOR MyEdition kh\u00f4ng ch\u1ec9 l\u00e0 m\u1ed9t ph\u1ee5 ki\u1ec7n, m\u00e0 l\u00e0 tuy\u00ean ng\u00f4n c\u00e1 nh\u00e2n c\u1ee7a s\u1ef1 tinh t\u1ebf v\u00e0 \u0111\u1eb3ng c\u1ea5p. Thi\u1ebft k\u1ebf ph\u1eb3ng tuy\u1ec7t \u0111\u1ed1i, l\u1ea5y c\u1ea3m h\u1ee9ng t\u1eeb h\u00ecnh kh\u1ed1i \u0111\u01a1n gi\u1ea3n, t\u1ea1o n\u00ean v\u1ebb \u0111\u1eb9p v\u01b0\u1ee3t th\u1eddi gian, d\u1ec5 d\u00e0ng h\u00f2a h\u1ee3p v\u1edbi m\u1ecdi kh\u00f4ng gian n\u1ed9i th\u1ea5t \u0111\u01b0\u01a1ng \u0111\u1ea1i. \u0110\u01b0\u1ee3c ch\u1ebf t\u00e1c t\u1eeb nh\u1eefng v\u1eadt li\u1ec7u cao c\u1ea5p nh\u1ea5t, m\u1ed7i chi ti\u1ebft \u0111\u1ec1u to\u00e1t l\u00ean s\u1ef1 t\u1ec9 m\u1ec9, sang tr\u1ecdng, mang \u0111\u1ebfn c\u1ea3m gi\u00e1c ch\u1ea1m m\u01b0\u1ee3t m\u00e0, \u00eam \u00e1i khi s\u1eed d\u1ee5ng. Tr\u1ea3i nghi\u1ec7m MyEdition l\u00e0 kh\u00e1m ph\u00e1 kh\u1ea3 n\u0103ng c\u00e1 nh\u00e2n h\u00f3a v\u00f4 t\u1eadn, n\u01a1i b\u1ea1n ki\u1ebfn t\u1ea1o m\u1ed9t kh\u00f4ng gian s\u1ed1ng ph\u1ea3n \u00e1nh ch\u00e2n th\u1ef1c phong c\u00e1ch v\u00e0 \u0111\u1eb3ng c\u1ea5p ri\u00eang c\u1ee7a m\u00ecnh.<\/p>\n","protected":false},"featured_media":0,"comment_status":"open","ping_status":"closed","template":"","meta":{"_acf_changed":false},"product_cat":[887],"product_tag":[],"class_list":{"0":"post-134917","1":"product","2":"type-product","3":"status-publish","5":"product_cat-phu-kien-di-kem","7":"first","8":"instock","9":"shipping-taxable","10":"purchasable","11":"product-type-simple"},"acf":[],"featured_media_urls":[],"_links":{"self":[{"href":"https:\/\/trading.hhg.vn\/en\/wp-json\/wp\/v2\/product\/134917","targetHints":{"allow":["GET"]}}],"collection":[{"href":"https:\/\/trading.hhg.vn\/en\/wp-json\/wp\/v2\/product"}],"about":[{"href":"https:\/\/trading.hhg.vn\/en\/wp-json\/wp\/v2\/types\/product"}],"replies":[{"embeddable":true,"href":"https:\/\/trading.hhg.vn\/en\/wp-json\/wp\/v2\/comments?post=134917"}],"version-history":[{"count":1,"href":"https:\/\/trading.hhg.vn\/en\/wp-json\/wp\/v2\/product\/134917\/revisions"}],"predecessor-version":[{"id":140816,"href":"https:\/\/trading.hhg.vn\/en\/wp-json\/wp\/v2\/product\/134917\/revisions\/140816"}],"wp:attachment":[{"href":"https:\/\/trading.hhg.vn\/en\/wp-json\/wp\/v2\/media?parent=134917"}],"wp:term":[{"taxonomy":"product_cat","embeddable":true,"href":"https:\/\/trading.hhg.vn\/en\/wp-json\/wp\/v2\/product_cat?post=134917"},{"taxonomy":"product_tag","embeddable":true,"href":"https:\/\/trading.hhg.vn\/en\/wp-json\/wp\/v2\/product_tag?post=134917"}],"curies":[{"name":"wp","href":"https:\/\/api.w.org\/{rel}","templated":true}]}}