{"id":136079,"date":"2025-12-16T12:35:56","date_gmt":"2025-12-16T05:35:56","guid":{"rendered":"https:\/\/trading.hhg.vn\/product\/mat-che-117-da-cam-thach-lasa-covelano-vena-oro-axor-myedition\/"},"modified":"2025-12-20T16:06:59","modified_gmt":"2025-12-20T09:06:59","slug":"mat-che-117-da-cam-thach-lasa-covelano-vena-oro-axor-myedition","status":"publish","type":"product","link":"https:\/\/trading.hhg.vn\/en\/s\u1ea3n-ph\u1ea9m\/mat-che-117-da-cam-thach-lasa-covelano-vena-oro-axor-myedition\/","title":{"rendered":"M\u1eb7t che 117 \u0111\u00e1 c\u1ea9m th\u1ea1ch Lasa Covelano Vena Oro AXOR MyEdition"},"content":{"rendered":"","protected":false},"excerpt":{"rendered":"<p>M\u1eb7t che \u1ed1p \u0111\u00e1 c\u1ea9m th\u1ea1ch Lasa Covelano Vena Oro c\u1ee7a AXOR MyEdition l\u00e0 \u0111i\u1ec3m nh\u1ea5n tinh t\u1ebf, bi\u1ebfn kh\u00f4ng gian ph\u00f2ng t\u1eafm th\u00e0nh t\u00e1c ph\u1ea9m ngh\u1ec7 thu\u1eadt. T\u1eebng \u0111\u01b0\u1eddng v\u00e2n v\u00e0ng \u00f3ng \u1ea3 tr\u00ean n\u1ec1n \u0111\u00e1 tr\u1eafng thu\u1ea7n khi\u1ebft kh\u00f4ng ch\u1ec9 t\u00f4n vinh v\u1ebb \u0111\u1eb9p t\u1ef1 nhi\u00ean m\u00e0 c\u00f2n kh\u1eb3ng \u0111\u1ecbnh d\u1ea5u \u1ea5n c\u00e1 nh\u00e2n \u0111\u1ed9c \u0111\u00e1o. Thi\u1ebft k\u1ebf t\u1ed1i gi\u1ea3n, sang tr\u1ecdng n\u00e0y kh\u00f4ng ch\u1ec9 l\u00e0 m\u1ed9t ph\u1ea7n c\u1ee7a b\u1ed9 sen v\u00f2i, m\u00e0 c\u00f2n l\u00e0 tuy\u00ean ng\u00f4n v\u1ec1 phong c\u00e1ch s\u1ed1ng \u0111\u1eb3ng c\u1ea5p v\u00e0 tr\u1ea3i nghi\u1ec7m th\u01b0 th\u00e1i tuy\u1ec7t \u0111\u1ed1i.<\/p>\n","protected":false},"featured_media":134429,"comment_status":"open","ping_status":"closed","template":"","meta":{"_acf_changed":false},"product_cat":[887],"product_tag":[],"class_list":{"0":"post-136079","1":"product","2":"type-product","3":"status-publish","4":"has-post-thumbnail","6":"product_cat-phu-kien-di-kem","7":"pa_mau-sac-marble-lasa-covelano-vena-oro","9":"first","10":"instock","11":"shipping-taxable","12":"purchasable","13":"product-type-simple"},"acf":[],"featured_media_urls":{"thumbnail":["https:\/\/trading.hhg.vn\/wp-content\/uploads\/2025\/12\/154__apr00172_tif-150x150.png",150,150,true],"medium":["https:\/\/trading.hhg.vn\/wp-content\/uploads\/2025\/12\/154__apr00172_tif-263x300.png",263,300,true],"medium_large":["https:\/\/trading.hhg.vn\/wp-content\/uploads\/2025\/12\/154__apr00172_tif-768x878.png",768,878,true],"large":["https:\/\/trading.hhg.vn\/wp-content\/uploads\/2025\/12\/154__apr00172_tif-896x1024.png",896,1024,true],"1536x1536":["https:\/\/trading.hhg.vn\/wp-content\/uploads\/2025\/12\/154__apr00172_tif-1344x1536.png",1344,1536,true],"2048x2048":["https:\/\/trading.hhg.vn\/wp-content\/uploads\/2025\/12\/154__apr00172_tif-1792x2048.png",1792,2048,true],"woocommerce_thumbnail":["https:\/\/trading.hhg.vn\/wp-content\/uploads\/2025\/12\/154__apr00172_tif-600x600.png",600,600,true],"woocommerce_single":["https:\/\/trading.hhg.vn\/wp-content\/uploads\/2025\/12\/154__apr00172_tif-1200x1371.png",1200,1371,true],"woocommerce_gallery_thumbnail":["https:\/\/trading.hhg.vn\/wp-content\/uploads\/2025\/12\/154__apr00172_tif-150x171.png",150,171,true],"portfolio_item-thumbnail":["https:\/\/trading.hhg.vn\/wp-content\/uploads\/2025\/12\/154__apr00172_tif-scaled.png",350,400,false],"portfolio_item-thumbnail@2x":["https:\/\/trading.hhg.vn\/wp-content\/uploads\/2025\/12\/154__apr00172_tif-scaled.png",700,800,false],"portfolio_item-masonry":["https:\/\/trading.hhg.vn\/wp-content\/uploads\/2025\/12\/154__apr00172_tif-scaled.png",600,686,false],"portfolio_item-masonry@2x":["https:\/\/trading.hhg.vn\/wp-content\/uploads\/2025\/12\/154__apr00172_tif-scaled.png",1200,1371,false],"portfolio_item-thumbnail_cinema":["https:\/\/trading.hhg.vn\/wp-content\/uploads\/2025\/12\/154__apr00172_tif-scaled.png",293,335,false],"portfolio_item-thumbnail_portrait":["https:\/\/trading.hhg.vn\/wp-content\/uploads\/2025\/12\/154__apr00172_tif-scaled.png",600,686,false],"portfolio_item-thumbnail_portrait@2x":["https:\/\/trading.hhg.vn\/wp-content\/uploads\/2025\/12\/154__apr00172_tif-scaled.png",1200,1371,false],"portfolio_item-thumbnail_square":["https:\/\/trading.hhg.vn\/wp-content\/uploads\/2025\/12\/154__apr00172_tif-scaled.png",700,800,false]},"_links":{"self":[{"href":"https:\/\/trading.hhg.vn\/en\/wp-json\/wp\/v2\/product\/136079","targetHints":{"allow":["GET"]}}],"collection":[{"href":"https:\/\/trading.hhg.vn\/en\/wp-json\/wp\/v2\/product"}],"about":[{"href":"https:\/\/trading.hhg.vn\/en\/wp-json\/wp\/v2\/types\/product"}],"replies":[{"embeddable":true,"href":"https:\/\/trading.hhg.vn\/en\/wp-json\/wp\/v2\/comments?post=136079"}],"version-history":[{"count":1,"href":"https:\/\/trading.hhg.vn\/en\/wp-json\/wp\/v2\/product\/136079\/revisions"}],"predecessor-version":[{"id":140810,"href":"https:\/\/trading.hhg.vn\/en\/wp-json\/wp\/v2\/product\/136079\/revisions\/140810"}],"wp:featuredmedia":[{"embeddable":true,"href":"https:\/\/trading.hhg.vn\/en\/wp-json\/wp\/v2\/media\/134429"}],"wp:attachment":[{"href":"https:\/\/trading.hhg.vn\/en\/wp-json\/wp\/v2\/media?parent=136079"}],"wp:term":[{"taxonomy":"product_cat","embeddable":true,"href":"https:\/\/trading.hhg.vn\/en\/wp-json\/wp\/v2\/product_cat?post=136079"},{"taxonomy":"product_tag","embeddable":true,"href":"https:\/\/trading.hhg.vn\/en\/wp-json\/wp\/v2\/product_tag?post=136079"}],"curies":[{"name":"wp","href":"https:\/\/api.w.org\/{rel}","templated":true}]}}