{"id":136082,"date":"2025-12-16T12:35:57","date_gmt":"2025-12-16T05:35:57","guid":{"rendered":"https:\/\/trading.hhg.vn\/product\/ket-noi-ren-hansgrohe\/"},"modified":"2025-12-20T16:06:49","modified_gmt":"2025-12-20T09:06:49","slug":"ket-noi-ren-hansgrohe","status":"publish","type":"product","link":"https:\/\/trading.hhg.vn\/en\/s\u1ea3n-ph\u1ea9m\/ket-noi-ren-hansgrohe\/","title":{"rendered":"K\u1ebft n\u1ed1i ren hansgrohe"},"content":{"rendered":"","protected":false},"excerpt":{"rendered":"<p>Hansgrohe mang \u0111\u1ebfn tr\u1ea3i nghi\u1ec7m n\u00e2ng t\u1ea7m v\u1edbi k\u1ebft n\u1ed1i ren chu\u1ea9n m\u1ef1c. T\u1eebng \u0111\u01b0\u1eddng n\u00e9t thi\u1ebft k\u1ebf tinh x\u1ea3o, \u1ea9n ch\u1ee9a c\u00f4ng n\u0103ng v\u01b0\u1ee3t tr\u1ed9i, ki\u1ebfn t\u1ea1o kh\u00f4ng gian s\u1ed1ng ti\u1ec7n nghi v\u00e0 \u0111\u1eb3ng c\u1ea5p. Tr\u1ea3i nghi\u1ec7m s\u1ef1 m\u01b0\u1ee3t m\u00e0 trong t\u1eebng thao t\u00e1c, c\u1ea3m nh\u1eadn \u0111\u1ed9 b\u1ec1n b\u1ec9 c\u00f9ng th\u1eddi gian, v\u00e0 t\u1eadn h\u01b0\u1edfng kho\u1ea3nh kh\u1eafc th\u01b0 th\u00e1i \u0111\u00edch th\u1ef1c. Hansgrohe \u2013 N\u01a1i c\u00f4ng ngh\u1ec7 v\u00e0 th\u1ea9m m\u1ef9 h\u00f2a quy\u1ec7n, mang \u0111\u1ebfn gi\u00e1 tr\u1ecb v\u01b0\u1ee3t xa mong \u0111\u1ee3i.<\/p>\n","protected":false},"featured_media":136080,"comment_status":"open","ping_status":"closed","template":"","meta":{"_acf_changed":false},"product_cat":[887],"product_tag":[],"class_list":{"0":"post-136082","1":"product","2":"type-product","3":"status-publish","4":"has-post-thumbnail","6":"product_cat-phu-kien-di-kem","7":"pa_mau-sac-chrome","9":"first","10":"instock","11":"shipping-taxable","12":"purchasable","13":"product-type-simple"},"acf":[],"featured_media_urls":{"thumbnail":["https:\/\/trading.hhg.vn\/wp-content\/uploads\/2025\/12\/154__hpb00726_tif-150x150.png",150,150,true],"medium":["https:\/\/trading.hhg.vn\/wp-content\/uploads\/2025\/12\/154__hpb00726_tif-263x300.png",263,300,true],"medium_large":["https:\/\/trading.hhg.vn\/wp-content\/uploads\/2025\/12\/154__hpb00726_tif.png",526,601,false],"large":["https:\/\/trading.hhg.vn\/wp-content\/uploads\/2025\/12\/154__hpb00726_tif.png",526,601,false],"1536x1536":["https:\/\/trading.hhg.vn\/wp-content\/uploads\/2025\/12\/154__hpb00726_tif.png",526,601,false],"2048x2048":["https:\/\/trading.hhg.vn\/wp-content\/uploads\/2025\/12\/154__hpb00726_tif.png",526,601,false],"woocommerce_thumbnail":["https:\/\/trading.hhg.vn\/wp-content\/uploads\/2025\/12\/154__hpb00726_tif.png",525,600,false],"woocommerce_single":["https:\/\/trading.hhg.vn\/wp-content\/uploads\/2025\/12\/154__hpb00726_tif.png",526,601,false],"woocommerce_gallery_thumbnail":["https:\/\/trading.hhg.vn\/wp-content\/uploads\/2025\/12\/154__hpb00726_tif-150x171.png",150,171,true],"portfolio_item-thumbnail":["https:\/\/trading.hhg.vn\/wp-content\/uploads\/2025\/12\/154__hpb00726_tif.png",350,400,false],"portfolio_item-thumbnail@2x":["https:\/\/trading.hhg.vn\/wp-content\/uploads\/2025\/12\/154__hpb00726_tif.png",526,601,false],"portfolio_item-masonry":["https:\/\/trading.hhg.vn\/wp-content\/uploads\/2025\/12\/154__hpb00726_tif.png",526,601,false],"portfolio_item-masonry@2x":["https:\/\/trading.hhg.vn\/wp-content\/uploads\/2025\/12\/154__hpb00726_tif.png",526,601,false],"portfolio_item-thumbnail_cinema":["https:\/\/trading.hhg.vn\/wp-content\/uploads\/2025\/12\/154__hpb00726_tif.png",293,335,false],"portfolio_item-thumbnail_portrait":["https:\/\/trading.hhg.vn\/wp-content\/uploads\/2025\/12\/154__hpb00726_tif.png",526,601,false],"portfolio_item-thumbnail_portrait@2x":["https:\/\/trading.hhg.vn\/wp-content\/uploads\/2025\/12\/154__hpb00726_tif.png",526,601,false],"portfolio_item-thumbnail_square":["https:\/\/trading.hhg.vn\/wp-content\/uploads\/2025\/12\/154__hpb00726_tif.png",526,601,false]},"_links":{"self":[{"href":"https:\/\/trading.hhg.vn\/en\/wp-json\/wp\/v2\/product\/136082","targetHints":{"allow":["GET"]}}],"collection":[{"href":"https:\/\/trading.hhg.vn\/en\/wp-json\/wp\/v2\/product"}],"about":[{"href":"https:\/\/trading.hhg.vn\/en\/wp-json\/wp\/v2\/types\/product"}],"replies":[{"embeddable":true,"href":"https:\/\/trading.hhg.vn\/en\/wp-json\/wp\/v2\/comments?post=136082"}],"version-history":[{"count":1,"href":"https:\/\/trading.hhg.vn\/en\/wp-json\/wp\/v2\/product\/136082\/revisions"}],"predecessor-version":[{"id":140809,"href":"https:\/\/trading.hhg.vn\/en\/wp-json\/wp\/v2\/product\/136082\/revisions\/140809"}],"wp:featuredmedia":[{"embeddable":true,"href":"https:\/\/trading.hhg.vn\/en\/wp-json\/wp\/v2\/media\/136080"}],"wp:attachment":[{"href":"https:\/\/trading.hhg.vn\/en\/wp-json\/wp\/v2\/media?parent=136082"}],"wp:term":[{"taxonomy":"product_cat","embeddable":true,"href":"https:\/\/trading.hhg.vn\/en\/wp-json\/wp\/v2\/product_cat?post=136082"},{"taxonomy":"product_tag","embeddable":true,"href":"https:\/\/trading.hhg.vn\/en\/wp-json\/wp\/v2\/product_tag?post=136082"}],"curies":[{"name":"wp","href":"https:\/\/api.w.org\/{rel}","templated":true}]}}