{"id":136158,"date":"2025-12-16T12:39:06","date_gmt":"2025-12-16T05:39:06","guid":{"rendered":"https:\/\/trading.hhg.vn\/?post_type=product&#038;p=136158"},"modified":"2025-12-29T22:27:09","modified_gmt":"2025-12-29T15:27:09","slug":"day-sen-vai-det-125-cm-designflex","status":"publish","type":"product","link":"https:\/\/trading.hhg.vn\/en\/s\u1ea3n-ph\u1ea9m\/day-sen-vai-det-125-cm-designflex\/","title":{"rendered":"D\u00e2y sen v\u1ea3i d\u1ec7t 125 cm Designflex"},"content":{"rendered":"","protected":false},"excerpt":{"rendered":"<p>D\u00e2y sen v\u1ea3i d\u1ec7t Designflex 125 cm m\u1edf ra k\u1ef7 nguy\u00ean m\u1edbi c\u1ee7a s\u1ef1 tinh t\u1ebf v\u00e0 ti\u1ec7n nghi. Thi\u1ebft k\u1ebf \u0111\u1eb3ng c\u1ea5p kh\u00f4ng ch\u1ec9 t\u00f4n l\u00ean v\u1ebb \u0111\u1eb9p sang tr\u1ecdng cho kh\u00f4ng gian ph\u00f2ng t\u1eafm m\u00e0 c\u00f2n mang \u0111\u1ebfn tr\u1ea3i nghi\u1ec7m ch\u1ea1m \u00eam \u00e1i, kh\u00e1c bi\u1ec7t. V\u1edbi \u0111\u1ed9 d\u00e0i l\u00fd t\u01b0\u1edfng, s\u1ea3n ph\u1ea9m \u0111\u1ea3m b\u1ea3o s\u1ef1 linh ho\u1ea1t t\u1ed1i \u0111a, cho ph\u00e9p b\u1ea1n t\u1eadn h\u01b0\u1edfng m\u1ed7i kho\u1ea3nh kh\u1eafc th\u01b0 gi\u00e3n d\u01b0\u1edbi l\u00e0n n\u01b0\u1edbc \u1ea5m m\u1ed9t c\u00e1ch tr\u1ecdn v\u1eb9n v\u00e0 tho\u1ea3i m\u00e1i nh\u1ea5t. Designflex \u2013 khi c\u00f4ng n\u0103ng h\u00f2a quy\u1ec7n c\u00f9ng ngh\u1ec7 thu\u1eadt.<\/p>\n","protected":false},"featured_media":136366,"comment_status":"open","ping_status":"closed","template":"","meta":{"_acf_changed":false},"product_cat":[887],"product_tag":[],"class_list":{"0":"post-136158","1":"product","2":"type-product","3":"status-publish","4":"has-post-thumbnail","6":"product_cat-phu-kien-di-kem","7":"pa_mau-sac-chrome","8":"pa_mau-sac-chrome-den-xuoc","9":"pa_mau-sac-den-mo","10":"pa_mau-sac-dong-xuoc","11":"pa_mau-sac-trang-mo","13":"first","14":"instock","15":"shipping-taxable","16":"purchasable","17":"product-type-variable"},"acf":[],"featured_media_urls":{"thumbnail":["https:\/\/trading.hhg.vn\/wp-content\/uploads\/2025\/12\/153__har11214_tif-150x150.jpg",150,150,true],"medium":["https:\/\/trading.hhg.vn\/wp-content\/uploads\/2025\/12\/153__har11214_tif-300x200.jpg",300,200,true],"medium_large":["https:\/\/trading.hhg.vn\/wp-content\/uploads\/2025\/12\/153__har11214_tif-768x512.jpg",768,512,true],"large":["https:\/\/trading.hhg.vn\/wp-content\/uploads\/2025\/12\/153__har11214_tif-1024x683.jpg",1024,683,true],"1536x1536":["https:\/\/trading.hhg.vn\/wp-content\/uploads\/2025\/12\/153__har11214_tif-1536x1024.jpg",1536,1024,true],"2048x2048":["https:\/\/trading.hhg.vn\/wp-content\/uploads\/2025\/12\/153__har11214_tif-2048x1366.jpg",2048,1366,true],"woocommerce_thumbnail":["https:\/\/trading.hhg.vn\/wp-content\/uploads\/2025\/12\/153__har11214_tif-600x600.jpg",600,600,true],"woocommerce_single":["https:\/\/trading.hhg.vn\/wp-content\/uploads\/2025\/12\/153__har11214_tif-1200x800.jpg",1200,800,true],"woocommerce_gallery_thumbnail":["https:\/\/trading.hhg.vn\/wp-content\/uploads\/2025\/12\/153__har11214_tif-150x100.jpg",150,100,true],"portfolio_item-thumbnail":["https:\/\/trading.hhg.vn\/wp-content\/uploads\/2025\/12\/153__har11214_tif-scaled.jpg",600,400,false],"portfolio_item-thumbnail@2x":["https:\/\/trading.hhg.vn\/wp-content\/uploads\/2025\/12\/153__har11214_tif-scaled.jpg",1200,800,false],"portfolio_item-masonry":["https:\/\/trading.hhg.vn\/wp-content\/uploads\/2025\/12\/153__har11214_tif-scaled.jpg",600,400,false],"portfolio_item-masonry@2x":["https:\/\/trading.hhg.vn\/wp-content\/uploads\/2025\/12\/153__har11214_tif-scaled.jpg",1200,800,false],"portfolio_item-thumbnail_cinema":["https:\/\/trading.hhg.vn\/wp-content\/uploads\/2025\/12\/153__har11214_tif-scaled.jpg",502,335,false],"portfolio_item-thumbnail_portrait":["https:\/\/trading.hhg.vn\/wp-content\/uploads\/2025\/12\/153__har11214_tif-scaled.jpg",600,400,false],"portfolio_item-thumbnail_portrait@2x":["https:\/\/trading.hhg.vn\/wp-content\/uploads\/2025\/12\/153__har11214_tif-scaled.jpg",1200,800,false],"portfolio_item-thumbnail_square":["https:\/\/trading.hhg.vn\/wp-content\/uploads\/2025\/12\/153__har11214_tif-scaled.jpg",800,533,false]},"_links":{"self":[{"href":"https:\/\/trading.hhg.vn\/en\/wp-json\/wp\/v2\/product\/136158","targetHints":{"allow":["GET"]}}],"collection":[{"href":"https:\/\/trading.hhg.vn\/en\/wp-json\/wp\/v2\/product"}],"about":[{"href":"https:\/\/trading.hhg.vn\/en\/wp-json\/wp\/v2\/types\/product"}],"replies":[{"embeddable":true,"href":"https:\/\/trading.hhg.vn\/en\/wp-json\/wp\/v2\/comments?post=136158"}],"version-history":[{"count":1,"href":"https:\/\/trading.hhg.vn\/en\/wp-json\/wp\/v2\/product\/136158\/revisions"}],"predecessor-version":[{"id":136368,"href":"https:\/\/trading.hhg.vn\/en\/wp-json\/wp\/v2\/product\/136158\/revisions\/136368"}],"wp:featuredmedia":[{"embeddable":true,"href":"https:\/\/trading.hhg.vn\/en\/wp-json\/wp\/v2\/media\/136366"}],"wp:attachment":[{"href":"https:\/\/trading.hhg.vn\/en\/wp-json\/wp\/v2\/media?parent=136158"}],"wp:term":[{"taxonomy":"product_cat","embeddable":true,"href":"https:\/\/trading.hhg.vn\/en\/wp-json\/wp\/v2\/product_cat?post=136158"},{"taxonomy":"product_tag","embeddable":true,"href":"https:\/\/trading.hhg.vn\/en\/wp-json\/wp\/v2\/product_tag?post=136158"}],"curies":[{"name":"wp","href":"https:\/\/api.w.org\/{rel}","templated":true}]}}