{"id":136684,"date":"2025-12-16T13:41:54","date_gmt":"2025-12-16T06:41:54","guid":{"rendered":"https:\/\/trading.hhg.vn\/?post_type=product&#038;p=136684"},"modified":"2025-12-29T22:26:45","modified_gmt":"2025-12-29T15:26:45","slug":"tay-sen-gan-tuong-24-cm-vernis-shape","status":"publish","type":"product","link":"https:\/\/trading.hhg.vn\/en\/s\u1ea3n-ph\u1ea9m\/tay-sen-gan-tuong-24-cm-vernis-shape\/","title":{"rendered":"Tay sen g\u1eafn t\u01b0\u1eddng 24 cm Vernis Shape"},"content":{"rendered":"","protected":false},"excerpt":{"rendered":"<p>Tay sen Vernis Shape 24cm kh\u00f4ng ch\u1ec9 l\u00e0 m\u1ed9t ph\u1ee5 ki\u1ec7n ph\u00f2ng t\u1eafm, m\u00e0 c\u00f2n l\u00e0 tuy\u00ean ng\u00f4n v\u1ec1 phong c\u00e1ch s\u1ed1ng tinh t\u1ebf. Thi\u1ebft k\u1ebf t\u1ed1i gi\u1ea3n, s\u1eafc n\u00e9t trong t\u1eebng \u0111\u01b0\u1eddng n\u00e9t, s\u1ea3n ph\u1ea9m d\u1ec5 d\u00e0ng h\u00f2a m\u00ecnh v\u00e0o m\u1ecdi kh\u00f4ng gian hi\u1ec7n \u0111\u1ea1i, n\u00e2ng t\u1ea7m v\u1ebb sang tr\u1ecdng. V\u1edbi c\u00f4ng n\u0103ng v\u01b0\u1ee3t tr\u1ed9i, mang \u0111\u1ebfn d\u00f2ng ch\u1ea3y m\u1ea1nh m\u1ebd v\u00e0 \u00eam \u00e1i, massage th\u01b0 gi\u00e3n m\u1ed7i khi b\u1ea1n \u0111\u1eafm m\u00ecnh d\u01b0\u1edbi l\u00e0n n\u01b0\u1edbc. Tr\u1ea3i nghi\u1ec7m t\u1eafm tr\u1edf n\u00ean ho\u00e0n h\u1ea3o, \u0111\u00e1nh th\u1ee9c m\u1ecdi gi\u00e1c quan, t\u00e1i t\u1ea1o n\u0103ng l\u01b0\u1ee3ng cho c\u01a1 th\u1ec3 v\u00e0 tinh th\u1ea7n sau ng\u00e0y d\u00e0i. Vernis Shape 24cm \u2013 kh\u1edfi ngu\u1ed3n cho s\u1ef1 th\u01b0 th\u00e1i v\u00e0 \u0111\u1eb3ng c\u1ea5p.<\/p>\n","protected":false},"featured_media":136780,"comment_status":"open","ping_status":"closed","template":"","meta":{"_acf_changed":false},"product_cat":[887],"product_tag":[],"class_list":{"0":"post-136684","1":"product","2":"type-product","3":"status-publish","4":"has-post-thumbnail","6":"product_cat-phu-kien-di-kem","7":"pa_mau-sac-chrome","8":"pa_mau-sac-den-mo","10":"first","11":"instock","12":"shipping-taxable","13":"product-type-variable"},"acf":[],"featured_media_urls":{"thumbnail":["https:\/\/trading.hhg.vn\/wp-content\/uploads\/2025\/12\/154__hpr03001_tif-150x150.png",150,150,true],"medium":["https:\/\/trading.hhg.vn\/wp-content\/uploads\/2025\/12\/154__hpr03001_tif-262x300.png",262,300,true],"medium_large":["https:\/\/trading.hhg.vn\/wp-content\/uploads\/2025\/12\/154__hpr03001_tif-768x878.png",768,878,true],"large":["https:\/\/trading.hhg.vn\/wp-content\/uploads\/2025\/12\/154__hpr03001_tif-896x1024.png",896,1024,true],"1536x1536":["https:\/\/trading.hhg.vn\/wp-content\/uploads\/2025\/12\/154__hpr03001_tif-1344x1536.png",1344,1536,true],"2048x2048":["https:\/\/trading.hhg.vn\/wp-content\/uploads\/2025\/12\/154__hpr03001_tif.png",1462,1671,false],"woocommerce_thumbnail":["https:\/\/trading.hhg.vn\/wp-content\/uploads\/2025\/12\/154__hpr03001_tif-600x600.png",600,600,true],"woocommerce_single":["https:\/\/trading.hhg.vn\/wp-content\/uploads\/2025\/12\/154__hpr03001_tif-1200x1372.png",1200,1372,true],"woocommerce_gallery_thumbnail":["https:\/\/trading.hhg.vn\/wp-content\/uploads\/2025\/12\/154__hpr03001_tif-150x171.png",150,171,true],"portfolio_item-thumbnail":["https:\/\/trading.hhg.vn\/wp-content\/uploads\/2025\/12\/154__hpr03001_tif.png",350,400,false],"portfolio_item-thumbnail@2x":["https:\/\/trading.hhg.vn\/wp-content\/uploads\/2025\/12\/154__hpr03001_tif.png",700,800,false],"portfolio_item-masonry":["https:\/\/trading.hhg.vn\/wp-content\/uploads\/2025\/12\/154__hpr03001_tif.png",600,686,false],"portfolio_item-masonry@2x":["https:\/\/trading.hhg.vn\/wp-content\/uploads\/2025\/12\/154__hpr03001_tif.png",1200,1372,false],"portfolio_item-thumbnail_cinema":["https:\/\/trading.hhg.vn\/wp-content\/uploads\/2025\/12\/154__hpr03001_tif.png",293,335,false],"portfolio_item-thumbnail_portrait":["https:\/\/trading.hhg.vn\/wp-content\/uploads\/2025\/12\/154__hpr03001_tif.png",600,686,false],"portfolio_item-thumbnail_portrait@2x":["https:\/\/trading.hhg.vn\/wp-content\/uploads\/2025\/12\/154__hpr03001_tif.png",1200,1372,false],"portfolio_item-thumbnail_square":["https:\/\/trading.hhg.vn\/wp-content\/uploads\/2025\/12\/154__hpr03001_tif.png",700,800,false]},"_links":{"self":[{"href":"https:\/\/trading.hhg.vn\/en\/wp-json\/wp\/v2\/product\/136684","targetHints":{"allow":["GET"]}}],"collection":[{"href":"https:\/\/trading.hhg.vn\/en\/wp-json\/wp\/v2\/product"}],"about":[{"href":"https:\/\/trading.hhg.vn\/en\/wp-json\/wp\/v2\/types\/product"}],"replies":[{"embeddable":true,"href":"https:\/\/trading.hhg.vn\/en\/wp-json\/wp\/v2\/comments?post=136684"}],"version-history":[{"count":1,"href":"https:\/\/trading.hhg.vn\/en\/wp-json\/wp\/v2\/product\/136684\/revisions"}],"predecessor-version":[{"id":136782,"href":"https:\/\/trading.hhg.vn\/en\/wp-json\/wp\/v2\/product\/136684\/revisions\/136782"}],"wp:featuredmedia":[{"embeddable":true,"href":"https:\/\/trading.hhg.vn\/en\/wp-json\/wp\/v2\/media\/136780"}],"wp:attachment":[{"href":"https:\/\/trading.hhg.vn\/en\/wp-json\/wp\/v2\/media?parent=136684"}],"wp:term":[{"taxonomy":"product_cat","embeddable":true,"href":"https:\/\/trading.hhg.vn\/en\/wp-json\/wp\/v2\/product_cat?post=136684"},{"taxonomy":"product_tag","embeddable":true,"href":"https:\/\/trading.hhg.vn\/en\/wp-json\/wp\/v2\/product_tag?post=136684"}],"curies":[{"name":"wp","href":"https:\/\/api.w.org\/{rel}","templated":true}]}}