{"id":136834,"date":"2025-12-16T13:49:16","date_gmt":"2025-12-16T06:49:16","guid":{"rendered":"https:\/\/trading.hhg.vn\/product\/tam-op-tuong-120-120-hinh-vuong-mem-axor-citterio-e\/"},"modified":"2025-12-20T16:07:00","modified_gmt":"2025-12-20T09:07:00","slug":"tam-op-tuong-120-120-hinh-vuong-mem-axor-citterio-e","status":"publish","type":"product","link":"https:\/\/trading.hhg.vn\/en\/s\u1ea3n-ph\u1ea9m\/tam-op-tuong-120-120-hinh-vuong-mem-axor-citterio-e\/","title":{"rendered":"T\u1ea5m \u1ed1p t\u01b0\u1eddng 120\/120 h\u00ecnh vu\u00f4ng m\u1ec1m AXOR Citterio E"},"content":{"rendered":"","protected":false},"excerpt":{"rendered":"<p>T\u1ea5m \u1ed1p t\u01b0\u1eddng vu\u00f4ng m\u1ec1m AXOR Citterio E l\u00e0 tuy\u1ec7t t\u00e1c c\u1ee7a s\u1ef1 tinh t\u1ebf, n\u01a1i m\u1ed7i \u0111\u01b0\u1eddng n\u00e9t \u0111\u1ec1u \u0111\u01b0\u1ee3c chau chu\u1ed1t \u0111\u1ec3 n\u00e2ng t\u1ea7m kh\u00f4ng gian s\u1ed1ng. V\u1edbi thi\u1ebft k\u1ebf 120\/120 mm, s\u1ea3n ph\u1ea9m kh\u00f4ng ch\u1ec9 l\u00e0 v\u1eadt trang tr\u00ed m\u00e0 c\u00f2n l\u00e0 \u0111i\u1ec3m nh\u1ea5n ki\u1ebfn tr\u00fac, mang l\u1ea1i c\u1ea3m gi\u00e1c m\u1ec1m m\u1ea1i v\u00e0 sang tr\u1ecdng cho b\u1ee9c t\u01b0\u1eddng. Ch\u1ea5t li\u1ec7u cao c\u1ea5p c\u00f9ng ho\u00e0n thi\u1ec7n t\u1ec9 m\u1ec9 \u0111\u1ea3m b\u1ea3o tr\u1ea3i nghi\u1ec7m s\u1eed d\u1ee5ng b\u1ec1n b\u1ec9, d\u1ec5 d\u00e0ng k\u1ebft h\u1ee3p v\u1edbi nhi\u1ec1u phong c\u00e1ch n\u1ed9i th\u1ea5t, t\u1eeb hi\u1ec7n \u0111\u1ea1i \u0111\u1ebfn c\u1ed5 \u0111i\u1ec3n. AXOR Citterio E kh\u00f4ng ch\u1ec9 \u0111\u1eb9p m\u1eaft m\u00e0 c\u00f2n ki\u1ebfn t\u1ea1o m\u1ed9t kh\u00f4ng gian s\u1ed1ng \u0111\u1eb3ng c\u1ea5p, ph\u1ea3n \u00e1nh gu th\u1ea9m m\u1ef9 tinh t\u1ebf c\u1ee7a gia ch\u1ee7.<\/p>\n","protected":false},"featured_media":136832,"comment_status":"open","ping_status":"closed","template":"","meta":{"_acf_changed":false},"product_cat":[887],"product_tag":[],"class_list":{"0":"post-136834","1":"product","2":"type-product","3":"status-publish","4":"has-post-thumbnail","6":"product_cat-phu-kien-di-kem","7":"pa_mau-sac-chrome-bong","9":"first","10":"instock","11":"shipping-taxable","12":"product-type-simple"},"acf":[],"featured_media_urls":{"thumbnail":["https:\/\/trading.hhg.vn\/wp-content\/uploads\/2025\/12\/154__apr02708_tif-150x150.png",150,150,true],"medium":["https:\/\/trading.hhg.vn\/wp-content\/uploads\/2025\/12\/154__apr02708_tif-263x300.png",263,300,true],"medium_large":["https:\/\/trading.hhg.vn\/wp-content\/uploads\/2025\/12\/154__apr02708_tif-768x878.png",768,878,true],"large":["https:\/\/trading.hhg.vn\/wp-content\/uploads\/2025\/12\/154__apr02708_tif.png",840,960,false],"1536x1536":["https:\/\/trading.hhg.vn\/wp-content\/uploads\/2025\/12\/154__apr02708_tif.png",840,960,false],"2048x2048":["https:\/\/trading.hhg.vn\/wp-content\/uploads\/2025\/12\/154__apr02708_tif.png",840,960,false],"woocommerce_thumbnail":["https:\/\/trading.hhg.vn\/wp-content\/uploads\/2025\/12\/154__apr02708_tif-600x600.png",600,600,true],"woocommerce_single":["https:\/\/trading.hhg.vn\/wp-content\/uploads\/2025\/12\/154__apr02708_tif.png",840,960,false],"woocommerce_gallery_thumbnail":["https:\/\/trading.hhg.vn\/wp-content\/uploads\/2025\/12\/154__apr02708_tif-150x171.png",150,171,true],"portfolio_item-thumbnail":["https:\/\/trading.hhg.vn\/wp-content\/uploads\/2025\/12\/154__apr02708_tif.png",350,400,false],"portfolio_item-thumbnail@2x":["https:\/\/trading.hhg.vn\/wp-content\/uploads\/2025\/12\/154__apr02708_tif.png",700,800,false],"portfolio_item-masonry":["https:\/\/trading.hhg.vn\/wp-content\/uploads\/2025\/12\/154__apr02708_tif.png",600,686,false],"portfolio_item-masonry@2x":["https:\/\/trading.hhg.vn\/wp-content\/uploads\/2025\/12\/154__apr02708_tif.png",840,960,false],"portfolio_item-thumbnail_cinema":["https:\/\/trading.hhg.vn\/wp-content\/uploads\/2025\/12\/154__apr02708_tif.png",293,335,false],"portfolio_item-thumbnail_portrait":["https:\/\/trading.hhg.vn\/wp-content\/uploads\/2025\/12\/154__apr02708_tif.png",600,686,false],"portfolio_item-thumbnail_portrait@2x":["https:\/\/trading.hhg.vn\/wp-content\/uploads\/2025\/12\/154__apr02708_tif.png",840,960,false],"portfolio_item-thumbnail_square":["https:\/\/trading.hhg.vn\/wp-content\/uploads\/2025\/12\/154__apr02708_tif.png",700,800,false]},"_links":{"self":[{"href":"https:\/\/trading.hhg.vn\/en\/wp-json\/wp\/v2\/product\/136834","targetHints":{"allow":["GET"]}}],"collection":[{"href":"https:\/\/trading.hhg.vn\/en\/wp-json\/wp\/v2\/product"}],"about":[{"href":"https:\/\/trading.hhg.vn\/en\/wp-json\/wp\/v2\/types\/product"}],"replies":[{"embeddable":true,"href":"https:\/\/trading.hhg.vn\/en\/wp-json\/wp\/v2\/comments?post=136834"}],"version-history":[{"count":1,"href":"https:\/\/trading.hhg.vn\/en\/wp-json\/wp\/v2\/product\/136834\/revisions"}],"predecessor-version":[{"id":140804,"href":"https:\/\/trading.hhg.vn\/en\/wp-json\/wp\/v2\/product\/136834\/revisions\/140804"}],"wp:featuredmedia":[{"embeddable":true,"href":"https:\/\/trading.hhg.vn\/en\/wp-json\/wp\/v2\/media\/136832"}],"wp:attachment":[{"href":"https:\/\/trading.hhg.vn\/en\/wp-json\/wp\/v2\/media?parent=136834"}],"wp:term":[{"taxonomy":"product_cat","embeddable":true,"href":"https:\/\/trading.hhg.vn\/en\/wp-json\/wp\/v2\/product_cat?post=136834"},{"taxonomy":"product_tag","embeddable":true,"href":"https:\/\/trading.hhg.vn\/en\/wp-json\/wp\/v2\/product_tag?post=136834"}],"curies":[{"name":"wp","href":"https:\/\/api.w.org\/{rel}","templated":true}]}}