{"id":136857,"date":"2025-12-16T13:50:39","date_gmt":"2025-12-16T06:50:39","guid":{"rendered":"https:\/\/trading.hhg.vn\/?post_type=product&#038;p=136857"},"modified":"2025-12-29T22:27:18","modified_gmt":"2025-12-29T15:27:18","slug":"ong-thang-50-cm","status":"publish","type":"product","link":"https:\/\/trading.hhg.vn\/en\/s\u1ea3n-ph\u1ea9m\/ong-thang-50-cm\/","title":{"rendered":"\u1ed0ng th\u1eb3ng 50 cm"},"content":{"rendered":"","protected":false},"excerpt":{"rendered":"<p>Ki\u1ec7t t\u00e1c c\u1ee7a s\u1ef1 t\u1ed1i gi\u1ea3n, thi\u1ebft b\u1ecb n\u1ed9i th\u1ea5t n\u00e0y l\u00e0 kh\u00fac ca ng\u1ee3i v\u1ebb \u0111\u1eb9p tinh gi\u1ea3n. \u0110\u01b0\u1eddng th\u1eb3ng 50cm \u0111\u01b0\u1ee3c ch\u1ebf t\u00e1c t\u1ec9 m\u1ec9, kh\u00f4ng ch\u1ec9 l\u00e0 chi ti\u1ebft trang tr\u00ed m\u00e0 c\u00f2n ki\u1ebfn t\u1ea1o n\u00ean kh\u00f4ng gian s\u1ed1ng thanh l\u1ecbch v\u00e0 hi\u1ec7n \u0111\u1ea1i. T\u1eebng \u0111\u01b0\u1eddng n\u00e9t \u0111\u1ec1u \u0111\u01b0\u1ee3c t\u00ednh to\u00e1n \u0111\u1ec3 t\u1ed1i \u01b0u c\u00f4ng n\u0103ng, mang \u0111\u1ebfn tr\u1ea3i nghi\u1ec7m ti\u1ec7n nghi v\u01b0\u1ee3t tr\u1ed9i, \u0111\u1ecbnh h\u00ecnh phong c\u00e1ch s\u1ed1ng \u0111\u1eb3ng c\u1ea5p v\u00e0 tinh t\u1ebf cho gia ch\u1ee7.<\/p>\n","protected":false},"featured_media":136867,"comment_status":"open","ping_status":"closed","template":"","meta":{"_acf_changed":false},"product_cat":[887],"product_tag":[],"class_list":{"0":"post-136857","1":"product","2":"type-product","3":"status-publish","4":"has-post-thumbnail","6":"product_cat-phu-kien-di-kem","7":"pa_mau-sac-chrome","8":"pa_mau-sac-den-mo","9":"pa_mau-sac-trang-mo","11":"first","12":"instock","13":"shipping-taxable","14":"purchasable","15":"product-type-variable"},"acf":[],"featured_media_urls":{"thumbnail":["https:\/\/trading.hhg.vn\/wp-content\/uploads\/2025\/12\/154__hpb00776_tif-150x150.png",150,150,true],"medium":["https:\/\/trading.hhg.vn\/wp-content\/uploads\/2025\/12\/154__hpb00776_tif-263x300.png",263,300,true],"medium_large":["https:\/\/trading.hhg.vn\/wp-content\/uploads\/2025\/12\/154__hpb00776_tif-768x877.png",768,877,true],"large":["https:\/\/trading.hhg.vn\/wp-content\/uploads\/2025\/12\/154__hpb00776_tif-896x1024.png",896,1024,true],"1536x1536":["https:\/\/trading.hhg.vn\/wp-content\/uploads\/2025\/12\/154__hpb00776_tif-1344x1536.png",1344,1536,true],"2048x2048":["https:\/\/trading.hhg.vn\/wp-content\/uploads\/2025\/12\/154__hpb00776_tif.png",1445,1651,false],"woocommerce_thumbnail":["https:\/\/trading.hhg.vn\/wp-content\/uploads\/2025\/12\/154__hpb00776_tif-600x600.png",600,600,true],"woocommerce_single":["https:\/\/trading.hhg.vn\/wp-content\/uploads\/2025\/12\/154__hpb00776_tif-1200x1371.png",1200,1371,true],"woocommerce_gallery_thumbnail":["https:\/\/trading.hhg.vn\/wp-content\/uploads\/2025\/12\/154__hpb00776_tif-150x171.png",150,171,true],"portfolio_item-thumbnail":["https:\/\/trading.hhg.vn\/wp-content\/uploads\/2025\/12\/154__hpb00776_tif.png",350,400,false],"portfolio_item-thumbnail@2x":["https:\/\/trading.hhg.vn\/wp-content\/uploads\/2025\/12\/154__hpb00776_tif.png",700,800,false],"portfolio_item-masonry":["https:\/\/trading.hhg.vn\/wp-content\/uploads\/2025\/12\/154__hpb00776_tif.png",600,686,false],"portfolio_item-masonry@2x":["https:\/\/trading.hhg.vn\/wp-content\/uploads\/2025\/12\/154__hpb00776_tif.png",1200,1371,false],"portfolio_item-thumbnail_cinema":["https:\/\/trading.hhg.vn\/wp-content\/uploads\/2025\/12\/154__hpb00776_tif.png",293,335,false],"portfolio_item-thumbnail_portrait":["https:\/\/trading.hhg.vn\/wp-content\/uploads\/2025\/12\/154__hpb00776_tif.png",600,686,false],"portfolio_item-thumbnail_portrait@2x":["https:\/\/trading.hhg.vn\/wp-content\/uploads\/2025\/12\/154__hpb00776_tif.png",1200,1371,false],"portfolio_item-thumbnail_square":["https:\/\/trading.hhg.vn\/wp-content\/uploads\/2025\/12\/154__hpb00776_tif.png",700,800,false]},"_links":{"self":[{"href":"https:\/\/trading.hhg.vn\/en\/wp-json\/wp\/v2\/product\/136857","targetHints":{"allow":["GET"]}}],"collection":[{"href":"https:\/\/trading.hhg.vn\/en\/wp-json\/wp\/v2\/product"}],"about":[{"href":"https:\/\/trading.hhg.vn\/en\/wp-json\/wp\/v2\/types\/product"}],"replies":[{"embeddable":true,"href":"https:\/\/trading.hhg.vn\/en\/wp-json\/wp\/v2\/comments?post=136857"}],"version-history":[{"count":1,"href":"https:\/\/trading.hhg.vn\/en\/wp-json\/wp\/v2\/product\/136857\/revisions"}],"predecessor-version":[{"id":136869,"href":"https:\/\/trading.hhg.vn\/en\/wp-json\/wp\/v2\/product\/136857\/revisions\/136869"}],"wp:featuredmedia":[{"embeddable":true,"href":"https:\/\/trading.hhg.vn\/en\/wp-json\/wp\/v2\/media\/136867"}],"wp:attachment":[{"href":"https:\/\/trading.hhg.vn\/en\/wp-json\/wp\/v2\/media?parent=136857"}],"wp:term":[{"taxonomy":"product_cat","embeddable":true,"href":"https:\/\/trading.hhg.vn\/en\/wp-json\/wp\/v2\/product_cat?post=136857"},{"taxonomy":"product_tag","embeddable":true,"href":"https:\/\/trading.hhg.vn\/en\/wp-json\/wp\/v2\/product_tag?post=136857"}],"curies":[{"name":"wp","href":"https:\/\/api.w.org\/{rel}","templated":true}]}}