{"id":136947,"date":"2025-12-16T13:54:50","date_gmt":"2025-12-16T06:54:50","guid":{"rendered":"https:\/\/trading.hhg.vn\/product\/dau-noi-tran-e-10-cm-2\/"},"modified":"2025-12-20T16:07:03","modified_gmt":"2025-12-20T09:07:03","slug":"dau-noi-tran-e-10-cm-2","status":"publish","type":"product","link":"https:\/\/trading.hhg.vn\/en\/s\u1ea3n-ph\u1ea9m\/dau-noi-tran-e-10-cm-2\/","title":{"rendered":"\u0110\u1ea7u n\u1ed1i tr\u1ea7n E 10 cm"},"content":{"rendered":"","protected":false},"excerpt":{"rendered":"<p>\u0110\u1ea7u n\u1ed1i tr\u1ea7n E 10cm l\u00e0 l\u1eddi kh\u1eb3ng \u0111\u1ecbnh cho s\u1ef1 tinh t\u1ebf trong m\u1ecdi kh\u00f4ng gian. V\u1edbi thi\u1ebft k\u1ebf t\u1ed1i gi\u1ea3n, s\u1ea3n ph\u1ea9m kh\u00f4ng ch\u1ec9 kh\u00e9o l\u00e9o \u1ea9n m\u00ecnh m\u00e0 c\u00f2n t\u00f4n l\u00ean v\u1ebb \u0111\u1eb9p thanh l\u1ecbch, hi\u1ec7n \u0111\u1ea1i c\u1ee7a tr\u1ea7n nh\u00e0 b\u1ea1n. C\u00f4ng n\u0103ng v\u01b0\u1ee3t tr\u1ed9i mang \u0111\u1ebfn k\u1ebft n\u1ed1i v\u1eefng ch\u1eafc, an to\u00e0n, \u0111\u1ea3m b\u1ea3o tr\u1ea3i nghi\u1ec7m s\u1eed d\u1ee5ng b\u1ec1n b\u1ec9 theo th\u1eddi gian. T\u1eebng \u0111\u01b0\u1eddng n\u00e9t \u0111\u01b0\u1ee3c ch\u0103m ch\u00fat t\u1ec9 m\u1ec9, t\u1ea1o n\u00ean s\u1ef1 li\u1ec1n m\u1ea1ch ho\u00e0n h\u1ea3o, n\u00e2ng t\u1ea7m \u0111\u1eb3ng c\u1ea5p cho m\u1ecdi phong c\u00e1ch n\u1ed9i th\u1ea5t.<\/p>\n","protected":false},"featured_media":136945,"comment_status":"open","ping_status":"closed","template":"","meta":{"_acf_changed":false},"product_cat":[887],"product_tag":[],"class_list":{"0":"post-136947","1":"product","2":"type-product","3":"status-publish","4":"has-post-thumbnail","6":"product_cat-phu-kien-di-kem","7":"pa_mau-sac-chrome","9":"first","10":"instock","11":"shipping-taxable","12":"purchasable","13":"product-type-simple"},"acf":[],"featured_media_urls":{"thumbnail":["https:\/\/trading.hhg.vn\/wp-content\/uploads\/2025\/12\/154__hpa01488_TIF-150x150.png",150,150,true],"medium":["https:\/\/trading.hhg.vn\/wp-content\/uploads\/2025\/12\/154__hpa01488_TIF-263x300.png",263,300,true],"medium_large":["https:\/\/trading.hhg.vn\/wp-content\/uploads\/2025\/12\/154__hpa01488_TIF.png",626,715,false],"large":["https:\/\/trading.hhg.vn\/wp-content\/uploads\/2025\/12\/154__hpa01488_TIF.png",626,715,false],"1536x1536":["https:\/\/trading.hhg.vn\/wp-content\/uploads\/2025\/12\/154__hpa01488_TIF.png",626,715,false],"2048x2048":["https:\/\/trading.hhg.vn\/wp-content\/uploads\/2025\/12\/154__hpa01488_TIF.png",626,715,false],"woocommerce_thumbnail":["https:\/\/trading.hhg.vn\/wp-content\/uploads\/2025\/12\/154__hpa01488_TIF-600x600.png",600,600,true],"woocommerce_single":["https:\/\/trading.hhg.vn\/wp-content\/uploads\/2025\/12\/154__hpa01488_TIF.png",626,715,false],"woocommerce_gallery_thumbnail":["https:\/\/trading.hhg.vn\/wp-content\/uploads\/2025\/12\/154__hpa01488_TIF-150x171.png",150,171,true],"portfolio_item-thumbnail":["https:\/\/trading.hhg.vn\/wp-content\/uploads\/2025\/12\/154__hpa01488_TIF.png",350,400,false],"portfolio_item-thumbnail@2x":["https:\/\/trading.hhg.vn\/wp-content\/uploads\/2025\/12\/154__hpa01488_TIF.png",626,715,false],"portfolio_item-masonry":["https:\/\/trading.hhg.vn\/wp-content\/uploads\/2025\/12\/154__hpa01488_TIF.png",600,685,false],"portfolio_item-masonry@2x":["https:\/\/trading.hhg.vn\/wp-content\/uploads\/2025\/12\/154__hpa01488_TIF.png",626,715,false],"portfolio_item-thumbnail_cinema":["https:\/\/trading.hhg.vn\/wp-content\/uploads\/2025\/12\/154__hpa01488_TIF.png",293,335,false],"portfolio_item-thumbnail_portrait":["https:\/\/trading.hhg.vn\/wp-content\/uploads\/2025\/12\/154__hpa01488_TIF.png",600,685,false],"portfolio_item-thumbnail_portrait@2x":["https:\/\/trading.hhg.vn\/wp-content\/uploads\/2025\/12\/154__hpa01488_TIF.png",626,715,false],"portfolio_item-thumbnail_square":["https:\/\/trading.hhg.vn\/wp-content\/uploads\/2025\/12\/154__hpa01488_TIF.png",626,715,false]},"_links":{"self":[{"href":"https:\/\/trading.hhg.vn\/en\/wp-json\/wp\/v2\/product\/136947","targetHints":{"allow":["GET"]}}],"collection":[{"href":"https:\/\/trading.hhg.vn\/en\/wp-json\/wp\/v2\/product"}],"about":[{"href":"https:\/\/trading.hhg.vn\/en\/wp-json\/wp\/v2\/types\/product"}],"replies":[{"embeddable":true,"href":"https:\/\/trading.hhg.vn\/en\/wp-json\/wp\/v2\/comments?post=136947"}],"version-history":[{"count":1,"href":"https:\/\/trading.hhg.vn\/en\/wp-json\/wp\/v2\/product\/136947\/revisions"}],"predecessor-version":[{"id":140800,"href":"https:\/\/trading.hhg.vn\/en\/wp-json\/wp\/v2\/product\/136947\/revisions\/140800"}],"wp:featuredmedia":[{"embeddable":true,"href":"https:\/\/trading.hhg.vn\/en\/wp-json\/wp\/v2\/media\/136945"}],"wp:attachment":[{"href":"https:\/\/trading.hhg.vn\/en\/wp-json\/wp\/v2\/media?parent=136947"}],"wp:term":[{"taxonomy":"product_cat","embeddable":true,"href":"https:\/\/trading.hhg.vn\/en\/wp-json\/wp\/v2\/product_cat?post=136947"},{"taxonomy":"product_tag","embeddable":true,"href":"https:\/\/trading.hhg.vn\/en\/wp-json\/wp\/v2\/product_tag?post=136947"}],"curies":[{"name":"wp","href":"https:\/\/api.w.org\/{rel}","templated":true}]}}