{"id":137215,"date":"2025-12-16T14:07:24","date_gmt":"2025-12-16T07:07:24","guid":{"rendered":"https:\/\/trading.hhg.vn\/product\/bo-ho-tro-lap-dat-cho-ibox-universal-ibox-universal-2\/"},"modified":"2026-05-08T17:08:28","modified_gmt":"2026-05-08T10:08:28","slug":"bo-ho-tro-lap-dat-cho-ibox-universal-ibox-universal-2","status":"publish","type":"product","link":"https:\/\/trading.hhg.vn\/en\/s\u1ea3n-ph\u1ea9m\/bo-ho-tro-lap-dat-cho-ibox-universal-ibox-universal-2\/","title":{"rendered":"B\u1ed9 h\u1ed7 tr\u1ee3 l\u1eafp \u0111\u1eb7t cho iBox universal + iBox universal 2"},"content":{"rendered":"","protected":false},"excerpt":{"rendered":"<p>N\u00e2ng t\u1ea7m tr\u1ea3i nghi\u1ec7m l\u1eafp \u0111\u1eb7t v\u1edbi b\u1ed9 h\u1ed7 tr\u1ee3 chuy\u00ean d\u1ee5ng, mang \u0111\u1ebfn s\u1ef1 chu\u1ea9n x\u00e1c tuy\u1ec7t \u0111\u1ed1i cho iBox universal v\u00e0 iBox universal 2. Thi\u1ebft k\u1ebf th\u00f4ng minh, t\u00edch h\u1ee3p c\u00f4ng n\u0103ng v\u01b0\u1ee3t tr\u1ed9i, gi\u00fap b\u1ea1n thao t\u00e1c d\u1ec5 d\u00e0ng, nhanh ch\u00f3ng v\u00e0 \u0111\u1ea1t hi\u1ec7u qu\u1ea3 t\u1ed1i \u01b0u. T\u1eadn h\u01b0\u1edfng c\u1ea3m gi\u00e1c th\u01b0 th\u00e1i khi m\u1ecdi chi ti\u1ebft \u0111\u1ec1u v\u00e0o \u0111\u00fang v\u1ecb tr\u00ed, t\u1ea1o n\u00ean kh\u00f4ng gian s\u1ed1ng ho\u00e0n h\u1ea3o, ph\u1ea3n \u00e1nh gu th\u1ea9m m\u1ef9 tinh t\u1ebf c\u1ee7a ri\u00eang b\u1ea1n.<\/p>\n","protected":false},"featured_media":137213,"comment_status":"open","ping_status":"closed","template":"","meta":{"_acf_changed":false},"product_cat":[887],"product_tag":[],"class_list":{"0":"post-137215","1":"product","2":"type-product","3":"status-publish","4":"has-post-thumbnail","6":"product_cat-phu-kien-di-kem","8":"first","9":"instock","10":"shipping-taxable","11":"purchasable","12":"product-type-simple"},"acf":[],"_links":{"self":[{"href":"https:\/\/trading.hhg.vn\/en\/wp-json\/wp\/v2\/product\/137215","targetHints":{"allow":["GET"]}}],"collection":[{"href":"https:\/\/trading.hhg.vn\/en\/wp-json\/wp\/v2\/product"}],"about":[{"href":"https:\/\/trading.hhg.vn\/en\/wp-json\/wp\/v2\/types\/product"}],"replies":[{"embeddable":true,"href":"https:\/\/trading.hhg.vn\/en\/wp-json\/wp\/v2\/comments?post=137215"}],"version-history":[{"count":1,"href":"https:\/\/trading.hhg.vn\/en\/wp-json\/wp\/v2\/product\/137215\/revisions"}],"predecessor-version":[{"id":140798,"href":"https:\/\/trading.hhg.vn\/en\/wp-json\/wp\/v2\/product\/137215\/revisions\/140798"}],"wp:featuredmedia":[{"embeddable":true,"href":"https:\/\/trading.hhg.vn\/en\/wp-json\/wp\/v2\/media\/137213"}],"wp:attachment":[{"href":"https:\/\/trading.hhg.vn\/en\/wp-json\/wp\/v2\/media?parent=137215"}],"wp:term":[{"taxonomy":"product_cat","embeddable":true,"href":"https:\/\/trading.hhg.vn\/en\/wp-json\/wp\/v2\/product_cat?post=137215"},{"taxonomy":"product_tag","embeddable":true,"href":"https:\/\/trading.hhg.vn\/en\/wp-json\/wp\/v2\/product_tag?post=137215"}],"curies":[{"name":"wp","href":"https:\/\/api.w.org\/{rel}","templated":true}]}}