{"id":137230,"date":"2025-12-16T14:08:09","date_gmt":"2025-12-16T07:08:09","guid":{"rendered":"https:\/\/trading.hhg.vn\/product\/van-xa-keo-dai-30-mm-1-1-4-inch-hansgrohe\/"},"modified":"2025-12-20T16:07:03","modified_gmt":"2025-12-20T09:07:03","slug":"van-xa-keo-dai-30-mm-1-1-4-inch-hansgrohe","status":"publish","type":"product","link":"https:\/\/trading.hhg.vn\/en\/s\u1ea3n-ph\u1ea9m\/van-xa-keo-dai-30-mm-1-1-4-inch-hansgrohe\/","title":{"rendered":"Van x\u1ea3 k\u00e9o d\u00e0i, 30 mm, 1 1\/4 inch hansgrohe"},"content":{"rendered":"","protected":false},"excerpt":{"rendered":"<p>Van x\u1ea3 k\u00e9o d\u00e0i hansgrohe, 30mm, 1 1\/4 inch, kh\u00f4ng ch\u1ec9 l\u00e0 chi ti\u1ebft ho\u00e0n thi\u1ec7n m\u00e0 c\u00f2n l\u00e0 \u0111i\u1ec3m nh\u1ea5n tinh t\u1ebf cho kh\u00f4ng gian ph\u00f2ng t\u1eafm. V\u1edbi thi\u1ebft k\u1ebf t\u1ed1i gi\u1ea3n, sang tr\u1ecdng, s\u1ea3n ph\u1ea9m n\u00e0y d\u1ec5 d\u00e0ng h\u00f2a m\u00ecnh v\u00e0o m\u1ecdi phong c\u00e1ch n\u1ed9i th\u1ea5t, t\u1eeb c\u1ed5 \u0111i\u1ec3n \u0111\u1ebfn hi\u1ec7n \u0111\u1ea1i. T\u1eebng \u0111\u01b0\u1eddng n\u00e9t \u0111\u01b0\u1ee3c t\u00ednh to\u00e1n t\u1ec9 m\u1ec9, mang l\u1ea1i v\u1ebb \u0111\u1eb9p v\u01b0\u1ee3t th\u1eddi gian.<\/p>\n<p>C\u00f4ng n\u0103ng v\u01b0\u1ee3t tr\u1ed9i c\u1ee7a van x\u1ea3 k\u00e9o d\u00e0i hansgrohe th\u1ec3 hi\u1ec7n qua kh\u1ea3 n\u0103ng \u0111i\u1ec1u ch\u1ec9nh linh ho\u1ea1t, gi\u00fap b\u1ea1n ki\u1ec3m so\u00e1t d\u00f2ng n\u01b0\u1edbc m\u1ed9t c\u00e1ch ch\u00ednh x\u00e1c v\u00e0 nh\u1eb9 nh\u00e0ng. D\u00f9 l\u00e0 \u0111\u1ec3 x\u1ea3 \u0111\u1ea7y b\u1ed3n hay \u0111i\u1ec1u ti\u1ebft l\u01b0\u1ee3ng n\u01b0\u1edbc v\u1eeba \u0111\u1ee7, thao t\u00e1c lu\u00f4n m\u01b0\u1ee3t m\u00e0 v\u00e0 d\u1ec5 d\u00e0ng. \u0110\u1ed9 b\u1ec1n b\u1ec9 c\u1ee7a v\u1eadt li\u1ec7u cao c\u1ea5p \u0111\u1ea3m b\u1ea3o s\u1ea3n ph\u1ea9m lu\u00f4n s\u00e1ng b\u00f3ng v\u00e0 ho\u1ea1t \u0111\u1ed9ng \u1ed5n \u0111\u1ecbnh qua th\u1eddi gian, mang \u0111\u1ebfn s\u1ef1 an t\u00e2m tuy\u1ec7t \u0111\u1ed1i cho ng\u01b0\u1eddi s\u1eed d\u1ee5ng.<\/p>\n<p>Tr\u1ea3i nghi\u1ec7m s\u1eed d\u1ee5ng van x\u1ea3 k\u00e9o d\u00e0i hansgrohe l\u00e0 s\u1ef1 k\u1ebft h\u1ee3p ho\u00e0n h\u1ea3o gi\u1eefa ti\u1ec7n nghi v\u00e0 th\u1ea9m m\u1ef9. M\u1ed7i l\u1ea7n ch\u1ea1m l\u00e0 m\u1ed9t c\u1ea3m gi\u00e1c ch\u1eafc ch\u1eafn, tinh t\u1ebf, kh\u1eb3ng \u0111\u1ecbnh \u0111\u1eb3ng c\u1ea5p c\u1ee7a ng\u01b0\u1eddi d\u00f9ng. S\u1ea3n ph\u1ea9m kh\u00f4ng ch\u1ec9 ho\u00e0n th\u00e0nh t\u1ed1t vai tr\u00f2 c\u1ee7a m\u00ecnh m\u00e0 c\u00f2n n\u00e2ng t\u1ea7m kh\u00f4ng gian s\u1ed1ng, bi\u1ebfn ph\u00f2ng t\u1eafm th\u00e0nh m\u1ed9t n\u01a1i th\u01b0 gi\u00e3n l\u00fd t\u01b0\u1edfng, n\u01a1i b\u1ea1n c\u00f3 th\u1ec3 t\u1eadn h\u01b0\u1edfng tr\u1ecdn v\u1eb9n t\u1eebng kho\u1ea3nh kh\u1eafc ri\u00eang t\u01b0.<\/p>\n","protected":false},"featured_media":137228,"comment_status":"open","ping_status":"closed","template":"","meta":{"_acf_changed":false},"product_cat":[887],"product_tag":[],"class_list":{"0":"post-137230","1":"product","2":"type-product","3":"status-publish","4":"has-post-thumbnail","6":"product_cat-phu-kien-di-kem","8":"first","9":"instock","10":"shipping-taxable","11":"product-type-simple"},"acf":[],"featured_media_urls":{"thumbnail":["https:\/\/trading.hhg.vn\/wp-content\/uploads\/2025\/12\/154__hpr06257_tif-150x150.png",150,150,true],"medium":["https:\/\/trading.hhg.vn\/wp-content\/uploads\/2025\/12\/154__hpr06257_tif-263x300.png",263,300,true],"medium_large":["https:\/\/trading.hhg.vn\/wp-content\/uploads\/2025\/12\/154__hpr06257_tif-768x878.png",768,878,true],"large":["https:\/\/trading.hhg.vn\/wp-content\/uploads\/2025\/12\/154__hpr06257_tif-896x1024.png",896,1024,true],"1536x1536":["https:\/\/trading.hhg.vn\/wp-content\/uploads\/2025\/12\/154__hpr06257_tif-1344x1536.png",1344,1536,true],"2048x2048":["https:\/\/trading.hhg.vn\/wp-content\/uploads\/2025\/12\/154__hpr06257_tif-1792x2048.png",1792,2048,true],"woocommerce_thumbnail":["https:\/\/trading.hhg.vn\/wp-content\/uploads\/2025\/12\/154__hpr06257_tif-600x600.png",600,600,true],"woocommerce_single":["https:\/\/trading.hhg.vn\/wp-content\/uploads\/2025\/12\/154__hpr06257_tif-1200x1371.png",1200,1371,true],"woocommerce_gallery_thumbnail":["https:\/\/trading.hhg.vn\/wp-content\/uploads\/2025\/12\/154__hpr06257_tif-150x171.png",150,171,true],"portfolio_item-thumbnail":["https:\/\/trading.hhg.vn\/wp-content\/uploads\/2025\/12\/154__hpr06257_tif-scaled.png",350,400,false],"portfolio_item-thumbnail@2x":["https:\/\/trading.hhg.vn\/wp-content\/uploads\/2025\/12\/154__hpr06257_tif-scaled.png",700,800,false],"portfolio_item-masonry":["https:\/\/trading.hhg.vn\/wp-content\/uploads\/2025\/12\/154__hpr06257_tif-scaled.png",600,686,false],"portfolio_item-masonry@2x":["https:\/\/trading.hhg.vn\/wp-content\/uploads\/2025\/12\/154__hpr06257_tif-scaled.png",1200,1371,false],"portfolio_item-thumbnail_cinema":["https:\/\/trading.hhg.vn\/wp-content\/uploads\/2025\/12\/154__hpr06257_tif-scaled.png",293,335,false],"portfolio_item-thumbnail_portrait":["https:\/\/trading.hhg.vn\/wp-content\/uploads\/2025\/12\/154__hpr06257_tif-scaled.png",600,686,false],"portfolio_item-thumbnail_portrait@2x":["https:\/\/trading.hhg.vn\/wp-content\/uploads\/2025\/12\/154__hpr06257_tif-scaled.png",1200,1371,false],"portfolio_item-thumbnail_square":["https:\/\/trading.hhg.vn\/wp-content\/uploads\/2025\/12\/154__hpr06257_tif-scaled.png",700,800,false]},"_links":{"self":[{"href":"https:\/\/trading.hhg.vn\/en\/wp-json\/wp\/v2\/product\/137230","targetHints":{"allow":["GET"]}}],"collection":[{"href":"https:\/\/trading.hhg.vn\/en\/wp-json\/wp\/v2\/product"}],"about":[{"href":"https:\/\/trading.hhg.vn\/en\/wp-json\/wp\/v2\/types\/product"}],"replies":[{"embeddable":true,"href":"https:\/\/trading.hhg.vn\/en\/wp-json\/wp\/v2\/comments?post=137230"}],"version-history":[{"count":1,"href":"https:\/\/trading.hhg.vn\/en\/wp-json\/wp\/v2\/product\/137230\/revisions"}],"predecessor-version":[{"id":140797,"href":"https:\/\/trading.hhg.vn\/en\/wp-json\/wp\/v2\/product\/137230\/revisions\/140797"}],"wp:featuredmedia":[{"embeddable":true,"href":"https:\/\/trading.hhg.vn\/en\/wp-json\/wp\/v2\/media\/137228"}],"wp:attachment":[{"href":"https:\/\/trading.hhg.vn\/en\/wp-json\/wp\/v2\/media?parent=137230"}],"wp:term":[{"taxonomy":"product_cat","embeddable":true,"href":"https:\/\/trading.hhg.vn\/en\/wp-json\/wp\/v2\/product_cat?post=137230"},{"taxonomy":"product_tag","embeddable":true,"href":"https:\/\/trading.hhg.vn\/en\/wp-json\/wp\/v2\/product_tag?post=137230"}],"curies":[{"name":"wp","href":"https:\/\/api.w.org\/{rel}","templated":true}]}}