{"id":137315,"date":"2025-12-16T17:45:24","date_gmt":"2025-12-16T10:45:24","guid":{"rendered":"https:\/\/trading.hhg.vn\/?post_type=product&#038;p=137315"},"modified":"2025-12-30T07:10:31","modified_gmt":"2025-12-30T00:10:31","slug":"dau-ra-tuong-kem-van-mot-chieu-va-khop-noi-goc-tong-hop-fixfit-s","status":"publish","type":"product","link":"https:\/\/trading.hhg.vn\/en\/s\u1ea3n-ph\u1ea9m\/dau-ra-tuong-kem-van-mot-chieu-va-khop-noi-goc-tong-hop-fixfit-s\/","title":{"rendered":"\u0110\u1ea7u ra t\u01b0\u1eddng k\u00e8m van m\u1ed9t chi\u1ec1u v\u00e0 kh\u1edbp n\u1ed1i g\u00f3c t\u1ed5ng h\u1ee3p FixFit S"},"content":{"rendered":"","protected":false},"excerpt":{"rendered":"<p>FixFit S kh\u00f4ng ch\u1ec9 l\u00e0 \u0111\u1ea7u ra t\u01b0\u1eddng, m\u00e0 l\u00e0 tuy\u00ean ng\u00f4n c\u1ee7a s\u1ef1 tinh t\u1ebf. V\u1edbi van m\u1ed9t chi\u1ec1u v\u00e0 kh\u1edbp n\u1ed1i g\u00f3c t\u1ed5ng h\u1ee3p, s\u1ea3n ph\u1ea9m n\u00e0y ki\u1ebfn t\u1ea1o n\u00ean m\u1ed9t d\u00f2ng ch\u1ea3y ho\u00e0n m\u1ef9 trong m\u1ecdi thi\u1ebft k\u1ebf n\u1ed9i th\u1ea5t. Tr\u1ea3i nghi\u1ec7m s\u1ef1 ti\u1ec7n nghi v\u01b0\u1ee3t tr\u1ed9i v\u00e0 t\u00ednh th\u1ea9m m\u1ef9 kh\u00f4ng gi\u1edbi h\u1ea1n, khi m\u1ed7i chi ti\u1ebft \u0111\u1ec1u \u0111\u01b0\u1ee3c ch\u0103m ch\u00fat t\u1ec9 m\u1ec9, mang \u0111\u1ebfn v\u1ebb \u0111\u1eb9p sang tr\u1ecdng v\u00e0 c\u00f4ng n\u0103ng v\u01b0\u1ee3t th\u1eddi gian cho kh\u00f4ng gian s\u1ed1ng c\u1ee7a b\u1ea1n.<\/p>\n","protected":false},"featured_media":137561,"comment_status":"open","ping_status":"closed","template":"","meta":{"_acf_changed":false},"product_cat":[887],"product_tag":[],"class_list":{"0":"post-137315","1":"product","2":"type-product","3":"status-publish","4":"has-post-thumbnail","6":"product_cat-phu-kien-di-kem","7":"pa_mau-sac-chrome","8":"pa_mau-sac-chrome-den-xuoc","9":"pa_mau-sac-den-mo","10":"pa_mau-sac-dong-xuoc","11":"pa_mau-sac-trang-mo","12":"pa_mau-sac-vang-bong","14":"first","15":"instock","16":"shipping-taxable","17":"purchasable","18":"product-type-variable"},"acf":[],"featured_media_urls":{"thumbnail":["https:\/\/trading.hhg.vn\/wp-content\/uploads\/2025\/12\/154__hpr02807_tif-150x150.png",150,150,true],"medium":["https:\/\/trading.hhg.vn\/wp-content\/uploads\/2025\/12\/154__hpr02807_tif-263x300.png",263,300,true],"medium_large":["https:\/\/trading.hhg.vn\/wp-content\/uploads\/2025\/12\/154__hpr02807_tif-768x877.png",768,877,true],"large":["https:\/\/trading.hhg.vn\/wp-content\/uploads\/2025\/12\/154__hpr02807_tif-896x1024.png",896,1024,true],"1536x1536":["https:\/\/trading.hhg.vn\/wp-content\/uploads\/2025\/12\/154__hpr02807_tif.png",934,1067,false],"2048x2048":["https:\/\/trading.hhg.vn\/wp-content\/uploads\/2025\/12\/154__hpr02807_tif.png",934,1067,false],"woocommerce_thumbnail":["https:\/\/trading.hhg.vn\/wp-content\/uploads\/2025\/12\/154__hpr02807_tif-600x600.png",600,600,true],"woocommerce_single":["https:\/\/trading.hhg.vn\/wp-content\/uploads\/2025\/12\/154__hpr02807_tif.png",934,1067,false],"woocommerce_gallery_thumbnail":["https:\/\/trading.hhg.vn\/wp-content\/uploads\/2025\/12\/154__hpr02807_tif-150x171.png",150,171,true],"portfolio_item-thumbnail":["https:\/\/trading.hhg.vn\/wp-content\/uploads\/2025\/12\/154__hpr02807_tif.png",350,400,false],"portfolio_item-thumbnail@2x":["https:\/\/trading.hhg.vn\/wp-content\/uploads\/2025\/12\/154__hpr02807_tif.png",700,800,false],"portfolio_item-masonry":["https:\/\/trading.hhg.vn\/wp-content\/uploads\/2025\/12\/154__hpr02807_tif.png",600,685,false],"portfolio_item-masonry@2x":["https:\/\/trading.hhg.vn\/wp-content\/uploads\/2025\/12\/154__hpr02807_tif.png",934,1067,false],"portfolio_item-thumbnail_cinema":["https:\/\/trading.hhg.vn\/wp-content\/uploads\/2025\/12\/154__hpr02807_tif.png",293,335,false],"portfolio_item-thumbnail_portrait":["https:\/\/trading.hhg.vn\/wp-content\/uploads\/2025\/12\/154__hpr02807_tif.png",600,685,false],"portfolio_item-thumbnail_portrait@2x":["https:\/\/trading.hhg.vn\/wp-content\/uploads\/2025\/12\/154__hpr02807_tif.png",934,1067,false],"portfolio_item-thumbnail_square":["https:\/\/trading.hhg.vn\/wp-content\/uploads\/2025\/12\/154__hpr02807_tif.png",700,800,false]},"_links":{"self":[{"href":"https:\/\/trading.hhg.vn\/en\/wp-json\/wp\/v2\/product\/137315","targetHints":{"allow":["GET"]}}],"collection":[{"href":"https:\/\/trading.hhg.vn\/en\/wp-json\/wp\/v2\/product"}],"about":[{"href":"https:\/\/trading.hhg.vn\/en\/wp-json\/wp\/v2\/types\/product"}],"replies":[{"embeddable":true,"href":"https:\/\/trading.hhg.vn\/en\/wp-json\/wp\/v2\/comments?post=137315"}],"version-history":[{"count":1,"href":"https:\/\/trading.hhg.vn\/en\/wp-json\/wp\/v2\/product\/137315\/revisions"}],"predecessor-version":[{"id":137563,"href":"https:\/\/trading.hhg.vn\/en\/wp-json\/wp\/v2\/product\/137315\/revisions\/137563"}],"wp:featuredmedia":[{"embeddable":true,"href":"https:\/\/trading.hhg.vn\/en\/wp-json\/wp\/v2\/media\/137561"}],"wp:attachment":[{"href":"https:\/\/trading.hhg.vn\/en\/wp-json\/wp\/v2\/media?parent=137315"}],"wp:term":[{"taxonomy":"product_cat","embeddable":true,"href":"https:\/\/trading.hhg.vn\/en\/wp-json\/wp\/v2\/product_cat?post=137315"},{"taxonomy":"product_tag","embeddable":true,"href":"https:\/\/trading.hhg.vn\/en\/wp-json\/wp\/v2\/product_tag?post=137315"}],"curies":[{"name":"wp","href":"https:\/\/api.w.org\/{rel}","templated":true}]}}