{"id":138686,"date":"2025-12-16T22:12:12","date_gmt":"2025-12-16T15:12:12","guid":{"rendered":"https:\/\/trading.hhg.vn\/?post_type=product&#038;p=138686"},"modified":"2025-12-29T22:25:58","modified_gmt":"2025-12-29T15:25:58","slug":"gia-do-voi-sen-porter-fine","status":"publish","type":"product","link":"https:\/\/trading.hhg.vn\/en\/s\u1ea3n-ph\u1ea9m\/gia-do-voi-sen-porter-fine\/","title":{"rendered":"Gi\u00e1 \u0111\u1ee1 v\u00f2i sen Porter Fine"},"content":{"rendered":"","protected":false},"excerpt":{"rendered":"<p>Porter Fine kh\u00f4ng ch\u1ec9 l\u00e0 gi\u00e1 \u0111\u1ee1 v\u00f2i sen, m\u00e0 l\u00e0 tuy\u00ean ng\u00f4n c\u1ee7a s\u1ef1 tinh t\u1ebf. Thi\u1ebft k\u1ebf t\u1ed1i gi\u1ea3n, \u0111\u01b0\u1eddng n\u00e9t uy\u1ec3n chuy\u1ec3n, n\u00e2ng t\u1ea7m kh\u00f4ng gian ph\u00f2ng t\u1eafm. Ch\u1ea5t li\u1ec7u cao c\u1ea5p b\u1ec1n b\u1ec9, d\u1ec5 d\u00e0ng \u0111i\u1ec1u ch\u1ec9nh, mang \u0111\u1ebfn tr\u1ea3i nghi\u1ec7m ti\u1ec7n nghi, tho\u1ea3i m\u00e1i, cho m\u1ed7i kho\u1ea3nh kh\u1eafc d\u01b0\u1edbi l\u00e0n n\u01b0\u1edbc l\u00e0 m\u1ed9t li\u1ec7u ph\u00e1p th\u01b0 gi\u00e3n ho\u00e0n h\u1ea3o.<\/p>\n","protected":false},"featured_media":138779,"comment_status":"open","ping_status":"closed","template":"","meta":{"_acf_changed":false},"product_cat":[887],"product_tag":[],"class_list":{"0":"post-138686","1":"product","2":"type-product","3":"status-publish","4":"has-post-thumbnail","6":"product_cat-phu-kien-di-kem","7":"pa_mau-sac-chrome","8":"pa_mau-sac-chrome-den-xuoc","9":"pa_mau-sac-den-mo","10":"pa_mau-sac-dong-xuoc","11":"pa_mau-sac-trang-mo","12":"pa_mau-sac-vang-bong","14":"first","15":"instock","16":"shipping-taxable","17":"product-type-variable"},"acf":[],"featured_media_urls":{"thumbnail":["https:\/\/trading.hhg.vn\/wp-content\/uploads\/2025\/12\/154__hpr07416_tif-150x150.png",150,150,true],"medium":["https:\/\/trading.hhg.vn\/wp-content\/uploads\/2025\/12\/154__hpr07416_tif-263x300.png",263,300,true],"medium_large":["https:\/\/trading.hhg.vn\/wp-content\/uploads\/2025\/12\/154__hpr07416_tif-768x878.png",768,878,true],"large":["https:\/\/trading.hhg.vn\/wp-content\/uploads\/2025\/12\/154__hpr07416_tif-896x1024.png",896,1024,true],"1536x1536":["https:\/\/trading.hhg.vn\/wp-content\/uploads\/2025\/12\/154__hpr07416_tif-1344x1536.png",1344,1536,true],"2048x2048":["https:\/\/trading.hhg.vn\/wp-content\/uploads\/2025\/12\/154__hpr07416_tif-1792x2048.png",1792,2048,true],"woocommerce_thumbnail":["https:\/\/trading.hhg.vn\/wp-content\/uploads\/2025\/12\/154__hpr07416_tif-600x600.png",600,600,true],"woocommerce_single":["https:\/\/trading.hhg.vn\/wp-content\/uploads\/2025\/12\/154__hpr07416_tif-1200x1371.png",1200,1371,true],"woocommerce_gallery_thumbnail":["https:\/\/trading.hhg.vn\/wp-content\/uploads\/2025\/12\/154__hpr07416_tif-150x171.png",150,171,true],"portfolio_item-thumbnail":["https:\/\/trading.hhg.vn\/wp-content\/uploads\/2025\/12\/154__hpr07416_tif-scaled.png",350,400,false],"portfolio_item-thumbnail@2x":["https:\/\/trading.hhg.vn\/wp-content\/uploads\/2025\/12\/154__hpr07416_tif-scaled.png",700,800,false],"portfolio_item-masonry":["https:\/\/trading.hhg.vn\/wp-content\/uploads\/2025\/12\/154__hpr07416_tif-scaled.png",600,686,false],"portfolio_item-masonry@2x":["https:\/\/trading.hhg.vn\/wp-content\/uploads\/2025\/12\/154__hpr07416_tif-scaled.png",1200,1371,false],"portfolio_item-thumbnail_cinema":["https:\/\/trading.hhg.vn\/wp-content\/uploads\/2025\/12\/154__hpr07416_tif-scaled.png",293,335,false],"portfolio_item-thumbnail_portrait":["https:\/\/trading.hhg.vn\/wp-content\/uploads\/2025\/12\/154__hpr07416_tif-scaled.png",600,686,false],"portfolio_item-thumbnail_portrait@2x":["https:\/\/trading.hhg.vn\/wp-content\/uploads\/2025\/12\/154__hpr07416_tif-scaled.png",1200,1371,false],"portfolio_item-thumbnail_square":["https:\/\/trading.hhg.vn\/wp-content\/uploads\/2025\/12\/154__hpr07416_tif-scaled.png",700,800,false]},"_links":{"self":[{"href":"https:\/\/trading.hhg.vn\/en\/wp-json\/wp\/v2\/product\/138686","targetHints":{"allow":["GET"]}}],"collection":[{"href":"https:\/\/trading.hhg.vn\/en\/wp-json\/wp\/v2\/product"}],"about":[{"href":"https:\/\/trading.hhg.vn\/en\/wp-json\/wp\/v2\/types\/product"}],"replies":[{"embeddable":true,"href":"https:\/\/trading.hhg.vn\/en\/wp-json\/wp\/v2\/comments?post=138686"}],"version-history":[{"count":1,"href":"https:\/\/trading.hhg.vn\/en\/wp-json\/wp\/v2\/product\/138686\/revisions"}],"predecessor-version":[{"id":138781,"href":"https:\/\/trading.hhg.vn\/en\/wp-json\/wp\/v2\/product\/138686\/revisions\/138781"}],"wp:featuredmedia":[{"embeddable":true,"href":"https:\/\/trading.hhg.vn\/en\/wp-json\/wp\/v2\/media\/138779"}],"wp:attachment":[{"href":"https:\/\/trading.hhg.vn\/en\/wp-json\/wp\/v2\/media?parent=138686"}],"wp:term":[{"taxonomy":"product_cat","embeddable":true,"href":"https:\/\/trading.hhg.vn\/en\/wp-json\/wp\/v2\/product_cat?post=138686"},{"taxonomy":"product_tag","embeddable":true,"href":"https:\/\/trading.hhg.vn\/en\/wp-json\/wp\/v2\/product_tag?post=138686"}],"curies":[{"name":"wp","href":"https:\/\/api.w.org\/{rel}","templated":true}]}}