{"id":140413,"date":"2025-12-16T23:57:05","date_gmt":"2025-12-16T16:57:05","guid":{"rendered":"https:\/\/trading.hhg.vn\/product\/bo-lap-dat-kinh-hai-mat-axor-universal-softsquare\/"},"modified":"2026-05-08T17:08:38","modified_gmt":"2026-05-08T10:08:38","slug":"bo-lap-dat-kinh-hai-mat-axor-universal-softsquare","status":"publish","type":"product","link":"https:\/\/trading.hhg.vn\/en\/s\u1ea3n-ph\u1ea9m\/bo-lap-dat-kinh-hai-mat-axor-universal-softsquare\/","title":{"rendered":"B\u1ed9 l\u1eafp \u0111\u1eb7t k\u00ednh hai m\u1eb7t AXOR Universal Softsquare"},"content":{"rendered":"","protected":false},"excerpt":{"rendered":"<p>B\u1ed9 l\u1eafp \u0111\u1eb7t k\u00ednh hai m\u1eb7t AXOR Universal Softsquare mang \u0111\u1ebfn s\u1ef1 tinh t\u1ebf v\u01b0\u1ee3t th\u1eddi gian cho kh\u00f4ng gian s\u1ed1ng hi\u1ec7n \u0111\u1ea1i. Thi\u1ebft k\u1ebf t\u1ed1i gi\u1ea3n c\u00f9ng \u0111\u01b0\u1eddng n\u00e9t vu\u00f4ng v\u1ee9c s\u1eafc s\u1ea3o t\u1ea1o n\u00ean v\u1ebb \u0111\u1eb9p sang tr\u1ecdng, d\u1ec5 d\u00e0ng h\u00f2a quy\u1ec7n v\u1edbi m\u1ecdi phong c\u00e1ch n\u1ed9i th\u1ea5t. T\u1eadn h\u01b0\u1edfng tr\u1ea3i nghi\u1ec7m s\u1eed d\u1ee5ng ti\u1ec7n nghi t\u1ed1i \u01b0u, n\u01a1i c\u00f4ng n\u0103ng v\u00e0 th\u1ea9m m\u1ef9 \u0111\u01b0\u1ee3c c\u00e2n b\u1eb1ng ho\u00e0n h\u1ea3o, bi\u1ebfn m\u1ed7i kho\u1ea3nh kh\u1eafc th\u00e0nh ni\u1ec1m vui th\u01b0 th\u00e1i v\u00e0 \u0111\u1eb3ng c\u1ea5p.<\/p>\n","protected":false},"featured_media":140411,"comment_status":"open","ping_status":"closed","template":"","meta":{"_acf_changed":false},"product_cat":[887],"product_tag":[],"class_list":{"0":"post-140413","1":"product","2":"type-product","3":"status-publish","4":"has-post-thumbnail","6":"product_cat-phu-kien-di-kem","8":"first","9":"instock","10":"shipping-taxable","11":"purchasable","12":"product-type-simple"},"acf":[],"_links":{"self":[{"href":"https:\/\/trading.hhg.vn\/en\/wp-json\/wp\/v2\/product\/140413","targetHints":{"allow":["GET"]}}],"collection":[{"href":"https:\/\/trading.hhg.vn\/en\/wp-json\/wp\/v2\/product"}],"about":[{"href":"https:\/\/trading.hhg.vn\/en\/wp-json\/wp\/v2\/types\/product"}],"replies":[{"embeddable":true,"href":"https:\/\/trading.hhg.vn\/en\/wp-json\/wp\/v2\/comments?post=140413"}],"version-history":[{"count":1,"href":"https:\/\/trading.hhg.vn\/en\/wp-json\/wp\/v2\/product\/140413\/revisions"}],"predecessor-version":[{"id":140790,"href":"https:\/\/trading.hhg.vn\/en\/wp-json\/wp\/v2\/product\/140413\/revisions\/140790"}],"wp:featuredmedia":[{"embeddable":true,"href":"https:\/\/trading.hhg.vn\/en\/wp-json\/wp\/v2\/media\/140411"}],"wp:attachment":[{"href":"https:\/\/trading.hhg.vn\/en\/wp-json\/wp\/v2\/media?parent=140413"}],"wp:term":[{"taxonomy":"product_cat","embeddable":true,"href":"https:\/\/trading.hhg.vn\/en\/wp-json\/wp\/v2\/product_cat?post=140413"},{"taxonomy":"product_tag","embeddable":true,"href":"https:\/\/trading.hhg.vn\/en\/wp-json\/wp\/v2\/product_tag?post=140413"}],"curies":[{"name":"wp","href":"https:\/\/api.w.org\/{rel}","templated":true}]}}