{"id":140451,"date":"2025-12-16T23:58:37","date_gmt":"2025-12-16T16:58:37","guid":{"rendered":"https:\/\/trading.hhg.vn\/?post_type=product&#038;p=140451"},"modified":"2025-12-30T07:10:21","modified_gmt":"2025-12-30T00:10:21","slug":"day-sen-hieu-ung-kim-loai-2-00-m-voi-dau-noi-tru-axor-starck","status":"publish","type":"product","link":"https:\/\/trading.hhg.vn\/en\/s\u1ea3n-ph\u1ea9m\/day-sen-hieu-ung-kim-loai-2-00-m-voi-dau-noi-tru-axor-starck\/","title":{"rendered":"D\u00e2y sen hi\u1ec7u \u1ee9ng kim lo\u1ea1i 2.00 m v\u1edbi \u0111\u1ea7u n\u1ed1i tr\u1ee5 AXOR Starck"},"content":{"rendered":"","protected":false},"excerpt":{"rendered":"<p>D\u00e2y sen AXOR Starck, hi\u1ec7n th\u00e2n c\u1ee7a v\u1ebb \u0111\u1eb9p v\u01b0\u1ee3t th\u1eddi gian v\u00e0 k\u1ef9 thu\u1eadt \u0111\u1ec9nh cao, mang \u0111\u1ebfn tr\u1ea3i nghi\u1ec7m th\u01b0 th\u00e1i tuy\u1ec7t \u0111\u1ed1i. V\u1edbi chi\u1ec1u d\u00e0i 2.00m c\u00f9ng hi\u1ec7u \u1ee9ng kim lo\u1ea1i tinh x\u1ea3o, m\u1ed7i s\u1ee3i d\u00e2y l\u00e0 minh ch\u1ee9ng cho s\u1ef1 t\u1ec9 m\u1ec9 trong thi\u1ebft k\u1ebf. \u0110\u1ea7u n\u1ed1i tr\u1ee5 v\u1eefng ch\u1eafc kh\u00f4ng ch\u1ec9 \u0111\u1ea3m b\u1ea3o \u0111\u1ed9 b\u1ec1n m\u00e0 c\u00f2n t\u1ea1o n\u00ean m\u1ed9t t\u1ed5ng th\u1ec3 h\u00e0i h\u00f2a, n\u00e2ng t\u1ea7m kh\u00f4ng gian ph\u00f2ng t\u1eafm c\u1ee7a b\u1ea1n. T\u1eadn h\u01b0\u1edfng c\u1ea3m gi\u00e1c m\u1ec1m m\u1ea1i c\u1ee7a d\u00f2ng n\u01b0\u1edbc v\u00e0 v\u1ebb sang tr\u1ecdng \u0111\u1ea7y tinh t\u1ebf m\u00e0 AXOR Starck mang l\u1ea1i, cho m\u1ed7i kho\u1ea3nh kh\u1eafc \u0111\u1eafm m\u00ecnh d\u01b0\u1edbi l\u00e0n n\u01b0\u1edbc l\u00e0 m\u1ed9t nghi th\u1ee9c th\u01b0 gi\u00e3n tr\u1ecdn v\u1eb9n.<\/p>\n","protected":false},"featured_media":134692,"comment_status":"open","ping_status":"closed","template":"","meta":{"_acf_changed":false},"product_cat":[887],"product_tag":[],"class_list":{"0":"post-140451","1":"product","2":"type-product","3":"status-publish","4":"has-post-thumbnail","6":"product_cat-phu-kien-di-kem","7":"pa_mau-sac-chrome","8":"pa_mau-sac-chrome-den-xuoc","9":"pa_mau-sac-dong-thau-xuoc","10":"pa_mau-sac-dong-xuoc","11":"pa_mau-sac-niken-xuoc","12":"pa_mau-sac-chrome-den-bong","13":"pa_mau-sac-thep-khong-gi","14":"pa_mau-sac-vang-bong","15":"pa_mau-sac-vang-hong-bong","16":"pa_mau-sac-vang-hong-xuoc","17":"pa_mau-sac-vang-xuoc","19":"first","20":"instock","21":"shipping-taxable","22":"purchasable","23":"product-type-variable"},"acf":[],"featured_media_urls":{"thumbnail":["https:\/\/trading.hhg.vn\/wp-content\/uploads\/2025\/12\/154__hpb00752_tif-150x150.png",150,150,true],"medium":["https:\/\/trading.hhg.vn\/wp-content\/uploads\/2025\/12\/154__hpb00752_tif-262x300.png",262,300,true],"medium_large":["https:\/\/trading.hhg.vn\/wp-content\/uploads\/2025\/12\/154__hpb00752_tif-768x878.png",768,878,true],"large":["https:\/\/trading.hhg.vn\/wp-content\/uploads\/2025\/12\/154__hpb00752_tif-896x1024.png",896,1024,true],"1536x1536":["https:\/\/trading.hhg.vn\/wp-content\/uploads\/2025\/12\/154__hpb00752_tif-1344x1536.png",1344,1536,true],"2048x2048":["https:\/\/trading.hhg.vn\/wp-content\/uploads\/2025\/12\/154__hpb00752_tif.png",1559,1782,false],"woocommerce_thumbnail":["https:\/\/trading.hhg.vn\/wp-content\/uploads\/2025\/12\/154__hpb00752_tif-600x600.png",600,600,true],"woocommerce_single":["https:\/\/trading.hhg.vn\/wp-content\/uploads\/2025\/12\/154__hpb00752_tif-1200x1372.png",1200,1372,true],"woocommerce_gallery_thumbnail":["https:\/\/trading.hhg.vn\/wp-content\/uploads\/2025\/12\/154__hpb00752_tif-150x171.png",150,171,true],"portfolio_item-thumbnail":["https:\/\/trading.hhg.vn\/wp-content\/uploads\/2025\/12\/154__hpb00752_tif.png",350,400,false],"portfolio_item-thumbnail@2x":["https:\/\/trading.hhg.vn\/wp-content\/uploads\/2025\/12\/154__hpb00752_tif.png",700,800,false],"portfolio_item-masonry":["https:\/\/trading.hhg.vn\/wp-content\/uploads\/2025\/12\/154__hpb00752_tif.png",600,686,false],"portfolio_item-masonry@2x":["https:\/\/trading.hhg.vn\/wp-content\/uploads\/2025\/12\/154__hpb00752_tif.png",1200,1372,false],"portfolio_item-thumbnail_cinema":["https:\/\/trading.hhg.vn\/wp-content\/uploads\/2025\/12\/154__hpb00752_tif.png",293,335,false],"portfolio_item-thumbnail_portrait":["https:\/\/trading.hhg.vn\/wp-content\/uploads\/2025\/12\/154__hpb00752_tif.png",600,686,false],"portfolio_item-thumbnail_portrait@2x":["https:\/\/trading.hhg.vn\/wp-content\/uploads\/2025\/12\/154__hpb00752_tif.png",1200,1372,false],"portfolio_item-thumbnail_square":["https:\/\/trading.hhg.vn\/wp-content\/uploads\/2025\/12\/154__hpb00752_tif.png",700,800,false]},"_links":{"self":[{"href":"https:\/\/trading.hhg.vn\/en\/wp-json\/wp\/v2\/product\/140451","targetHints":{"allow":["GET"]}}],"collection":[{"href":"https:\/\/trading.hhg.vn\/en\/wp-json\/wp\/v2\/product"}],"about":[{"href":"https:\/\/trading.hhg.vn\/en\/wp-json\/wp\/v2\/types\/product"}],"replies":[{"embeddable":true,"href":"https:\/\/trading.hhg.vn\/en\/wp-json\/wp\/v2\/comments?post=140451"}],"version-history":[{"count":1,"href":"https:\/\/trading.hhg.vn\/en\/wp-json\/wp\/v2\/product\/140451\/revisions"}],"predecessor-version":[{"id":140523,"href":"https:\/\/trading.hhg.vn\/en\/wp-json\/wp\/v2\/product\/140451\/revisions\/140523"}],"wp:featuredmedia":[{"embeddable":true,"href":"https:\/\/trading.hhg.vn\/en\/wp-json\/wp\/v2\/media\/134692"}],"wp:attachment":[{"href":"https:\/\/trading.hhg.vn\/en\/wp-json\/wp\/v2\/media?parent=140451"}],"wp:term":[{"taxonomy":"product_cat","embeddable":true,"href":"https:\/\/trading.hhg.vn\/en\/wp-json\/wp\/v2\/product_cat?post=140451"},{"taxonomy":"product_tag","embeddable":true,"href":"https:\/\/trading.hhg.vn\/en\/wp-json\/wp\/v2\/product_tag?post=140451"}],"curies":[{"name":"wp","href":"https:\/\/api.w.org\/{rel}","templated":true}]}}