{"id":140606,"date":"2025-12-17T00:04:43","date_gmt":"2025-12-16T17:04:43","guid":{"rendered":"https:\/\/trading.hhg.vn\/product\/can-sen-gan-tuong-10-cm\/"},"modified":"2025-12-20T16:07:04","modified_gmt":"2025-12-20T09:07:04","slug":"can-sen-gan-tuong-10-cm","status":"publish","type":"product","link":"https:\/\/trading.hhg.vn\/en\/s\u1ea3n-ph\u1ea9m\/can-sen-gan-tuong-10-cm\/","title":{"rendered":"C\u00e1n sen g\u1eafn t\u01b0\u1eddng 10 cm"},"content":{"rendered":"","protected":false},"excerpt":{"rendered":"<p>C\u00e1n sen g\u1eafn t\u01b0\u1eddng 10cm l\u00e0 l\u1eddi kh\u1eb3ng \u0111\u1ecbnh cho s\u1ef1 tinh t\u1ebf trong thi\u1ebft k\u1ebf v\u00e0 t\u00ednh \u1ee9ng d\u1ee5ng v\u01b0\u1ee3t tr\u1ed9i. V\u1edbi \u0111\u01b0\u1eddng n\u00e9t t\u1ed1i gi\u1ea3n, hi\u1ec7n \u0111\u1ea1i, s\u1ea3n ph\u1ea9m h\u00f2a m\u00ecnh v\u00e0o kh\u00f4ng gian ph\u00f2ng t\u1eafm, ki\u1ebfn t\u1ea1o v\u1ebb \u0111\u1eb9p thanh l\u1ecbch m\u00e0 kh\u00f4ng chi\u1ebfm d\u1ee5ng qu\u00e1 nhi\u1ec1u di\u1ec7n t\u00edch. Ch\u1ebf t\u00e1c t\u1eeb v\u1eadt li\u1ec7u cao c\u1ea5p, c\u00e1n sen mang \u0111\u1ebfn tr\u1ea3i nghi\u1ec7m v\u1eefng ch\u1eafc, b\u1ec1n b\u1ec9, d\u1ec5 d\u00e0ng thao t\u00e1c, bi\u1ebfn m\u1ed7i kho\u1ea3nh kh\u1eafc d\u01b0\u1edbi l\u00e0n n\u01b0\u1edbc th\u00e0nh ph\u00fat gi\u00e2y th\u01b0 gi\u00e3n tr\u1ecdn v\u1eb9n v\u00e0 \u0111\u1eb3ng c\u1ea5p.<\/p>\n","protected":false},"featured_media":140604,"comment_status":"open","ping_status":"closed","template":"","meta":{"_acf_changed":false},"product_cat":[887],"product_tag":[],"class_list":{"0":"post-140606","1":"product","2":"type-product","3":"status-publish","4":"has-post-thumbnail","6":"product_cat-phu-kien-di-kem","7":"pa_mau-sac-chrome","9":"first","10":"instock","11":"shipping-taxable","12":"purchasable","13":"product-type-simple"},"acf":[],"featured_media_urls":{"thumbnail":["https:\/\/trading.hhg.vn\/wp-content\/uploads\/2025\/12\/154__hpb00722_tif-150x150.png",150,150,true],"medium":["https:\/\/trading.hhg.vn\/wp-content\/uploads\/2025\/12\/154__hpb00722_tif-263x300.png",263,300,true],"medium_large":["https:\/\/trading.hhg.vn\/wp-content\/uploads\/2025\/12\/154__hpb00722_tif.png",631,721,false],"large":["https:\/\/trading.hhg.vn\/wp-content\/uploads\/2025\/12\/154__hpb00722_tif.png",631,721,false],"1536x1536":["https:\/\/trading.hhg.vn\/wp-content\/uploads\/2025\/12\/154__hpb00722_tif.png",631,721,false],"2048x2048":["https:\/\/trading.hhg.vn\/wp-content\/uploads\/2025\/12\/154__hpb00722_tif.png",631,721,false],"woocommerce_thumbnail":["https:\/\/trading.hhg.vn\/wp-content\/uploads\/2025\/12\/154__hpb00722_tif-600x600.png",600,600,true],"woocommerce_single":["https:\/\/trading.hhg.vn\/wp-content\/uploads\/2025\/12\/154__hpb00722_tif.png",631,721,false],"woocommerce_gallery_thumbnail":["https:\/\/trading.hhg.vn\/wp-content\/uploads\/2025\/12\/154__hpb00722_tif-150x171.png",150,171,true],"portfolio_item-thumbnail":["https:\/\/trading.hhg.vn\/wp-content\/uploads\/2025\/12\/154__hpb00722_tif.png",350,400,false],"portfolio_item-thumbnail@2x":["https:\/\/trading.hhg.vn\/wp-content\/uploads\/2025\/12\/154__hpb00722_tif.png",631,721,false],"portfolio_item-masonry":["https:\/\/trading.hhg.vn\/wp-content\/uploads\/2025\/12\/154__hpb00722_tif.png",600,686,false],"portfolio_item-masonry@2x":["https:\/\/trading.hhg.vn\/wp-content\/uploads\/2025\/12\/154__hpb00722_tif.png",631,721,false],"portfolio_item-thumbnail_cinema":["https:\/\/trading.hhg.vn\/wp-content\/uploads\/2025\/12\/154__hpb00722_tif.png",293,335,false],"portfolio_item-thumbnail_portrait":["https:\/\/trading.hhg.vn\/wp-content\/uploads\/2025\/12\/154__hpb00722_tif.png",600,686,false],"portfolio_item-thumbnail_portrait@2x":["https:\/\/trading.hhg.vn\/wp-content\/uploads\/2025\/12\/154__hpb00722_tif.png",631,721,false],"portfolio_item-thumbnail_square":["https:\/\/trading.hhg.vn\/wp-content\/uploads\/2025\/12\/154__hpb00722_tif.png",631,721,false]},"_links":{"self":[{"href":"https:\/\/trading.hhg.vn\/en\/wp-json\/wp\/v2\/product\/140606","targetHints":{"allow":["GET"]}}],"collection":[{"href":"https:\/\/trading.hhg.vn\/en\/wp-json\/wp\/v2\/product"}],"about":[{"href":"https:\/\/trading.hhg.vn\/en\/wp-json\/wp\/v2\/types\/product"}],"replies":[{"embeddable":true,"href":"https:\/\/trading.hhg.vn\/en\/wp-json\/wp\/v2\/comments?post=140606"}],"version-history":[{"count":1,"href":"https:\/\/trading.hhg.vn\/en\/wp-json\/wp\/v2\/product\/140606\/revisions"}],"predecessor-version":[{"id":140787,"href":"https:\/\/trading.hhg.vn\/en\/wp-json\/wp\/v2\/product\/140606\/revisions\/140787"}],"wp:featuredmedia":[{"embeddable":true,"href":"https:\/\/trading.hhg.vn\/en\/wp-json\/wp\/v2\/media\/140604"}],"wp:attachment":[{"href":"https:\/\/trading.hhg.vn\/en\/wp-json\/wp\/v2\/media?parent=140606"}],"wp:term":[{"taxonomy":"product_cat","embeddable":true,"href":"https:\/\/trading.hhg.vn\/en\/wp-json\/wp\/v2\/product_cat?post=140606"},{"taxonomy":"product_tag","embeddable":true,"href":"https:\/\/trading.hhg.vn\/en\/wp-json\/wp\/v2\/product_tag?post=140606"}],"curies":[{"name":"wp","href":"https:\/\/api.w.org\/{rel}","templated":true}]}}