{"id":140853,"date":"2025-12-20T22:32:36","date_gmt":"2025-12-20T15:32:36","guid":{"rendered":"https:\/\/trading.hhg.vn\/?post_type=product&#038;p=140853"},"modified":"2025-12-30T07:10:21","modified_gmt":"2025-12-30T00:10:21","slug":"de-am-tuong-tron-axor-wall-outlet-fine","status":"publish","type":"product","link":"https:\/\/trading.hhg.vn\/en\/s\u1ea3n-ph\u1ea9m\/de-am-tuong-tron-axor-wall-outlet-fine\/","title":{"rendered":"\u0110\u1ebf \u00e2m t\u01b0\u1eddng tr\u00f2n AXOR Wall outlet Fine"},"content":{"rendered":"","protected":false},"excerpt":{"rendered":"<p>AXOR Wall outlet Fine, m\u1ed9t tuy\u1ec7t t\u00e1c t\u1ed1i gi\u1ea3n, nh\u1eb9 nh\u00e0ng \u00f4m tr\u1ecdn kh\u00f4ng gian ph\u00f2ng t\u1eafm v\u1edbi thi\u1ebft k\u1ebf tr\u00f2n tinh t\u1ebf. Chi ti\u1ebft n\u00e0y kh\u00f4ng ch\u1ec9 l\u00e0 \u0111i\u1ec3m n\u1ed1i c\u1ea5p n\u01b0\u1edbc, m\u00e0 c\u00f2n l\u00e0 tuy\u00ean ng\u00f4n c\u1ee7a phong c\u00e1ch v\u00e0 s\u1ef1 thanh l\u1ecbch. V\u1edbi ch\u1ea5t li\u1ec7u cao c\u1ea5p v\u00e0 ho\u00e0n thi\u1ec7n t\u1ec9 m\u1ec9, Wall outlet Fine h\u1ee9a h\u1eb9n mang \u0111\u1ebfn tr\u1ea3i nghi\u1ec7m s\u1eed d\u1ee5ng b\u1ec1n b\u1ec9, m\u01b0\u1ee3t m\u00e0 c\u00f9ng c\u1ea3m gi\u00e1c sang tr\u1ecdng m\u1ed7i khi ch\u1ea1m v\u00e0o, n\u00e2ng t\u1ea7m \u0111\u1eb3ng c\u1ea5p kh\u00f4ng gian s\u1ed1ng c\u1ee7a b\u1ea1n.<\/p>\n","protected":false},"featured_media":126484,"comment_status":"open","ping_status":"closed","template":"","meta":{"_acf_changed":false},"product_cat":[887],"product_tag":[],"class_list":{"0":"post-140853","1":"product","2":"type-product","3":"status-publish","4":"has-post-thumbnail","6":"product_cat-phu-kien-di-kem","7":"pa_mau-sac-chrome","8":"pa_mau-sac-chrome-den-xuoc","9":"pa_mau-sac-den-mo","10":"pa_mau-sac-dong-thau-xuoc","11":"pa_mau-sac-dong-xuoc","12":"pa_mau-sac-niken-xuoc","13":"pa_mau-sac-chrome-den-bong","14":"pa_mau-sac-thep-khong-gi","15":"pa_mau-sac-trang-mo","16":"pa_mau-sac-vang-bong","17":"pa_mau-sac-vang-hong-bong","18":"pa_mau-sac-vang-hong-xuoc","19":"pa_mau-sac-vang-xuoc","21":"first","22":"instock","23":"shipping-taxable","24":"product-type-variable"},"acf":[],"featured_media_urls":{"thumbnail":["https:\/\/trading.hhg.vn\/wp-content\/uploads\/2025\/12\/154__hpr07392_tif-150x150.png",150,150,true],"medium":["https:\/\/trading.hhg.vn\/wp-content\/uploads\/2025\/12\/154__hpr07392_tif-263x300.png",263,300,true],"medium_large":["https:\/\/trading.hhg.vn\/wp-content\/uploads\/2025\/12\/154__hpr07392_tif-768x878.png",768,878,true],"large":["https:\/\/trading.hhg.vn\/wp-content\/uploads\/2025\/12\/154__hpr07392_tif-896x1024.png",896,1024,true],"1536x1536":["https:\/\/trading.hhg.vn\/wp-content\/uploads\/2025\/12\/154__hpr07392_tif-1344x1536.png",1344,1536,true],"2048x2048":["https:\/\/trading.hhg.vn\/wp-content\/uploads\/2025\/12\/154__hpr07392_tif-1792x2048.png",1792,2048,true],"woocommerce_thumbnail":["https:\/\/trading.hhg.vn\/wp-content\/uploads\/2025\/12\/154__hpr07392_tif-600x600.png",600,600,true],"woocommerce_single":["https:\/\/trading.hhg.vn\/wp-content\/uploads\/2025\/12\/154__hpr07392_tif-1200x1371.png",1200,1371,true],"woocommerce_gallery_thumbnail":["https:\/\/trading.hhg.vn\/wp-content\/uploads\/2025\/12\/154__hpr07392_tif-150x171.png",150,171,true],"portfolio_item-thumbnail":["https:\/\/trading.hhg.vn\/wp-content\/uploads\/2025\/12\/154__hpr07392_tif-scaled.png",350,400,false],"portfolio_item-thumbnail@2x":["https:\/\/trading.hhg.vn\/wp-content\/uploads\/2025\/12\/154__hpr07392_tif-scaled.png",700,800,false],"portfolio_item-masonry":["https:\/\/trading.hhg.vn\/wp-content\/uploads\/2025\/12\/154__hpr07392_tif-scaled.png",600,686,false],"portfolio_item-masonry@2x":["https:\/\/trading.hhg.vn\/wp-content\/uploads\/2025\/12\/154__hpr07392_tif-scaled.png",1200,1371,false],"portfolio_item-thumbnail_cinema":["https:\/\/trading.hhg.vn\/wp-content\/uploads\/2025\/12\/154__hpr07392_tif-scaled.png",293,335,false],"portfolio_item-thumbnail_portrait":["https:\/\/trading.hhg.vn\/wp-content\/uploads\/2025\/12\/154__hpr07392_tif-scaled.png",600,686,false],"portfolio_item-thumbnail_portrait@2x":["https:\/\/trading.hhg.vn\/wp-content\/uploads\/2025\/12\/154__hpr07392_tif-scaled.png",1200,1371,false],"portfolio_item-thumbnail_square":["https:\/\/trading.hhg.vn\/wp-content\/uploads\/2025\/12\/154__hpr07392_tif-scaled.png",700,800,false]},"_links":{"self":[{"href":"https:\/\/trading.hhg.vn\/en\/wp-json\/wp\/v2\/product\/140853","targetHints":{"allow":["GET"]}}],"collection":[{"href":"https:\/\/trading.hhg.vn\/en\/wp-json\/wp\/v2\/product"}],"about":[{"href":"https:\/\/trading.hhg.vn\/en\/wp-json\/wp\/v2\/types\/product"}],"replies":[{"embeddable":true,"href":"https:\/\/trading.hhg.vn\/en\/wp-json\/wp\/v2\/comments?post=140853"}],"version-history":[{"count":1,"href":"https:\/\/trading.hhg.vn\/en\/wp-json\/wp\/v2\/product\/140853\/revisions"}],"predecessor-version":[{"id":140889,"href":"https:\/\/trading.hhg.vn\/en\/wp-json\/wp\/v2\/product\/140853\/revisions\/140889"}],"wp:featuredmedia":[{"embeddable":true,"href":"https:\/\/trading.hhg.vn\/en\/wp-json\/wp\/v2\/media\/126484"}],"wp:attachment":[{"href":"https:\/\/trading.hhg.vn\/en\/wp-json\/wp\/v2\/media?parent=140853"}],"wp:term":[{"taxonomy":"product_cat","embeddable":true,"href":"https:\/\/trading.hhg.vn\/en\/wp-json\/wp\/v2\/product_cat?post=140853"},{"taxonomy":"product_tag","embeddable":true,"href":"https:\/\/trading.hhg.vn\/en\/wp-json\/wp\/v2\/product_tag?post=140853"}],"curies":[{"name":"wp","href":"https:\/\/api.w.org\/{rel}","templated":true}]}}