{"id":140944,"date":"2025-12-20T22:35:44","date_gmt":"2025-12-20T15:35:44","guid":{"rendered":"https:\/\/trading.hhg.vn\/?post_type=product&#038;p=140944"},"modified":"2025-12-30T07:10:21","modified_gmt":"2025-12-30T00:10:21","slug":"gia-do-sen-tay-porter-e","status":"publish","type":"product","link":"https:\/\/trading.hhg.vn\/en\/s\u1ea3n-ph\u1ea9m\/gia-do-sen-tay-porter-e\/","title":{"rendered":"Gi\u00e1 \u0111\u1ee1 sen tay Porter E"},"content":{"rendered":"","protected":false},"excerpt":{"rendered":"<p>Gi\u00e1 \u0111\u1ee1 sen tay Porter E l\u00e0 bi\u1ec3u t\u01b0\u1ee3ng c\u1ee7a s\u1ef1 tinh t\u1ebf v\u00e0 ti\u1ec7n \u00edch, n\u01a1i thi\u1ebft k\u1ebf t\u1ed1i gi\u1ea3n h\u00f2a quy\u1ec7n c\u00f9ng c\u00f4ng n\u0103ng v\u01b0\u1ee3t tr\u1ed9i. T\u1eebng \u0111\u01b0\u1eddng n\u00e9t \u0111\u01b0\u1ee3c t\u00ednh to\u00e1n t\u1ec9 m\u1ec9, mang \u0111\u1ebfn v\u1ebb \u0111\u1eb9p thanh l\u1ecbch, sang tr\u1ecdng cho kh\u00f4ng gian ph\u00f2ng t\u1eafm. V\u1edbi kh\u1ea3 n\u0103ng \u0111i\u1ec1u ch\u1ec9nh linh ho\u1ea1t, Porter E n\u00e2ng t\u1ea7m tr\u1ea3i nghi\u1ec7m t\u1eafm sen, gi\u00fap b\u1ea1n d\u1ec5 d\u00e0ng t\u00f9y ch\u1ec9nh \u0111\u1ed9 cao v\u00e0 g\u00f3c nghi\u00eang, t\u1eadn h\u01b0\u1edfng d\u00f2ng n\u01b0\u1edbc \u1ea5m \u00e1p theo c\u00e1ch ri\u00eang. S\u1ef1 ch\u1eafc ch\u1eafn v\u00e0 b\u1ec1n b\u1ec9 trong t\u1eebng chi ti\u1ebft c\u00f2n kh\u1eb3ng \u0111\u1ecbnh gi\u00e1 tr\u1ecb s\u1eed d\u1ee5ng l\u00e2u d\u00e0i, bi\u1ebfn m\u1ed7i kho\u1ea3nh kh\u1eafc trong ph\u00f2ng t\u1eafm th\u00e0nh tr\u1ea3i nghi\u1ec7m th\u01b0 gi\u00e3n \u0111\u1eb3ng c\u1ea5p.<\/p>\n","protected":false},"featured_media":141165,"comment_status":"open","ping_status":"closed","template":"","meta":{"_acf_changed":false},"product_cat":[887],"product_tag":[],"class_list":{"0":"post-140944","1":"product","2":"type-product","3":"status-publish","4":"has-post-thumbnail","6":"product_cat-phu-kien-di-kem","7":"pa_mau-sac-chrome","8":"pa_mau-sac-chrome-den-xuoc","9":"pa_mau-sac-den-mo","10":"pa_mau-sac-dong-xuoc","11":"pa_mau-sac-trang-mo","12":"pa_mau-sac-vang-bong","14":"first","15":"instock","16":"shipping-taxable","17":"purchasable","18":"product-type-variable"},"acf":[],"featured_media_urls":{"thumbnail":["https:\/\/trading.hhg.vn\/wp-content\/uploads\/2025\/12\/154__hpr01938_tif-150x150.png",150,150,true],"medium":["https:\/\/trading.hhg.vn\/wp-content\/uploads\/2025\/12\/154__hpr01938_tif-263x300.png",263,300,true],"medium_large":["https:\/\/trading.hhg.vn\/wp-content\/uploads\/2025\/12\/154__hpr01938_tif-768x878.png",768,878,true],"large":["https:\/\/trading.hhg.vn\/wp-content\/uploads\/2025\/12\/154__hpr01938_tif-896x1024.png",896,1024,true],"1536x1536":["https:\/\/trading.hhg.vn\/wp-content\/uploads\/2025\/12\/154__hpr01938_tif-1344x1536.png",1344,1536,true],"2048x2048":["https:\/\/trading.hhg.vn\/wp-content\/uploads\/2025\/12\/154__hpr01938_tif-1792x2048.png",1792,2048,true],"woocommerce_thumbnail":["https:\/\/trading.hhg.vn\/wp-content\/uploads\/2025\/12\/154__hpr01938_tif-600x600.png",600,600,true],"woocommerce_single":["https:\/\/trading.hhg.vn\/wp-content\/uploads\/2025\/12\/154__hpr01938_tif-1200x1371.png",1200,1371,true],"woocommerce_gallery_thumbnail":["https:\/\/trading.hhg.vn\/wp-content\/uploads\/2025\/12\/154__hpr01938_tif-150x171.png",150,171,true],"portfolio_item-thumbnail":["https:\/\/trading.hhg.vn\/wp-content\/uploads\/2025\/12\/154__hpr01938_tif-scaled.png",350,400,false],"portfolio_item-thumbnail@2x":["https:\/\/trading.hhg.vn\/wp-content\/uploads\/2025\/12\/154__hpr01938_tif-scaled.png",700,800,false],"portfolio_item-masonry":["https:\/\/trading.hhg.vn\/wp-content\/uploads\/2025\/12\/154__hpr01938_tif-scaled.png",600,686,false],"portfolio_item-masonry@2x":["https:\/\/trading.hhg.vn\/wp-content\/uploads\/2025\/12\/154__hpr01938_tif-scaled.png",1200,1371,false],"portfolio_item-thumbnail_cinema":["https:\/\/trading.hhg.vn\/wp-content\/uploads\/2025\/12\/154__hpr01938_tif-scaled.png",293,335,false],"portfolio_item-thumbnail_portrait":["https:\/\/trading.hhg.vn\/wp-content\/uploads\/2025\/12\/154__hpr01938_tif-scaled.png",600,686,false],"portfolio_item-thumbnail_portrait@2x":["https:\/\/trading.hhg.vn\/wp-content\/uploads\/2025\/12\/154__hpr01938_tif-scaled.png",1200,1371,false],"portfolio_item-thumbnail_square":["https:\/\/trading.hhg.vn\/wp-content\/uploads\/2025\/12\/154__hpr01938_tif-scaled.png",700,800,false]},"_links":{"self":[{"href":"https:\/\/trading.hhg.vn\/en\/wp-json\/wp\/v2\/product\/140944","targetHints":{"allow":["GET"]}}],"collection":[{"href":"https:\/\/trading.hhg.vn\/en\/wp-json\/wp\/v2\/product"}],"about":[{"href":"https:\/\/trading.hhg.vn\/en\/wp-json\/wp\/v2\/types\/product"}],"replies":[{"embeddable":true,"href":"https:\/\/trading.hhg.vn\/en\/wp-json\/wp\/v2\/comments?post=140944"}],"version-history":[{"count":1,"href":"https:\/\/trading.hhg.vn\/en\/wp-json\/wp\/v2\/product\/140944\/revisions"}],"predecessor-version":[{"id":141167,"href":"https:\/\/trading.hhg.vn\/en\/wp-json\/wp\/v2\/product\/140944\/revisions\/141167"}],"wp:featuredmedia":[{"embeddable":true,"href":"https:\/\/trading.hhg.vn\/en\/wp-json\/wp\/v2\/media\/141165"}],"wp:attachment":[{"href":"https:\/\/trading.hhg.vn\/en\/wp-json\/wp\/v2\/media?parent=140944"}],"wp:term":[{"taxonomy":"product_cat","embeddable":true,"href":"https:\/\/trading.hhg.vn\/en\/wp-json\/wp\/v2\/product_cat?post=140944"},{"taxonomy":"product_tag","embeddable":true,"href":"https:\/\/trading.hhg.vn\/en\/wp-json\/wp\/v2\/product_tag?post=140944"}],"curies":[{"name":"wp","href":"https:\/\/api.w.org\/{rel}","templated":true}]}}