{"id":141262,"date":"2025-12-20T22:52:09","date_gmt":"2025-12-20T15:52:09","guid":{"rendered":"https:\/\/trading.hhg.vn\/product\/mat-che-245-go-oc-cho-den-axor-myedition\/"},"modified":"2025-12-20T23:00:11","modified_gmt":"2025-12-20T16:00:11","slug":"mat-che-245-go-oc-cho-den-axor-myedition","status":"publish","type":"product","link":"https:\/\/trading.hhg.vn\/en\/s\u1ea3n-ph\u1ea9m\/mat-che-245-go-oc-cho-den-axor-myedition\/","title":{"rendered":"M\u1eb7t che 245 g\u1ed7 \u00f3c ch\u00f3 \u0111en AXOR MyEdition"},"content":{"rendered":"","protected":false},"excerpt":{"rendered":"<p>M\u1eb7t che 245 g\u1ed7 \u00f3c ch\u00f3 \u0111en AXOR MyEdition l\u00e0 \u0111i\u1ec3m nh\u1ea5n tinh t\u1ebf, bi\u1ebfn kh\u00f4ng gian ph\u00f2ng t\u1eafm th\u00e0nh t\u00e1c ph\u1ea9m ngh\u1ec7 thu\u1eadt ri\u00eang. T\u1eebng th\u1edb g\u1ed7 \u00f3c ch\u00f3 t\u1ef1 nhi\u00ean \u0111\u01b0\u1ee3c l\u1ef1a ch\u1ecdn k\u1ef9 l\u01b0\u1ee1ng, gia c\u00f4ng t\u1ec9 m\u1ec9, mang \u0111\u1ebfn v\u1ebb \u0111\u1eb9p sang tr\u1ecdng, \u1ea5m \u00e1p v\u00e0 \u0111\u1ed9c \u0111\u00e1o. Thi\u1ebft k\u1ebf ph\u1eb3ng t\u1ed1i gi\u1ea3n k\u1ebft h\u1ee3p v\u1eadt li\u1ec7u cao c\u1ea5p t\u1ea1o n\u00ean s\u1ef1 h\u00e0i h\u00f2a, n\u00e2ng t\u1ea7m tr\u1ea3i nghi\u1ec7m th\u01b0 gi\u00e3n c\u1ee7a b\u1ea1n m\u1ed7i ng\u00e0y. S\u1ef1 t\u1ec9 m\u1ec9 trong t\u1eebng chi ti\u1ebft kh\u00f4ng ch\u1ec9 th\u1ec3 hi\u1ec7n gu th\u1ea9m m\u1ef9 tinh t\u1ebf m\u00e0 c\u00f2n kh\u1eb3ng \u0111\u1ecbnh \u0111\u1eb3ng c\u1ea5p s\u1ed1ng ri\u00eang bi\u1ec7t.<\/p>\n","protected":false},"featured_media":136848,"comment_status":"open","ping_status":"closed","template":"","meta":{"_acf_changed":false},"product_cat":[887],"product_tag":[],"class_list":{"0":"post-141262","1":"product","2":"type-product","3":"status-publish","4":"has-post-thumbnail","6":"product_cat-phu-kien-di-kem","7":"pa_mau-sac-black-walnut","9":"first","10":"instock","11":"shipping-taxable","12":"purchasable","13":"product-type-simple"},"acf":[],"featured_media_urls":{"thumbnail":["https:\/\/trading.hhg.vn\/wp-content\/uploads\/2025\/12\/154__apr00169_tif-1-150x150.png",150,150,true],"medium":["https:\/\/trading.hhg.vn\/wp-content\/uploads\/2025\/12\/154__apr00169_tif-1-263x300.png",263,300,true],"medium_large":["https:\/\/trading.hhg.vn\/wp-content\/uploads\/2025\/12\/154__apr00169_tif-1-768x878.png",768,878,true],"large":["https:\/\/trading.hhg.vn\/wp-content\/uploads\/2025\/12\/154__apr00169_tif-1-896x1024.png",896,1024,true],"1536x1536":["https:\/\/trading.hhg.vn\/wp-content\/uploads\/2025\/12\/154__apr00169_tif-1-1344x1536.png",1344,1536,true],"2048x2048":["https:\/\/trading.hhg.vn\/wp-content\/uploads\/2025\/12\/154__apr00169_tif-1-1792x2048.png",1792,2048,true],"woocommerce_thumbnail":["https:\/\/trading.hhg.vn\/wp-content\/uploads\/2025\/12\/154__apr00169_tif-1-600x600.png",600,600,true],"woocommerce_single":["https:\/\/trading.hhg.vn\/wp-content\/uploads\/2025\/12\/154__apr00169_tif-1-1200x1371.png",1200,1371,true],"woocommerce_gallery_thumbnail":["https:\/\/trading.hhg.vn\/wp-content\/uploads\/2025\/12\/154__apr00169_tif-1-150x171.png",150,171,true],"portfolio_item-thumbnail":["https:\/\/trading.hhg.vn\/wp-content\/uploads\/2025\/12\/154__apr00169_tif-1-scaled.png",350,400,false],"portfolio_item-thumbnail@2x":["https:\/\/trading.hhg.vn\/wp-content\/uploads\/2025\/12\/154__apr00169_tif-1-scaled.png",700,800,false],"portfolio_item-masonry":["https:\/\/trading.hhg.vn\/wp-content\/uploads\/2025\/12\/154__apr00169_tif-1-scaled.png",600,686,false],"portfolio_item-masonry@2x":["https:\/\/trading.hhg.vn\/wp-content\/uploads\/2025\/12\/154__apr00169_tif-1-scaled.png",1200,1371,false],"portfolio_item-thumbnail_cinema":["https:\/\/trading.hhg.vn\/wp-content\/uploads\/2025\/12\/154__apr00169_tif-1-scaled.png",293,335,false],"portfolio_item-thumbnail_portrait":["https:\/\/trading.hhg.vn\/wp-content\/uploads\/2025\/12\/154__apr00169_tif-1-scaled.png",600,686,false],"portfolio_item-thumbnail_portrait@2x":["https:\/\/trading.hhg.vn\/wp-content\/uploads\/2025\/12\/154__apr00169_tif-1-scaled.png",1200,1371,false],"portfolio_item-thumbnail_square":["https:\/\/trading.hhg.vn\/wp-content\/uploads\/2025\/12\/154__apr00169_tif-1-scaled.png",700,800,false]},"_links":{"self":[{"href":"https:\/\/trading.hhg.vn\/en\/wp-json\/wp\/v2\/product\/141262","targetHints":{"allow":["GET"]}}],"collection":[{"href":"https:\/\/trading.hhg.vn\/en\/wp-json\/wp\/v2\/product"}],"about":[{"href":"https:\/\/trading.hhg.vn\/en\/wp-json\/wp\/v2\/types\/product"}],"replies":[{"embeddable":true,"href":"https:\/\/trading.hhg.vn\/en\/wp-json\/wp\/v2\/comments?post=141262"}],"version-history":[{"count":1,"href":"https:\/\/trading.hhg.vn\/en\/wp-json\/wp\/v2\/product\/141262\/revisions"}],"predecessor-version":[{"id":141297,"href":"https:\/\/trading.hhg.vn\/en\/wp-json\/wp\/v2\/product\/141262\/revisions\/141297"}],"wp:featuredmedia":[{"embeddable":true,"href":"https:\/\/trading.hhg.vn\/en\/wp-json\/wp\/v2\/media\/136848"}],"wp:attachment":[{"href":"https:\/\/trading.hhg.vn\/en\/wp-json\/wp\/v2\/media?parent=141262"}],"wp:term":[{"taxonomy":"product_cat","embeddable":true,"href":"https:\/\/trading.hhg.vn\/en\/wp-json\/wp\/v2\/product_cat?post=141262"},{"taxonomy":"product_tag","embeddable":true,"href":"https:\/\/trading.hhg.vn\/en\/wp-json\/wp\/v2\/product_tag?post=141262"}],"curies":[{"name":"wp","href":"https:\/\/api.w.org\/{rel}","templated":true}]}}