{"id":142466,"date":"2025-12-28T18:13:27","date_gmt":"2025-12-28T11:13:27","guid":{"rendered":"https:\/\/trading.hhg.vn\/product\/voi-chau-3-lo-100-co-bo-xa-novus\/"},"modified":"2026-01-14T12:56:11","modified_gmt":"2026-01-14T05:56:11","slug":"voi-chau-3-lo-100-co-bo-xa-novus","status":"publish","type":"product","link":"https:\/\/trading.hhg.vn\/en\/s\u1ea3n-ph\u1ea9m\/voi-chau-3-lo-100-co-bo-xa-novus\/","title":{"rendered":"V\u00f2i ch\u1eadu 3 l\u1ed7 100 c\u00f3 b\u1ed9 x\u1ea3 Novus"},"content":{"rendered":"<p><img fetchpriority=\"high\" decoding=\"async\" class=\"alignnone wp-image-7559 aligncenter\" src=\"https:\/\/trading.hhg.vn\/wp-content\/uploads\/2025\/11\/novus.png\" alt=\"\" width=\"606\" height=\"454\" \/>D\u00f2ng s\u1ea3n ph\u1ea9m Hansgrohe\u202fNovus l\u00e0 l\u1ef1a ch\u1ecdn tinh t\u1ebf d\u00e0nh cho lavabo, mang thi\u1ebft k\u1ebf h\u00ecnh h\u1ecdc r\u00f5 n\u00e9t v\u00e0 kho\u1ea3ng kh\u00f4ng l\u1edbn d\u01b0\u1edbi mi\u1ec7ng v\u00f2i (ComfortZone 230) \u0111\u1ec3 ng\u01b0\u1eddi d\u00f9ng c\u00f3 kh\u00f4ng gian tho\u1ea3i m\u00e1i h\u01a1n khi s\u1eed d\u1ee5ng.<\/p>\n<p>\u0110i\u1ec3m nh\u1ea5n c\u1ee7a Novus l\u00e0 c\u00e1c \u0111\u01b0\u1eddng n\u00e9t thanh m\u1ea3nh, h\u00ecnh kh\u1ed1i hi\u1ec7n \u0111\u1ea1i nh\u01b0ng v\u1eabn m\u1ec1m m\u1ea1i, ph\u00f9 h\u1ee3p v\u1edbi ph\u00f2ng t\u1eafm \u0111\u01b0\u01a1ng \u0111\u1ea1i. S\u1ea3n ph\u1ea9m c\u00f2n \u1ee9ng d\u1ee5ng c\u00f4ng ngh\u1ec7 ti\u00eau chu\u1ea9n nh\u01b0 EcoSmart gi\u1edbi h\u1ea1n l\u01b0u l\u01b0\u1ee3ng n\u01b0\u1edbc v\u00e0 AirPower t\u1ea1o d\u00f2ng n\u01b0\u1edbc gi\u00e0u kh\u00ed \u00eam \u00e1i, gi\u00fap ti\u1ebft ki\u1ec7m n\u01b0\u1edbc m\u00e0 v\u1eabn mang l\u1ea1i c\u1ea3m gi\u00e1c tho\u1ea3i m\u00e1i khi s\u1eed d\u1ee5ng.<\/p>\n<p>V\u00f2i Novus c\u0169ng \u0111\u01b0\u1ee3c trang b\u1ecb van s\u1ee9 b\u1ec1n b\u1ec9 v\u00e0 b\u1ec1 m\u1eb7t m\u1ea1 Chrome d\u1ec5 v\u1ec7 sinh, kh\u1eb3ng \u0111\u1ecbnh \u0111\u1ed9 b\u1ec1n v\u00e0 t\u00ednh th\u1ea9m m\u1ef9. T\u1ed5ng th\u1ec3, Novus l\u00e0 gi\u1ea3i ph\u00e1p ho\u00e0n h\u1ea3o khi b\u1ea1n t\u00ecm ki\u1ebfm m\u1ed9t chi\u1ebfc v\u00f2i lavabo v\u1eeba hi\u1ec7n \u0111\u1ea1i, v\u1eeba hi\u1ec7u n\u0103ng cao v\u00e0 ph\u00f9 h\u1ee3p v\u1edbi phong c\u00e1ch ph\u00f2ng t\u1eafm t\u1ed1i gi\u1ea3n.<\/p>\n","protected":false},"excerpt":{"rendered":"<p>V\u00f2i ch\u1eadu 3 l\u1ed7 Novus l\u00e0 bi\u1ec3u t\u01b0\u1ee3ng c\u1ee7a s\u1ef1 tinh t\u1ebf v\u00e0 \u0111\u1eb3ng c\u1ea5p. V\u1edbi thi\u1ebft k\u1ebf 3 l\u1ed7 \u0111\u1eb7c tr\u01b0ng c\u00f9ng b\u1ed9 x\u1ea3 t\u00edch h\u1ee3p, s\u1ea3n ph\u1ea9m mang \u0111\u1ebfn v\u1ebb \u0111\u1eb9p h\u00e0i h\u00f2a, sang tr\u1ecdng cho kh\u00f4ng gian ph\u00f2ng t\u1eafm c\u1ee7a b\u1ea1n. T\u1eebng \u0111\u01b0\u1eddng n\u00e9t \u0111\u01b0\u1ee3c ch\u1ebf t\u00e1c t\u1ec9 m\u1ec9, b\u1ec1 m\u1eb7t ho\u00e0n thi\u1ec7n b\u00f3ng b\u1ea9y kh\u00f4ng ch\u1ec9 t\u00f4n l\u00ean v\u1ebb \u0111\u1eb9p hi\u1ec7n \u0111\u1ea1i m\u00e0 c\u00f2n \u0111\u1ea3m b\u1ea3o \u0111\u1ed9 b\u1ec1n v\u01b0\u1ee3t tr\u1ed9i. Tr\u1ea3i nghi\u1ec7m s\u1ef1 m\u01b0\u1ee3t m\u00e0 trong t\u1eebng thao t\u00e1c, d\u00f2ng n\u01b0\u1edbc \u00eam \u00e1i ch\u1ea3y xu\u1ed1ng s\u1ebd bi\u1ebfn m\u1ed7i kho\u1ea3nh kh\u1eafc s\u1eed d\u1ee5ng th\u00e0nh m\u1ed9t nghi th\u1ee9c th\u01b0 gi\u00e3n, \u0111\u00e1nh th\u1ee9c m\u1ecdi gi\u00e1c quan. Novus \u2013 n\u00e2ng t\u1ea7m phong c\u00e1ch s\u1ed1ng, ki\u1ebfn t\u1ea1o kh\u00f4ng gian \u0111\u1eb3ng c\u1ea5p.<\/p>\n","protected":false},"featured_media":142464,"comment_status":"open","ping_status":"closed","template":"","meta":{"_acf_changed":false},"product_cat":[883],"product_tag":[],"class_list":{"0":"post-142466","1":"product","2":"type-product","3":"status-publish","4":"has-post-thumbnail","6":"product_cat-voi-chau-2","8":"first","9":"onbackorder","10":"shipping-taxable","11":"purchasable","12":"product-type-simple"},"acf":[],"featured_media_urls":{"thumbnail":["https:\/\/trading.hhg.vn\/wp-content\/uploads\/2025\/12\/154__hpr00486_tif-150x150.png",150,150,true],"medium":["https:\/\/trading.hhg.vn\/wp-content\/uploads\/2025\/12\/154__hpr00486_tif-263x300.png",263,300,true],"medium_large":["https:\/\/trading.hhg.vn\/wp-content\/uploads\/2025\/12\/154__hpr00486_tif-768x877.png",768,877,true],"large":["https:\/\/trading.hhg.vn\/wp-content\/uploads\/2025\/12\/154__hpr00486_tif-896x1024.png",896,1024,true],"1536x1536":["https:\/\/trading.hhg.vn\/wp-content\/uploads\/2025\/12\/154__hpr00486_tif-1344x1536.png",1344,1536,true],"2048x2048":["https:\/\/trading.hhg.vn\/wp-content\/uploads\/2025\/12\/154__hpr00486_tif.png",1494,1707,false],"woocommerce_thumbnail":["https:\/\/trading.hhg.vn\/wp-content\/uploads\/2025\/12\/154__hpr00486_tif-600x600.png",600,600,true],"woocommerce_single":["https:\/\/trading.hhg.vn\/wp-content\/uploads\/2025\/12\/154__hpr00486_tif-1200x1371.png",1200,1371,true],"woocommerce_gallery_thumbnail":["https:\/\/trading.hhg.vn\/wp-content\/uploads\/2025\/12\/154__hpr00486_tif-150x171.png",150,171,true],"portfolio_item-thumbnail":["https:\/\/trading.hhg.vn\/wp-content\/uploads\/2025\/12\/154__hpr00486_tif.png",350,400,false],"portfolio_item-thumbnail@2x":["https:\/\/trading.hhg.vn\/wp-content\/uploads\/2025\/12\/154__hpr00486_tif.png",700,800,false],"portfolio_item-masonry":["https:\/\/trading.hhg.vn\/wp-content\/uploads\/2025\/12\/154__hpr00486_tif.png",600,686,false],"portfolio_item-masonry@2x":["https:\/\/trading.hhg.vn\/wp-content\/uploads\/2025\/12\/154__hpr00486_tif.png",1200,1371,false],"portfolio_item-thumbnail_cinema":["https:\/\/trading.hhg.vn\/wp-content\/uploads\/2025\/12\/154__hpr00486_tif.png",293,335,false],"portfolio_item-thumbnail_portrait":["https:\/\/trading.hhg.vn\/wp-content\/uploads\/2025\/12\/154__hpr00486_tif.png",600,686,false],"portfolio_item-thumbnail_portrait@2x":["https:\/\/trading.hhg.vn\/wp-content\/uploads\/2025\/12\/154__hpr00486_tif.png",1200,1371,false],"portfolio_item-thumbnail_square":["https:\/\/trading.hhg.vn\/wp-content\/uploads\/2025\/12\/154__hpr00486_tif.png",700,800,false]},"_links":{"self":[{"href":"https:\/\/trading.hhg.vn\/en\/wp-json\/wp\/v2\/product\/142466","targetHints":{"allow":["GET"]}}],"collection":[{"href":"https:\/\/trading.hhg.vn\/en\/wp-json\/wp\/v2\/product"}],"about":[{"href":"https:\/\/trading.hhg.vn\/en\/wp-json\/wp\/v2\/types\/product"}],"replies":[{"embeddable":true,"href":"https:\/\/trading.hhg.vn\/en\/wp-json\/wp\/v2\/comments?post=142466"}],"version-history":[{"count":1,"href":"https:\/\/trading.hhg.vn\/en\/wp-json\/wp\/v2\/product\/142466\/revisions"}],"predecessor-version":[{"id":143129,"href":"https:\/\/trading.hhg.vn\/en\/wp-json\/wp\/v2\/product\/142466\/revisions\/143129"}],"wp:featuredmedia":[{"embeddable":true,"href":"https:\/\/trading.hhg.vn\/en\/wp-json\/wp\/v2\/media\/142464"}],"wp:attachment":[{"href":"https:\/\/trading.hhg.vn\/en\/wp-json\/wp\/v2\/media?parent=142466"}],"wp:term":[{"taxonomy":"product_cat","embeddable":true,"href":"https:\/\/trading.hhg.vn\/en\/wp-json\/wp\/v2\/product_cat?post=142466"},{"taxonomy":"product_tag","embeddable":true,"href":"https:\/\/trading.hhg.vn\/en\/wp-json\/wp\/v2\/product_tag?post=142466"}],"curies":[{"name":"wp","href":"https:\/\/api.w.org\/{rel}","templated":true}]}}