{"id":142554,"date":"2025-12-28T18:17:15","date_gmt":"2025-12-28T11:17:15","guid":{"rendered":"https:\/\/trading.hhg.vn\/product\/gia-co-toilet-dat-san-axor-massaud\/"},"modified":"2026-01-14T12:56:07","modified_gmt":"2026-01-14T05:56:07","slug":"gia-co-toilet-dat-san-axor-massaud","status":"publish","type":"product","link":"https:\/\/trading.hhg.vn\/en\/s\u1ea3n-ph\u1ea9m\/gia-co-toilet-dat-san-axor-massaud\/","title":{"rendered":"Gi\u00e1 c\u1ecd toilet \u0111\u1eb7t s\u00e0n AXOR Massaud"},"content":{"rendered":"<p><img fetchpriority=\"high\" decoding=\"async\" class=\"alignnone wp-image-7559 aligncenter\" src=\"https:\/\/trading.hhg.vn\/wp-content\/uploads\/2025\/11\/AXOR-Massaud.jpg\" alt=\"\" width=\"606\" height=\"454\" \/>L\u1ea5y c\u1ea3m h\u1ee9ng t\u1eeb h\u00ecnh kh\u1ed1i h\u1eefu c\u01a1 v\u00e0 d\u00f2ng ch\u1ea3y t\u1ef1 nhi\u00ean, AXOR Massaud th\u1ec3 hi\u1ec7n tri\u1ebft l\u00fd thi\u1ebft k\u1ebf h\u00e0i h\u00f2a gi\u1eefa con ng\u01b0\u1eddi v\u00e0 thi\u00ean nhi\u00ean. T\u1eebng \u0111\u01b0\u1eddng cong c\u1ee7a th\u00e2n v\u00f2i \u0111\u01b0\u1ee3c t\u1ea1o h\u00ecnh m\u1ec1m m\u1ea1i, li\u1ec1n m\u1ea1ch nh\u01b0 c\u00e1nh l\u00e1 hay d\u00f2ng su\u1ed1i, mang l\u1ea1i v\u1ebb thanh tho\u00e1t v\u00e0 tinh t\u1ebf trong t\u1eebng chi ti\u1ebft. \u0110i\u1ec3m nh\u1ea5n \u0111\u1eb7c tr\u01b0ng l\u00e0 d\u1ea1ng v\u00f2i th\u00e1c n\u01b0\u1edbc, cho d\u00f2ng ch\u1ea3y t\u1ef1 nhi\u00ean v\u00e0 \u00eam d\u1ecbu, t\u00e1i hi\u1ec7n tr\u1ea3i nghi\u1ec7m spa ngay trong kh\u00f4ng gian s\u1ed1ng.<\/p>\n<p>S\u1ea3n ph\u1ea9m \u0111\u01b0\u1ee3c ch\u1ebf t\u00e1c t\u1eeb \u0111\u1ed3ng thau cao c\u1ea5p, gia c\u00f4ng ch\u00ednh x\u00e1c v\u00e0 \u0111\u00e1nh b\u00f3ng th\u1ee7 c\u00f4ng, k\u1ebft h\u1ee3p c\u00f4ng ngh\u1ec7 AXOR FinishPlus gi\u00fap b\u1ec1 m\u1eb7t b\u1ec1n m\u00e0u, ch\u1ed1ng tr\u1ea7y x\u01b0\u1edbc v\u1edbi nhi\u1ec1u t\u00f9y ch\u1ecdn ho\u00e0n thi\u1ec7n nh\u01b0 chrome b\u00f3ng, brushed nickel hay gold optic. M\u1ed7i chi ti\u1ebft \u2013 t\u1eeb tay g\u1ea1t \u0111\u1ebfn b\u1ec1 m\u1eb7t ph\u1eb3ng \u2013 \u0111\u1ec1u \u0111\u1ea1t \u0111\u1ed9 tinh x\u1ea3o c\u01a1 h\u1ecdc ho\u00e0n h\u1ea3o, mang l\u1ea1i c\u1ea3m gi\u00e1c sang tr\u1ecdng khi ch\u1ea1m v\u00e0o.<\/p>\n","protected":false},"excerpt":{"rendered":"<p>C\u1ecd toilet \u0111\u1eb7t s\u00e0n AXOR Massaud kh\u00f4ng ch\u1ec9 l\u00e0 ph\u1ee5 ki\u1ec7n, m\u00e0 l\u00e0 tuy\u00ean ng\u00f4n c\u1ee7a phong c\u00e1ch. V\u1edbi thi\u1ebft k\u1ebf tinh x\u1ea3o l\u1ea5y c\u1ea3m h\u1ee9ng t\u1eeb thi\u00ean nhi\u00ean, t\u1eebng \u0111\u01b0\u1eddng n\u00e9t u\u1ed1n l\u01b0\u1ee3n m\u1ec1m m\u1ea1i h\u00f2a quy\u1ec7n c\u00f9ng ch\u1ea5t li\u1ec7u cao c\u1ea5p, mang \u0111\u1ebfn v\u1ebb \u0111\u1eb9p sang tr\u1ecdng v\u01b0\u1ee3t th\u1eddi gian cho kh\u00f4ng gian ph\u00f2ng t\u1eafm c\u1ee7a b\u1ea1n. C\u00f4ng n\u0103ng v\u01b0\u1ee3t tr\u1ed9i, d\u1ec5 d\u00e0ng v\u1ec7 sinh, h\u1ee9a h\u1eb9n tr\u1ea3i nghi\u1ec7m s\u1eed d\u1ee5ng ti\u1ec7n nghi v\u00e0 \u0111\u1eb3ng c\u1ea5p.<\/p>\n","protected":false},"featured_media":142552,"comment_status":"open","ping_status":"closed","template":"","meta":{"_acf_changed":false},"product_cat":[862,77],"product_tag":[],"class_list":{"0":"post-142554","1":"product","2":"type-product","3":"status-publish","4":"has-post-thumbnail","6":"product_cat-phu-kien-bon-cau","7":"product_cat-phu-kien-phong-tam","9":"first","10":"onbackorder","11":"shipping-taxable","12":"purchasable","13":"product-type-simple"},"acf":[],"featured_media_urls":{"thumbnail":["https:\/\/trading.hhg.vn\/wp-content\/uploads\/2025\/12\/154__apb01463_tif-150x150.png",150,150,true],"medium":["https:\/\/trading.hhg.vn\/wp-content\/uploads\/2025\/12\/154__apb01463_tif-263x300.png",263,300,true],"medium_large":["https:\/\/trading.hhg.vn\/wp-content\/uploads\/2025\/12\/154__apb01463_tif-768x878.png",768,878,true],"large":["https:\/\/trading.hhg.vn\/wp-content\/uploads\/2025\/12\/154__apb01463_tif-896x1024.png",896,1024,true],"1536x1536":["https:\/\/trading.hhg.vn\/wp-content\/uploads\/2025\/12\/154__apb01463_tif-1344x1536.png",1344,1536,true],"2048x2048":["https:\/\/trading.hhg.vn\/wp-content\/uploads\/2025\/12\/154__apb01463_tif-1792x2048.png",1792,2048,true],"woocommerce_thumbnail":["https:\/\/trading.hhg.vn\/wp-content\/uploads\/2025\/12\/154__apb01463_tif-600x600.png",600,600,true],"woocommerce_single":["https:\/\/trading.hhg.vn\/wp-content\/uploads\/2025\/12\/154__apb01463_tif-1200x1371.png",1200,1371,true],"woocommerce_gallery_thumbnail":["https:\/\/trading.hhg.vn\/wp-content\/uploads\/2025\/12\/154__apb01463_tif-150x171.png",150,171,true],"portfolio_item-thumbnail":["https:\/\/trading.hhg.vn\/wp-content\/uploads\/2025\/12\/154__apb01463_tif-scaled.png",350,400,false],"portfolio_item-thumbnail@2x":["https:\/\/trading.hhg.vn\/wp-content\/uploads\/2025\/12\/154__apb01463_tif-scaled.png",700,800,false],"portfolio_item-masonry":["https:\/\/trading.hhg.vn\/wp-content\/uploads\/2025\/12\/154__apb01463_tif-scaled.png",600,686,false],"portfolio_item-masonry@2x":["https:\/\/trading.hhg.vn\/wp-content\/uploads\/2025\/12\/154__apb01463_tif-scaled.png",1200,1371,false],"portfolio_item-thumbnail_cinema":["https:\/\/trading.hhg.vn\/wp-content\/uploads\/2025\/12\/154__apb01463_tif-scaled.png",293,335,false],"portfolio_item-thumbnail_portrait":["https:\/\/trading.hhg.vn\/wp-content\/uploads\/2025\/12\/154__apb01463_tif-scaled.png",600,686,false],"portfolio_item-thumbnail_portrait@2x":["https:\/\/trading.hhg.vn\/wp-content\/uploads\/2025\/12\/154__apb01463_tif-scaled.png",1200,1371,false],"portfolio_item-thumbnail_square":["https:\/\/trading.hhg.vn\/wp-content\/uploads\/2025\/12\/154__apb01463_tif-scaled.png",700,800,false]},"_links":{"self":[{"href":"https:\/\/trading.hhg.vn\/en\/wp-json\/wp\/v2\/product\/142554","targetHints":{"allow":["GET"]}}],"collection":[{"href":"https:\/\/trading.hhg.vn\/en\/wp-json\/wp\/v2\/product"}],"about":[{"href":"https:\/\/trading.hhg.vn\/en\/wp-json\/wp\/v2\/types\/product"}],"replies":[{"embeddable":true,"href":"https:\/\/trading.hhg.vn\/en\/wp-json\/wp\/v2\/comments?post=142554"}],"version-history":[{"count":1,"href":"https:\/\/trading.hhg.vn\/en\/wp-json\/wp\/v2\/product\/142554\/revisions"}],"predecessor-version":[{"id":143128,"href":"https:\/\/trading.hhg.vn\/en\/wp-json\/wp\/v2\/product\/142554\/revisions\/143128"}],"wp:featuredmedia":[{"embeddable":true,"href":"https:\/\/trading.hhg.vn\/en\/wp-json\/wp\/v2\/media\/142552"}],"wp:attachment":[{"href":"https:\/\/trading.hhg.vn\/en\/wp-json\/wp\/v2\/media?parent=142554"}],"wp:term":[{"taxonomy":"product_cat","embeddable":true,"href":"https:\/\/trading.hhg.vn\/en\/wp-json\/wp\/v2\/product_cat?post=142554"},{"taxonomy":"product_tag","embeddable":true,"href":"https:\/\/trading.hhg.vn\/en\/wp-json\/wp\/v2\/product_tag?post=142554"}],"curies":[{"name":"wp","href":"https:\/\/api.w.org\/{rel}","templated":true}]}}