{"id":142656,"date":"2025-12-28T18:21:48","date_gmt":"2025-12-28T11:21:48","guid":{"rendered":"https:\/\/trading.hhg.vn\/?post_type=product&#038;p=142656"},"modified":"2026-01-14T12:56:18","modified_gmt":"2026-01-14T05:56:18","slug":"thiet-bi-dieu-nhiet-showerselect","status":"publish","type":"product","link":"https:\/\/trading.hhg.vn\/en\/s\u1ea3n-ph\u1ea9m\/thiet-bi-dieu-nhiet-showerselect\/","title":{"rendered":"Thi\u1ebft b\u1ecb \u0111i\u1ec1u nhi\u1ec7t ShowerSelect"},"content":{"rendered":"<p><img fetchpriority=\"high\" decoding=\"async\" class=\"alignnone wp-image-7559 aligncenter\" src=\"https:\/\/trading.hhg.vn\/wp-content\/uploads\/2025\/11\/showerselect.png\" alt=\"\" width=\"606\" height=\"454\" \/>D\u00f2ng s\u1ea3n ph\u1ea9m Hansgrohe\u202fShowerSelect mang \u0111\u1ebfn tr\u1ea3i nghi\u1ec7m b\u1ed9 \u0111i\u1ec1u nhi\u1ec7t cho v\u00f2i sen hi\u1ec7n \u0111\u1ea1i v\u00e0 tinh t\u1ebf ch\u1ec9 b\u1eb1ng m\u1ed9t n\u00fat b\u1ea5m Select. Ch\u1ec9 c\u1ea7n ch\u1ea1m nh\u1eb9, b\u1ea1n c\u00f3 th\u1ec3 kh\u1edfi \u0111\u1ed9ng ho\u1eb7c t\u1eaft n\u01b0\u1edbc, chuy\u1ec3n \u0111\u1ed5i gi\u1eefa sen tay v\u00e0 sen tr\u1ea7n, ho\u1eb7c thay \u0111\u1ed5i ch\u1ebf \u0111\u1ed9 phun m\u1ed9t c\u00e1ch linh ho\u1ea1t. <\/p>\n<p>Thi\u1ebft k\u1ebf \u1ea9n t\u01b0\u1eddng v\u1edbi c\u00e1c phi\u00ean b\u1ea3n h\u00ecnh vu\u00f4ng ho\u1eb7c tr\u00f2n, v\u00e0 h\u1ec7 th\u1ed1ng van l\u1ef1a ch\u1ecdn g\u1ed3m c\u1ea3 lo\u1ea1i thermostatic (c\u00f3 b\u1ed9 \u0111i\u1ec1u nhi\u1ec7t) v\u00e0 non-thermostatic (kh\u00f4ng c\u00f3 b\u1ed9 \u0111i\u1ec1u nhi\u1ec7t) gi\u00fap duy tr\u00ec nhi\u1ec7t \u0111\u1ed9 \u1ed5n \u0111\u1ecbnh, ph\u00f9 h\u1ee3p v\u1edbi m\u1ecdi \u00e1p l\u1ef1c n\u01b0\u1edbc. B\u1ec1 m\u1eb7t \u0111\u01b0\u1ee3c gia c\u00f4ng t\u1eeb v\u1eadt li\u1ec7u cao c\u1ea5p v\u1edbi t\u00f9y ch\u1ecdn finish nh\u01b0 chrome, tr\u1eafng ho\u1eb7c \u0111en k\u00ednh, mang t\u00ednh th\u1ea9m m\u1ef9 cao v\u00e0 d\u1ec5 v\u1ec7 sinh nh\u1edd n\u00fat Select ch\u00ecm \u2014 gi\u00fap thi\u1ebft b\u1ecb d\u1ec5 d\u00e0ng h\u00f2a h\u1ee3p v\u1edbi kh\u00f4ng gian ph\u00f2ng t\u1eafm sang tr\u1ecdng. <\/p>\n<p>Kh\u00f4ng ch\u1ec9 ti\u1ec7n d\u1ee5ng v\u00e0 \u0111\u1eb9p m\u1eaft, ShowerSelect c\u00f2n l\u00e0 l\u1ef1a ch\u1ecdn l\u00fd t\u01b0\u1edfng cho ph\u00f2ng t\u1eafm \u0111a ch\u1ee9c n\u0103ng \u2014 b\u1ea1n c\u00f3 th\u1ec3 ki\u1ec3m so\u00e1t \u0111\u1ed3ng th\u1eddi t\u1edbi b\u1ed1n ngu\u1ed3n n\u01b0\u1edbc t\u1eeb c\u00f9ng m\u1ed9t b\u1ea3ng \u0111i\u1ec1u khi\u1ec3n, gi\u00fap t\u0103ng tr\u1ea3i nghi\u1ec7m v\u00e0 ti\u1ec7n nghi trong kh\u00f4ng gian.<\/p>\n","protected":false},"excerpt":{"rendered":"<p>ShowerSelect n\u00e2ng t\u1ea7m tr\u1ea3i nghi\u1ec7m t\u1eafm c\u1ee7a b\u1ea1n v\u1edbi thi\u1ebft k\u1ebf t\u1ed1i gi\u1ea3n, tinh t\u1ebf, h\u00f2a quy\u1ec7n m\u1ecdi kh\u00f4ng gian. C\u00f4ng ngh\u1ec7 \u0111i\u1ec1u nhi\u1ec7t ch\u00ednh x\u00e1c mang \u0111\u1ebfn d\u00f2ng n\u01b0\u1edbc \u1ea5m \u00e1p, \u1ed5n \u0111\u1ecbnh ch\u1ec9 b\u1eb1ng m\u1ed9t ch\u1ea1m nh\u1eb9, cho b\u1ea1n s\u1ef1 th\u01b0 th\u00e1i tuy\u1ec7t \u0111\u1ed1i. T\u1eadn h\u01b0\u1edfng kho\u1ea3nh kh\u1eafc ri\u00eang t\u01b0, n\u01a1i s\u1ef1 ti\u1ec7n nghi v\u00e0 v\u1ebb \u0111\u1eb9p h\u00f2a quy\u1ec7n, \u0111\u1ecbnh h\u00ecnh l\u1ea1i chu\u1ea9n m\u1ef1c cho ph\u00f2ng t\u1eafm hi\u1ec7n \u0111\u1ea1i.<\/p>\n","protected":false},"featured_media":142705,"comment_status":"open","ping_status":"closed","template":"","meta":{"_acf_changed":false},"product_cat":[847],"product_tag":[],"class_list":{"0":"post-142656","1":"product","2":"type-product","3":"status-publish","4":"has-post-thumbnail","6":"product_cat-bo-dieu-nhiet-2","7":"pa_mau-sac-chrome","8":"pa_mau-sac-den-mo","10":"first","11":"onbackorder","12":"shipping-taxable","13":"product-type-variable"},"acf":[],"featured_media_urls":{"thumbnail":["https:\/\/trading.hhg.vn\/wp-content\/uploads\/2025\/12\/154__hpa01184_tif-150x150.png",150,150,true],"medium":["https:\/\/trading.hhg.vn\/wp-content\/uploads\/2025\/12\/154__hpa01184_tif-262x300.png",262,300,true],"medium_large":["https:\/\/trading.hhg.vn\/wp-content\/uploads\/2025\/12\/154__hpa01184_tif-768x878.png",768,878,true],"large":["https:\/\/trading.hhg.vn\/wp-content\/uploads\/2025\/12\/154__hpa01184_tif-896x1024.png",896,1024,true],"1536x1536":["https:\/\/trading.hhg.vn\/wp-content\/uploads\/2025\/12\/154__hpa01184_tif.png",1042,1191,false],"2048x2048":["https:\/\/trading.hhg.vn\/wp-content\/uploads\/2025\/12\/154__hpa01184_tif.png",1042,1191,false],"woocommerce_thumbnail":["https:\/\/trading.hhg.vn\/wp-content\/uploads\/2025\/12\/154__hpa01184_tif-600x600.png",600,600,true],"woocommerce_single":["https:\/\/trading.hhg.vn\/wp-content\/uploads\/2025\/12\/154__hpa01184_tif.png",1042,1191,false],"woocommerce_gallery_thumbnail":["https:\/\/trading.hhg.vn\/wp-content\/uploads\/2025\/12\/154__hpa01184_tif-150x171.png",150,171,true],"portfolio_item-thumbnail":["https:\/\/trading.hhg.vn\/wp-content\/uploads\/2025\/12\/154__hpa01184_tif.png",350,400,false],"portfolio_item-thumbnail@2x":["https:\/\/trading.hhg.vn\/wp-content\/uploads\/2025\/12\/154__hpa01184_tif.png",700,800,false],"portfolio_item-masonry":["https:\/\/trading.hhg.vn\/wp-content\/uploads\/2025\/12\/154__hpa01184_tif.png",600,686,false],"portfolio_item-masonry@2x":["https:\/\/trading.hhg.vn\/wp-content\/uploads\/2025\/12\/154__hpa01184_tif.png",1042,1191,false],"portfolio_item-thumbnail_cinema":["https:\/\/trading.hhg.vn\/wp-content\/uploads\/2025\/12\/154__hpa01184_tif.png",293,335,false],"portfolio_item-thumbnail_portrait":["https:\/\/trading.hhg.vn\/wp-content\/uploads\/2025\/12\/154__hpa01184_tif.png",600,686,false],"portfolio_item-thumbnail_portrait@2x":["https:\/\/trading.hhg.vn\/wp-content\/uploads\/2025\/12\/154__hpa01184_tif.png",1042,1191,false],"portfolio_item-thumbnail_square":["https:\/\/trading.hhg.vn\/wp-content\/uploads\/2025\/12\/154__hpa01184_tif.png",700,800,false]},"_links":{"self":[{"href":"https:\/\/trading.hhg.vn\/en\/wp-json\/wp\/v2\/product\/142656","targetHints":{"allow":["GET"]}}],"collection":[{"href":"https:\/\/trading.hhg.vn\/en\/wp-json\/wp\/v2\/product"}],"about":[{"href":"https:\/\/trading.hhg.vn\/en\/wp-json\/wp\/v2\/types\/product"}],"replies":[{"embeddable":true,"href":"https:\/\/trading.hhg.vn\/en\/wp-json\/wp\/v2\/comments?post=142656"}],"version-history":[{"count":1,"href":"https:\/\/trading.hhg.vn\/en\/wp-json\/wp\/v2\/product\/142656\/revisions"}],"predecessor-version":[{"id":142707,"href":"https:\/\/trading.hhg.vn\/en\/wp-json\/wp\/v2\/product\/142656\/revisions\/142707"}],"wp:featuredmedia":[{"embeddable":true,"href":"https:\/\/trading.hhg.vn\/en\/wp-json\/wp\/v2\/media\/142705"}],"wp:attachment":[{"href":"https:\/\/trading.hhg.vn\/en\/wp-json\/wp\/v2\/media?parent=142656"}],"wp:term":[{"taxonomy":"product_cat","embeddable":true,"href":"https:\/\/trading.hhg.vn\/en\/wp-json\/wp\/v2\/product_cat?post=142656"},{"taxonomy":"product_tag","embeddable":true,"href":"https:\/\/trading.hhg.vn\/en\/wp-json\/wp\/v2\/product_tag?post=142656"}],"curies":[{"name":"wp","href":"https:\/\/api.w.org\/{rel}","templated":true}]}}