{"id":142766,"date":"2025-12-28T19:05:17","date_gmt":"2025-12-28T12:05:17","guid":{"rendered":"https:\/\/trading.hhg.vn\/product\/bo-sen-tam-am-tuong-raindance-select-e-voi-bo-dieu-nhiet-showerselect\/"},"modified":"2026-01-14T12:56:12","modified_gmt":"2026-01-14T05:56:12","slug":"bo-sen-tam-am-tuong-raindance-select-e-voi-bo-dieu-nhiet-showerselect","status":"publish","type":"product","link":"https:\/\/trading.hhg.vn\/en\/s\u1ea3n-ph\u1ea9m\/bo-sen-tam-am-tuong-raindance-select-e-voi-bo-dieu-nhiet-showerselect\/","title":{"rendered":"B\u1ed9 sen t\u1eafm \u00e2m t\u01b0\u1eddng Raindance Select E v\u1edbi b\u1ed9 \u0111i\u1ec1u nhi\u1ec7t ShowerSelect"},"content":{"rendered":"<p><img fetchpriority=\"high\" decoding=\"async\" class=\"alignnone wp-image-7559 aligncenter\" src=\"https:\/\/trading.hhg.vn\/wp-content\/uploads\/2026\/01\/Select-E.jpg\" alt=\"\" width=\"606\" height=\"454\" \/>Select E g\u00e2y \u1ea5n t\u01b0\u1ee3ng v\u1edbi thi\u1ebft k\u1ebf ph\u1eb3ng, t\u1ed1i gi\u1ea3n v\u00e0 h\u00ecnh h\u1ecdc r\u00f5 r\u00e0ng, mang \u0111\u1ebfn di\u1ec7n m\u1ea1o hi\u1ec7n \u0111\u1ea1i, g\u1ecdn g\u00e0ng cho kh\u00f4ng gian ph\u00f2ng t\u1eafm cao c\u1ea5p. B\u1ec1 m\u1eb7t \u0111i\u1ec1u khi\u1ec3n \u0111\u01b0\u1ee3c thi\u1ebft k\u1ebf li\u1ec1n m\u1ea1ch v\u1edbi t\u01b0\u1eddng, c\u00e1c n\u00fat b\u1ea5m Select \u0111\u01b0\u1ee3c b\u1ed1 tr\u00ed c\u00e2n \u0111\u1ed1i, tr\u1ef1c quan, gi\u00fap gi\u1ea3m t\u1ed1i \u0111a chi ti\u1ebft th\u1eeba v\u00e0 t\u1ea1o c\u1ea3m gi\u00e1c tinh t\u1ebf, ki\u1ebfn tr\u00fac. Ng\u00f4n ng\u1eef thi\u1ebft k\u1ebf trung t\u00ednh gi\u00fap Select E d\u1ec5 d\u00e0ng k\u1ebft h\u1ee3p v\u1edbi nhi\u1ec1u d\u00f2ng sen v\u00e0 ph\u1ee5 ki\u1ec7n hansgrohe.<\/p>\n<p>S\u1ea3n ph\u1ea9m \u0111\u01b0\u1ee3c ch\u1ebf t\u00e1c t\u1eeb kim lo\u1ea1i cao c\u1ea5p, ho\u00e0n thi\u1ec7n b\u1eb1ng c\u00e1c l\u1edbp b\u1ec1 m\u1eb7t ch\u1ea5t l\u01b0\u1ee3ng cao nh\u01b0 Chrome ho\u1eb7c FinishPlus, \u0111\u1ea3m b\u1ea3o \u0111\u1ed9 b\u1ec1n, kh\u1ea3 n\u0103ng ch\u1ed1ng \u0103n m\u00f2n v\u00e0 t\u00ednh th\u1ea9m m\u1ef9 l\u00e2u d\u00e0i. C\u00f4ng ngh\u1ec7 Select cho ph\u00e9p b\u1eadt\/t\u1eaft v\u00e0 chuy\u1ec3n \u0111\u1ed5i ngu\u1ed3n n\u01b0\u1edbc ch\u1ec9 v\u1edbi m\u1ed9t thao t\u00e1c nh\u1ea5n nh\u1eb9, ch\u00ednh x\u00e1c v\u00e0 \u00eam \u00e1i.<\/p>\n","protected":false},"excerpt":{"rendered":"<p>Raindance Select E, \u0111\u1ec9nh cao c\u1ee7a ngh\u1ec7 thu\u1eadt thi\u1ebft k\u1ebf \u1ea9n m\u00ecnh, mang \u0111\u1ebfn kh\u00f4ng gian t\u1eafm t\u1ed1i gi\u1ea3n m\u00e0 v\u1eabn sang tr\u1ecdng. V\u1edbi c\u00f4ng ngh\u1ec7 \u0111i\u1ec1u nhi\u1ec7t ShowerSelect ti\u00ean ti\u1ebfn, m\u1ecdi chuy\u1ec3n \u0111\u1ed9ng ch\u1ea1m \u0111\u1ec1u l\u00e0 s\u1ef1 giao h\u00f2a tinh t\u1ebf gi\u1eefa t\u00ednh n\u0103ng v\u00e0 c\u1ea3m x\u00fac. T\u1eebng d\u00f2ng n\u01b0\u1edbc \u00f4m tr\u1ecdn c\u01a1 th\u1ec3, n\u00e2ng niu tr\u1ea3i nghi\u1ec7m th\u01b0 th\u00e1i, bi\u1ebfn m\u1ed7i kho\u1ea3nh kh\u1eafc d\u01b0\u1edbi v\u00f2i sen th\u00e0nh chuy\u1ebfn du h\u00e0nh kh\u01a1i g\u1ee3i m\u1ecdi gi\u00e1c quan, n\u01a1i b\u1ea1n \u0111\u1eafm ch\u00ecm trong s\u1ef1 t\u1ef1 do v\u00e0 thanh l\u1ecdc ho\u00e0n to\u00e0n.<\/p>\n","protected":false},"featured_media":142764,"comment_status":"open","ping_status":"closed","template":"","meta":{"_acf_changed":false},"product_cat":[841],"product_tag":[],"class_list":{"0":"post-142766","1":"product","2":"type-product","3":"status-publish","4":"has-post-thumbnail","6":"product_cat-bo-sen","8":"first","9":"onbackorder","10":"shipping-taxable","11":"purchasable","12":"product-type-simple"},"acf":[],"featured_media_urls":{"thumbnail":["https:\/\/trading.hhg.vn\/wp-content\/uploads\/2025\/12\/154__hpa01706_tif-150x150.png",150,150,true],"medium":["https:\/\/trading.hhg.vn\/wp-content\/uploads\/2025\/12\/154__hpa01706_tif-263x300.png",263,300,true],"medium_large":["https:\/\/trading.hhg.vn\/wp-content\/uploads\/2025\/12\/154__hpa01706_tif-768x878.png",768,878,true],"large":["https:\/\/trading.hhg.vn\/wp-content\/uploads\/2025\/12\/154__hpa01706_tif-896x1024.png",896,1024,true],"1536x1536":["https:\/\/trading.hhg.vn\/wp-content\/uploads\/2025\/12\/154__hpa01706_tif-1344x1536.png",1344,1536,true],"2048x2048":["https:\/\/trading.hhg.vn\/wp-content\/uploads\/2025\/12\/154__hpa01706_tif-1792x2048.png",1792,2048,true],"woocommerce_thumbnail":["https:\/\/trading.hhg.vn\/wp-content\/uploads\/2025\/12\/154__hpa01706_tif-600x600.png",600,600,true],"woocommerce_single":["https:\/\/trading.hhg.vn\/wp-content\/uploads\/2025\/12\/154__hpa01706_tif-1200x1371.png",1200,1371,true],"woocommerce_gallery_thumbnail":["https:\/\/trading.hhg.vn\/wp-content\/uploads\/2025\/12\/154__hpa01706_tif-150x171.png",150,171,true],"portfolio_item-thumbnail":["https:\/\/trading.hhg.vn\/wp-content\/uploads\/2025\/12\/154__hpa01706_tif.png",350,400,false],"portfolio_item-thumbnail@2x":["https:\/\/trading.hhg.vn\/wp-content\/uploads\/2025\/12\/154__hpa01706_tif.png",700,800,false],"portfolio_item-masonry":["https:\/\/trading.hhg.vn\/wp-content\/uploads\/2025\/12\/154__hpa01706_tif.png",600,686,false],"portfolio_item-masonry@2x":["https:\/\/trading.hhg.vn\/wp-content\/uploads\/2025\/12\/154__hpa01706_tif.png",1200,1371,false],"portfolio_item-thumbnail_cinema":["https:\/\/trading.hhg.vn\/wp-content\/uploads\/2025\/12\/154__hpa01706_tif.png",293,335,false],"portfolio_item-thumbnail_portrait":["https:\/\/trading.hhg.vn\/wp-content\/uploads\/2025\/12\/154__hpa01706_tif.png",600,686,false],"portfolio_item-thumbnail_portrait@2x":["https:\/\/trading.hhg.vn\/wp-content\/uploads\/2025\/12\/154__hpa01706_tif.png",1200,1371,false],"portfolio_item-thumbnail_square":["https:\/\/trading.hhg.vn\/wp-content\/uploads\/2025\/12\/154__hpa01706_tif.png",700,800,false]},"_links":{"self":[{"href":"https:\/\/trading.hhg.vn\/en\/wp-json\/wp\/v2\/product\/142766","targetHints":{"allow":["GET"]}}],"collection":[{"href":"https:\/\/trading.hhg.vn\/en\/wp-json\/wp\/v2\/product"}],"about":[{"href":"https:\/\/trading.hhg.vn\/en\/wp-json\/wp\/v2\/types\/product"}],"replies":[{"embeddable":true,"href":"https:\/\/trading.hhg.vn\/en\/wp-json\/wp\/v2\/comments?post=142766"}],"version-history":[{"count":2,"href":"https:\/\/trading.hhg.vn\/en\/wp-json\/wp\/v2\/product\/142766\/revisions"}],"predecessor-version":[{"id":147023,"href":"https:\/\/trading.hhg.vn\/en\/wp-json\/wp\/v2\/product\/142766\/revisions\/147023"}],"wp:featuredmedia":[{"embeddable":true,"href":"https:\/\/trading.hhg.vn\/en\/wp-json\/wp\/v2\/media\/142764"}],"wp:attachment":[{"href":"https:\/\/trading.hhg.vn\/en\/wp-json\/wp\/v2\/media?parent=142766"}],"wp:term":[{"taxonomy":"product_cat","embeddable":true,"href":"https:\/\/trading.hhg.vn\/en\/wp-json\/wp\/v2\/product_cat?post=142766"},{"taxonomy":"product_tag","embeddable":true,"href":"https:\/\/trading.hhg.vn\/en\/wp-json\/wp\/v2\/product_tag?post=142766"}],"curies":[{"name":"wp","href":"https:\/\/api.w.org\/{rel}","templated":true}]}}