{"id":143044,"date":"2025-12-28T19:18:17","date_gmt":"2025-12-28T12:18:17","guid":{"rendered":"https:\/\/trading.hhg.vn\/product\/voi-chau-rua-tay-gat-don-260-voi-tay-gat-cho-chau-rua-noi-kem-bo-xa-nhan-metropol-classic\/"},"modified":"2026-01-14T12:56:11","modified_gmt":"2026-01-14T05:56:11","slug":"voi-chau-rua-tay-gat-don-260-voi-tay-gat-cho-chau-rua-noi-kem-bo-xa-nhan-metropol-classic","status":"publish","type":"product","link":"https:\/\/trading.hhg.vn\/en\/s\u1ea3n-ph\u1ea9m\/voi-chau-rua-tay-gat-don-260-voi-tay-gat-cho-chau-rua-noi-kem-bo-xa-nhan-metropol-classic\/","title":{"rendered":"V\u00f2i ch\u1eadu r\u1eeda tay g\u1ea1t \u0111\u01a1n 260 v\u1edbi tay g\u1ea1t cho ch\u1eadu r\u1eeda n\u1ed5i k\u00e8m b\u1ed9 x\u1ea3 nh\u1ea5n Metropol Classic"},"content":{"rendered":"<p><img fetchpriority=\"high\" decoding=\"async\" class=\"alignnone wp-image-7559 aligncenter\" src=\"https:\/\/trading.hhg.vn\/wp-content\/uploads\/2025\/11\/metropol-classic.png\" alt=\"\" width=\"606\" height=\"454\" \/>\u00f2ng s\u1ea3n ph\u1ea9m Hansgrohe\u202fMetropol\u202fClassic l\u00e0 l\u1ef1a ch\u1ecdn sang tr\u1ecdng d\u00e0nh cho kh\u00f4ng gian ph\u00f2ng t\u1eafm mang phong c\u00e1ch c\u1ed5 \u0111i\u1ec3n v\u1edbi \u0111\u01b0\u1eddng n\u00e9t h\u00ecnh h\u1ecdc tinh t\u1ebf. D\u00f2ng n\u00e0y n\u1ed5i b\u1eadt v\u1edbi thi\u1ebft k\u1ebf th\u1ec3 hi\u1ec7n \u201clinh h\u1ed3n\u201d c\u1ee7a ki\u1ebfn tr\u00fac c\u1ed5 \u0111i\u1ec3n \u2014 c\u00e1c tay g\u1ea1t c\u00f3 th\u1ec3 l\u00e0 ki\u1ec3u thanh m\u1ea3nh, ki\u1ec3u c\u00e1nh cung m\u1ec1m m\u1ea1i ho\u1eb7c tay g\u1ea1t ki\u1ec3u xoay \u2014 c\u00f9ng v\u1edbi th\u00e2n v\u00e0 c\u1ed5 v\u00f2i g\u00f3c c\u1ea1nh thanh l\u1ecbch.<br \/>\nMetropol Classic c\u00f2n t\u00edch h\u1ee3p nh\u1eefng c\u00f4ng ngh\u1ec7 ti\u1ec7n \u00edch hi\u1ec7n \u0111\u1ea1i nh\u01b0 EcoSmart gi\u00fap ti\u1ebft ki\u1ec7m \u0111\u1ebfn 5 l\u00edt m\u1ed7i ph\u00fat v\u00e0 QuickClean gi\u00fap lo\u1ea1i b\u1ecf c\u1eb7n b\u1ea9n r\u1ea5t d\u1ec5 d\u00e0ng, t\u0103ng tu\u1ed5i th\u1ecd v\u00e0 \u0111\u1ed9 s\u00e1ng b\u00f3ng c\u1ee7a s\u1ea3n ph\u1ea9m.<br \/>\nV\u1edbi nhi\u1ec1u t\u00f9y ch\u1ecdn ki\u1ec3u l\u1eafp \u2014 m\u1ed9t l\u1ed7, hai tay g\u1ea1t, ho\u1eb7c m\u1eabu widespread \u2014 v\u00e0 kh\u1ea3 n\u0103ng m\u1edf r\u1ed9ng cho b\u1ed3n t\u1eafm ho\u1eb7c sen v\u00f2i, Metropol Classic mang \u0111\u1ebfn s\u1ef1 linh ho\u1ea1t t\u1ed1i \u0111a trong thi\u1ebft k\u1ebf m\u00e0 v\u1eabn gi\u1eef \u0111\u01b0\u1ee3c d\u1ea5u \u1ea5n sang tr\u1ecdng v\u01b0\u1ee3t th\u1eddi gian. Cho d\u00f9 l\u00e0 phong c\u00e1ch ph\u00f2ng t\u1eafm truy\u1ec1n th\u1ed1ng hay mang h\u01a1i h\u01b0\u1edbng hi\u1ec7n \u0111\u1ea1i, d\u00f2ng s\u1ea3n ph\u1ea9m n\u00e0y \u0111\u1ec1u l\u00e0 \u0111i\u1ec3m nh\u1ea5n \u0111\u1eb3ng c\u1ea5p.<\/p>\n","protected":false},"excerpt":{"rendered":"<p>V\u00f2i Metropol Classic 260 l\u00e0 bi\u1ec3u t\u01b0\u1ee3ng c\u1ee7a v\u1ebb \u0111\u1eb9p v\u01b0\u1ee3t th\u1eddi gian, th\u1ed5i h\u1ed3n c\u1ed5 \u0111i\u1ec3n v\u00e0o kh\u00f4ng gian ph\u00f2ng t\u1eafm hi\u1ec7n \u0111\u1ea1i. Tay g\u1ea1t m\u1ec1m m\u1ea1i, uy\u1ec3n chuy\u1ec3n, k\u1ebft h\u1ee3p c\u00f9ng chi\u1ec1u cao l\u00fd t\u01b0\u1edfng cho ch\u1eadu r\u1eeda n\u1ed5i, mang \u0111\u1ebfn tr\u1ea3i nghi\u1ec7m ti\u1ec7n nghi v\u00e0 tinh t\u1ebf. B\u1ed9 x\u1ea3 nh\u1ea5n \u0111\u1ed3ng b\u1ed9 ho\u00e0n thi\u1ec7n v\u1ebb sang tr\u1ecdng, kh\u1eb3ng \u0111\u1ecbnh \u0111\u1eb3ng c\u1ea5p v\u00e0 phong c\u00e1ch s\u1ed1ng th\u01b0\u1ee3ng l\u01b0u.<\/p>\n","protected":false},"featured_media":143042,"comment_status":"open","ping_status":"closed","template":"","meta":{"_acf_changed":false},"product_cat":[883],"product_tag":[],"class_list":{"0":"post-143044","1":"product","2":"type-product","3":"status-publish","4":"has-post-thumbnail","6":"product_cat-voi-chau-2","8":"first","9":"onbackorder","10":"shipping-taxable","11":"purchasable","12":"product-type-simple"},"acf":[],"featured_media_urls":{"thumbnail":["https:\/\/trading.hhg.vn\/wp-content\/uploads\/2025\/12\/154__hpa01943_tif-150x150.png",150,150,true],"medium":["https:\/\/trading.hhg.vn\/wp-content\/uploads\/2025\/12\/154__hpa01943_tif-263x300.png",263,300,true],"medium_large":["https:\/\/trading.hhg.vn\/wp-content\/uploads\/2025\/12\/154__hpa01943_tif-768x878.png",768,878,true],"large":["https:\/\/trading.hhg.vn\/wp-content\/uploads\/2025\/12\/154__hpa01943_tif-896x1024.png",896,1024,true],"1536x1536":["https:\/\/trading.hhg.vn\/wp-content\/uploads\/2025\/12\/154__hpa01943_tif-1344x1536.png",1344,1536,true],"2048x2048":["https:\/\/trading.hhg.vn\/wp-content\/uploads\/2025\/12\/154__hpa01943_tif.png",1592,1819,false],"woocommerce_thumbnail":["https:\/\/trading.hhg.vn\/wp-content\/uploads\/2025\/12\/154__hpa01943_tif-600x600.png",600,600,true],"woocommerce_single":["https:\/\/trading.hhg.vn\/wp-content\/uploads\/2025\/12\/154__hpa01943_tif-1200x1371.png",1200,1371,true],"woocommerce_gallery_thumbnail":["https:\/\/trading.hhg.vn\/wp-content\/uploads\/2025\/12\/154__hpa01943_tif-150x171.png",150,171,true],"portfolio_item-thumbnail":["https:\/\/trading.hhg.vn\/wp-content\/uploads\/2025\/12\/154__hpa01943_tif.png",350,400,false],"portfolio_item-thumbnail@2x":["https:\/\/trading.hhg.vn\/wp-content\/uploads\/2025\/12\/154__hpa01943_tif.png",700,800,false],"portfolio_item-masonry":["https:\/\/trading.hhg.vn\/wp-content\/uploads\/2025\/12\/154__hpa01943_tif.png",600,686,false],"portfolio_item-masonry@2x":["https:\/\/trading.hhg.vn\/wp-content\/uploads\/2025\/12\/154__hpa01943_tif.png",1200,1371,false],"portfolio_item-thumbnail_cinema":["https:\/\/trading.hhg.vn\/wp-content\/uploads\/2025\/12\/154__hpa01943_tif.png",293,335,false],"portfolio_item-thumbnail_portrait":["https:\/\/trading.hhg.vn\/wp-content\/uploads\/2025\/12\/154__hpa01943_tif.png",600,686,false],"portfolio_item-thumbnail_portrait@2x":["https:\/\/trading.hhg.vn\/wp-content\/uploads\/2025\/12\/154__hpa01943_tif.png",1200,1371,false],"portfolio_item-thumbnail_square":["https:\/\/trading.hhg.vn\/wp-content\/uploads\/2025\/12\/154__hpa01943_tif.png",700,800,false]},"_links":{"self":[{"href":"https:\/\/trading.hhg.vn\/en\/wp-json\/wp\/v2\/product\/143044","targetHints":{"allow":["GET"]}}],"collection":[{"href":"https:\/\/trading.hhg.vn\/en\/wp-json\/wp\/v2\/product"}],"about":[{"href":"https:\/\/trading.hhg.vn\/en\/wp-json\/wp\/v2\/types\/product"}],"replies":[{"embeddable":true,"href":"https:\/\/trading.hhg.vn\/en\/wp-json\/wp\/v2\/comments?post=143044"}],"version-history":[{"count":1,"href":"https:\/\/trading.hhg.vn\/en\/wp-json\/wp\/v2\/product\/143044\/revisions"}],"predecessor-version":[{"id":143111,"href":"https:\/\/trading.hhg.vn\/en\/wp-json\/wp\/v2\/product\/143044\/revisions\/143111"}],"wp:featuredmedia":[{"embeddable":true,"href":"https:\/\/trading.hhg.vn\/en\/wp-json\/wp\/v2\/media\/143042"}],"wp:attachment":[{"href":"https:\/\/trading.hhg.vn\/en\/wp-json\/wp\/v2\/media?parent=143044"}],"wp:term":[{"taxonomy":"product_cat","embeddable":true,"href":"https:\/\/trading.hhg.vn\/en\/wp-json\/wp\/v2\/product_cat?post=143044"},{"taxonomy":"product_tag","embeddable":true,"href":"https:\/\/trading.hhg.vn\/en\/wp-json\/wp\/v2\/product_tag?post=143044"}],"curies":[{"name":"wp","href":"https:\/\/api.w.org\/{rel}","templated":true}]}}