{"id":143191,"date":"2025-12-31T15:17:26","date_gmt":"2025-12-31T08:17:26","guid":{"rendered":"https:\/\/trading.hhg.vn\/product\/bon-cau-thong-minh-axent-novia\/"},"modified":"2026-01-10T16:25:24","modified_gmt":"2026-01-10T09:25:24","slug":"bon-cau-thong-minh-axent-novia","status":"publish","type":"product","link":"https:\/\/trading.hhg.vn\/en\/s\u1ea3n-ph\u1ea9m\/bon-cau-thong-minh-axent-novia\/","title":{"rendered":"B\u1ed3n c\u1ea7u th\u00f4ng minh AXENT Novia"},"content":{"rendered":"<p><img fetchpriority=\"high\" decoding=\"async\" class=\"wp-image-143460 aligncenter\" src=\"https:\/\/trading.hhg.vn\/wp-content\/uploads\/2025\/12\/axent-novia-300x169.jpg\" alt=\"\" width=\"724\" height=\"408\" srcset=\"https:\/\/trading.hhg.vn\/wp-content\/uploads\/2025\/12\/axent-novia-300x169.jpg 300w, https:\/\/trading.hhg.vn\/wp-content\/uploads\/2025\/12\/axent-novia-768x432.jpg 768w, https:\/\/trading.hhg.vn\/wp-content\/uploads\/2025\/12\/axent-novia-150x84.jpg 150w, https:\/\/trading.hhg.vn\/wp-content\/uploads\/2025\/12\/axent-novia.jpg 1000w\" sizes=\"(max-width: 724px) 100vw, 724px\" \/><\/p>\n<p><strong data-start=\"399\" data-end=\"414\">AXENT Novia<\/strong> l\u00e0 b\u1ed3n c\u1ea7u th\u00f4ng minh \u0111\u01b0\u1ee3c thi\u1ebft k\u1ebf d\u00e0nh cho l\u1ed1i s\u1ed1ng hi\u1ec7n \u0111\u1ea1i, n\u01a1i c\u00f4ng ngh\u1ec7 v\u00e0 s\u1ef1 tho\u1ea3i m\u00e1i \u0111\u01b0\u1ee3c \u0111\u1eb7t l\u00ean h\u00e0ng \u0111\u1ea7u. S\u1ea3n ph\u1ea9m t\u00edch h\u1ee3p c\u00e1c ch\u1ee9c n\u0103ng r\u1eeda th\u00f4ng minh nh\u01b0 r\u1eeda h\u1eadu v\u00e0 r\u1eeda ph\u1ee5 n\u1eef, cho ph\u00e9p \u0111i\u1ec1u ch\u1ec9nh nhi\u1ec7t \u0111\u1ed9 v\u00e0 l\u01b0u l\u01b0\u1ee3ng n\u01b0\u1edbc linh ho\u1ea1t, mang l\u1ea1i c\u1ea3m gi\u00e1c s\u1ea1ch s\u1ebd v\u00e0 d\u1ec5 ch\u1ecbu. N\u1eafp ng\u1ed3i th\u00f4ng minh v\u1edbi c\u00e1c t\u00ednh n\u0103ng h\u1ed7 tr\u1ee3 an to\u00e0n, v\u1eadn h\u00e0nh \u00eam \u00e1i v\u00e0 d\u1ec5 s\u1eed d\u1ee5ng cho m\u1ecdi \u0111\u1ed1i t\u01b0\u1ee3ng. B\u1ec1 m\u1eb7t s\u1ee9 cao c\u1ea5p nh\u1eb5n m\u1ecbn gi\u00fap h\u1ea1n ch\u1ebf b\u00e1m b\u1ea9n, d\u1ec5 v\u1ec7 sinh v\u00e0 duy tr\u00ec \u0111\u1ed9 s\u1ea1ch l\u00e2u d\u00e0i. AXENT Novia l\u00e0 l\u1ef1a ch\u1ecdn l\u00fd t\u01b0\u1edfng cho c\u0103n h\u1ed9, kh\u00e1ch s\u1ea1n v\u00e0 kh\u00f4ng gian ph\u00f2ng t\u1eafm hi\u1ec7n \u0111\u1ea1i.<\/p>\n","protected":false},"excerpt":{"rendered":"<p>B\u1ed3n c\u1ea7u th\u00f4ng minh AXENT Novia k\u1ebft h\u1ee3p thi\u1ebft k\u1ebf hi\u1ec7n \u0111\u1ea1i v\u1edbi c\u00f4ng ngh\u1ec7 v\u1ec7 sinh ti\u00ean ti\u1ebfn, mang \u0111\u1ebfn tr\u1ea3i nghi\u1ec7m s\u1eed d\u1ee5ng s\u1ea1ch s\u1ebd, ti\u1ec7n nghi v\u00e0 an to\u00e0n cho kh\u00f4ng gian ph\u00f2ng t\u1eafm cao c\u1ea5p<\/p>\n","protected":false},"featured_media":143454,"comment_status":"open","ping_status":"closed","template":"","meta":{"_acf_changed":false},"product_cat":[861],"product_tag":[],"class_list":{"0":"post-143191","1":"product","2":"type-product","3":"status-publish","4":"has-post-thumbnail","6":"product_cat-bon-cau-thong-minh","8":"first","9":"instock","10":"shipping-taxable","11":"purchasable","12":"product-type-simple"},"acf":[],"featured_media_urls":{"thumbnail":["https:\/\/trading.hhg.vn\/wp-content\/uploads\/2025\/12\/\u843d\u5730\u94f645-700x700-1-150x150.png",150,150,true],"medium":["https:\/\/trading.hhg.vn\/wp-content\/uploads\/2025\/12\/\u843d\u5730\u94f645-700x700-1-300x300.png",300,300,true],"medium_large":["https:\/\/trading.hhg.vn\/wp-content\/uploads\/2025\/12\/\u843d\u5730\u94f645-700x700-1.png",700,700,false],"large":["https:\/\/trading.hhg.vn\/wp-content\/uploads\/2025\/12\/\u843d\u5730\u94f645-700x700-1.png",700,700,false],"1536x1536":["https:\/\/trading.hhg.vn\/wp-content\/uploads\/2025\/12\/\u843d\u5730\u94f645-700x700-1.png",700,700,false],"2048x2048":["https:\/\/trading.hhg.vn\/wp-content\/uploads\/2025\/12\/\u843d\u5730\u94f645-700x700-1.png",700,700,false],"woocommerce_thumbnail":["https:\/\/trading.hhg.vn\/wp-content\/uploads\/2025\/12\/\u843d\u5730\u94f645-700x700-1-600x600.png",600,600,true],"woocommerce_single":["https:\/\/trading.hhg.vn\/wp-content\/uploads\/2025\/12\/\u843d\u5730\u94f645-700x700-1.png",700,700,false],"woocommerce_gallery_thumbnail":["https:\/\/trading.hhg.vn\/wp-content\/uploads\/2025\/12\/\u843d\u5730\u94f645-700x700-1-150x150.png",150,150,true],"portfolio_item-thumbnail":["https:\/\/trading.hhg.vn\/wp-content\/uploads\/2025\/12\/\u843d\u5730\u94f645-700x700-1.png",400,400,false],"portfolio_item-thumbnail@2x":["https:\/\/trading.hhg.vn\/wp-content\/uploads\/2025\/12\/\u843d\u5730\u94f645-700x700-1.png",700,700,false],"portfolio_item-masonry":["https:\/\/trading.hhg.vn\/wp-content\/uploads\/2025\/12\/\u843d\u5730\u94f645-700x700-1.png",600,600,false],"portfolio_item-masonry@2x":["https:\/\/trading.hhg.vn\/wp-content\/uploads\/2025\/12\/\u843d\u5730\u94f645-700x700-1.png",700,700,false],"portfolio_item-thumbnail_cinema":["https:\/\/trading.hhg.vn\/wp-content\/uploads\/2025\/12\/\u843d\u5730\u94f645-700x700-1.png",335,335,false],"portfolio_item-thumbnail_portrait":["https:\/\/trading.hhg.vn\/wp-content\/uploads\/2025\/12\/\u843d\u5730\u94f645-700x700-1.png",600,600,false],"portfolio_item-thumbnail_portrait@2x":["https:\/\/trading.hhg.vn\/wp-content\/uploads\/2025\/12\/\u843d\u5730\u94f645-700x700-1.png",700,700,false],"portfolio_item-thumbnail_square":["https:\/\/trading.hhg.vn\/wp-content\/uploads\/2025\/12\/\u843d\u5730\u94f645-700x700-1.png",700,700,false]},"_links":{"self":[{"href":"https:\/\/trading.hhg.vn\/en\/wp-json\/wp\/v2\/product\/143191","targetHints":{"allow":["GET"]}}],"collection":[{"href":"https:\/\/trading.hhg.vn\/en\/wp-json\/wp\/v2\/product"}],"about":[{"href":"https:\/\/trading.hhg.vn\/en\/wp-json\/wp\/v2\/types\/product"}],"replies":[{"embeddable":true,"href":"https:\/\/trading.hhg.vn\/en\/wp-json\/wp\/v2\/comments?post=143191"}],"version-history":[{"count":2,"href":"https:\/\/trading.hhg.vn\/en\/wp-json\/wp\/v2\/product\/143191\/revisions"}],"predecessor-version":[{"id":143463,"href":"https:\/\/trading.hhg.vn\/en\/wp-json\/wp\/v2\/product\/143191\/revisions\/143463"}],"wp:featuredmedia":[{"embeddable":true,"href":"https:\/\/trading.hhg.vn\/en\/wp-json\/wp\/v2\/media\/143454"}],"wp:attachment":[{"href":"https:\/\/trading.hhg.vn\/en\/wp-json\/wp\/v2\/media?parent=143191"}],"wp:term":[{"taxonomy":"product_cat","embeddable":true,"href":"https:\/\/trading.hhg.vn\/en\/wp-json\/wp\/v2\/product_cat?post=143191"},{"taxonomy":"product_tag","embeddable":true,"href":"https:\/\/trading.hhg.vn\/en\/wp-json\/wp\/v2\/product_tag?post=143191"}],"curies":[{"name":"wp","href":"https:\/\/api.w.org\/{rel}","templated":true}]}}