{"id":143192,"date":"2025-12-31T15:17:26","date_gmt":"2025-12-31T08:17:26","guid":{"rendered":"https:\/\/trading.hhg.vn\/product\/bon-cau-khong-ket-nuoc-intro-s-2\/"},"modified":"2026-01-10T16:25:24","modified_gmt":"2026-01-10T09:25:24","slug":"bon-cau-khong-ket-nuoc-intro-s-2","status":"publish","type":"product","link":"https:\/\/trading.hhg.vn\/en\/s\u1ea3n-ph\u1ea9m\/bon-cau-khong-ket-nuoc-intro-s-2\/","title":{"rendered":"B\u1ed3n c\u1ea7u kh\u00f4ng k\u00e9t n\u01b0\u1edbc Intro S"},"content":{"rendered":"<p><img fetchpriority=\"high\" decoding=\"async\" class=\"wp-image-143448 aligncenter\" src=\"https:\/\/trading.hhg.vn\/wp-content\/uploads\/2025\/12\/axent-intro-s-1-300x169.jpg\" alt=\"\" width=\"738\" height=\"416\" srcset=\"https:\/\/trading.hhg.vn\/wp-content\/uploads\/2025\/12\/axent-intro-s-1-300x169.jpg 300w, https:\/\/trading.hhg.vn\/wp-content\/uploads\/2025\/12\/axent-intro-s-1-768x432.jpg 768w, https:\/\/trading.hhg.vn\/wp-content\/uploads\/2025\/12\/axent-intro-s-1-150x84.jpg 150w, https:\/\/trading.hhg.vn\/wp-content\/uploads\/2025\/12\/axent-intro-s-1.jpg 1000w\" sizes=\"(max-width: 738px) 100vw, 738px\" \/><\/p>\n<p><strong data-start=\"406\" data-end=\"423\">AXENT Intro S<\/strong> l\u00e0 b\u1ed3n c\u1ea7u kh\u00f4ng k\u00e9t n\u01b0\u1edbc \u0111\u01b0\u1ee3c thi\u1ebft k\u1ebf cho nh\u1eefng kh\u00f4ng gian ph\u00f2ng t\u1eafm hi\u1ec7n \u0111\u1ea1i, n\u01a1i c\u00f4ng ngh\u1ec7 v\u00e0 th\u1ea9m m\u1ef9 \u0111\u01b0\u1ee3c \u01b0u ti\u00ean. S\u1ea3n ph\u1ea9m lo\u1ea1i b\u1ecf ho\u00e0n to\u00e0n k\u00e9t n\u01b0\u1edbc truy\u1ec1n th\u1ed1ng, gi\u00fap t\u1ed1i \u01b0u di\u1ec7n t\u00edch l\u1eafp \u0111\u1eb7t v\u00e0 t\u1ea1o h\u00ecnh d\u00e1ng tinh gi\u1ea3n. H\u1ec7 th\u1ed1ng x\u1ea3 ti\u00ean ti\u1ebfn mang l\u1ea1i hi\u1ec7u su\u1ea5t l\u00e0m s\u1ea1ch m\u1ea1nh m\u1ebd, v\u1eadn h\u00e0nh \u00eam \u00e1i v\u00e0 ti\u1ebft ki\u1ec7m n\u01b0\u1edbc. B\u1ec1 m\u1eb7t s\u1ee9 cao c\u1ea5p nh\u1eb5n m\u1ecbn gi\u00fap h\u1ea1n ch\u1ebf b\u00e1m b\u1ea9n, d\u1ec5 v\u1ec7 sinh v\u00e0 duy tr\u00ec \u0111\u1ed9 s\u1ea1ch l\u00e2u d\u00e0i.<\/p>\n","protected":false},"excerpt":{"rendered":"<p>B\u1ed3n c\u1ea7u kh\u00f4ng k\u00e9t n\u01b0\u1edbc AXENT Intro S \u1ee9ng d\u1ee5ng c\u00f4ng ngh\u1ec7 x\u1ea3 ti\u00ean ti\u1ebfn kh\u00f4ng c\u1ea7n k\u00e9t n\u01b0\u1edbc, gi\u00fap t\u1ed1i \u01b0u kh\u00f4ng gian, v\u1eadn h\u00e0nh hi\u1ec7u qu\u1ea3 v\u00e0 mang \u0111\u1ebfn thi\u1ebft k\u1ebf ph\u00f2ng t\u1eafm hi\u1ec7n \u0111\u1ea1i, g\u1ecdn g\u00e0ng.<\/p>\n","protected":false},"featured_media":143411,"comment_status":"open","ping_status":"closed","template":"","meta":{"_acf_changed":false},"product_cat":[884],"product_tag":[],"class_list":{"0":"post-143192","1":"product","2":"type-product","3":"status-publish","4":"has-post-thumbnail","6":"product_cat-bon-cau","8":"first","9":"instock","10":"shipping-taxable","11":"purchasable","12":"product-type-simple"},"acf":[],"featured_media_urls":{"thumbnail":["https:\/\/trading.hhg.vn\/wp-content\/uploads\/2025\/12\/gg-150x150.jpg",150,150,true],"medium":["https:\/\/trading.hhg.vn\/wp-content\/uploads\/2025\/12\/gg-300x300.jpg",300,300,true],"medium_large":["https:\/\/trading.hhg.vn\/wp-content\/uploads\/2025\/12\/gg.jpg",700,700,false],"large":["https:\/\/trading.hhg.vn\/wp-content\/uploads\/2025\/12\/gg.jpg",700,700,false],"1536x1536":["https:\/\/trading.hhg.vn\/wp-content\/uploads\/2025\/12\/gg.jpg",700,700,false],"2048x2048":["https:\/\/trading.hhg.vn\/wp-content\/uploads\/2025\/12\/gg.jpg",700,700,false],"woocommerce_thumbnail":["https:\/\/trading.hhg.vn\/wp-content\/uploads\/2025\/12\/gg-600x600.jpg",600,600,true],"woocommerce_single":["https:\/\/trading.hhg.vn\/wp-content\/uploads\/2025\/12\/gg.jpg",700,700,false],"woocommerce_gallery_thumbnail":["https:\/\/trading.hhg.vn\/wp-content\/uploads\/2025\/12\/gg-150x150.jpg",150,150,true],"portfolio_item-thumbnail":["https:\/\/trading.hhg.vn\/wp-content\/uploads\/2025\/12\/gg.jpg",400,400,false],"portfolio_item-thumbnail@2x":["https:\/\/trading.hhg.vn\/wp-content\/uploads\/2025\/12\/gg.jpg",700,700,false],"portfolio_item-masonry":["https:\/\/trading.hhg.vn\/wp-content\/uploads\/2025\/12\/gg.jpg",600,600,false],"portfolio_item-masonry@2x":["https:\/\/trading.hhg.vn\/wp-content\/uploads\/2025\/12\/gg.jpg",700,700,false],"portfolio_item-thumbnail_cinema":["https:\/\/trading.hhg.vn\/wp-content\/uploads\/2025\/12\/gg.jpg",335,335,false],"portfolio_item-thumbnail_portrait":["https:\/\/trading.hhg.vn\/wp-content\/uploads\/2025\/12\/gg.jpg",600,600,false],"portfolio_item-thumbnail_portrait@2x":["https:\/\/trading.hhg.vn\/wp-content\/uploads\/2025\/12\/gg.jpg",700,700,false],"portfolio_item-thumbnail_square":["https:\/\/trading.hhg.vn\/wp-content\/uploads\/2025\/12\/gg.jpg",700,700,false]},"_links":{"self":[{"href":"https:\/\/trading.hhg.vn\/en\/wp-json\/wp\/v2\/product\/143192","targetHints":{"allow":["GET"]}}],"collection":[{"href":"https:\/\/trading.hhg.vn\/en\/wp-json\/wp\/v2\/product"}],"about":[{"href":"https:\/\/trading.hhg.vn\/en\/wp-json\/wp\/v2\/types\/product"}],"replies":[{"embeddable":true,"href":"https:\/\/trading.hhg.vn\/en\/wp-json\/wp\/v2\/comments?post=143192"}],"version-history":[{"count":2,"href":"https:\/\/trading.hhg.vn\/en\/wp-json\/wp\/v2\/product\/143192\/revisions"}],"predecessor-version":[{"id":143451,"href":"https:\/\/trading.hhg.vn\/en\/wp-json\/wp\/v2\/product\/143192\/revisions\/143451"}],"wp:featuredmedia":[{"embeddable":true,"href":"https:\/\/trading.hhg.vn\/en\/wp-json\/wp\/v2\/media\/143411"}],"wp:attachment":[{"href":"https:\/\/trading.hhg.vn\/en\/wp-json\/wp\/v2\/media?parent=143192"}],"wp:term":[{"taxonomy":"product_cat","embeddable":true,"href":"https:\/\/trading.hhg.vn\/en\/wp-json\/wp\/v2\/product_cat?post=143192"},{"taxonomy":"product_tag","embeddable":true,"href":"https:\/\/trading.hhg.vn\/en\/wp-json\/wp\/v2\/product_tag?post=143192"}],"curies":[{"name":"wp","href":"https:\/\/api.w.org\/{rel}","templated":true}]}}