{"id":143222,"date":"2025-12-31T15:17:34","date_gmt":"2025-12-31T08:17:34","guid":{"rendered":"https:\/\/trading.hhg.vn\/product\/tieu-nam-treo-tuong-gallia\/"},"modified":"2026-01-26T17:54:38","modified_gmt":"2026-01-26T10:54:38","slug":"tieu-nam-treo-tuong-gallia","status":"publish","type":"product","link":"https:\/\/trading.hhg.vn\/en\/s\u1ea3n-ph\u1ea9m\/tieu-nam-treo-tuong-gallia\/","title":{"rendered":"Ti\u1ec3u nam treo t\u01b0\u1eddng Gallia"},"content":{"rendered":"<p><img fetchpriority=\"high\" decoding=\"async\" class=\"wp-image-146065 aligncenter\" src=\"https:\/\/trading.hhg.vn\/wp-content\/uploads\/2025\/12\/axent-bon-tieu-hhg-holdings-300x169.jpg\" alt=\"\" width=\"611\" height=\"344\" srcset=\"https:\/\/trading.hhg.vn\/wp-content\/uploads\/2025\/12\/axent-bon-tieu-hhg-holdings-300x169.jpg 300w, https:\/\/trading.hhg.vn\/wp-content\/uploads\/2025\/12\/axent-bon-tieu-hhg-holdings-768x432.jpg 768w, https:\/\/trading.hhg.vn\/wp-content\/uploads\/2025\/12\/axent-bon-tieu-hhg-holdings-150x84.jpg 150w, https:\/\/trading.hhg.vn\/wp-content\/uploads\/2025\/12\/axent-bon-tieu-hhg-holdings.jpg 1000w\" sizes=\"(max-width: 611px) 100vw, 611px\" \/><\/p>\n<p>AXENT Gallia l\u00e0 b\u1ed3n ti\u1ec3u nam \u0111\u01b0\u1ee3c thi\u1ebft k\u1ebf theo phong c\u00e1ch hi\u1ec7n \u0111\u1ea1i, ch\u00fa tr\u1ecdng s\u1ef1 g\u1ecdn g\u00e0ng v\u00e0 t\u00ednh ti\u1ec7n d\u1ee5ng. Ki\u1ec3u d\u00e1ng thanh tho\u00e1t gi\u00fap d\u1ec5 d\u00e0ng l\u1eafp \u0111\u1eb7t trong nhi\u1ec1u kh\u00f4ng gian kh\u00e1c nhau, t\u1eeb nh\u00e0 \u1edf \u0111\u1ebfn c\u00e1c c\u00f4ng tr\u00ecnh c\u00f4ng c\u1ed9ng. S\u1ea3n ph\u1ea9m \u0111\u01b0\u1ee3c ho\u00e0n thi\u1ec7n t\u1eeb s\u1ee9 cao c\u1ea5p v\u1edbi b\u1ec1 m\u1eb7t nh\u1eb5n m\u1ecbn, h\u1ea1n ch\u1ebf b\u00e1m b\u1ea9n v\u00e0 d\u1ec5 d\u00e0ng v\u1ec7 sinh. Thi\u1ebft k\u1ebf ch\u00fa tr\u1ecdng c\u00f4ng n\u0103ng, \u0111\u1ed9 b\u1ec1n v\u00e0 hi\u1ec7u qu\u1ea3 s\u1eed d\u1ee5ng gi\u00fap AXENT Gallia tr\u1edf th\u00e0nh l\u1ef1a ch\u1ecdn ph\u00f9 h\u1ee3p cho c\u00e1c kh\u00f4ng gian v\u1ec7 sinh hi\u1ec7n \u0111\u1ea1i, kh\u00e1ch s\u1ea1n v\u00e0 c\u00f4ng tr\u00ecnh th\u01b0\u01a1ng m\u1ea1i<\/p>\n","protected":false},"excerpt":{"rendered":"<p>B\u1ed3n ti\u1ec3u nam AXENT Gallia s\u1edf h\u1eefu thi\u1ebft k\u1ebf tinh gi\u1ea3n, hi\u1ec7n \u0111\u1ea1i, gi\u00fap t\u1ed1i \u01b0u kh\u00f4ng gian v\u00e0 \u0111\u1ea3m b\u1ea3o hi\u1ec7u qu\u1ea3 v\u1ec7 sinh cho khu v\u1ef1c ph\u00f2ng t\u1eafm nam. B\u1ed3n ti\u1ec3u treo t\u01b0\u1eddng Gallia c\u1ee7a ch\u00fang t\u00f4i c\u00f3 h\u1ec7 th\u1ed1ng l\u1eafp \u0111\u1eb7t \u00e2m t\u01b0\u1eddng, ch\u1ee9c n\u0103ng x\u1ea3 n\u01b0\u1edbc, l\u1edbp men Easy Clean, dung t\u00edch x\u1ea3 2.0L v\u00e0 c\u1ea3m bi\u1ebfn t\u1ef1 \u0111\u1ed9ng x\u1ea3 n\u01b0\u1edbc.<\/p>\n","protected":false},"featured_media":146054,"comment_status":"open","ping_status":"closed","template":"","meta":{"_acf_changed":false},"product_cat":[865],"product_tag":[],"class_list":{"0":"post-143222","1":"product","2":"type-product","3":"status-publish","4":"has-post-thumbnail","6":"product_cat-tieu-nam","8":"first","9":"instock","10":"shipping-taxable","11":"purchasable","12":"product-type-simple"},"acf":[],"featured_media_urls":{"thumbnail":["https:\/\/trading.hhg.vn\/wp-content\/uploads\/2025\/12\/U702-0101-150x150.jpg",150,150,true],"medium":["https:\/\/trading.hhg.vn\/wp-content\/uploads\/2025\/12\/U702-0101-300x300.jpg",300,300,true],"medium_large":["https:\/\/trading.hhg.vn\/wp-content\/uploads\/2025\/12\/U702-0101.jpg",700,700,false],"large":["https:\/\/trading.hhg.vn\/wp-content\/uploads\/2025\/12\/U702-0101.jpg",700,700,false],"1536x1536":["https:\/\/trading.hhg.vn\/wp-content\/uploads\/2025\/12\/U702-0101.jpg",700,700,false],"2048x2048":["https:\/\/trading.hhg.vn\/wp-content\/uploads\/2025\/12\/U702-0101.jpg",700,700,false],"woocommerce_thumbnail":["https:\/\/trading.hhg.vn\/wp-content\/uploads\/2025\/12\/U702-0101-600x600.jpg",600,600,true],"woocommerce_single":["https:\/\/trading.hhg.vn\/wp-content\/uploads\/2025\/12\/U702-0101.jpg",700,700,false],"woocommerce_gallery_thumbnail":["https:\/\/trading.hhg.vn\/wp-content\/uploads\/2025\/12\/U702-0101-150x150.jpg",150,150,true],"portfolio_item-thumbnail":["https:\/\/trading.hhg.vn\/wp-content\/uploads\/2025\/12\/U702-0101.jpg",400,400,false],"portfolio_item-thumbnail@2x":["https:\/\/trading.hhg.vn\/wp-content\/uploads\/2025\/12\/U702-0101.jpg",700,700,false],"portfolio_item-masonry":["https:\/\/trading.hhg.vn\/wp-content\/uploads\/2025\/12\/U702-0101.jpg",600,600,false],"portfolio_item-masonry@2x":["https:\/\/trading.hhg.vn\/wp-content\/uploads\/2025\/12\/U702-0101.jpg",700,700,false],"portfolio_item-thumbnail_cinema":["https:\/\/trading.hhg.vn\/wp-content\/uploads\/2025\/12\/U702-0101.jpg",335,335,false],"portfolio_item-thumbnail_portrait":["https:\/\/trading.hhg.vn\/wp-content\/uploads\/2025\/12\/U702-0101.jpg",600,600,false],"portfolio_item-thumbnail_portrait@2x":["https:\/\/trading.hhg.vn\/wp-content\/uploads\/2025\/12\/U702-0101.jpg",700,700,false],"portfolio_item-thumbnail_square":["https:\/\/trading.hhg.vn\/wp-content\/uploads\/2025\/12\/U702-0101.jpg",700,700,false]},"_links":{"self":[{"href":"https:\/\/trading.hhg.vn\/en\/wp-json\/wp\/v2\/product\/143222","targetHints":{"allow":["GET"]}}],"collection":[{"href":"https:\/\/trading.hhg.vn\/en\/wp-json\/wp\/v2\/product"}],"about":[{"href":"https:\/\/trading.hhg.vn\/en\/wp-json\/wp\/v2\/types\/product"}],"replies":[{"embeddable":true,"href":"https:\/\/trading.hhg.vn\/en\/wp-json\/wp\/v2\/comments?post=143222"}],"version-history":[{"count":3,"href":"https:\/\/trading.hhg.vn\/en\/wp-json\/wp\/v2\/product\/143222\/revisions"}],"predecessor-version":[{"id":146067,"href":"https:\/\/trading.hhg.vn\/en\/wp-json\/wp\/v2\/product\/143222\/revisions\/146067"}],"wp:featuredmedia":[{"embeddable":true,"href":"https:\/\/trading.hhg.vn\/en\/wp-json\/wp\/v2\/media\/146054"}],"wp:attachment":[{"href":"https:\/\/trading.hhg.vn\/en\/wp-json\/wp\/v2\/media?parent=143222"}],"wp:term":[{"taxonomy":"product_cat","embeddable":true,"href":"https:\/\/trading.hhg.vn\/en\/wp-json\/wp\/v2\/product_cat?post=143222"},{"taxonomy":"product_tag","embeddable":true,"href":"https:\/\/trading.hhg.vn\/en\/wp-json\/wp\/v2\/product_tag?post=143222"}],"curies":[{"name":"wp","href":"https:\/\/api.w.org\/{rel}","templated":true}]}}