{"id":143651,"date":"2026-01-08T23:10:38","date_gmt":"2026-01-08T16:10:38","guid":{"rendered":"https:\/\/trading.hhg.vn\/product\/voi-lavabo-tay-gat-don-100-kem-bo-xa-pop-up-talis-s\/"},"modified":"2026-01-14T12:55:40","modified_gmt":"2026-01-14T05:55:40","slug":"voi-lavabo-tay-gat-don-100-kem-bo-xa-pop-up-talis-s","status":"publish","type":"product","link":"https:\/\/trading.hhg.vn\/en\/s\u1ea3n-ph\u1ea9m\/voi-lavabo-tay-gat-don-100-kem-bo-xa-pop-up-talis-s\/","title":{"rendered":"V\u00f2i lavabo tay g\u1ea1t \u0111\u01a1n 100 k\u00e8m b\u1ed9 x\u1ea3 pop-up Talis S"},"content":{"rendered":"<p><img fetchpriority=\"high\" decoding=\"async\" class=\"alignnone wp-image-7559 aligncenter\" src=\"https:\/\/trading.hhg.vn\/wp-content\/uploads\/2026\/01\/Talis-S.jpeg\" alt=\"\" width=\"606\" height=\"454\" \/>Talis S n\u1ed5i b\u1eadt v\u1edbi ng\u00f4n ng\u1eef thi\u1ebft k\u1ebf tr\u00f2n tr\u1ecba, c\u00e2n \u0111\u1ed1i v\u00e0 tinh gi\u1ea3n, ph\u00f9 h\u1ee3p v\u1edbi nhi\u1ec1u phong c\u00e1ch ph\u00f2ng t\u1eafm \u0111\u01b0\u01a1ng \u0111\u1ea1i. Th\u00e2n v\u00f2i thon g\u1ecdn, c\u00e1c \u0111\u01b0\u1eddng cong li\u1ec1n m\u1ea1ch \u0111\u01b0\u1ee3c ki\u1ec3m so\u00e1t ch\u00ednh x\u00e1c, mang l\u1ea1i c\u1ea3m gi\u00e1c m\u1ec1m m\u1ea1i nh\u01b0ng ch\u1eafc ch\u1eafn. T\u1ef7 l\u1ec7 gi\u1eefa th\u00e2n v\u00f2i, tay g\u1ea1t v\u00e0 \u0111\u1ea7u x\u1ea3 \u0111\u01b0\u1ee3c t\u00ednh to\u00e1n k\u1ef9 l\u01b0\u1ee1ng, t\u1ea1o n\u00ean t\u1ed5ng th\u1ec3 h\u00e0i h\u00f2a, d\u1ec5 s\u1eed d\u1ee5ng v\u00e0 gi\u00e0u t\u00ednh th\u1ea9m m\u1ef9.<\/p>\n<p>Talis S \u0111\u01b0\u1ee3c ch\u1ebf t\u00e1c t\u1eeb \u0111\u1ed3ng thau cao c\u1ea5p, ho\u00e0n thi\u1ec7n b\u1eb1ng c\u00e1c l\u1edbp m\u1ea1 ch\u1ea5t l\u01b0\u1ee3ng cao nh\u01b0 Chrome ho\u1eb7c FinishPlus, \u0111\u1ea3m b\u1ea3o \u0111\u1ed9 b\u1ec1n b\u1ec1 m\u1eb7t v\u00e0 kh\u1ea3 n\u0103ng ch\u1ed1ng \u0103n m\u00f2n l\u00e2u d\u00e0i. B\u1ed9 tr\u1ed9n g\u1ed1m ch\u00ednh x\u00e1c cho thao t\u00e1c \u0111i\u1ec1u khi\u1ec3n m\u01b0\u1ee3t m\u00e0, \u1ed5n \u0111\u1ecbnh.<\/p>\n","protected":false},"excerpt":{"rendered":"<p>V\u00f2i lavabo Talis S l\u00e0 s\u1ef1 k\u1ebft h\u1ee3p tinh t\u1ebf gi\u1eefa thi\u1ebft k\u1ebf t\u1ed1i gi\u1ea3n v\u00e0 c\u00f4ng ngh\u1ec7 v\u01b0\u1ee3t tr\u1ed9i. D\u00e1ng v\u1ebb thanh l\u1ecbch, \u0111\u01b0\u1eddng n\u00e9t m\u01b0\u1ee3t m\u00e0 \u00f4m tr\u1ecdn kh\u00f4ng gian, t\u1ea1o \u0111i\u1ec3m nh\u1ea5n sang tr\u1ecdng cho ph\u00f2ng t\u1eafm c\u1ee7a b\u1ea1n. Tay g\u1ea1t \u0111\u01a1n nh\u1eb9 nh\u00e0ng \u0111i\u1ec1u ch\u1ec9nh d\u00f2ng ch\u1ea3y v\u00e0 nhi\u1ec7t \u0111\u1ed9, mang \u0111\u1ebfn tr\u1ea3i nghi\u1ec7m s\u1eed d\u1ee5ng ti\u1ec7n nghi v\u00e0 th\u01b0 th\u00e1i. K\u1ebft h\u1ee3p b\u1ed9 x\u1ea3 pop-up th\u00f4ng minh, Talis S kh\u00f4ng ch\u1ec9 l\u00e0 thi\u1ebft b\u1ecb m\u00e0 c\u00f2n l\u00e0 bi\u1ec3u t\u01b0\u1ee3ng c\u1ee7a phong c\u00e1ch s\u1ed1ng hi\u1ec7n \u0111\u1ea1i, n\u00e2ng t\u1ea7m \u0111\u1eb3ng c\u1ea5p kh\u00f4ng gian ri\u00eang t\u01b0.<\/p>\n","protected":false},"featured_media":143649,"comment_status":"open","ping_status":"closed","template":"","meta":{"_acf_changed":false},"product_cat":[883],"product_tag":[],"class_list":{"0":"post-143651","1":"product","2":"type-product","3":"status-publish","4":"has-post-thumbnail","6":"product_cat-voi-chau-2","8":"first","9":"onbackorder","10":"shipping-taxable","11":"purchasable","12":"product-type-simple"},"acf":[],"featured_media_urls":{"thumbnail":["https:\/\/trading.hhg.vn\/wp-content\/uploads\/2026\/01\/154__hpa01625_tif-150x150.png",150,150,true],"medium":["https:\/\/trading.hhg.vn\/wp-content\/uploads\/2026\/01\/154__hpa01625_tif-263x300.png",263,300,true],"medium_large":["https:\/\/trading.hhg.vn\/wp-content\/uploads\/2026\/01\/154__hpa01625_tif-768x878.png",768,878,true],"large":["https:\/\/trading.hhg.vn\/wp-content\/uploads\/2026\/01\/154__hpa01625_tif-896x1024.png",896,1024,true],"1536x1536":["https:\/\/trading.hhg.vn\/wp-content\/uploads\/2026\/01\/154__hpa01625_tif-1344x1536.png",1344,1536,true],"2048x2048":["https:\/\/trading.hhg.vn\/wp-content\/uploads\/2026\/01\/154__hpa01625_tif-1792x2048.png",1792,2048,true],"woocommerce_thumbnail":["https:\/\/trading.hhg.vn\/wp-content\/uploads\/2026\/01\/154__hpa01625_tif-600x600.png",600,600,true],"woocommerce_single":["https:\/\/trading.hhg.vn\/wp-content\/uploads\/2026\/01\/154__hpa01625_tif-1200x1371.png",1200,1371,true],"woocommerce_gallery_thumbnail":["https:\/\/trading.hhg.vn\/wp-content\/uploads\/2026\/01\/154__hpa01625_tif-150x171.png",150,171,true],"portfolio_item-thumbnail":["https:\/\/trading.hhg.vn\/wp-content\/uploads\/2026\/01\/154__hpa01625_tif.png",350,400,false],"portfolio_item-thumbnail@2x":["https:\/\/trading.hhg.vn\/wp-content\/uploads\/2026\/01\/154__hpa01625_tif.png",700,800,false],"portfolio_item-masonry":["https:\/\/trading.hhg.vn\/wp-content\/uploads\/2026\/01\/154__hpa01625_tif.png",600,686,false],"portfolio_item-masonry@2x":["https:\/\/trading.hhg.vn\/wp-content\/uploads\/2026\/01\/154__hpa01625_tif.png",1200,1371,false],"portfolio_item-thumbnail_cinema":["https:\/\/trading.hhg.vn\/wp-content\/uploads\/2026\/01\/154__hpa01625_tif.png",293,335,false],"portfolio_item-thumbnail_portrait":["https:\/\/trading.hhg.vn\/wp-content\/uploads\/2026\/01\/154__hpa01625_tif.png",600,686,false],"portfolio_item-thumbnail_portrait@2x":["https:\/\/trading.hhg.vn\/wp-content\/uploads\/2026\/01\/154__hpa01625_tif.png",1200,1371,false],"portfolio_item-thumbnail_square":["https:\/\/trading.hhg.vn\/wp-content\/uploads\/2026\/01\/154__hpa01625_tif.png",700,800,false]},"_links":{"self":[{"href":"https:\/\/trading.hhg.vn\/en\/wp-json\/wp\/v2\/product\/143651","targetHints":{"allow":["GET"]}}],"collection":[{"href":"https:\/\/trading.hhg.vn\/en\/wp-json\/wp\/v2\/product"}],"about":[{"href":"https:\/\/trading.hhg.vn\/en\/wp-json\/wp\/v2\/types\/product"}],"replies":[{"embeddable":true,"href":"https:\/\/trading.hhg.vn\/en\/wp-json\/wp\/v2\/comments?post=143651"}],"version-history":[{"count":2,"href":"https:\/\/trading.hhg.vn\/en\/wp-json\/wp\/v2\/product\/143651\/revisions"}],"predecessor-version":[{"id":146989,"href":"https:\/\/trading.hhg.vn\/en\/wp-json\/wp\/v2\/product\/143651\/revisions\/146989"}],"wp:featuredmedia":[{"embeddable":true,"href":"https:\/\/trading.hhg.vn\/en\/wp-json\/wp\/v2\/media\/143649"}],"wp:attachment":[{"href":"https:\/\/trading.hhg.vn\/en\/wp-json\/wp\/v2\/media?parent=143651"}],"wp:term":[{"taxonomy":"product_cat","embeddable":true,"href":"https:\/\/trading.hhg.vn\/en\/wp-json\/wp\/v2\/product_cat?post=143651"},{"taxonomy":"product_tag","embeddable":true,"href":"https:\/\/trading.hhg.vn\/en\/wp-json\/wp\/v2\/product_tag?post=143651"}],"curies":[{"name":"wp","href":"https:\/\/api.w.org\/{rel}","templated":true}]}}