{"id":143657,"date":"2026-01-08T23:10:46","date_gmt":"2026-01-08T16:10:46","guid":{"rendered":"https:\/\/trading.hhg.vn\/product\/sen-tay-110-multi-croma-select-e\/"},"modified":"2026-01-14T12:55:37","modified_gmt":"2026-01-14T05:55:37","slug":"sen-tay-110-multi-croma-select-e","status":"publish","type":"product","link":"https:\/\/trading.hhg.vn\/en\/s\u1ea3n-ph\u1ea9m\/sen-tay-110-multi-croma-select-e\/","title":{"rendered":"Sen tay 110 Multi Croma Select E"},"content":{"rendered":"<p><img fetchpriority=\"high\" decoding=\"async\" class=\"alignnone wp-image-7559 aligncenter\" src=\"https:\/\/trading.hhg.vn\/wp-content\/uploads\/2026\/01\/Croma-Select-E.jpg\" alt=\"\" width=\"606\" height=\"454\" \/>Croma Select E n\u1ed5i b\u1eadt v\u1edbi ng\u00f4n ng\u1eef thi\u1ebft k\u1ebf vu\u00f4ng v\u1ee9c, \u0111\u01b0\u1eddng n\u00e9t r\u00f5 r\u00e0ng v\u00e0 b\u1ec1 m\u1eb7t ph\u1eb3ng g\u1ecdn g\u00e0ng, t\u1ea1o c\u1ea3m gi\u00e1c hi\u1ec7n \u0111\u1ea1i v\u00e0 chu\u1ea9n m\u1ef1c ki\u1ebfn tr\u00fac cho kh\u00f4ng gian ph\u00f2ng t\u1eafm. \u0110\u1ea7u sen b\u1ea3n r\u1ed9ng mang l\u1ea1i \u0111\u1ed9 bao ph\u1ee7 \u0111\u1ed3ng \u0111\u1ec1u, trong khi n\u00fat b\u1ea5m Select \u0111\u01b0\u1ee3c t\u00edch h\u1ee3p tinh t\u1ebf cho ph\u00e9p chuy\u1ec3n \u0111\u1ed5i ch\u1ebf \u0111\u1ed9 phun ch\u1ec9 b\u1eb1ng m\u1ed9t ch\u1ea1m, thao t\u00e1c tr\u1ef1c quan v\u00e0 thu\u1eadn ti\u1ec7n.<\/p>\n<p>V\u1ec1 v\u1eadt li\u1ec7u v\u00e0 k\u1ef9 thu\u1eadt, Croma Select E s\u1eed d\u1ee5ng \u0111\u0129a phun kim lo\u1ea1i cao c\u1ea5p, k\u1ebft h\u1ee3p b\u1ec1 m\u1eb7t chrome ho\u1eb7c ho\u00e0n thi\u1ec7n m\u00e0u hi\u1ec7n \u0111\u1ea1i c\u00f3 kh\u1ea3 n\u0103ng ch\u1ed1ng tr\u1ea7y x\u01b0\u1edbc v\u00e0 d\u1ec5 v\u1ec7 sinh. C\u00f4ng ngh\u1ec7 QuickClean gi\u00fap lo\u1ea1i b\u1ecf c\u1eb7n v\u00f4i nhanh ch\u00f3ng, duy tr\u00ec tia n\u01b0\u1edbc \u1ed5n \u0111\u1ecbnh v\u00e0 \u0111\u1ec1u.<\/p>\n","protected":false},"excerpt":{"rendered":"<p>Sen tay 110 Multi Croma Select E l\u00e0 s\u1ef1 k\u1ebft h\u1ee3p ho\u00e0n h\u1ea3o gi\u1eefa n\u00e9t tinh t\u1ebf hi\u1ec7n \u0111\u1ea1i v\u00e0 c\u00f4ng n\u0103ng v\u01b0\u1ee3t tr\u1ed9i, mang \u0111\u1ebfn tr\u1ea3i nghi\u1ec7m t\u1eafm th\u01b0 gi\u00e3n tuy\u1ec7t \u0111\u1ed1i. V\u1edbi thi\u1ebft k\u1ebf t\u1ed1i gi\u1ea3n nh\u01b0ng sang tr\u1ecdng, chi\u1ebfc sen n\u00e0y d\u1ec5 d\u00e0ng h\u00f2a quy\u1ec7n v\u00e0o m\u1ecdi kh\u00f4ng gian ph\u00f2ng t\u1eafm. C\u00e1c ch\u1ebf \u0111\u1ed9 phun \u0111a d\u1ea1ng, d\u1ec5 d\u00e0ng chuy\u1ec3n \u0111\u1ed5i ch\u1ec9 v\u1edbi m\u1ed9t n\u00fat b\u1ea5m tr\u1ef1c quan, \u0111\u00e1p \u1ee9ng m\u1ecdi nhu c\u1ea7u v\u00e0 n\u00e2ng niu l\u00e0n da b\u1ea1n. T\u1eebng gi\u1ecdt n\u01b0\u1edbc \u0111\u01b0\u1ee3c \u0111i\u1ec1u ch\u1ec9nh chu\u1ea9n x\u00e1c, t\u1ea1o n\u00ean d\u00f2ng ch\u1ea3y \u00eam \u00e1i, massage nh\u1eb9 nh\u00e0ng, bi\u1ebfn m\u1ed7i kho\u1ea3nh kh\u1eafc d\u01b0\u1edbi v\u00f2i sen th\u00e0nh li\u1ec7u ph\u00e1p tr\u1ecb li\u1ec7u tinh th\u1ea7n, \u0111\u00e1nh th\u1ee9c m\u1ecdi gi\u00e1c quan.<\/p>\n","protected":false},"featured_media":86114,"comment_status":"open","ping_status":"closed","template":"","meta":{"_acf_changed":false},"product_cat":[890],"product_tag":[],"class_list":{"0":"post-143657","1":"product","2":"type-product","3":"status-publish","4":"has-post-thumbnail","6":"product_cat-tay-sen","7":"pa_mau-sac-trang","9":"first","10":"onbackorder","11":"shipping-taxable","12":"purchasable","13":"product-type-simple"},"acf":[],"featured_media_urls":{"thumbnail":["https:\/\/trading.hhg.vn\/wp-content\/uploads\/2025\/11\/154__hpa01530_TIF-150x150.png",150,150,true],"medium":["https:\/\/trading.hhg.vn\/wp-content\/uploads\/2025\/11\/154__hpa01530_TIF-263x300.png",263,300,true],"medium_large":["https:\/\/trading.hhg.vn\/wp-content\/uploads\/2025\/11\/154__hpa01530_TIF-768x878.png",768,878,true],"large":["https:\/\/trading.hhg.vn\/wp-content\/uploads\/2025\/11\/154__hpa01530_TIF-896x1024.png",896,1024,true],"1536x1536":["https:\/\/trading.hhg.vn\/wp-content\/uploads\/2025\/11\/154__hpa01530_TIF-1344x1536.png",1344,1536,true],"2048x2048":["https:\/\/trading.hhg.vn\/wp-content\/uploads\/2025\/11\/154__hpa01530_TIF.png",1400,1600,false],"woocommerce_thumbnail":["https:\/\/trading.hhg.vn\/wp-content\/uploads\/2025\/11\/154__hpa01530_TIF-600x600.png",600,600,true],"woocommerce_single":["https:\/\/trading.hhg.vn\/wp-content\/uploads\/2025\/11\/154__hpa01530_TIF-1200x1371.png",1200,1371,true],"woocommerce_gallery_thumbnail":["https:\/\/trading.hhg.vn\/wp-content\/uploads\/2025\/11\/154__hpa01530_TIF-150x171.png",150,171,true],"portfolio_item-thumbnail":["https:\/\/trading.hhg.vn\/wp-content\/uploads\/2025\/11\/154__hpa01530_TIF.png",350,400,false],"portfolio_item-thumbnail@2x":["https:\/\/trading.hhg.vn\/wp-content\/uploads\/2025\/11\/154__hpa01530_TIF.png",700,800,false],"portfolio_item-masonry":["https:\/\/trading.hhg.vn\/wp-content\/uploads\/2025\/11\/154__hpa01530_TIF.png",600,686,false],"portfolio_item-masonry@2x":["https:\/\/trading.hhg.vn\/wp-content\/uploads\/2025\/11\/154__hpa01530_TIF.png",1200,1371,false],"portfolio_item-thumbnail_cinema":["https:\/\/trading.hhg.vn\/wp-content\/uploads\/2025\/11\/154__hpa01530_TIF.png",293,335,false],"portfolio_item-thumbnail_portrait":["https:\/\/trading.hhg.vn\/wp-content\/uploads\/2025\/11\/154__hpa01530_TIF.png",600,686,false],"portfolio_item-thumbnail_portrait@2x":["https:\/\/trading.hhg.vn\/wp-content\/uploads\/2025\/11\/154__hpa01530_TIF.png",1200,1371,false],"portfolio_item-thumbnail_square":["https:\/\/trading.hhg.vn\/wp-content\/uploads\/2025\/11\/154__hpa01530_TIF.png",700,800,false]},"_links":{"self":[{"href":"https:\/\/trading.hhg.vn\/en\/wp-json\/wp\/v2\/product\/143657","targetHints":{"allow":["GET"]}}],"collection":[{"href":"https:\/\/trading.hhg.vn\/en\/wp-json\/wp\/v2\/product"}],"about":[{"href":"https:\/\/trading.hhg.vn\/en\/wp-json\/wp\/v2\/types\/product"}],"replies":[{"embeddable":true,"href":"https:\/\/trading.hhg.vn\/en\/wp-json\/wp\/v2\/comments?post=143657"}],"version-history":[{"count":2,"href":"https:\/\/trading.hhg.vn\/en\/wp-json\/wp\/v2\/product\/143657\/revisions"}],"predecessor-version":[{"id":146915,"href":"https:\/\/trading.hhg.vn\/en\/wp-json\/wp\/v2\/product\/143657\/revisions\/146915"}],"wp:featuredmedia":[{"embeddable":true,"href":"https:\/\/trading.hhg.vn\/en\/wp-json\/wp\/v2\/media\/86114"}],"wp:attachment":[{"href":"https:\/\/trading.hhg.vn\/en\/wp-json\/wp\/v2\/media?parent=143657"}],"wp:term":[{"taxonomy":"product_cat","embeddable":true,"href":"https:\/\/trading.hhg.vn\/en\/wp-json\/wp\/v2\/product_cat?post=143657"},{"taxonomy":"product_tag","embeddable":true,"href":"https:\/\/trading.hhg.vn\/en\/wp-json\/wp\/v2\/product_tag?post=143657"}],"curies":[{"name":"wp","href":"https:\/\/api.w.org\/{rel}","templated":true}]}}