{"id":143659,"date":"2026-01-08T23:10:47","date_gmt":"2026-01-08T16:10:47","guid":{"rendered":"https:\/\/trading.hhg.vn\/product\/voi-lavabo-tay-gat-don-250-cho-chau-dat-ban-kem-bo-xa-vivenis-cn\/"},"modified":"2026-01-14T12:56:06","modified_gmt":"2026-01-14T05:56:06","slug":"voi-lavabo-tay-gat-don-250-cho-chau-dat-ban-kem-bo-xa-vivenis-cn","status":"publish","type":"product","link":"https:\/\/trading.hhg.vn\/en\/s\u1ea3n-ph\u1ea9m\/voi-lavabo-tay-gat-don-250-cho-chau-dat-ban-kem-bo-xa-vivenis-cn\/","title":{"rendered":"V\u00f2i lavabo tay g\u1ea1t \u0111\u01a1n 250 cho ch\u1eadu \u0111\u1eb7t b\u00e0n k\u00e8m b\u1ed9 x\u1ea3 Vivenis CN"},"content":{"rendered":"<p><img fetchpriority=\"high\" decoding=\"async\" class=\"alignnone wp-image-7559 aligncenter\" src=\"https:\/\/trading.hhg.vn\/wp-content\/uploads\/2025\/11\/vivenis.png\" alt=\"\" width=\"606\" height=\"454\" \/>D\u00f2ng s\u1ea3n ph\u1ea9m Hansgrohe Vivenis l\u00e0 th\u1ec3 hi\u1ec7n \u0111\u1ea7y c\u1ea3m x\u00fac c\u1ee7a s\u1ef1 thanh l\u1ecbch v\u00e0 tr\u1ea3i nghi\u1ec7m n\u01b0\u1edbc m\u1edbi-m\u1ebb. \u0110i\u1ec3m nh\u1ea5n n\u1eb1m \u1edf lu\u1ed3ng phun l\u1edbn nh\u01b0 m\u1ed9t th\u00e1c n\u01b0\u1edbc nh\u1eb9 nh\u00e0ng, \u0111\u01b0\u1ee3c h\u00f2a tr\u1ed9n v\u1edbi kh\u00f4ng kh\u00ed nh\u1edd c\u00f4ng ngh\u1ec7 AirPower \u2014 t\u1ea1o c\u1ea3m gi\u00e1c gi\u1ecdt n\u01b0\u1edbc gi\u00e0u kh\u00ed \u00f4m l\u1ea5y tay b\u1ea1n d\u1ecbu \u00eam. <\/p>\n<p>Thi\u1ebft k\u1ebf v\u00f2i v\u1edbi c\u1ed5 cong thanh tho\u00e1t h\u00f2a h\u1ee3p ho\u00e0n h\u1ea3o v\u1edbi d\u00f2ng ch\u1ea3y v\u00e0 tay g\u1ea1t ph\u1eb3ng m\u1ea3nh mai mang l\u1ea1i v\u1ebb ngo\u00e0i t\u1ed1i gi\u1ea3n m\u00e0 sang tr\u1ecdng. V\u1edbi c\u00e1c ho\u00e0n thi\u1ec7n b\u1ec1 m\u1eb7t nh\u01b0 Chrome, Matte Black, Matte White v\u00e0 Brushed Nickel, Vivenis cho ph\u00e9p b\u1ea1n c\u00e1 nh\u00e2n h\u00f3a ph\u00f2ng t\u1eafm theo phong c\u00e1ch ri\u00eang.<\/p>\n<p>Vivenis c\u00f3 nhi\u1ec1u phi\u00ean b\u1ea3n chi\u1ec1u cao kh\u00e1c nhau (ComfortZone 90, 110, 210 v\u00e0 250 mm) \u0111\u1ec3 t\u1ea1o c\u1ea3m gi\u00e1c tho\u1ea3i m\u00e1i khi s\u1eed d\u1ee5ng. Ngo\u00e0i ra, c\u00f4ng ngh\u1ec7 EcoRight gi\u00fap ti\u1ebft ki\u1ec7m n\u01b0\u1edbc t\u1edbi 60% so v\u1edbi v\u00f2i th\u00f4ng th\u01b0\u1eddng.<\/p>\n","protected":false},"excerpt":{"rendered":"<p>V\u00f2i lavabo Vivenis CN th\u1ed5i b\u00f9ng c\u1ea3m h\u1ee9ng cho kh\u00f4ng gian ph\u00f2ng t\u1eafm c\u1ee7a b\u1ea1n. Thi\u1ebft k\u1ebf tay g\u1ea1t \u0111\u01a1n tinh t\u1ebf c\u00f9ng chi\u1ec1u cao 250mm ho\u00e0n h\u1ea3o cho ch\u1eadu \u0111\u1eb7t b\u00e0n, ki\u1ebfn t\u1ea1o \u0111i\u1ec3m nh\u1ea5n sang tr\u1ecdng. T\u1eebng \u0111\u01b0\u1eddng n\u00e9t \u0111\u01b0\u1ee3c trau chu\u1ed1t t\u1ec9 m\u1ec9, k\u1ebft h\u1ee3p c\u00f4ng n\u0103ng v\u01b0\u1ee3t tr\u1ed9i, mang \u0111\u1ebfn d\u00f2ng ch\u1ea3y \u00eam \u00e1i v\u00e0 tr\u1ea3i nghi\u1ec7m s\u1eed d\u1ee5ng ti\u1ec7n nghi, \u0111\u1eb3ng c\u1ea5p, n\u00e2ng t\u1ea7m ch\u1ea5t l\u01b0\u1ee3ng cu\u1ed9c s\u1ed1ng m\u1ed7i ng\u00e0y.<\/p>\n","protected":false},"featured_media":13657,"comment_status":"open","ping_status":"closed","template":"","meta":{"_acf_changed":false},"product_cat":[883],"product_tag":[],"class_list":{"0":"post-143659","1":"product","2":"type-product","3":"status-publish","4":"has-post-thumbnail","6":"product_cat-voi-chau-2","7":"pa_mau-sac-chrome","9":"first","10":"onbackorder","11":"shipping-taxable","12":"purchasable","13":"product-type-simple"},"acf":[],"featured_media_urls":{"thumbnail":["https:\/\/trading.hhg.vn\/wp-content\/uploads\/2025\/11\/154__hpr03285_tif-150x150.png",150,150,true],"medium":["https:\/\/trading.hhg.vn\/wp-content\/uploads\/2025\/11\/154__hpr03285_tif-263x300.png",263,300,true],"medium_large":["https:\/\/trading.hhg.vn\/wp-content\/uploads\/2025\/11\/154__hpr03285_tif-768x878.png",768,878,true],"large":["https:\/\/trading.hhg.vn\/wp-content\/uploads\/2025\/11\/154__hpr03285_tif-896x1024.png",896,1024,true],"1536x1536":["https:\/\/trading.hhg.vn\/wp-content\/uploads\/2025\/11\/154__hpr03285_tif.png",1260,1440,false],"2048x2048":["https:\/\/trading.hhg.vn\/wp-content\/uploads\/2025\/11\/154__hpr03285_tif.png",1260,1440,false],"woocommerce_thumbnail":["https:\/\/trading.hhg.vn\/wp-content\/uploads\/2025\/11\/154__hpr03285_tif-600x600.png",600,600,true],"woocommerce_single":["https:\/\/trading.hhg.vn\/wp-content\/uploads\/2025\/11\/154__hpr03285_tif-1200x1371.png",1200,1371,true],"woocommerce_gallery_thumbnail":["https:\/\/trading.hhg.vn\/wp-content\/uploads\/2025\/11\/154__hpr03285_tif-150x171.png",150,171,true],"portfolio_item-thumbnail":["https:\/\/trading.hhg.vn\/wp-content\/uploads\/2025\/11\/154__hpr03285_tif.png",350,400,false],"portfolio_item-thumbnail@2x":["https:\/\/trading.hhg.vn\/wp-content\/uploads\/2025\/11\/154__hpr03285_tif.png",700,800,false],"portfolio_item-masonry":["https:\/\/trading.hhg.vn\/wp-content\/uploads\/2025\/11\/154__hpr03285_tif.png",600,686,false],"portfolio_item-masonry@2x":["https:\/\/trading.hhg.vn\/wp-content\/uploads\/2025\/11\/154__hpr03285_tif.png",1200,1371,false],"portfolio_item-thumbnail_cinema":["https:\/\/trading.hhg.vn\/wp-content\/uploads\/2025\/11\/154__hpr03285_tif.png",293,335,false],"portfolio_item-thumbnail_portrait":["https:\/\/trading.hhg.vn\/wp-content\/uploads\/2025\/11\/154__hpr03285_tif.png",600,686,false],"portfolio_item-thumbnail_portrait@2x":["https:\/\/trading.hhg.vn\/wp-content\/uploads\/2025\/11\/154__hpr03285_tif.png",1200,1371,false],"portfolio_item-thumbnail_square":["https:\/\/trading.hhg.vn\/wp-content\/uploads\/2025\/11\/154__hpr03285_tif.png",700,800,false]},"_links":{"self":[{"href":"https:\/\/trading.hhg.vn\/en\/wp-json\/wp\/v2\/product\/143659","targetHints":{"allow":["GET"]}}],"collection":[{"href":"https:\/\/trading.hhg.vn\/en\/wp-json\/wp\/v2\/product"}],"about":[{"href":"https:\/\/trading.hhg.vn\/en\/wp-json\/wp\/v2\/types\/product"}],"replies":[{"embeddable":true,"href":"https:\/\/trading.hhg.vn\/en\/wp-json\/wp\/v2\/comments?post=143659"}],"version-history":[{"count":2,"href":"https:\/\/trading.hhg.vn\/en\/wp-json\/wp\/v2\/product\/143659\/revisions"}],"predecessor-version":[{"id":146940,"href":"https:\/\/trading.hhg.vn\/en\/wp-json\/wp\/v2\/product\/143659\/revisions\/146940"}],"wp:featuredmedia":[{"embeddable":true,"href":"https:\/\/trading.hhg.vn\/en\/wp-json\/wp\/v2\/media\/13657"}],"wp:attachment":[{"href":"https:\/\/trading.hhg.vn\/en\/wp-json\/wp\/v2\/media?parent=143659"}],"wp:term":[{"taxonomy":"product_cat","embeddable":true,"href":"https:\/\/trading.hhg.vn\/en\/wp-json\/wp\/v2\/product_cat?post=143659"},{"taxonomy":"product_tag","embeddable":true,"href":"https:\/\/trading.hhg.vn\/en\/wp-json\/wp\/v2\/product_tag?post=143659"}],"curies":[{"name":"wp","href":"https:\/\/api.w.org\/{rel}","templated":true}]}}