{"id":143779,"date":"2026-01-08T23:15:07","date_gmt":"2026-01-08T16:15:07","guid":{"rendered":"https:\/\/trading.hhg.vn\/product\/voi-lavabo-tay-gat-don-dat-san-voi-tay-gat-vong-khong-kem-bo-xa-metropol\/"},"modified":"2026-01-14T12:56:06","modified_gmt":"2026-01-14T05:56:06","slug":"voi-lavabo-tay-gat-don-dat-san-voi-tay-gat-vong-khong-kem-bo-xa-metropol","status":"publish","type":"product","link":"https:\/\/trading.hhg.vn\/en\/s\u1ea3n-ph\u1ea9m\/voi-lavabo-tay-gat-don-dat-san-voi-tay-gat-vong-khong-kem-bo-xa-metropol\/","title":{"rendered":"V\u00f2i lavabo tay g\u1ea1t \u0111\u01a1n \u0111\u1eb7t s\u00e0n v\u1edbi tay g\u1ea1t v\u00f2ng kh\u00f4ng k\u00e8m b\u1ed9 x\u1ea3 Metropol"},"content":{"rendered":"<p><img fetchpriority=\"high\" decoding=\"async\" class=\"alignnone wp-image-7559 aligncenter\" src=\"https:\/\/trading.hhg.vn\/wp-content\/uploads\/2025\/11\/metropol.png\" alt=\"\" width=\"606\" height=\"454\" \/>D\u00f2ng s\u1ea3n ph\u1ea9m Hansgrohe Metropol l\u00e0 bi\u1ec3u t\u01b0\u1ee3ng c\u1ee7a thi\u1ebft k\u1ebf h\u00ecnh h\u1ecdc ch\u00ednh x\u00e1c v\u00e0 phong c\u00e1ch ki\u1ebfn tr\u00fac \u0111\u01b0\u01a1ng \u0111\u1ea1i. V\u1edbi nh\u1eefng \u0111\u01b0\u1eddng n\u00e9t vu\u00f4ng v\u1ee9c, d\u1ee9t kho\u00e1t c\u00f9ng t\u1ef7 l\u1ec7 c\u00e2n \u0111\u1ed1i ho\u00e0n h\u1ea3o, Metropol mang \u0111\u1ebfn v\u1ebb \u0111\u1eb9p sang tr\u1ecdng, m\u1ea1nh m\u1ebd nh\u01b0ng v\u1eabn tinh t\u1ebf trong t\u1eebng chi ti\u1ebft. Ng\u01b0\u1eddi d\u00f9ng c\u00f3 th\u1ec3 t\u1ef1 do l\u1ef1a ch\u1ecdn tay g\u1ea1t theo phong c\u00e1ch ri\u00eang \u2013 t\u1eeb tay ph\u1eb3ng hi\u1ec7n \u0111\u1ea1i, tay c\u00e1nh cung thanh tho\u00e1t, \u0111\u1ebfn tay g\u1ea1t t\u1ed1i gi\u1ea3n t\u00edch h\u1ee3p c\u00f4ng ngh\u1ec7 Select, gi\u00fap \u0111i\u1ec1u khi\u1ec3n n\u01b0\u1edbc d\u1ec5 d\u00e0ng ch\u1ec9 v\u1edbi m\u1ed9t ch\u1ea1m.<\/p>\n<p>Metropol c\u00f2n n\u1ed5i b\u1eadt v\u1edbi 5 t\u00f9y ch\u1ecdn m\u00e0u finish cao c\u1ea5p, bao g\u1ed3m \u0111en m\u1edd, tr\u1eafng m\u1edd, c\u00f9ng c\u00e1c phi\u00ean b\u1ea3n kim lo\u1ea1i \u00e1nh v\u00e0ng b\u00f3ng \u0111\u1ea7y cu\u1ed1n h\u00fat, gi\u00fap d\u1ec5 d\u00e0ng h\u00f2a h\u1ee3p v\u1edbi m\u1ecdi phong c\u00e1ch n\u1ed9i th\u1ea5t, t\u1eeb t\u1ed1i gi\u1ea3n hi\u1ec7n \u0111\u1ea1i \u0111\u1ebfn sang tr\u1ecdng c\u1ed5 \u0111i\u1ec3n. V\u1edbi Gi\u1ea3i th\u01b0\u1edfng Thi\u1ebft k\u1ebf iF 2017, Metropol kh\u00f4ng ch\u1ec9 kh\u1eb3ng \u0111\u1ecbnh \u0111\u1eb3ng c\u1ea5p th\u1ea9m m\u1ef9 m\u00e0 c\u00f2n th\u1ec3 hi\u1ec7n tri\u1ebft l\u00fd thi\u1ebft k\u1ebf chu\u1ea9n m\u1ef1c c\u1ee7a Hansgrohe \u2013 n\u01a1i c\u00f4ng ngh\u1ec7, ngh\u1ec7 thu\u1eadt v\u00e0 s\u1ef1 tinh t\u1ebf c\u00f9ng h\u1ed9i t\u1ee5 \u0111\u1ec3 t\u1ea1o n\u00ean tr\u1ea3i nghi\u1ec7m n\u01b0\u1edbc ho\u00e0n h\u1ea3o.<\/p>\n","protected":false},"excerpt":{"rendered":"<p>Metropol \u2013 Ki\u1ec7t t\u00e1c v\u00f2i lavabo \u0111\u1eb7t s\u00e0n v\u1edbi tay g\u1ea1t v\u00f2ng \u0111\u1ed9c \u0111\u00e1o, l\u00e0 s\u1ef1 h\u00f2a quy\u1ec7n ho\u00e0n h\u1ea3o gi\u1eefa ngh\u1ec7 thu\u1eadt v\u00e0 c\u00f4ng n\u0103ng. M\u1ed7i \u0111\u01b0\u1eddng n\u00e9t \u0111\u1ec1u \u0111\u01b0\u1ee3c chau chu\u1ed1t tinh x\u1ea3o, t\u1ea1o n\u00ean v\u1ebb \u0111\u1eb9p v\u01b0\u1ee3t th\u1eddi gian, n\u00e2ng t\u1ea7m kh\u00f4ng gian ph\u00f2ng t\u1eafm c\u1ee7a b\u1ea1n. Tr\u1ea3i nghi\u1ec7m s\u1ef1 ti\u1ec7n nghi t\u1ed1i \u01b0u qua thao t\u00e1c g\u1ea1t nh\u1eb9 nh\u00e0ng, \u00eam \u00e1i, mang \u0111\u1ebfn d\u00f2ng ch\u1ea3y ho\u00e0n h\u1ea3o v\u00e0 c\u1ea3m gi\u00e1c th\u01b0 th\u00e1i tuy\u1ec7t v\u1eddi. Metropol kh\u00f4ng ch\u1ec9 l\u00e0 thi\u1ebft b\u1ecb, m\u00e0 l\u00e0 bi\u1ec3u t\u01b0\u1ee3ng c\u1ee7a phong c\u00e1ch s\u1ed1ng tinh t\u1ebf v\u00e0 \u0111\u1eb3ng c\u1ea5p.<\/p>\n","protected":false},"featured_media":143777,"comment_status":"open","ping_status":"closed","template":"","meta":{"_acf_changed":false},"product_cat":[883],"product_tag":[],"class_list":{"0":"post-143779","1":"product","2":"type-product","3":"status-publish","4":"has-post-thumbnail","6":"product_cat-voi-chau-2","8":"first","9":"onbackorder","10":"shipping-taxable","11":"purchasable","12":"product-type-simple"},"acf":[],"featured_media_urls":{"thumbnail":["https:\/\/trading.hhg.vn\/wp-content\/uploads\/2026\/01\/154__hpa02017_tif-150x150.png",150,150,true],"medium":["https:\/\/trading.hhg.vn\/wp-content\/uploads\/2026\/01\/154__hpa02017_tif-263x300.png",263,300,true],"medium_large":["https:\/\/trading.hhg.vn\/wp-content\/uploads\/2026\/01\/154__hpa02017_tif-768x878.png",768,878,true],"large":["https:\/\/trading.hhg.vn\/wp-content\/uploads\/2026\/01\/154__hpa02017_tif-896x1024.png",896,1024,true],"1536x1536":["https:\/\/trading.hhg.vn\/wp-content\/uploads\/2026\/01\/154__hpa02017_tif-1344x1536.png",1344,1536,true],"2048x2048":["https:\/\/trading.hhg.vn\/wp-content\/uploads\/2026\/01\/154__hpa02017_tif-1792x2048.png",1792,2048,true],"woocommerce_thumbnail":["https:\/\/trading.hhg.vn\/wp-content\/uploads\/2026\/01\/154__hpa02017_tif-600x600.png",600,600,true],"woocommerce_single":["https:\/\/trading.hhg.vn\/wp-content\/uploads\/2026\/01\/154__hpa02017_tif-1200x1371.png",1200,1371,true],"woocommerce_gallery_thumbnail":["https:\/\/trading.hhg.vn\/wp-content\/uploads\/2026\/01\/154__hpa02017_tif-150x171.png",150,171,true],"portfolio_item-thumbnail":["https:\/\/trading.hhg.vn\/wp-content\/uploads\/2026\/01\/154__hpa02017_tif-scaled.png",350,400,false],"portfolio_item-thumbnail@2x":["https:\/\/trading.hhg.vn\/wp-content\/uploads\/2026\/01\/154__hpa02017_tif-scaled.png",700,800,false],"portfolio_item-masonry":["https:\/\/trading.hhg.vn\/wp-content\/uploads\/2026\/01\/154__hpa02017_tif-scaled.png",600,686,false],"portfolio_item-masonry@2x":["https:\/\/trading.hhg.vn\/wp-content\/uploads\/2026\/01\/154__hpa02017_tif-scaled.png",1200,1371,false],"portfolio_item-thumbnail_cinema":["https:\/\/trading.hhg.vn\/wp-content\/uploads\/2026\/01\/154__hpa02017_tif-scaled.png",293,335,false],"portfolio_item-thumbnail_portrait":["https:\/\/trading.hhg.vn\/wp-content\/uploads\/2026\/01\/154__hpa02017_tif-scaled.png",600,686,false],"portfolio_item-thumbnail_portrait@2x":["https:\/\/trading.hhg.vn\/wp-content\/uploads\/2026\/01\/154__hpa02017_tif-scaled.png",1200,1371,false],"portfolio_item-thumbnail_square":["https:\/\/trading.hhg.vn\/wp-content\/uploads\/2026\/01\/154__hpa02017_tif-scaled.png",700,800,false]},"_links":{"self":[{"href":"https:\/\/trading.hhg.vn\/en\/wp-json\/wp\/v2\/product\/143779","targetHints":{"allow":["GET"]}}],"collection":[{"href":"https:\/\/trading.hhg.vn\/en\/wp-json\/wp\/v2\/product"}],"about":[{"href":"https:\/\/trading.hhg.vn\/en\/wp-json\/wp\/v2\/types\/product"}],"replies":[{"embeddable":true,"href":"https:\/\/trading.hhg.vn\/en\/wp-json\/wp\/v2\/comments?post=143779"}],"version-history":[{"count":2,"href":"https:\/\/trading.hhg.vn\/en\/wp-json\/wp\/v2\/product\/143779\/revisions"}],"predecessor-version":[{"id":147001,"href":"https:\/\/trading.hhg.vn\/en\/wp-json\/wp\/v2\/product\/143779\/revisions\/147001"}],"wp:featuredmedia":[{"embeddable":true,"href":"https:\/\/trading.hhg.vn\/en\/wp-json\/wp\/v2\/media\/143777"}],"wp:attachment":[{"href":"https:\/\/trading.hhg.vn\/en\/wp-json\/wp\/v2\/media?parent=143779"}],"wp:term":[{"taxonomy":"product_cat","embeddable":true,"href":"https:\/\/trading.hhg.vn\/en\/wp-json\/wp\/v2\/product_cat?post=143779"},{"taxonomy":"product_tag","embeddable":true,"href":"https:\/\/trading.hhg.vn\/en\/wp-json\/wp\/v2\/product_tag?post=143779"}],"curies":[{"name":"wp","href":"https:\/\/api.w.org\/{rel}","templated":true}]}}