{"id":143784,"date":"2026-01-08T23:15:22","date_gmt":"2026-01-08T16:15:22","guid":{"rendered":"https:\/\/trading.hhg.vn\/product\/sen-tay-110-1-duong-nuoc-croma-s\/"},"modified":"2026-01-14T12:55:37","modified_gmt":"2026-01-14T05:55:37","slug":"sen-tay-110-1-duong-nuoc-croma-s","status":"publish","type":"product","link":"https:\/\/trading.hhg.vn\/en\/s\u1ea3n-ph\u1ea9m\/sen-tay-110-1-duong-nuoc-croma-s\/","title":{"rendered":"Sen tay 110 1 \u0111\u01b0\u1eddng n\u01b0\u1edbc Croma S"},"content":{"rendered":"<p><img fetchpriority=\"high\" decoding=\"async\" class=\"alignnone wp-image-7559 aligncenter\" src=\"https:\/\/trading.hhg.vn\/wp-content\/uploads\/2026\/01\/Croma-S.jpg\" alt=\"\" width=\"606\" height=\"454\" \/>Croma S mang ng\u00f4n ng\u1eef thi\u1ebft k\u1ebf tr\u00f2n m\u1ec1m m\u1ea1i, c\u00e2n \u0111\u1ed1i v\u1edbi t\u1ef7 l\u1ec7 h\u00e0i h\u00f2a, d\u1ec5 d\u00e0ng h\u00f2a h\u1ee3p trong nhi\u1ec1u phong c\u00e1ch ph\u00f2ng t\u1eafm \u2013 t\u1eeb hi\u1ec7n \u0111\u1ea1i \u0111\u1ebfn truy\u1ec1n th\u1ed1ng. \u0110\u1ea7u sen c\u00f3 k\u00edch th\u01b0\u1edbc g\u1ecdn g\u00e0ng nh\u01b0ng v\u1eabn \u0111\u1ea3m b\u1ea3o \u0111\u1ed9 bao ph\u1ee7 \u0111\u1ed3ng \u0111\u1ec1u, mang l\u1ea1i c\u1ea3m gi\u00e1c t\u1eafm tho\u1ea3i m\u00e1i v\u00e0 t\u1ef1 nhi\u00ean. B\u1ec1 m\u1eb7t chrome s\u00e1ng b\u00f3ng ho\u1eb7c c\u00e1c ho\u00e0n thi\u1ec7n m\u00e0u hi\u1ec7n \u0111\u1ea1i gi\u00fap s\u1ea3n ph\u1ea9m gi\u1eef v\u1ebb \u0111\u1eb9p l\u00e2u d\u00e0i v\u00e0 d\u1ec5 k\u1ebft h\u1ee3p v\u1edbi h\u1ec7 thi\u1ebft b\u1ecb \u0111\u1ed3ng b\u1ed9.<\/p>\n<p>V\u1ec1 k\u1ef9 thu\u1eadt v\u00e0 v\u1eadt li\u1ec7u, Croma S \u0111\u01b0\u1ee3c ch\u1ebf t\u00e1c t\u1eeb v\u1eadt li\u1ec7u ch\u1ea5t l\u01b0\u1ee3ng cao v\u1edbi \u0111\u0129a phun b\u1ec1n ch\u1eafc, \u0111\u1ea3m b\u1ea3o tia n\u01b0\u1edbc \u1ed5n \u0111\u1ecbnh trong su\u1ed1t qu\u00e1 tr\u00ecnh s\u1eed d\u1ee5ng. C\u00f4ng ngh\u1ec7 QuickClean cho ph\u00e9p l\u00e0m s\u1ea1ch c\u1eb7n v\u00f4i nhanh ch\u00f3ng ch\u1ec9 b\u1eb1ng thao t\u00e1c lau nh\u1eb9.<\/p>\n","protected":false},"excerpt":{"rendered":"<p>Sen t\u1eafm Croma S t\u1eeb Hansgrohe l\u00e0 tuy\u00ean ng\u00f4n c\u1ee7a s\u1ef1 tinh t\u1ebf, n\u01a1i thi\u1ebft k\u1ebf t\u1ed1i gi\u1ea3n h\u00f2a quy\u1ec7n c\u00f9ng c\u00f4ng n\u0103ng v\u01b0\u1ee3t tr\u1ed9i. \u0110\u01b0\u1eddng n\u00e9t thanh m\u1ea3nh, li\u1ec1n m\u1ea1ch t\u1ea1o n\u00ean v\u1ebb \u0111\u1eb9p v\u01b0\u1ee3t th\u1eddi gian, d\u1ec5 d\u00e0ng \u0111\u1ed3ng \u0111i\u1ec7u v\u1edbi m\u1ecdi kh\u00f4ng gian ph\u00f2ng t\u1eafm \u0111\u01b0\u01a1ng \u0111\u1ea1i. V\u1edbi m\u1ed9t ch\u1ebf \u0111\u1ed9 phun duy nh\u1ea5t, sen Croma S mang \u0111\u1ebfn d\u00f2ng n\u01b0\u1edbc m\u1ec1m m\u1ea1i, \u00eam \u00e1i, v\u1ed7 v\u1ec1 m\u1ecdi gi\u00e1c quan, bi\u1ebfn m\u1ed7i kho\u1ea3nh kh\u1eafc d\u01b0\u1edbi v\u00f2i sen th\u00e0nh tr\u1ea3i nghi\u1ec7m th\u01b0 gi\u00e3n \u0111\u00edch th\u1ef1c. Ch\u1ea5t li\u1ec7u cao c\u1ea5p \u0111\u1ea3m b\u1ea3o \u0111\u1ed9 b\u1ec1n v\u01b0\u1ee3t tr\u1ed9i, mang l\u1ea1i s\u1ef1 ti\u1ec7n nghi v\u00e0 v\u1ebb \u0111\u1eb9p b\u1ec1n v\u1eefng cho ng\u00f4i nh\u00e0 b\u1ea1n.<\/p>\n","protected":false},"featured_media":44053,"comment_status":"open","ping_status":"closed","template":"","meta":{"_acf_changed":false},"product_cat":[890],"product_tag":[],"class_list":{"0":"post-143784","1":"product","2":"type-product","3":"status-publish","4":"has-post-thumbnail","6":"product_cat-tay-sen","7":"pa_mau-sac-trang","9":"first","10":"onbackorder","11":"shipping-taxable","12":"purchasable","13":"product-type-simple"},"acf":[],"featured_media_urls":{"thumbnail":["https:\/\/trading.hhg.vn\/wp-content\/uploads\/2025\/11\/154__hpa01480_tif-150x150.png",150,150,true],"medium":["https:\/\/trading.hhg.vn\/wp-content\/uploads\/2025\/11\/154__hpa01480_tif-262x300.png",262,300,true],"medium_large":["https:\/\/trading.hhg.vn\/wp-content\/uploads\/2025\/11\/154__hpa01480_tif-768x878.png",768,878,true],"large":["https:\/\/trading.hhg.vn\/wp-content\/uploads\/2025\/11\/154__hpa01480_tif-896x1024.png",896,1024,true],"1536x1536":["https:\/\/trading.hhg.vn\/wp-content\/uploads\/2025\/11\/154__hpa01480_tif-1344x1536.png",1344,1536,true],"2048x2048":["https:\/\/trading.hhg.vn\/wp-content\/uploads\/2025\/11\/154__hpa01480_tif.png",1397,1597,false],"woocommerce_thumbnail":["https:\/\/trading.hhg.vn\/wp-content\/uploads\/2025\/11\/154__hpa01480_tif-600x600.png",600,600,true],"woocommerce_single":["https:\/\/trading.hhg.vn\/wp-content\/uploads\/2025\/11\/154__hpa01480_tif-1200x1372.png",1200,1372,true],"woocommerce_gallery_thumbnail":["https:\/\/trading.hhg.vn\/wp-content\/uploads\/2025\/11\/154__hpa01480_tif-150x171.png",150,171,true],"portfolio_item-thumbnail":["https:\/\/trading.hhg.vn\/wp-content\/uploads\/2025\/11\/154__hpa01480_tif.png",350,400,false],"portfolio_item-thumbnail@2x":["https:\/\/trading.hhg.vn\/wp-content\/uploads\/2025\/11\/154__hpa01480_tif.png",700,800,false],"portfolio_item-masonry":["https:\/\/trading.hhg.vn\/wp-content\/uploads\/2025\/11\/154__hpa01480_tif.png",600,686,false],"portfolio_item-masonry@2x":["https:\/\/trading.hhg.vn\/wp-content\/uploads\/2025\/11\/154__hpa01480_tif.png",1200,1372,false],"portfolio_item-thumbnail_cinema":["https:\/\/trading.hhg.vn\/wp-content\/uploads\/2025\/11\/154__hpa01480_tif.png",293,335,false],"portfolio_item-thumbnail_portrait":["https:\/\/trading.hhg.vn\/wp-content\/uploads\/2025\/11\/154__hpa01480_tif.png",600,686,false],"portfolio_item-thumbnail_portrait@2x":["https:\/\/trading.hhg.vn\/wp-content\/uploads\/2025\/11\/154__hpa01480_tif.png",1200,1372,false],"portfolio_item-thumbnail_square":["https:\/\/trading.hhg.vn\/wp-content\/uploads\/2025\/11\/154__hpa01480_tif.png",700,800,false]},"_links":{"self":[{"href":"https:\/\/trading.hhg.vn\/en\/wp-json\/wp\/v2\/product\/143784","targetHints":{"allow":["GET"]}}],"collection":[{"href":"https:\/\/trading.hhg.vn\/en\/wp-json\/wp\/v2\/product"}],"about":[{"href":"https:\/\/trading.hhg.vn\/en\/wp-json\/wp\/v2\/types\/product"}],"replies":[{"embeddable":true,"href":"https:\/\/trading.hhg.vn\/en\/wp-json\/wp\/v2\/comments?post=143784"}],"version-history":[{"count":2,"href":"https:\/\/trading.hhg.vn\/en\/wp-json\/wp\/v2\/product\/143784\/revisions"}],"predecessor-version":[{"id":146948,"href":"https:\/\/trading.hhg.vn\/en\/wp-json\/wp\/v2\/product\/143784\/revisions\/146948"}],"wp:featuredmedia":[{"embeddable":true,"href":"https:\/\/trading.hhg.vn\/en\/wp-json\/wp\/v2\/media\/44053"}],"wp:attachment":[{"href":"https:\/\/trading.hhg.vn\/en\/wp-json\/wp\/v2\/media?parent=143784"}],"wp:term":[{"taxonomy":"product_cat","embeddable":true,"href":"https:\/\/trading.hhg.vn\/en\/wp-json\/wp\/v2\/product_cat?post=143784"},{"taxonomy":"product_tag","embeddable":true,"href":"https:\/\/trading.hhg.vn\/en\/wp-json\/wp\/v2\/product_tag?post=143784"}],"curies":[{"name":"wp","href":"https:\/\/api.w.org\/{rel}","templated":true}]}}