{"id":143812,"date":"2026-01-08T23:16:13","date_gmt":"2026-01-08T16:16:13","guid":{"rendered":"https:\/\/trading.hhg.vn\/product\/bo-tron-sen-tam-am-tuong-ecos\/"},"modified":"2026-01-14T12:55:52","modified_gmt":"2026-01-14T05:55:52","slug":"bo-tron-sen-tam-am-tuong-ecos","status":"publish","type":"product","link":"https:\/\/trading.hhg.vn\/en\/s\u1ea3n-ph\u1ea9m\/bo-tron-sen-tam-am-tuong-ecos\/","title":{"rendered":"B\u1ed9 tr\u1ed9n sen t\u1eafm \u00e2m t\u01b0\u1eddng Ecos"},"content":{"rendered":"<p><img fetchpriority=\"high\" decoding=\"async\" class=\"alignnone wp-image-7559 aligncenter\" src=\"https:\/\/trading.hhg.vn\/wp-content\/uploads\/2026\/01\/Ecos.jpg\" alt=\"\" width=\"606\" height=\"454\" \/>Hansgrohe Ecos \u0111\u01b0\u1ee3c ph\u00e1t tri\u1ec3n theo tri\u1ebft l\u00fd \u0111\u01a1n gi\u1ea3n \u2013 th\u1ef1c d\u1ee5ng \u2013 d\u1ec5 ti\u1ebfp c\u1eadn, v\u1edbi ng\u00f4n ng\u1eef thi\u1ebft k\u1ebf g\u1ecdn g\u00e0ng, \u0111\u01b0\u1eddng n\u00e9t r\u00f5 r\u00e0ng v\u00e0 t\u1ef7 l\u1ec7 c\u00e2n \u0111\u1ed1i. Th\u00e2n v\u00f2i thanh m\u1ea3nh, tay g\u1ea1t \u0111\u01a1n d\u1ec5 thao t\u00e1c mang l\u1ea1i tr\u1ea3i nghi\u1ec7m s\u1eed d\u1ee5ng tr\u1ef1c quan, ph\u00f9 h\u1ee3p cho nhi\u1ec1u kh\u00f4ng gian t\u1eeb nh\u00e0 \u1edf \u0111\u1ebfn c\u00f4ng tr\u00ecnh th\u01b0\u01a1ng m\u1ea1i. Thi\u1ebft k\u1ebf t\u1eadp trung v\u00e0o t\u00ednh c\u00f4ng n\u0103ng v\u00e0 \u0111\u1ed9 tin c\u1eady, \u0111\u1ea3m b\u1ea3o s\u1eed d\u1ee5ng tho\u1ea3i m\u00e1i trong sinh ho\u1ea1t h\u1eb1ng ng\u00e0y.<\/p>\n<p>V\u1ec1 v\u1eadt li\u1ec7u v\u00e0 k\u1ef9 thu\u1eadt, Ecos \u0111\u01b0\u1ee3c ch\u1ebf t\u00e1c t\u1eeb \u0111\u1ed3ng thau ch\u1ea5t l\u01b0\u1ee3ng cao, k\u1ebft h\u1ee3p cartridge g\u1ed1m b\u1ec1n b\u1ec9 cho kh\u1ea3 n\u0103ng v\u1eadn h\u00e0nh m\u01b0\u1ee3t v\u00e0 ch\u00ednh x\u00e1c theo th\u1eddi gian. B\u1ec1 m\u1eb7t chrome s\u00e1ng b\u00f3ng ch\u1ed1ng \u0103n m\u00f2n, d\u1ec5 v\u1ec7 sinh v\u00e0 gi\u1eef v\u1ebb m\u1edbi l\u00e2u d\u00e0i. D\u00f2ng s\u1ea3n ph\u1ea9m t\u00edch h\u1ee3p c\u00f4ng ngh\u1ec7 EcoSmart gi\u00fap gi\u1ea3m l\u01b0u l\u01b0\u1ee3ng n\u01b0\u1edbc m\u00e0 v\u1eabn duy tr\u00ec c\u1ea3m gi\u00e1c s\u1eed d\u1ee5ng d\u1ec5 ch\u1ecbu, g\u00f3p ph\u1ea7n ti\u1ebft ki\u1ec7m n\u01b0\u1edbc v\u00e0 n\u0103ng l\u01b0\u1ee3ng.<\/p>\n","protected":false},"excerpt":{"rendered":"<p>B\u1ed9 tr\u1ed9n sen t\u1eafm \u00e2m t\u01b0\u1eddng Ecos ki\u1ebfn t\u1ea1o kh\u00f4ng gian t\u1ed1i gi\u1ea3n, tinh t\u1ebf v\u1edbi thi\u1ebft k\u1ebf \u1ea9n m\u00ecnh sang tr\u1ecdng. T\u1eebng \u0111\u01b0\u1eddng n\u00e9t m\u01b0\u1ee3t m\u00e0, ch\u1ea5t li\u1ec7u cao c\u1ea5p kh\u00f4ng ch\u1ec9 t\u00f4 \u0111i\u1ec3m cho ph\u00f2ng t\u1eafm m\u00e0 c\u00f2n mang \u0111\u1ebfn tr\u1ea3i nghi\u1ec7m ti\u1ec7n nghi v\u01b0\u1ee3t tr\u1ed9i. C\u00f4ng ngh\u1ec7 tr\u1ed9n nhi\u1ec7t ch\u00ednh x\u00e1c gi\u00fap b\u1ea1n t\u1eadn h\u01b0\u1edfng d\u00f2ng n\u01b0\u1edbc l\u00fd t\u01b0\u1edfng t\u1ee9c th\u00ec, an to\u00e0n tuy\u1ec7t \u0111\u1ed1i. Ecos kh\u00f4ng ch\u1ec9 l\u00e0 thi\u1ebft b\u1ecb, m\u00e0 l\u00e0 ngh\u1ec7 thu\u1eadt ki\u1ebfn tr\u00fac c\u00f9ng c\u00f4ng n\u0103ng ho\u00e0n h\u1ea3o, n\u00e2ng t\u1ea7m m\u1ed7i kho\u1ea3nh kh\u1eafc th\u01b0 gi\u00e3n c\u1ee7a b\u1ea1n.<\/p>\n","protected":false},"featured_media":143810,"comment_status":"open","ping_status":"closed","template":"","meta":{"_acf_changed":false},"product_cat":[851],"product_tag":[],"class_list":{"0":"post-143812","1":"product","2":"type-product","3":"status-publish","4":"has-post-thumbnail","6":"product_cat-bo-tron-voi-xa-bon","8":"first","9":"onbackorder","10":"shipping-taxable","11":"purchasable","12":"product-type-simple"},"acf":[],"featured_media_urls":{"thumbnail":["https:\/\/trading.hhg.vn\/wp-content\/uploads\/2026\/01\/154__hpa00643_tif-150x150.png",150,150,true],"medium":["https:\/\/trading.hhg.vn\/wp-content\/uploads\/2026\/01\/154__hpa00643_tif-262x300.png",262,300,true],"medium_large":["https:\/\/trading.hhg.vn\/wp-content\/uploads\/2026\/01\/154__hpa00643_tif-768x878.png",768,878,true],"large":["https:\/\/trading.hhg.vn\/wp-content\/uploads\/2026\/01\/154__hpa00643_tif-896x1024.png",896,1024,true],"1536x1536":["https:\/\/trading.hhg.vn\/wp-content\/uploads\/2026\/01\/154__hpa00643_tif-1344x1536.png",1344,1536,true],"2048x2048":["https:\/\/trading.hhg.vn\/wp-content\/uploads\/2026\/01\/154__hpa00643_tif.png",1593,1821,false],"woocommerce_thumbnail":["https:\/\/trading.hhg.vn\/wp-content\/uploads\/2026\/01\/154__hpa00643_tif-600x600.png",600,600,true],"woocommerce_single":["https:\/\/trading.hhg.vn\/wp-content\/uploads\/2026\/01\/154__hpa00643_tif-1200x1372.png",1200,1372,true],"woocommerce_gallery_thumbnail":["https:\/\/trading.hhg.vn\/wp-content\/uploads\/2026\/01\/154__hpa00643_tif-150x171.png",150,171,true],"portfolio_item-thumbnail":["https:\/\/trading.hhg.vn\/wp-content\/uploads\/2026\/01\/154__hpa00643_tif.png",350,400,false],"portfolio_item-thumbnail@2x":["https:\/\/trading.hhg.vn\/wp-content\/uploads\/2026\/01\/154__hpa00643_tif.png",700,800,false],"portfolio_item-masonry":["https:\/\/trading.hhg.vn\/wp-content\/uploads\/2026\/01\/154__hpa00643_tif.png",600,686,false],"portfolio_item-masonry@2x":["https:\/\/trading.hhg.vn\/wp-content\/uploads\/2026\/01\/154__hpa00643_tif.png",1200,1372,false],"portfolio_item-thumbnail_cinema":["https:\/\/trading.hhg.vn\/wp-content\/uploads\/2026\/01\/154__hpa00643_tif.png",293,335,false],"portfolio_item-thumbnail_portrait":["https:\/\/trading.hhg.vn\/wp-content\/uploads\/2026\/01\/154__hpa00643_tif.png",600,686,false],"portfolio_item-thumbnail_portrait@2x":["https:\/\/trading.hhg.vn\/wp-content\/uploads\/2026\/01\/154__hpa00643_tif.png",1200,1372,false],"portfolio_item-thumbnail_square":["https:\/\/trading.hhg.vn\/wp-content\/uploads\/2026\/01\/154__hpa00643_tif.png",700,800,false]},"_links":{"self":[{"href":"https:\/\/trading.hhg.vn\/en\/wp-json\/wp\/v2\/product\/143812","targetHints":{"allow":["GET"]}}],"collection":[{"href":"https:\/\/trading.hhg.vn\/en\/wp-json\/wp\/v2\/product"}],"about":[{"href":"https:\/\/trading.hhg.vn\/en\/wp-json\/wp\/v2\/types\/product"}],"replies":[{"embeddable":true,"href":"https:\/\/trading.hhg.vn\/en\/wp-json\/wp\/v2\/comments?post=143812"}],"version-history":[{"count":2,"href":"https:\/\/trading.hhg.vn\/en\/wp-json\/wp\/v2\/product\/143812\/revisions"}],"predecessor-version":[{"id":147005,"href":"https:\/\/trading.hhg.vn\/en\/wp-json\/wp\/v2\/product\/143812\/revisions\/147005"}],"wp:featuredmedia":[{"embeddable":true,"href":"https:\/\/trading.hhg.vn\/en\/wp-json\/wp\/v2\/media\/143810"}],"wp:attachment":[{"href":"https:\/\/trading.hhg.vn\/en\/wp-json\/wp\/v2\/media?parent=143812"}],"wp:term":[{"taxonomy":"product_cat","embeddable":true,"href":"https:\/\/trading.hhg.vn\/en\/wp-json\/wp\/v2\/product_cat?post=143812"},{"taxonomy":"product_tag","embeddable":true,"href":"https:\/\/trading.hhg.vn\/en\/wp-json\/wp\/v2\/product_tag?post=143812"}],"curies":[{"name":"wp","href":"https:\/\/api.w.org\/{rel}","templated":true}]}}