{"id":143883,"date":"2026-01-09T07:12:37","date_gmt":"2026-01-09T00:12:37","guid":{"rendered":"https:\/\/trading.hhg.vn\/?post_type=product&#038;p=143883"},"modified":"2026-01-28T07:46:19","modified_gmt":"2026-01-28T00:46:19","slug":"voi-lavabo-tay-gat-don-voi-voi-xoay-va-bo-xa-pop-up-vernis-shape","status":"publish","type":"product","link":"https:\/\/trading.hhg.vn\/en\/s\u1ea3n-ph\u1ea9m\/voi-lavabo-tay-gat-don-voi-voi-xoay-va-bo-xa-pop-up-vernis-shape\/","title":{"rendered":"V\u00f2i lavabo tay g\u1ea1t \u0111\u01a1n v\u1edbi v\u00f2i xoay v\u00e0 b\u1ed9 x\u1ea3 pop-up Vernis Shape"},"content":{"rendered":"<p><img fetchpriority=\"high\" decoding=\"async\" class=\"alignnone wp-image-7559 aligncenter\" src=\"https:\/\/trading.hhg.vn\/wp-content\/uploads\/2026\/01\/Vernis-Shape.jpg\" alt=\"\" width=\"606\" height=\"454\" \/>Vernis Shape n\u1ed5i b\u1eadt v\u1edbi ng\u00f4n ng\u1eef thi\u1ebft k\u1ebf h\u00ecnh h\u1ecdc d\u1ee9t kho\u00e1t, c\u00e1c \u0111\u01b0\u1eddng th\u1eb3ng v\u00e0 g\u00f3c c\u1ea1nh \u0111\u01b0\u1ee3c ki\u1ec3m so\u00e1t ch\u00ednh x\u00e1c, mang l\u1ea1i di\u1ec7n m\u1ea1o hi\u1ec7n \u0111\u1ea1i v\u00e0 m\u1ea1nh m\u1ebd cho kh\u00f4ng gian ph\u00f2ng t\u1eafm. Th\u00e2n v\u00f2i g\u1ecdn g\u00e0ng k\u1ebft h\u1ee3p tay g\u1ea1t ph\u1eb3ng t\u1ea1o c\u1ea3m gi\u00e1c ch\u1eafc ch\u1eafn v\u00e0 r\u00f5 r\u00e0ng trong thao t\u00e1c. C\u00e1c b\u1ec1 m\u1eb7t \u0111\u01b0\u1ee3c x\u1eed l\u00fd li\u1ec1n m\u1ea1ch, nh\u1ea5n m\u1ea1nh t\u00ednh ki\u1ebfn tr\u00fac v\u00e0 gi\u00fap s\u1ea3n ph\u1ea9m d\u1ec5 d\u00e0ng h\u00f2a h\u1ee3p v\u1edbi n\u1ed9i th\u1ea5t \u0111\u01b0\u01a1ng \u0111\u1ea1i.<\/p>\n<p>V\u1ec1 c\u1ea5u t\u1ea1o, Vernis Shape \u0111\u01b0\u1ee3c ch\u1ebf t\u00e1c t\u1eeb \u0111\u1ed3ng thau cao c\u1ea5p, ho\u00e0n thi\u1ec7n b\u1eb1ng l\u1edbp m\u1ea1 Chrome b\u1ec1n b\u1ec9, ch\u1ed1ng \u0103n m\u00f2n v\u00e0 gi\u1eef \u0111\u1ed9 s\u00e1ng l\u00e2u d\u00e0i. L\u00f5i tr\u1ed9n g\u1ed1m ch\u1ea5t l\u01b0\u1ee3ng cao \u0111\u1ea3m b\u1ea3o \u0111i\u1ec1u khi\u1ec3n l\u01b0u l\u01b0\u1ee3ng v\u00e0 nhi\u1ec7t \u0111\u1ed9 ch\u00ednh x\u00e1c, v\u1eadn h\u00e0nh \u00eam \u00e1i theo th\u1eddi gian.<\/p>\n","protected":false},"excerpt":{"rendered":"<p>Vernis Shape ki\u1ebfn t\u1ea1o kh\u00f4ng gian thanh l\u1ecbch v\u1edbi v\u00f2i lavabo tay g\u1ea1t \u0111\u01a1n tinh t\u1ebf, h\u00e0i h\u00f2a gi\u1eefa \u0111\u01b0\u1eddng n\u00e9t m\u1ec1m m\u1ea1i v\u00e0 c\u00f4ng n\u0103ng v\u01b0\u1ee3t tr\u1ed9i. V\u00f2i xoay linh ho\u1ea1t m\u1edf r\u1ed9ng ph\u1ea1m vi s\u1eed d\u1ee5ng, mang \u0111\u1ebfn tr\u1ea3i nghi\u1ec7m ti\u1ec7n nghi t\u1ed1i \u0111a. B\u1ed9 x\u1ea3 pop-up t\u00edch h\u1ee3p ho\u00e0n h\u1ea3o, thao t\u00e1c nh\u1eb9 nh\u00e0ng, t\u00f4n vinh s\u1ef1 \u0111\u01a1n gi\u1ea3n m\u00e0 sang tr\u1ecdng. Vernis Shape kh\u00f4ng ch\u1ec9 l\u00e0 m\u1ed9t chi\u1ebfc v\u00f2i, m\u00e0 l\u00e0 \u0111i\u1ec3m nh\u1ea5n tinh t\u1ebf cho phong c\u00e1ch s\u1ed1ng \u0111\u1eb3ng c\u1ea5p c\u1ee7a b\u1ea1n.<\/p>\n","protected":false},"featured_media":31802,"comment_status":"open","ping_status":"closed","template":"","meta":{"_acf_changed":false},"product_cat":[883],"product_tag":[],"class_list":{"0":"post-143883","1":"product","2":"type-product","3":"status-publish","4":"has-post-thumbnail","6":"product_cat-voi-chau-2","7":"pa_mau-sac-chrome","9":"first","10":"onbackorder","11":"shipping-taxable","12":"product-type-variable"},"acf":[],"featured_media_urls":{"thumbnail":["https:\/\/trading.hhg.vn\/wp-content\/uploads\/2025\/11\/154__hpr02543_tif-150x150.png",150,150,true],"medium":["https:\/\/trading.hhg.vn\/wp-content\/uploads\/2025\/11\/154__hpr02543_tif-263x300.png",263,300,true],"medium_large":["https:\/\/trading.hhg.vn\/wp-content\/uploads\/2025\/11\/154__hpr02543_tif-768x878.png",768,878,true],"large":["https:\/\/trading.hhg.vn\/wp-content\/uploads\/2025\/11\/154__hpr02543_tif-896x1024.png",896,1024,true],"1536x1536":["https:\/\/trading.hhg.vn\/wp-content\/uploads\/2025\/11\/154__hpr02543_tif.png",1260,1440,false],"2048x2048":["https:\/\/trading.hhg.vn\/wp-content\/uploads\/2025\/11\/154__hpr02543_tif.png",1260,1440,false],"woocommerce_thumbnail":["https:\/\/trading.hhg.vn\/wp-content\/uploads\/2025\/11\/154__hpr02543_tif-600x600.png",600,600,true],"woocommerce_single":["https:\/\/trading.hhg.vn\/wp-content\/uploads\/2025\/11\/154__hpr02543_tif-1200x1371.png",1200,1371,true],"woocommerce_gallery_thumbnail":["https:\/\/trading.hhg.vn\/wp-content\/uploads\/2025\/11\/154__hpr02543_tif-150x171.png",150,171,true],"portfolio_item-thumbnail":["https:\/\/trading.hhg.vn\/wp-content\/uploads\/2025\/11\/154__hpr02543_tif.png",350,400,false],"portfolio_item-thumbnail@2x":["https:\/\/trading.hhg.vn\/wp-content\/uploads\/2025\/11\/154__hpr02543_tif.png",700,800,false],"portfolio_item-masonry":["https:\/\/trading.hhg.vn\/wp-content\/uploads\/2025\/11\/154__hpr02543_tif.png",600,686,false],"portfolio_item-masonry@2x":["https:\/\/trading.hhg.vn\/wp-content\/uploads\/2025\/11\/154__hpr02543_tif.png",1200,1371,false],"portfolio_item-thumbnail_cinema":["https:\/\/trading.hhg.vn\/wp-content\/uploads\/2025\/11\/154__hpr02543_tif.png",293,335,false],"portfolio_item-thumbnail_portrait":["https:\/\/trading.hhg.vn\/wp-content\/uploads\/2025\/11\/154__hpr02543_tif.png",600,686,false],"portfolio_item-thumbnail_portrait@2x":["https:\/\/trading.hhg.vn\/wp-content\/uploads\/2025\/11\/154__hpr02543_tif.png",1200,1371,false],"portfolio_item-thumbnail_square":["https:\/\/trading.hhg.vn\/wp-content\/uploads\/2025\/11\/154__hpr02543_tif.png",700,800,false]},"_links":{"self":[{"href":"https:\/\/trading.hhg.vn\/en\/wp-json\/wp\/v2\/product\/143883","targetHints":{"allow":["GET"]}}],"collection":[{"href":"https:\/\/trading.hhg.vn\/en\/wp-json\/wp\/v2\/product"}],"about":[{"href":"https:\/\/trading.hhg.vn\/en\/wp-json\/wp\/v2\/types\/product"}],"replies":[{"embeddable":true,"href":"https:\/\/trading.hhg.vn\/en\/wp-json\/wp\/v2\/comments?post=143883"}],"version-history":[{"count":2,"href":"https:\/\/trading.hhg.vn\/en\/wp-json\/wp\/v2\/product\/143883\/revisions"}],"predecessor-version":[{"id":147008,"href":"https:\/\/trading.hhg.vn\/en\/wp-json\/wp\/v2\/product\/143883\/revisions\/147008"}],"wp:featuredmedia":[{"embeddable":true,"href":"https:\/\/trading.hhg.vn\/en\/wp-json\/wp\/v2\/media\/31802"}],"wp:attachment":[{"href":"https:\/\/trading.hhg.vn\/en\/wp-json\/wp\/v2\/media?parent=143883"}],"wp:term":[{"taxonomy":"product_cat","embeddable":true,"href":"https:\/\/trading.hhg.vn\/en\/wp-json\/wp\/v2\/product_cat?post=143883"},{"taxonomy":"product_tag","embeddable":true,"href":"https:\/\/trading.hhg.vn\/en\/wp-json\/wp\/v2\/product_tag?post=143883"}],"curies":[{"name":"wp","href":"https:\/\/api.w.org\/{rel}","templated":true}]}}