{"id":143917,"date":"2026-01-09T07:13:24","date_gmt":"2026-01-09T00:13:24","guid":{"rendered":"https:\/\/trading.hhg.vn\/product\/gia-do-sen-tay-porter-classic\/"},"modified":"2026-01-14T12:55:52","modified_gmt":"2026-01-14T05:55:52","slug":"gia-do-sen-tay-porter-classic","status":"publish","type":"product","link":"https:\/\/trading.hhg.vn\/en\/s\u1ea3n-ph\u1ea9m\/gia-do-sen-tay-porter-classic\/","title":{"rendered":"Gi\u00e1 \u0111\u1ee1 sen tay Porter Classic"},"content":{"rendered":"<p><img fetchpriority=\"high\" decoding=\"async\" class=\"alignnone wp-image-7559 aligncenter\" src=\"https:\/\/trading.hhg.vn\/wp-content\/uploads\/2026\/01\/Hansgrohe.jpg\" alt=\"\" width=\"606\" height=\"454\" \/>s\u1ea3n ph\u1ea9m Hansgrohe \u0111\u01b0\u1ee3c ph\u00e1t tri\u1ec3n d\u1ef1a tr\u00ean tri\u1ebft l\u00fd thi\u1ebft k\u1ebf tinh gi\u1ea3n, t\u1eadp trung v\u00e0o t\u1ef7 l\u1ec7, c\u00f4ng n\u0103ng v\u00e0 c\u1ea3m gi\u00e1c s\u1eed d\u1ee5ng l\u00e2u d\u00e0i. Ng\u00f4n ng\u1eef thi\u1ebft k\u1ebf \u0111a d\u1ea1ng t\u1eeb tr\u00f2n m\u1ec1m \u0111\u1ebfn h\u00ecnh kh\u1ed1i r\u00f5 n\u00e9t, nh\u01b0ng lu\u00f4n th\u1ed1ng nh\u1ea5t \u1edf s\u1ef1 g\u1ecdn g\u00e0ng, li\u1ec1n m\u1ea1ch v\u00e0 d\u1ec5 k\u1ebft h\u1ee3p v\u1edbi nhi\u1ec1u phong c\u00e1ch ki\u1ebfn tr\u00fac. M\u1ed7i chi ti\u1ebft \u0111\u1ec1u \u0111\u01b0\u1ee3c c\u00e2n nh\u1eafc k\u1ef9 l\u01b0\u1ee1ng, t\u1eeb tay g\u1ea1t, n\u00fat b\u1ea5m \u0111\u1ebfn b\u1ec1 m\u1eb7t ho\u00e0n thi\u1ec7n, nh\u1eb1m mang l\u1ea1i tr\u1ea3i nghi\u1ec7m tr\u1ef1c quan v\u00e0 b\u1ec1n v\u1eefng theo th\u1eddi gian. Hansgrohe kh\u00f4ng ch\u1ec9 ch\u00fa tr\u1ecdng h\u00ecnh th\u1ee9c m\u00e0 c\u00f2n \u0111\u1eb7t hi\u1ec7u su\u1ea5t, \u0111\u1ed9 tin c\u1eady v\u00e0 tu\u1ed5i th\u1ecd s\u1ea3n ph\u1ea9m l\u00e0m gi\u00e1 tr\u1ecb c\u1ed1t l\u00f5i.<\/p>\n","protected":false},"excerpt":{"rendered":"<p>Porter Classic kh\u00f4ng ch\u1ec9 l\u00e0 gi\u00e1 \u0111\u1ee1 sen tay, m\u00e0 c\u00f2n l\u00e0 \u0111i\u1ec3m nh\u1ea5n tinh t\u1ebf cho kh\u00f4ng gian t\u1eafm \u0111\u1eb3ng c\u1ea5p. Thi\u1ebft k\u1ebf t\u1ed1i gi\u1ea3n m\u00e0 sang tr\u1ecdng, v\u1edbi \u0111\u01b0\u1eddng n\u00e9t m\u1ec1m m\u1ea1i v\u00e0 ch\u1ea5t li\u1ec7u cao c\u1ea5p, Porter Classic n\u00e2ng t\u1ea7m m\u1ecdi tr\u1ea3i nghi\u1ec7m. C\u00f4ng n\u0103ng v\u01b0\u1ee3t tr\u1ed9i cho ph\u00e9p \u0111i\u1ec1u ch\u1ec9nh linh ho\u1ea1t, gi\u1eef sen tay ch\u1eafc ch\u1eafn, mang \u0111\u1ebfn s\u1ef1 tho\u1ea3i m\u00e1i tuy\u1ec7t \u0111\u1ed1i. M\u1ed7i kho\u1ea3nh kh\u1eafc d\u01b0\u1edbi v\u00f2i sen nay tr\u1edf th\u00e0nh h\u00e0nh tr\u00ecnh th\u01b0 gi\u00e3n tr\u1ecdn v\u1eb9n, n\u01a1i ti\u1ec7n \u00edch h\u00f2a quy\u1ec7n c\u00f9ng ngh\u1ec7 thu\u1eadt.<\/p>\n","protected":false},"featured_media":143915,"comment_status":"open","ping_status":"closed","template":"","meta":{"_acf_changed":false},"product_cat":[887],"product_tag":[],"class_list":{"0":"post-143917","1":"product","2":"type-product","3":"status-publish","4":"has-post-thumbnail","6":"product_cat-phu-kien-di-kem","8":"first","9":"onbackorder","10":"shipping-taxable","11":"purchasable","12":"product-type-simple"},"acf":[],"featured_media_urls":{"thumbnail":["https:\/\/trading.hhg.vn\/wp-content\/uploads\/2026\/01\/154__hpu60313_tif-150x150.png",150,150,true],"medium":["https:\/\/trading.hhg.vn\/wp-content\/uploads\/2026\/01\/154__hpu60313_tif-263x300.png",263,300,true],"medium_large":["https:\/\/trading.hhg.vn\/wp-content\/uploads\/2026\/01\/154__hpu60313_tif-768x878.png",768,878,true],"large":["https:\/\/trading.hhg.vn\/wp-content\/uploads\/2026\/01\/154__hpu60313_tif-896x1024.png",896,1024,true],"1536x1536":["https:\/\/trading.hhg.vn\/wp-content\/uploads\/2026\/01\/154__hpu60313_tif.png",1113,1272,false],"2048x2048":["https:\/\/trading.hhg.vn\/wp-content\/uploads\/2026\/01\/154__hpu60313_tif.png",1113,1272,false],"woocommerce_thumbnail":["https:\/\/trading.hhg.vn\/wp-content\/uploads\/2026\/01\/154__hpu60313_tif-600x600.png",600,600,true],"woocommerce_single":["https:\/\/trading.hhg.vn\/wp-content\/uploads\/2026\/01\/154__hpu60313_tif.png",1113,1272,false],"woocommerce_gallery_thumbnail":["https:\/\/trading.hhg.vn\/wp-content\/uploads\/2026\/01\/154__hpu60313_tif-150x171.png",150,171,true],"portfolio_item-thumbnail":["https:\/\/trading.hhg.vn\/wp-content\/uploads\/2026\/01\/154__hpu60313_tif.png",350,400,false],"portfolio_item-thumbnail@2x":["https:\/\/trading.hhg.vn\/wp-content\/uploads\/2026\/01\/154__hpu60313_tif.png",700,800,false],"portfolio_item-masonry":["https:\/\/trading.hhg.vn\/wp-content\/uploads\/2026\/01\/154__hpu60313_tif.png",600,686,false],"portfolio_item-masonry@2x":["https:\/\/trading.hhg.vn\/wp-content\/uploads\/2026\/01\/154__hpu60313_tif.png",1113,1272,false],"portfolio_item-thumbnail_cinema":["https:\/\/trading.hhg.vn\/wp-content\/uploads\/2026\/01\/154__hpu60313_tif.png",293,335,false],"portfolio_item-thumbnail_portrait":["https:\/\/trading.hhg.vn\/wp-content\/uploads\/2026\/01\/154__hpu60313_tif.png",600,686,false],"portfolio_item-thumbnail_portrait@2x":["https:\/\/trading.hhg.vn\/wp-content\/uploads\/2026\/01\/154__hpu60313_tif.png",1113,1272,false],"portfolio_item-thumbnail_square":["https:\/\/trading.hhg.vn\/wp-content\/uploads\/2026\/01\/154__hpu60313_tif.png",700,800,false]},"_links":{"self":[{"href":"https:\/\/trading.hhg.vn\/en\/wp-json\/wp\/v2\/product\/143917","targetHints":{"allow":["GET"]}}],"collection":[{"href":"https:\/\/trading.hhg.vn\/en\/wp-json\/wp\/v2\/product"}],"about":[{"href":"https:\/\/trading.hhg.vn\/en\/wp-json\/wp\/v2\/types\/product"}],"replies":[{"embeddable":true,"href":"https:\/\/trading.hhg.vn\/en\/wp-json\/wp\/v2\/comments?post=143917"}],"version-history":[{"count":2,"href":"https:\/\/trading.hhg.vn\/en\/wp-json\/wp\/v2\/product\/143917\/revisions"}],"predecessor-version":[{"id":146955,"href":"https:\/\/trading.hhg.vn\/en\/wp-json\/wp\/v2\/product\/143917\/revisions\/146955"}],"wp:featuredmedia":[{"embeddable":true,"href":"https:\/\/trading.hhg.vn\/en\/wp-json\/wp\/v2\/media\/143915"}],"wp:attachment":[{"href":"https:\/\/trading.hhg.vn\/en\/wp-json\/wp\/v2\/media?parent=143917"}],"wp:term":[{"taxonomy":"product_cat","embeddable":true,"href":"https:\/\/trading.hhg.vn\/en\/wp-json\/wp\/v2\/product_cat?post=143917"},{"taxonomy":"product_tag","embeddable":true,"href":"https:\/\/trading.hhg.vn\/en\/wp-json\/wp\/v2\/product_tag?post=143917"}],"curies":[{"name":"wp","href":"https:\/\/api.w.org\/{rel}","templated":true}]}}