{"id":143987,"date":"2026-01-09T07:16:33","date_gmt":"2026-01-09T00:16:33","guid":{"rendered":"https:\/\/trading.hhg.vn\/product\/bo-hoan-thien-voi-xa-bon-exafill\/"},"modified":"2026-01-14T12:55:56","modified_gmt":"2026-01-14T05:55:56","slug":"bo-hoan-thien-voi-xa-bon-exafill","status":"publish","type":"product","link":"https:\/\/trading.hhg.vn\/en\/s\u1ea3n-ph\u1ea9m\/bo-hoan-thien-voi-xa-bon-exafill\/","title":{"rendered":"B\u1ed9 ho\u00e0n thi\u1ec7n v\u00f2i x\u1ea3 b\u1ed3n Exafill"},"content":{"rendered":"<p><img fetchpriority=\"high\" decoding=\"async\" class=\"alignnone wp-image-7559 aligncenter\" src=\"https:\/\/trading.hhg.vn\/wp-content\/uploads\/2026\/01\/Exafill.jpg\" alt=\"\" width=\"606\" height=\"454\" \/>Exafill \u0111\u01b0\u1ee3c thi\u1ebft k\u1ebf theo tinh th\u1ea7n t\u1ed1i gi\u1ea3n v\u00e0 \u0111\u1ed3ng b\u1ed9, k\u1ebft h\u1ee3p h\u00e0i h\u00f2a gi\u1eefa ch\u1ee9c n\u0103ng x\u1ea3 tr\u00e0n, x\u1ea3 n\u01b0\u1edbc v\u00e0 c\u1ea5p n\u01b0\u1edbc cho b\u1ed3n t\u1eafm trong m\u1ed9t h\u1ec7 th\u1ed1ng duy nh\u1ea5t. C\u00e1c chi ti\u1ebft \u0111\u01b0\u1ee3c x\u1eed l\u00fd g\u1ecdn g\u00e0ng, li\u1ec1n m\u1ea1ch, gi\u00fap b\u1ec1 m\u1eb7t b\u1ed3n t\u1eafm lu\u00f4n s\u1ea1ch s\u1ebd v\u00e0 tinh gi\u1ea3n v\u1ec1 th\u1ecb gi\u00e1c. Thi\u1ebft k\u1ebf ph\u1eb3ng, tinh t\u1ebf cho ph\u00e9p Exafill d\u1ec5 d\u00e0ng k\u1ebft h\u1ee3p v\u1edbi nhi\u1ec1u phong c\u00e1ch ph\u00f2ng t\u1eafm, t\u1eeb hi\u1ec7n \u0111\u1ea1i \u0111\u1ebfn cao c\u1ea5p.<\/p>\n<p>V\u1ec1 k\u1ef9 thu\u1eadt v\u00e0 v\u1eadt li\u1ec7u, Exafill s\u1eed d\u1ee5ng kim lo\u1ea1i ch\u1ea5t l\u01b0\u1ee3ng cao cho c\u00e1c b\u1ed9 ph\u1eadn ch\u1ecbu l\u1ef1c v\u00e0 d\u00f2ng ch\u1ea3y, \u0111\u1ea3m b\u1ea3o \u0111\u1ed9 b\u1ec1n v\u00e0 kh\u1ea3 n\u0103ng v\u1eadn h\u00e0nh \u1ed5n \u0111\u1ecbnh l\u00e2u d\u00e0i. B\u1ec1 m\u1eb7t ho\u00e0n thi\u1ec7n chrome s\u00e1ng b\u00f3ng ho\u1eb7c c\u00e1c l\u1edbp ph\u1ee7 cao c\u1ea5p mang l\u1ea1i kh\u1ea3 n\u0103ng ch\u1ed1ng \u0103n m\u00f2n v\u00e0 d\u1ec5 v\u1ec7 sinh. H\u1ec7 th\u1ed1ng d\u1eabn n\u01b0\u1edbc \u0111\u01b0\u1ee3c thi\u1ebft k\u1ebf ch\u00ednh x\u00e1c, cho d\u00f2ng n\u01b0\u1edbc \u00eam v\u00e0 \u0111\u1ec1u khi c\u1ea5p n\u01b0\u1edbc v\u00e0o b\u1ed3n, \u0111\u1ed3ng th\u1eddi \u0111\u1ea3m b\u1ea3o ch\u1ee9c n\u0103ng x\u1ea3 tr\u00e0n an to\u00e0n, k\u00edn kh\u00edt v\u00e0 \u0111\u00e1ng tin c\u1eady trong qu\u00e1 tr\u00ecnh s\u1eed d\u1ee5ng.<\/p>\n","protected":false},"excerpt":{"rendered":"<p>Exafill \u2013 b\u1ed9 ho\u00e0n thi\u1ec7n v\u00f2i x\u1ea3 b\u1ed3n cao c\u1ea5p, ki\u1ebfn t\u1ea1o tr\u1ea3i nghi\u1ec7m th\u01b0 th\u00e1i tuy\u1ec7t \u0111\u1ed1i. V\u1edbi thi\u1ebft k\u1ebf tinh x\u1ea3o, \u0111\u01b0\u1eddng n\u00e9t m\u1ec1m m\u1ea1i v\u00e0 b\u1ec1 m\u1eb7t ho\u00e0n thi\u1ec7n ho\u00e0n h\u1ea3o, Exafill n\u00e2ng t\u1ea7m kh\u00f4ng gian ph\u00f2ng t\u1eafm, bi\u1ebfn vi\u1ec7c x\u1ea3 n\u01b0\u1edbc \u0111\u01a1n thu\u1ea7n th\u00e0nh m\u1ed9t nghi th\u1ee9c \u0111\u1ea7y phong c\u00e1ch. C\u00f4ng n\u0103ng v\u01b0\u1ee3t tr\u1ed9i mang \u0111\u1ebfn d\u00f2ng ch\u1ea3y \u00eam \u00e1i, m\u1ea1nh m\u1ebd, l\u1ea5p \u0111\u1ea7y b\u1ed3n t\u1eafm ch\u1ec9 trong t\u00edch t\u1eafc, \u0111\u1ed3ng th\u1eddi t\u1ed1i \u01b0u h\u00f3a vi\u1ec7c s\u1eed d\u1ee5ng n\u01b0\u1edbc. M\u1ed7i kho\u1ea3nh kh\u1eafc ch\u1ea1m v\u00e0o Exafill l\u00e0 m\u1ed9t l\u1eddi kh\u1eb3ng \u0111\u1ecbnh cho gu th\u1ea9m m\u1ef9 tinh t\u1ebf v\u00e0 kh\u00e1t khao t\u1eadn h\u01b0\u1edfng cu\u1ed9c s\u1ed1ng tr\u1ecdn v\u1eb9n.<\/p>\n","protected":false},"featured_media":143985,"comment_status":"open","ping_status":"closed","template":"","meta":{"_acf_changed":false},"product_cat":[855],"product_tag":[],"class_list":{"0":"post-143987","1":"product","2":"type-product","3":"status-publish","4":"has-post-thumbnail","6":"product_cat-bo-xa-bon-tam","8":"first","9":"onbackorder","10":"shipping-taxable","11":"purchasable","12":"product-type-simple"},"acf":[],"featured_media_urls":{"thumbnail":["https:\/\/trading.hhg.vn\/wp-content\/uploads\/2026\/01\/154__hpa00770_tif-150x150.png",150,150,true],"medium":["https:\/\/trading.hhg.vn\/wp-content\/uploads\/2026\/01\/154__hpa00770_tif-262x300.png",262,300,true],"medium_large":["https:\/\/trading.hhg.vn\/wp-content\/uploads\/2026\/01\/154__hpa00770_tif-768x878.png",768,878,true],"large":["https:\/\/trading.hhg.vn\/wp-content\/uploads\/2026\/01\/154__hpa00770_tif.png",789,902,false],"1536x1536":["https:\/\/trading.hhg.vn\/wp-content\/uploads\/2026\/01\/154__hpa00770_tif.png",789,902,false],"2048x2048":["https:\/\/trading.hhg.vn\/wp-content\/uploads\/2026\/01\/154__hpa00770_tif.png",789,902,false],"woocommerce_thumbnail":["https:\/\/trading.hhg.vn\/wp-content\/uploads\/2026\/01\/154__hpa00770_tif-600x600.png",600,600,true],"woocommerce_single":["https:\/\/trading.hhg.vn\/wp-content\/uploads\/2026\/01\/154__hpa00770_tif.png",789,902,false],"woocommerce_gallery_thumbnail":["https:\/\/trading.hhg.vn\/wp-content\/uploads\/2026\/01\/154__hpa00770_tif-150x171.png",150,171,true],"portfolio_item-thumbnail":["https:\/\/trading.hhg.vn\/wp-content\/uploads\/2026\/01\/154__hpa00770_tif.png",350,400,false],"portfolio_item-thumbnail@2x":["https:\/\/trading.hhg.vn\/wp-content\/uploads\/2026\/01\/154__hpa00770_tif.png",700,800,false],"portfolio_item-masonry":["https:\/\/trading.hhg.vn\/wp-content\/uploads\/2026\/01\/154__hpa00770_tif.png",600,686,false],"portfolio_item-masonry@2x":["https:\/\/trading.hhg.vn\/wp-content\/uploads\/2026\/01\/154__hpa00770_tif.png",789,902,false],"portfolio_item-thumbnail_cinema":["https:\/\/trading.hhg.vn\/wp-content\/uploads\/2026\/01\/154__hpa00770_tif.png",293,335,false],"portfolio_item-thumbnail_portrait":["https:\/\/trading.hhg.vn\/wp-content\/uploads\/2026\/01\/154__hpa00770_tif.png",600,686,false],"portfolio_item-thumbnail_portrait@2x":["https:\/\/trading.hhg.vn\/wp-content\/uploads\/2026\/01\/154__hpa00770_tif.png",789,902,false],"portfolio_item-thumbnail_square":["https:\/\/trading.hhg.vn\/wp-content\/uploads\/2026\/01\/154__hpa00770_tif.png",700,800,false]},"_links":{"self":[{"href":"https:\/\/trading.hhg.vn\/en\/wp-json\/wp\/v2\/product\/143987","targetHints":{"allow":["GET"]}}],"collection":[{"href":"https:\/\/trading.hhg.vn\/en\/wp-json\/wp\/v2\/product"}],"about":[{"href":"https:\/\/trading.hhg.vn\/en\/wp-json\/wp\/v2\/types\/product"}],"replies":[{"embeddable":true,"href":"https:\/\/trading.hhg.vn\/en\/wp-json\/wp\/v2\/comments?post=143987"}],"version-history":[{"count":2,"href":"https:\/\/trading.hhg.vn\/en\/wp-json\/wp\/v2\/product\/143987\/revisions"}],"predecessor-version":[{"id":146919,"href":"https:\/\/trading.hhg.vn\/en\/wp-json\/wp\/v2\/product\/143987\/revisions\/146919"}],"wp:featuredmedia":[{"embeddable":true,"href":"https:\/\/trading.hhg.vn\/en\/wp-json\/wp\/v2\/media\/143985"}],"wp:attachment":[{"href":"https:\/\/trading.hhg.vn\/en\/wp-json\/wp\/v2\/media?parent=143987"}],"wp:term":[{"taxonomy":"product_cat","embeddable":true,"href":"https:\/\/trading.hhg.vn\/en\/wp-json\/wp\/v2\/product_cat?post=143987"},{"taxonomy":"product_tag","embeddable":true,"href":"https:\/\/trading.hhg.vn\/en\/wp-json\/wp\/v2\/product_tag?post=143987"}],"curies":[{"name":"wp","href":"https:\/\/api.w.org\/{rel}","templated":true}]}}