{"id":144099,"date":"2026-01-09T07:20:35","date_gmt":"2026-01-09T00:20:35","guid":{"rendered":"https:\/\/trading.hhg.vn\/?post_type=product&#038;p=144099"},"modified":"2026-01-14T12:55:57","modified_gmt":"2026-01-14T05:55:57","slug":"bo-hoan-thien-voi-xa-bon-kem-bo-xa-va-chong-tran-exafill-s","status":"publish","type":"product","link":"https:\/\/trading.hhg.vn\/en\/s\u1ea3n-ph\u1ea9m\/bo-hoan-thien-voi-xa-bon-kem-bo-xa-va-chong-tran-exafill-s\/","title":{"rendered":"B\u1ed9 ho\u00e0n thi\u1ec7n v\u00f2i x\u1ea3 b\u1ed3n k\u00e8m b\u1ed9 x\u1ea3 v\u00e0 ch\u1ed1ng tr\u00e0n  Exafill S"},"content":{"rendered":"<p><img fetchpriority=\"high\" decoding=\"async\" class=\"alignnone wp-image-7559 aligncenter\" src=\"https:\/\/trading.hhg.vn\/wp-content\/uploads\/2026\/01\/Exafill-S.jpg\" alt=\"\" width=\"606\" height=\"454\" \/>Exafill S \u0111\u01b0\u1ee3c thi\u1ebft k\u1ebf nh\u01b0 m\u1ed9t gi\u1ea3i ph\u00e1p \u00e2m b\u1ed3n t\u1eafm t\u1ed1i gi\u1ea3n, gi\u00fap gi\u1eef tr\u1ecdn v\u1ebb g\u1ecdn g\u00e0ng v\u00e0 li\u1ec1n m\u1ea1ch cho kh\u00f4ng gian ph\u00f2ng t\u1eafm. N\u1eafp x\u1ea3 v\u00e0 mi\u1ec7ng c\u1ea5p n\u01b0\u1edbc \u0111\u01b0\u1ee3c t\u00edch h\u1ee3p trong m\u1ed9t c\u1ee5m ph\u1eb3ng, h\u00ecnh tr\u00f2n c\u00e2n \u0111\u1ed1i, t\u1ea1o \u0111i\u1ec3m nh\u1ea5n tinh t\u1ebf m\u00e0 kh\u00f4ng l\u00e0m gi\u00e1n \u0111o\u1ea1n t\u1ed5ng th\u1ec3 thi\u1ebft k\u1ebf. Ng\u00f4n ng\u1eef h\u00ecnh h\u1ecdc m\u1ec1m m\u1ea1i gi\u00fap Exafill S d\u1ec5 d\u00e0ng k\u1ebft h\u1ee3p v\u1edbi nhi\u1ec1u phong c\u00e1ch b\u1ed3n t\u1eafm v\u00e0 b\u1ed9 tr\u1ed9n kh\u00e1c nhau.<\/p>\n<p>Exafill S s\u1eed d\u1ee5ng \u0111\u1ed3ng thau cao c\u1ea5p k\u1ebft h\u1ee3p c\u00e1c chi ti\u1ebft kim lo\u1ea1i b\u1ec1n ch\u1eafc, \u0111\u1ea3m b\u1ea3o \u0111\u1ed9 \u1ed5n \u0111\u1ecbnh v\u00e0 tu\u1ed5i th\u1ecd l\u00e2u d\u00e0i trong m\u00f4i tr\u01b0\u1eddng \u1ea9m. B\u1ec1 m\u1eb7t chrome s\u00e1ng b\u00f3ng ho\u1eb7c ho\u00e0n thi\u1ec7n m\u00e0u hi\u1ec7n \u0111\u1ea1i c\u00f3 kh\u1ea3 n\u0103ng ch\u1ed1ng \u0103n m\u00f2n v\u00e0 d\u1ec5 v\u1ec7 sinh. C\u01a1 c\u1ea5u c\u1ea5p n\u01b0\u1edbc \u0111\u01b0\u1ee3c thi\u1ebft k\u1ebf \u0111\u1ec3 d\u00f2ng ch\u1ea3y \u00eam, \u0111\u1ec1u, trong khi n\u1eafp x\u1ea3 \u0111\u00f3ng\/m\u1edf ch\u00ednh x\u00e1c v\u00e0 nh\u1eb9 nh\u00e0ng. T\u1eebng chi ti\u1ebft c\u1ee7a Exafill S \u0111\u01b0\u1ee3c ho\u00e0n thi\u1ec7n theo ti\u00eau chu\u1ea9n hansgrohe, mang l\u1ea1i t\u00ednh th\u1ea9m m\u1ef9 cao, v\u1eadn h\u00e0nh tin c\u1eady v\u00e0 s\u1ef1 ti\u1ec7n nghi l\u00e2u d\u00e0i<\/p>\n","protected":false},"excerpt":{"rendered":"<p>Exafill S kh\u00f4ng ch\u1ec9 l\u00e0 b\u1ed9 ho\u00e0n thi\u1ec7n v\u00f2i x\u1ea3 b\u1ed3n, m\u00e0 l\u00e0 tuy\u00ean ng\u00f4n c\u1ee7a s\u1ef1 tinh t\u1ebf. V\u1edbi thi\u1ebft k\u1ebf t\u1ed1i gi\u1ea3n \u0111\u1ea7y m\u00ea ho\u1eb7c, t\u1eebng \u0111\u01b0\u1eddng n\u00e9t \u0111\u1ec1u ph\u1ea3n \u00e1nh phong c\u00e1ch s\u1ed1ng hi\u1ec7n \u0111\u1ea1i, n\u00e2ng t\u1ea7m kh\u00f4ng gian ph\u00f2ng t\u1eafm. T\u00edch h\u1ee3p tr\u1ecdn v\u1eb9n c\u00f4ng n\u0103ng x\u1ea3 v\u00e0 ch\u1ed1ng tr\u00e0n, Exafill S mang \u0111\u1ebfn tr\u1ea3i nghi\u1ec7m s\u1eed d\u1ee5ng li\u1ec1n m\u1ea1ch, ti\u1ec7n nghi v\u00e0 an t\u00e2m tuy\u1ec7t \u0111\u1ed1i. C\u1ea3m nh\u1eadn s\u1ef1 \u00eam \u00e1i, m\u01b0\u1ee3t m\u00e0 trong t\u1eebng thao t\u00e1c, \u0111\u1ec3 m\u1ed7i kho\u1ea3nh kh\u1eafc th\u01b0 gi\u00e3n tr\u1edf n\u00ean ho\u00e0n h\u1ea3o, m\u1ed9t b\u1ea3n giao h\u01b0\u1edfng c\u1ee7a s\u1ef1 ti\u1ec7n nghi v\u00e0 \u0111\u1eb3ng c\u1ea5p.<\/p>\n","protected":false},"featured_media":144113,"comment_status":"open","ping_status":"closed","template":"","meta":{"_acf_changed":false},"product_cat":[855],"product_tag":[],"class_list":{"0":"post-144099","1":"product","2":"type-product","3":"status-publish","4":"has-post-thumbnail","6":"product_cat-bo-xa-bon-tam","7":"pa_mau-sac-niken-xuoc","9":"first","10":"onbackorder","11":"shipping-taxable","12":"product-type-variable"},"acf":[],"featured_media_urls":{"thumbnail":["https:\/\/trading.hhg.vn\/wp-content\/uploads\/2026\/01\/153__azb00218_tif-150x150.png",150,150,true],"medium":["https:\/\/trading.hhg.vn\/wp-content\/uploads\/2026\/01\/153__azb00218_tif-262x300.png",262,300,true],"medium_large":["https:\/\/trading.hhg.vn\/wp-content\/uploads\/2026\/01\/153__azb00218_tif-768x878.png",768,878,true],"large":["https:\/\/trading.hhg.vn\/wp-content\/uploads\/2026\/01\/153__azb00218_tif-896x1024.png",896,1024,true],"1536x1536":["https:\/\/trading.hhg.vn\/wp-content\/uploads\/2026\/01\/153__azb00218_tif-1344x1536.png",1344,1536,true],"2048x2048":["https:\/\/trading.hhg.vn\/wp-content\/uploads\/2026\/01\/153__azb00218_tif.png",1440,1646,false],"woocommerce_thumbnail":["https:\/\/trading.hhg.vn\/wp-content\/uploads\/2026\/01\/153__azb00218_tif-600x600.png",600,600,true],"woocommerce_single":["https:\/\/trading.hhg.vn\/wp-content\/uploads\/2026\/01\/153__azb00218_tif-1200x1372.png",1200,1372,true],"woocommerce_gallery_thumbnail":["https:\/\/trading.hhg.vn\/wp-content\/uploads\/2026\/01\/153__azb00218_tif-150x171.png",150,171,true],"portfolio_item-thumbnail":["https:\/\/trading.hhg.vn\/wp-content\/uploads\/2026\/01\/153__azb00218_tif.png",350,400,false],"portfolio_item-thumbnail@2x":["https:\/\/trading.hhg.vn\/wp-content\/uploads\/2026\/01\/153__azb00218_tif.png",700,800,false],"portfolio_item-masonry":["https:\/\/trading.hhg.vn\/wp-content\/uploads\/2026\/01\/153__azb00218_tif.png",600,686,false],"portfolio_item-masonry@2x":["https:\/\/trading.hhg.vn\/wp-content\/uploads\/2026\/01\/153__azb00218_tif.png",1200,1372,false],"portfolio_item-thumbnail_cinema":["https:\/\/trading.hhg.vn\/wp-content\/uploads\/2026\/01\/153__azb00218_tif.png",293,335,false],"portfolio_item-thumbnail_portrait":["https:\/\/trading.hhg.vn\/wp-content\/uploads\/2026\/01\/153__azb00218_tif.png",600,686,false],"portfolio_item-thumbnail_portrait@2x":["https:\/\/trading.hhg.vn\/wp-content\/uploads\/2026\/01\/153__azb00218_tif.png",1200,1372,false],"portfolio_item-thumbnail_square":["https:\/\/trading.hhg.vn\/wp-content\/uploads\/2026\/01\/153__azb00218_tif.png",700,800,false]},"_links":{"self":[{"href":"https:\/\/trading.hhg.vn\/en\/wp-json\/wp\/v2\/product\/144099","targetHints":{"allow":["GET"]}}],"collection":[{"href":"https:\/\/trading.hhg.vn\/en\/wp-json\/wp\/v2\/product"}],"about":[{"href":"https:\/\/trading.hhg.vn\/en\/wp-json\/wp\/v2\/types\/product"}],"replies":[{"embeddable":true,"href":"https:\/\/trading.hhg.vn\/en\/wp-json\/wp\/v2\/comments?post=144099"}],"version-history":[{"count":2,"href":"https:\/\/trading.hhg.vn\/en\/wp-json\/wp\/v2\/product\/144099\/revisions"}],"predecessor-version":[{"id":147021,"href":"https:\/\/trading.hhg.vn\/en\/wp-json\/wp\/v2\/product\/144099\/revisions\/147021"}],"wp:featuredmedia":[{"embeddable":true,"href":"https:\/\/trading.hhg.vn\/en\/wp-json\/wp\/v2\/media\/144113"}],"wp:attachment":[{"href":"https:\/\/trading.hhg.vn\/en\/wp-json\/wp\/v2\/media?parent=144099"}],"wp:term":[{"taxonomy":"product_cat","embeddable":true,"href":"https:\/\/trading.hhg.vn\/en\/wp-json\/wp\/v2\/product_cat?post=144099"},{"taxonomy":"product_tag","embeddable":true,"href":"https:\/\/trading.hhg.vn\/en\/wp-json\/wp\/v2\/product_tag?post=144099"}],"curies":[{"name":"wp","href":"https:\/\/api.w.org\/{rel}","templated":true}]}}