{"id":144290,"date":"2026-01-09T07:41:48","date_gmt":"2026-01-09T00:41:48","guid":{"rendered":"https:\/\/trading.hhg.vn\/product\/gia-do-sen-tay\/"},"modified":"2026-01-14T12:55:52","modified_gmt":"2026-01-14T05:55:52","slug":"gia-do-sen-tay","status":"publish","type":"product","link":"https:\/\/trading.hhg.vn\/en\/s\u1ea3n-ph\u1ea9m\/gia-do-sen-tay\/","title":{"rendered":"Gi\u00e1 \u0111\u1ee1 sen tay"},"content":{"rendered":"","protected":false},"excerpt":{"rendered":"<p>Ki\u1ec7t t\u00e1c t\u1ed1i gi\u1ea3n cho kh\u00f4ng gian ph\u00f2ng t\u1eafm tinh t\u1ebf. Gi\u00e1 \u0111\u1ee1 sen tay kh\u00f4ng ch\u1ec9 l\u00e0 ph\u1ee5 ki\u1ec7n, m\u00e0 c\u00f2n l\u00e0 \u0111i\u1ec3m nh\u1ea5n ki\u1ebfn tr\u00fac, n\u00e2ng t\u1ea7m tr\u1ea3i nghi\u1ec7m th\u01b0 gi\u00e3n c\u1ee7a b\u1ea1n. Thi\u1ebft k\u1ebf \u0111\u1ed9c \u0111\u00e1o, \u00f4m tr\u1ecdn \u0111\u01b0\u1eddng n\u00e9t sen t\u1eafm, mang \u0111\u1ebfn v\u1ebb \u0111\u1eb9p thanh l\u1ecbch v\u00e0 sang tr\u1ecdng. Ch\u1ea5t li\u1ec7u cao c\u1ea5p, b\u1ec1n b\u1ec9 c\u00f9ng th\u1eddi gian, \u0111\u1ea3m b\u1ea3o an to\u00e0n v\u00e0 v\u1eefng ch\u1eafc, cho ph\u00e9p b\u1ea1n t\u1eadn h\u01b0\u1edfng tr\u1ecdn v\u1eb9n t\u1eebng kho\u1ea3nh kh\u1eafc d\u01b0\u1edbi l\u00e0n n\u01b0\u1edbc.<\/p>\n","protected":false},"featured_media":144288,"comment_status":"open","ping_status":"closed","template":"","meta":{"_acf_changed":false},"product_cat":[887],"product_tag":[],"class_list":{"0":"post-144290","1":"product","2":"type-product","3":"status-publish","4":"has-post-thumbnail","6":"product_cat-phu-kien-di-kem","8":"first","9":"onbackorder","10":"shipping-taxable","11":"purchasable","12":"product-type-simple"},"acf":[],"featured_media_urls":{"thumbnail":["https:\/\/trading.hhg.vn\/wp-content\/uploads\/2026\/01\/154__apb01651_tif-150x150.png",150,150,true],"medium":["https:\/\/trading.hhg.vn\/wp-content\/uploads\/2026\/01\/154__apb01651_tif-263x300.png",263,300,true],"medium_large":["https:\/\/trading.hhg.vn\/wp-content\/uploads\/2026\/01\/154__apb01651_tif.png",686,784,false],"large":["https:\/\/trading.hhg.vn\/wp-content\/uploads\/2026\/01\/154__apb01651_tif.png",686,784,false],"1536x1536":["https:\/\/trading.hhg.vn\/wp-content\/uploads\/2026\/01\/154__apb01651_tif.png",686,784,false],"2048x2048":["https:\/\/trading.hhg.vn\/wp-content\/uploads\/2026\/01\/154__apb01651_tif.png",686,784,false],"woocommerce_thumbnail":["https:\/\/trading.hhg.vn\/wp-content\/uploads\/2026\/01\/154__apb01651_tif-600x600.png",600,600,true],"woocommerce_single":["https:\/\/trading.hhg.vn\/wp-content\/uploads\/2026\/01\/154__apb01651_tif.png",686,784,false],"woocommerce_gallery_thumbnail":["https:\/\/trading.hhg.vn\/wp-content\/uploads\/2026\/01\/154__apb01651_tif-150x171.png",150,171,true],"portfolio_item-thumbnail":["https:\/\/trading.hhg.vn\/wp-content\/uploads\/2026\/01\/154__apb01651_tif.png",350,400,false],"portfolio_item-thumbnail@2x":["https:\/\/trading.hhg.vn\/wp-content\/uploads\/2026\/01\/154__apb01651_tif.png",686,784,false],"portfolio_item-masonry":["https:\/\/trading.hhg.vn\/wp-content\/uploads\/2026\/01\/154__apb01651_tif.png",600,686,false],"portfolio_item-masonry@2x":["https:\/\/trading.hhg.vn\/wp-content\/uploads\/2026\/01\/154__apb01651_tif.png",686,784,false],"portfolio_item-thumbnail_cinema":["https:\/\/trading.hhg.vn\/wp-content\/uploads\/2026\/01\/154__apb01651_tif.png",293,335,false],"portfolio_item-thumbnail_portrait":["https:\/\/trading.hhg.vn\/wp-content\/uploads\/2026\/01\/154__apb01651_tif.png",600,686,false],"portfolio_item-thumbnail_portrait@2x":["https:\/\/trading.hhg.vn\/wp-content\/uploads\/2026\/01\/154__apb01651_tif.png",686,784,false],"portfolio_item-thumbnail_square":["https:\/\/trading.hhg.vn\/wp-content\/uploads\/2026\/01\/154__apb01651_tif.png",686,784,false]},"_links":{"self":[{"href":"https:\/\/trading.hhg.vn\/en\/wp-json\/wp\/v2\/product\/144290","targetHints":{"allow":["GET"]}}],"collection":[{"href":"https:\/\/trading.hhg.vn\/en\/wp-json\/wp\/v2\/product"}],"about":[{"href":"https:\/\/trading.hhg.vn\/en\/wp-json\/wp\/v2\/types\/product"}],"replies":[{"embeddable":true,"href":"https:\/\/trading.hhg.vn\/en\/wp-json\/wp\/v2\/comments?post=144290"}],"version-history":[{"count":1,"href":"https:\/\/trading.hhg.vn\/en\/wp-json\/wp\/v2\/product\/144290\/revisions"}],"predecessor-version":[{"id":146135,"href":"https:\/\/trading.hhg.vn\/en\/wp-json\/wp\/v2\/product\/144290\/revisions\/146135"}],"wp:featuredmedia":[{"embeddable":true,"href":"https:\/\/trading.hhg.vn\/en\/wp-json\/wp\/v2\/media\/144288"}],"wp:attachment":[{"href":"https:\/\/trading.hhg.vn\/en\/wp-json\/wp\/v2\/media?parent=144290"}],"wp:term":[{"taxonomy":"product_cat","embeddable":true,"href":"https:\/\/trading.hhg.vn\/en\/wp-json\/wp\/v2\/product_cat?post=144290"},{"taxonomy":"product_tag","embeddable":true,"href":"https:\/\/trading.hhg.vn\/en\/wp-json\/wp\/v2\/product_tag?post=144290"}],"curies":[{"name":"wp","href":"https:\/\/api.w.org\/{rel}","templated":true}]}}