{"id":144788,"date":"2026-01-09T08:33:34","date_gmt":"2026-01-09T01:33:34","guid":{"rendered":"https:\/\/trading.hhg.vn\/product\/bo-dieu-nhiet-sen-tam-gan-tuong-ecostat-universal\/"},"modified":"2026-01-14T12:55:30","modified_gmt":"2026-01-14T05:55:30","slug":"bo-dieu-nhiet-sen-tam-gan-tuong-ecostat-universal","status":"publish","type":"product","link":"https:\/\/trading.hhg.vn\/en\/s\u1ea3n-ph\u1ea9m\/bo-dieu-nhiet-sen-tam-gan-tuong-ecostat-universal\/","title":{"rendered":"B\u1ed9 \u0111i\u1ec1u nhi\u1ec7t sen t\u1eafm g\u1eafn t\u01b0\u1eddng Ecostat Universal"},"content":{"rendered":"<p><img fetchpriority=\"high\" decoding=\"async\" class=\"alignnone wp-image-7559 aligncenter\" src=\"https:\/\/trading.hhg.vn\/wp-content\/uploads\/2026\/01\/Ecostat-universal.jpg\" alt=\"\" width=\"606\" height=\"454\" \/>Ecostat Universal s\u1edf h\u1eefu thi\u1ebft k\u1ebf tinh gi\u1ea3n, c\u00e2n \u0111\u1ed1i v\u1edbi h\u00ecnh kh\u1ed1i r\u00f5 r\u00e0ng v\u00e0 b\u1ec1 m\u1eb7t g\u1ecdn g\u00e0ng, d\u1ec5 d\u00e0ng k\u1ebft h\u1ee3p v\u1edbi nhi\u1ec1u phong c\u00e1ch ph\u00f2ng t\u1eafm. B\u1ed1 c\u1ee5c \u0111i\u1ec1u khi\u1ec3n tr\u1ef1c quan v\u1edbi hai tay v\u1eb7n ri\u00eang bi\u1ec7t gi\u00fap thao t\u00e1c nhi\u1ec7t \u0111\u1ed9 v\u00e0 l\u01b0u l\u01b0\u1ee3ng ch\u00ednh x\u00e1c, mang l\u1ea1i tr\u1ea3i nghi\u1ec7m s\u1eed d\u1ee5ng an to\u00e0n v\u00e0 tho\u1ea3i m\u00e1i. Thi\u1ebft k\u1ebf t\u1eadp trung v\u00e0o t\u00ednh ph\u1ed5 qu\u00e1t, ph\u00f9 h\u1ee3p cho c\u1ea3 l\u1eafp m\u1edbi v\u00e0 c\u1ea3i t\u1ea1o.<\/p>\n<p>V\u1ec1 v\u1eadt li\u1ec7u v\u00e0 k\u1ef9 thu\u1eadt, Ecostat Universal \u0111\u01b0\u1ee3c ch\u1ebf t\u00e1c t\u1eeb \u0111\u1ed3ng thau cao c\u1ea5p, \u0111\u1ea3m b\u1ea3o \u0111\u1ed9 b\u1ec1n, kh\u1ea3 n\u0103ng ch\u1ecbu nhi\u1ec7t v\u00e0 v\u1eadn h\u00e0nh \u1ed5n \u0111\u1ecbnh l\u00e2u d\u00e0i. B\u00ean trong t\u00edch h\u1ee3p van nhi\u1ec7t t\u1ef1 c\u00e2n b\u1eb1ng, gi\u00fap duy tr\u00ec nhi\u1ec7t \u0111\u1ed9 n\u01b0\u1edbc \u1ed5n \u0111\u1ecbnh ngay c\u1ea3 khi \u00e1p l\u1ef1c thay \u0111\u1ed5i, \u0111\u1ed3ng th\u1eddi b\u1ea3o v\u1ec7 ch\u1ed1ng b\u1ecfng v\u1edbi ch\u1ee9c n\u0103ng gi\u1edbi h\u1ea1n an to\u00e0n.<\/p>\n","protected":false},"excerpt":{"rendered":"<p>Ecostat Universal l\u00e0 tuy\u1ec7t t\u00e1c thi\u1ebft k\u1ebf t\u1ed1i gi\u1ea3n, \u00f4m tr\u1ecdn c\u00f4ng ngh\u1ec7 \u0111i\u1ec1u nhi\u1ec7t \u0111\u1ec9nh cao. T\u1eebng \u0111\u01b0\u1eddng n\u00e9t tinh x\u1ea3o h\u00f2a quy\u1ec7n c\u00f9ng ch\u1ea5t li\u1ec7u cao c\u1ea5p, t\u1ea1o n\u00ean \u0111i\u1ec3m nh\u1ea5n sang tr\u1ecdng cho kh\u00f4ng gian ph\u00f2ng t\u1eafm. Tr\u1ea3i nghi\u1ec7m s\u1eed d\u1ee5ng m\u01b0\u1ee3t m\u00e0, ch\u00ednh x\u00e1c \u0111\u1ebfn t\u1eebng \u0111\u1ed9 C, gi\u00fap b\u1ea1n t\u1eadn h\u01b0\u1edfng d\u00f2ng n\u01b0\u1edbc l\u00fd t\u01b0\u1edfng ch\u1ec9 v\u1edbi m\u1ed9t ch\u1ea1m. Ecostat Universal kh\u00f4ng ch\u1ec9 l\u00e0 thi\u1ebft b\u1ecb, m\u00e0 l\u00e0 ngh\u1ec7 thu\u1eadt n\u00e2ng t\u1ea7m kho\u1ea3nh kh\u1eafc th\u01b0 gi\u00e3n m\u1ed7i ng\u00e0y.<\/p>\n","protected":false},"featured_media":144786,"comment_status":"open","ping_status":"closed","template":"","meta":{"_acf_changed":false},"product_cat":[847],"product_tag":[],"class_list":{"0":"post-144788","1":"product","2":"type-product","3":"status-publish","4":"has-post-thumbnail","6":"product_cat-bo-dieu-nhiet-2","7":"pa_mau-sac-chrome","9":"first","10":"onbackorder","11":"shipping-taxable","12":"purchasable","13":"product-type-simple"},"acf":[],"featured_media_urls":{"thumbnail":["https:\/\/trading.hhg.vn\/wp-content\/uploads\/2026\/01\/154__hpa01350_TIF-150x150.png",150,150,true],"medium":["https:\/\/trading.hhg.vn\/wp-content\/uploads\/2026\/01\/154__hpa01350_TIF-262x300.png",262,300,true],"medium_large":["https:\/\/trading.hhg.vn\/wp-content\/uploads\/2026\/01\/154__hpa01350_TIF-768x878.png",768,878,true],"large":["https:\/\/trading.hhg.vn\/wp-content\/uploads\/2026\/01\/154__hpa01350_TIF-896x1024.png",896,1024,true],"1536x1536":["https:\/\/trading.hhg.vn\/wp-content\/uploads\/2026\/01\/154__hpa01350_TIF-1344x1536.png",1344,1536,true],"2048x2048":["https:\/\/trading.hhg.vn\/wp-content\/uploads\/2026\/01\/154__hpa01350_TIF.png",1497,1711,false],"woocommerce_thumbnail":["https:\/\/trading.hhg.vn\/wp-content\/uploads\/2026\/01\/154__hpa01350_TIF-600x600.png",600,600,true],"woocommerce_single":["https:\/\/trading.hhg.vn\/wp-content\/uploads\/2026\/01\/154__hpa01350_TIF-1200x1372.png",1200,1372,true],"woocommerce_gallery_thumbnail":["https:\/\/trading.hhg.vn\/wp-content\/uploads\/2026\/01\/154__hpa01350_TIF-150x171.png",150,171,true],"portfolio_item-thumbnail":["https:\/\/trading.hhg.vn\/wp-content\/uploads\/2026\/01\/154__hpa01350_TIF.png",350,400,false],"portfolio_item-thumbnail@2x":["https:\/\/trading.hhg.vn\/wp-content\/uploads\/2026\/01\/154__hpa01350_TIF.png",700,800,false],"portfolio_item-masonry":["https:\/\/trading.hhg.vn\/wp-content\/uploads\/2026\/01\/154__hpa01350_TIF.png",600,686,false],"portfolio_item-masonry@2x":["https:\/\/trading.hhg.vn\/wp-content\/uploads\/2026\/01\/154__hpa01350_TIF.png",1200,1372,false],"portfolio_item-thumbnail_cinema":["https:\/\/trading.hhg.vn\/wp-content\/uploads\/2026\/01\/154__hpa01350_TIF.png",293,335,false],"portfolio_item-thumbnail_portrait":["https:\/\/trading.hhg.vn\/wp-content\/uploads\/2026\/01\/154__hpa01350_TIF.png",600,686,false],"portfolio_item-thumbnail_portrait@2x":["https:\/\/trading.hhg.vn\/wp-content\/uploads\/2026\/01\/154__hpa01350_TIF.png",1200,1372,false],"portfolio_item-thumbnail_square":["https:\/\/trading.hhg.vn\/wp-content\/uploads\/2026\/01\/154__hpa01350_TIF.png",700,800,false]},"_links":{"self":[{"href":"https:\/\/trading.hhg.vn\/en\/wp-json\/wp\/v2\/product\/144788","targetHints":{"allow":["GET"]}}],"collection":[{"href":"https:\/\/trading.hhg.vn\/en\/wp-json\/wp\/v2\/product"}],"about":[{"href":"https:\/\/trading.hhg.vn\/en\/wp-json\/wp\/v2\/types\/product"}],"replies":[{"embeddable":true,"href":"https:\/\/trading.hhg.vn\/en\/wp-json\/wp\/v2\/comments?post=144788"}],"version-history":[{"count":2,"href":"https:\/\/trading.hhg.vn\/en\/wp-json\/wp\/v2\/product\/144788\/revisions"}],"predecessor-version":[{"id":147047,"href":"https:\/\/trading.hhg.vn\/en\/wp-json\/wp\/v2\/product\/144788\/revisions\/147047"}],"wp:featuredmedia":[{"embeddable":true,"href":"https:\/\/trading.hhg.vn\/en\/wp-json\/wp\/v2\/media\/144786"}],"wp:attachment":[{"href":"https:\/\/trading.hhg.vn\/en\/wp-json\/wp\/v2\/media?parent=144788"}],"wp:term":[{"taxonomy":"product_cat","embeddable":true,"href":"https:\/\/trading.hhg.vn\/en\/wp-json\/wp\/v2\/product_cat?post=144788"},{"taxonomy":"product_tag","embeddable":true,"href":"https:\/\/trading.hhg.vn\/en\/wp-json\/wp\/v2\/product_tag?post=144788"}],"curies":[{"name":"wp","href":"https:\/\/api.w.org\/{rel}","templated":true}]}}