{"id":145199,"date":"2026-01-09T08:50:02","date_gmt":"2026-01-09T01:50:02","guid":{"rendered":"https:\/\/trading.hhg.vn\/product\/voi-lavabo-tay-gat-don-100-coolstart-kem-bo-xa-pop-up-logis-loop\/"},"modified":"2026-01-14T12:55:40","modified_gmt":"2026-01-14T05:55:40","slug":"voi-lavabo-tay-gat-don-100-coolstart-kem-bo-xa-pop-up-logis-loop","status":"publish","type":"product","link":"https:\/\/trading.hhg.vn\/en\/s\u1ea3n-ph\u1ea9m\/voi-lavabo-tay-gat-don-100-coolstart-kem-bo-xa-pop-up-logis-loop\/","title":{"rendered":"V\u00f2i lavabo tay g\u1ea1t \u0111\u01a1n 100 CoolStart k\u00e8m b\u1ed9 x\u1ea3 pop-up Logis Loop"},"content":{"rendered":"<p><img fetchpriority=\"high\" decoding=\"async\" class=\"alignnone wp-image-7559 aligncenter\" src=\"https:\/\/trading.hhg.vn\/wp-content\/uploads\/2026\/01\/Logis-Loop.jpg\" alt=\"\" width=\"606\" height=\"454\" \/>Logis Loop n\u1ed5i b\u1eadt v\u1edbi t\u1ea1o h\u00ecnh tr\u00f2n m\u1ec1m m\u1ea1i k\u1ebft h\u1ee3p th\u00e2n v\u00f2i thanh m\u1ea3nh, mang \u0111\u1ebfn c\u1ea3m gi\u00e1c h\u00e0i h\u00f2a v\u00e0 th\u00e2n thi\u1ec7n cho kh\u00f4ng gian ph\u00f2ng t\u1eafm hi\u1ec7n \u0111\u1ea1i. C\u00e1c \u0111\u01b0\u1eddng cong \u0111\u01b0\u1ee3c x\u1eed l\u00fd li\u1ec1n m\u1ea1ch, t\u1ef7 l\u1ec7 c\u00e2n \u0111\u1ed1i, gi\u00fap s\u1ea3n ph\u1ea9m d\u1ec5 d\u00e0ng ph\u1ed1i h\u1ee3p v\u1edbi nhi\u1ec1u ki\u1ec3u lavabo v\u00e0 phong c\u00e1ch n\u1ed9i th\u1ea5t. Thi\u1ebft k\u1ebf t\u1ed1i gi\u1ea3n nh\u01b0ng tinh t\u1ebf c\u1ee7a Logis Loop t\u1eadp trung v\u00e0o s\u1ef1 g\u1ecdn g\u00e0ng, d\u1ec5 s\u1eed d\u1ee5ng v\u00e0 t\u00ednh th\u1ea9m m\u1ef9 l\u00e2u d\u00e0i.<\/p>\n<p>Logis Loop \u0111\u01b0\u1ee3c ch\u1ebf t\u00e1c t\u1eeb kim lo\u1ea1i ch\u1ea5t l\u01b0\u1ee3ng cao, \u0111\u1ea3m b\u1ea3o \u0111\u1ed9 b\u1ec1n c\u01a1 h\u1ecdc v\u00e0 v\u1eadn h\u00e0nh \u1ed5n \u0111\u1ecbnh trong th\u1eddi gian d\u00e0i. B\u1ec1 m\u1eb7t chrome m\u1ea1 s\u00e1ng \u0111\u01b0\u1ee3c ho\u00e0n thi\u1ec7n ch\u00ednh x\u00e1c, ch\u1ed1ng \u0103n m\u00f2n v\u00e0 d\u1ec5 l\u00e0m s\u1ea1ch.<\/p>\n","protected":false},"excerpt":{"rendered":"<p>V\u00f2i lavabo Logis Loop kh\u00f4ng ch\u1ec9 l\u00e0 m\u1ed9t \u0111i\u1ec3m nh\u1ea5n tinh t\u1ebf cho kh\u00f4ng gian ph\u00f2ng t\u1eafm v\u1edbi thi\u1ebft k\u1ebf tay g\u1ea1t \u0111\u01a1n thanh l\u1ecbch m\u00e0 c\u00f2n mang \u0111\u1ebfn tr\u1ea3i nghi\u1ec7m s\u1eed d\u1ee5ng v\u01b0\u1ee3t tr\u1ed9i. C\u00f4ng ngh\u1ec7 CoolStart \u0111\u1ed9t ph\u00e1 gi\u00fap b\u1ea1n ti\u1ebft ki\u1ec7m n\u0103ng l\u01b0\u1ee3ng \u0111\u00e1ng k\u1ec3, ch\u1ec9 b\u1eadt n\u01b0\u1edbc n\u00f3ng khi th\u1ef1c s\u1ef1 c\u1ea7n. K\u1ebft h\u1ee3p c\u00f9ng b\u1ed9 x\u1ea3 pop-up ti\u1ec7n l\u1ee3i, m\u1ed7i l\u1ea7n ch\u1ea1m l\u00e0 s\u1ef1 m\u01b0\u1ee3t m\u00e0, m\u1ed7i l\u1ea7n d\u00f9ng l\u00e0 s\u1ef1 th\u01b0 th\u00e1i, bi\u1ebfn nghi th\u1ee9c v\u1ec7 sinh c\u00e1 nh\u00e2n th\u00e0nh kho\u1ea3nh kh\u1eafc t\u1eadn h\u01b0\u1edfng phong c\u00e1ch s\u1ed1ng \u0111\u1eb3ng c\u1ea5p.<\/p>\n","protected":false},"featured_media":145197,"comment_status":"open","ping_status":"closed","template":"","meta":{"_acf_changed":false},"product_cat":[883],"product_tag":[],"class_list":{"0":"post-145199","1":"product","2":"type-product","3":"status-publish","4":"has-post-thumbnail","6":"product_cat-voi-chau-2","8":"first","9":"onbackorder","10":"shipping-taxable","11":"purchasable","12":"product-type-simple"},"acf":[],"featured_media_urls":{"thumbnail":["https:\/\/trading.hhg.vn\/wp-content\/uploads\/2026\/01\/154__hpr00774_tif-150x150.png",150,150,true],"medium":["https:\/\/trading.hhg.vn\/wp-content\/uploads\/2026\/01\/154__hpr00774_tif-262x300.png",262,300,true],"medium_large":["https:\/\/trading.hhg.vn\/wp-content\/uploads\/2026\/01\/154__hpr00774_tif-768x878.png",768,878,true],"large":["https:\/\/trading.hhg.vn\/wp-content\/uploads\/2026\/01\/154__hpr00774_tif-896x1024.png",896,1024,true],"1536x1536":["https:\/\/trading.hhg.vn\/wp-content\/uploads\/2026\/01\/154__hpr00774_tif.png",1070,1223,false],"2048x2048":["https:\/\/trading.hhg.vn\/wp-content\/uploads\/2026\/01\/154__hpr00774_tif.png",1070,1223,false],"woocommerce_thumbnail":["https:\/\/trading.hhg.vn\/wp-content\/uploads\/2026\/01\/154__hpr00774_tif-600x600.png",600,600,true],"woocommerce_single":["https:\/\/trading.hhg.vn\/wp-content\/uploads\/2026\/01\/154__hpr00774_tif.png",1070,1223,false],"woocommerce_gallery_thumbnail":["https:\/\/trading.hhg.vn\/wp-content\/uploads\/2026\/01\/154__hpr00774_tif-150x171.png",150,171,true],"portfolio_item-thumbnail":["https:\/\/trading.hhg.vn\/wp-content\/uploads\/2026\/01\/154__hpr00774_tif.png",350,400,false],"portfolio_item-thumbnail@2x":["https:\/\/trading.hhg.vn\/wp-content\/uploads\/2026\/01\/154__hpr00774_tif.png",700,800,false],"portfolio_item-masonry":["https:\/\/trading.hhg.vn\/wp-content\/uploads\/2026\/01\/154__hpr00774_tif.png",600,686,false],"portfolio_item-masonry@2x":["https:\/\/trading.hhg.vn\/wp-content\/uploads\/2026\/01\/154__hpr00774_tif.png",1070,1223,false],"portfolio_item-thumbnail_cinema":["https:\/\/trading.hhg.vn\/wp-content\/uploads\/2026\/01\/154__hpr00774_tif.png",293,335,false],"portfolio_item-thumbnail_portrait":["https:\/\/trading.hhg.vn\/wp-content\/uploads\/2026\/01\/154__hpr00774_tif.png",600,686,false],"portfolio_item-thumbnail_portrait@2x":["https:\/\/trading.hhg.vn\/wp-content\/uploads\/2026\/01\/154__hpr00774_tif.png",1070,1223,false],"portfolio_item-thumbnail_square":["https:\/\/trading.hhg.vn\/wp-content\/uploads\/2026\/01\/154__hpr00774_tif.png",700,800,false]},"_links":{"self":[{"href":"https:\/\/trading.hhg.vn\/en\/wp-json\/wp\/v2\/product\/145199","targetHints":{"allow":["GET"]}}],"collection":[{"href":"https:\/\/trading.hhg.vn\/en\/wp-json\/wp\/v2\/product"}],"about":[{"href":"https:\/\/trading.hhg.vn\/en\/wp-json\/wp\/v2\/types\/product"}],"replies":[{"embeddable":true,"href":"https:\/\/trading.hhg.vn\/en\/wp-json\/wp\/v2\/comments?post=145199"}],"version-history":[{"count":2,"href":"https:\/\/trading.hhg.vn\/en\/wp-json\/wp\/v2\/product\/145199\/revisions"}],"predecessor-version":[{"id":147055,"href":"https:\/\/trading.hhg.vn\/en\/wp-json\/wp\/v2\/product\/145199\/revisions\/147055"}],"wp:featuredmedia":[{"embeddable":true,"href":"https:\/\/trading.hhg.vn\/en\/wp-json\/wp\/v2\/media\/145197"}],"wp:attachment":[{"href":"https:\/\/trading.hhg.vn\/en\/wp-json\/wp\/v2\/media?parent=145199"}],"wp:term":[{"taxonomy":"product_cat","embeddable":true,"href":"https:\/\/trading.hhg.vn\/en\/wp-json\/wp\/v2\/product_cat?post=145199"},{"taxonomy":"product_tag","embeddable":true,"href":"https:\/\/trading.hhg.vn\/en\/wp-json\/wp\/v2\/product_tag?post=145199"}],"curies":[{"name":"wp","href":"https:\/\/api.w.org\/{rel}","templated":true}]}}