{"id":145345,"date":"2026-01-09T09:01:45","date_gmt":"2026-01-09T02:01:45","guid":{"rendered":"https:\/\/trading.hhg.vn\/product\/voi-lavabo-100-kem-bo-xa-pop-up-talis-select-s\/"},"modified":"2026-01-14T12:55:59","modified_gmt":"2026-01-14T05:55:59","slug":"voi-lavabo-100-kem-bo-xa-pop-up-talis-select-s","status":"publish","type":"product","link":"https:\/\/trading.hhg.vn\/en\/s\u1ea3n-ph\u1ea9m\/voi-lavabo-100-kem-bo-xa-pop-up-talis-select-s\/","title":{"rendered":"V\u00f2i lavabo 100 k\u00e8m b\u1ed9 x\u1ea3 pop-up Talis Select S"},"content":{"rendered":"<p><img fetchpriority=\"high\" decoding=\"async\" class=\"alignnone wp-image-7559 aligncenter\" src=\"https:\/\/trading.hhg.vn\/wp-content\/uploads\/2026\/01\/Talis-Select-S.jpeg\" alt=\"\" width=\"606\" height=\"454\" \/>Talis Select S gi\u1eef tr\u1ecdn ng\u00f4n ng\u1eef thi\u1ebft k\u1ebf tr\u00f2n \u0111\u1eb7c tr\u01b0ng c\u1ee7a d\u00f2ng Talis, v\u1edbi h\u00ecnh kh\u1ed1i g\u1ecdn g\u00e0ng, b\u1ec1 m\u1eb7t li\u1ec1n m\u1ea1ch v\u00e0 t\u1ef7 l\u1ec7 c\u00e2n \u0111\u1ed1i. \u0110i\u1ec3m nh\u1ea5n thi\u1ebft k\u1ebf n\u1eb1m \u1edf n\u00fat b\u1ea5m Select t\u00edch h\u1ee3p tinh t\u1ebf tr\u00ean th\u00e2n v\u00f2i, thay th\u1ebf tay g\u1ea1t truy\u1ec1n th\u1ed1ng, t\u1ea1o n\u00ean di\u1ec7n m\u1ea1o t\u1ed1i gi\u1ea3n v\u00e0 kh\u00e1c bi\u1ec7t. C\u00e1c \u0111\u01b0\u1eddng bo m\u1ec1m m\u1ea1i k\u1ebft h\u1ee3p b\u1ec1 m\u1eb7t ho\u00e0n thi\u1ec7n cao c\u1ea5p mang l\u1ea1i c\u1ea3m gi\u00e1c ch\u1eafc ch\u1eafn, tinh t\u1ebf v\u00e0 ph\u00f9 h\u1ee3p v\u1edbi nhi\u1ec1u kh\u00f4ng gian ph\u00f2ng t\u1eafm hi\u1ec7n \u0111\u1ea1i.<\/p>\n<p>S\u1ea3n ph\u1ea9m \u0111\u01b0\u1ee3c ch\u1ebf t\u00e1c t\u1eeb \u0111\u1ed3ng thau ch\u1ea5t l\u01b0\u1ee3ng cao, ph\u1ee7 l\u1edbp m\u1ea1 Chrome ho\u1eb7c FinishPlus b\u1ec1n m\u00e0u, ch\u1ed1ng \u0103n m\u00f2n v\u00e0 d\u1ec5 v\u1ec7 sinh. C\u00f4ng ngh\u1ec7 Select cho ph\u00e9p b\u1eadt\/t\u1eaft n\u01b0\u1edbc ch\u00ednh x\u00e1c ch\u1ec9 v\u1edbi m\u1ed9t n\u00fat nh\u1ea5n, l\u00fd t\u01b0\u1edfng khi tay \u01b0\u1edbt ho\u1eb7c b\u1ea9n. B\u00ean trong l\u00e0 l\u00f5i tr\u1ed9n g\u1ed1m b\u1ec1n b\u1ec9, \u0111\u1ea3m b\u1ea3o v\u1eadn h\u00e0nh \u00eam \u00e1i v\u00e0 \u1ed5n \u0111\u1ecbnh l\u00e2u d\u00e0i.<\/p>\n","protected":false},"excerpt":{"rendered":"<p>V\u00f2i lavabo Talis Select S kh\u00f4ng ch\u1ec9 l\u00e0 m\u1ed9t \u0111i\u1ec3m nh\u1ea5n tinh t\u1ebf cho kh\u00f4ng gian ph\u00f2ng t\u1eafm m\u00e0 c\u00f2n n\u00e2ng t\u1ea7m tr\u1ea3i nghi\u1ec7m s\u1eed d\u1ee5ng h\u00e0ng ng\u00e0y. Thi\u1ebft k\u1ebf t\u1ed1i gi\u1ea3n, thanh l\u1ecbch \u1ea9n ch\u1ee9a c\u00f4ng ngh\u1ec7 Select \u0111\u1ed9c \u0111\u00e1o, cho ph\u00e9p b\u1ea1n \u0111i\u1ec1u khi\u1ec3n d\u00f2ng ch\u1ea3y ch\u1ec9 b\u1eb1ng m\u1ed9t n\u00fat nh\u1ea5n tr\u1ef1c quan. C\u00f9ng v\u1edbi b\u1ed9 x\u1ea3 pop-up ti\u1ec7n l\u1ee3i, m\u1ed7i l\u1ea7n ch\u1ea1m l\u00e0 m\u1ed9t s\u1ef1 k\u1ebft h\u1ee3p ho\u00e0n h\u1ea3o gi\u1eefa t\u00ednh th\u1ea9m m\u1ef9 hi\u1ec7n \u0111\u1ea1i v\u00e0 c\u00f4ng n\u0103ng v\u01b0\u1ee3t tr\u1ed9i, mang l\u1ea1i c\u1ea3m gi\u00e1c th\u01b0 th\u00e1i v\u00e0 ti\u1ec7n nghi kh\u00f4ng gi\u1edbi h\u1ea1n.<\/p>\n","protected":false},"featured_media":143794,"comment_status":"open","ping_status":"closed","template":"","meta":{"_acf_changed":false},"product_cat":[883],"product_tag":[],"class_list":{"0":"post-145345","1":"product","2":"type-product","3":"status-publish","4":"has-post-thumbnail","6":"product_cat-voi-chau-2","8":"first","9":"onbackorder","10":"shipping-taxable","11":"purchasable","12":"product-type-simple"},"acf":[],"featured_media_urls":{"thumbnail":["https:\/\/trading.hhg.vn\/wp-content\/uploads\/2026\/01\/154__hpa01620_tif-150x150.png",150,150,true],"medium":["https:\/\/trading.hhg.vn\/wp-content\/uploads\/2026\/01\/154__hpa01620_tif-262x300.png",262,300,true],"medium_large":["https:\/\/trading.hhg.vn\/wp-content\/uploads\/2026\/01\/154__hpa01620_tif-768x878.png",768,878,true],"large":["https:\/\/trading.hhg.vn\/wp-content\/uploads\/2026\/01\/154__hpa01620_tif-896x1024.png",896,1024,true],"1536x1536":["https:\/\/trading.hhg.vn\/wp-content\/uploads\/2026\/01\/154__hpa01620_tif-1344x1536.png",1344,1536,true],"2048x2048":["https:\/\/trading.hhg.vn\/wp-content\/uploads\/2026\/01\/154__hpa01620_tif-1792x2048.png",1792,2048,true],"woocommerce_thumbnail":["https:\/\/trading.hhg.vn\/wp-content\/uploads\/2026\/01\/154__hpa01620_tif-600x600.png",600,600,true],"woocommerce_single":["https:\/\/trading.hhg.vn\/wp-content\/uploads\/2026\/01\/154__hpa01620_tif-1200x1372.png",1200,1372,true],"woocommerce_gallery_thumbnail":["https:\/\/trading.hhg.vn\/wp-content\/uploads\/2026\/01\/154__hpa01620_tif-150x171.png",150,171,true],"portfolio_item-thumbnail":["https:\/\/trading.hhg.vn\/wp-content\/uploads\/2026\/01\/154__hpa01620_tif.png",350,400,false],"portfolio_item-thumbnail@2x":["https:\/\/trading.hhg.vn\/wp-content\/uploads\/2026\/01\/154__hpa01620_tif.png",700,800,false],"portfolio_item-masonry":["https:\/\/trading.hhg.vn\/wp-content\/uploads\/2026\/01\/154__hpa01620_tif.png",600,686,false],"portfolio_item-masonry@2x":["https:\/\/trading.hhg.vn\/wp-content\/uploads\/2026\/01\/154__hpa01620_tif.png",1200,1372,false],"portfolio_item-thumbnail_cinema":["https:\/\/trading.hhg.vn\/wp-content\/uploads\/2026\/01\/154__hpa01620_tif.png",293,335,false],"portfolio_item-thumbnail_portrait":["https:\/\/trading.hhg.vn\/wp-content\/uploads\/2026\/01\/154__hpa01620_tif.png",600,686,false],"portfolio_item-thumbnail_portrait@2x":["https:\/\/trading.hhg.vn\/wp-content\/uploads\/2026\/01\/154__hpa01620_tif.png",1200,1372,false],"portfolio_item-thumbnail_square":["https:\/\/trading.hhg.vn\/wp-content\/uploads\/2026\/01\/154__hpa01620_tif.png",700,800,false]},"_links":{"self":[{"href":"https:\/\/trading.hhg.vn\/en\/wp-json\/wp\/v2\/product\/145345","targetHints":{"allow":["GET"]}}],"collection":[{"href":"https:\/\/trading.hhg.vn\/en\/wp-json\/wp\/v2\/product"}],"about":[{"href":"https:\/\/trading.hhg.vn\/en\/wp-json\/wp\/v2\/types\/product"}],"replies":[{"embeddable":true,"href":"https:\/\/trading.hhg.vn\/en\/wp-json\/wp\/v2\/comments?post=145345"}],"version-history":[{"count":2,"href":"https:\/\/trading.hhg.vn\/en\/wp-json\/wp\/v2\/product\/145345\/revisions"}],"predecessor-version":[{"id":147056,"href":"https:\/\/trading.hhg.vn\/en\/wp-json\/wp\/v2\/product\/145345\/revisions\/147056"}],"wp:featuredmedia":[{"embeddable":true,"href":"https:\/\/trading.hhg.vn\/en\/wp-json\/wp\/v2\/media\/143794"}],"wp:attachment":[{"href":"https:\/\/trading.hhg.vn\/en\/wp-json\/wp\/v2\/media?parent=145345"}],"wp:term":[{"taxonomy":"product_cat","embeddable":true,"href":"https:\/\/trading.hhg.vn\/en\/wp-json\/wp\/v2\/product_cat?post=145345"},{"taxonomy":"product_tag","embeddable":true,"href":"https:\/\/trading.hhg.vn\/en\/wp-json\/wp\/v2\/product_tag?post=145345"}],"curies":[{"name":"wp","href":"https:\/\/api.w.org\/{rel}","templated":true}]}}