{"id":145429,"date":"2026-01-09T09:05:01","date_gmt":"2026-01-09T02:05:01","guid":{"rendered":"https:\/\/trading.hhg.vn\/product\/sen-tay-1-duong-nuoc-croma-100\/"},"modified":"2026-01-14T12:55:52","modified_gmt":"2026-01-14T05:55:52","slug":"sen-tay-1-duong-nuoc-croma-100","status":"publish","type":"product","link":"https:\/\/trading.hhg.vn\/en\/s\u1ea3n-ph\u1ea9m\/sen-tay-1-duong-nuoc-croma-100\/","title":{"rendered":"Sen tay 1 \u0111\u01b0\u1eddng n\u01b0\u1edbc Croma 100"},"content":{"rendered":"<p><img fetchpriority=\"high\" decoding=\"async\" class=\"alignnone wp-image-7559 aligncenter\" src=\"https:\/\/trading.hhg.vn\/wp-content\/uploads\/2026\/01\/Croma-100.jpg\" alt=\"\" width=\"606\" height=\"454\" \/>Croma 100 s\u1edf h\u1eefu thi\u1ebft k\u1ebf tr\u00f2n g\u1ecdn, c\u00e2n \u0111\u1ed1i v\u1edbi \u0111\u01b0\u1eddng n\u00e9t m\u1ec1m m\u1ea1i, mang phong c\u00e1ch hi\u1ec7n \u0111\u1ea1i, d\u1ec5 d\u00e0ng ph\u00f9 h\u1ee3p v\u1edbi nhi\u1ec1u kh\u00f4ng gian ph\u00f2ng t\u1eafm.<\/p>\n<p>Croma 100 \u0111\u01b0\u1ee3c ch\u1ebf t\u00e1c t\u1eeb v\u1eadt li\u1ec7u cao c\u1ea5p v\u1edbi \u0111\u0129a phun kim lo\u1ea1i b\u1ec1n ch\u1eafc, k\u1ebft h\u1ee3p c\u00f4ng ngh\u1ec7 QuickClean gi\u00fap lo\u1ea1i b\u1ecf c\u1eb7n v\u00f4i d\u1ec5 d\u00e0ng ch\u1ec9 b\u1eb1ng thao t\u00e1c lau nh\u1eb9. C\u00e1c ch\u1ebf \u0111\u1ed9 phun \u0111a d\u1ea1ng mang l\u1ea1i tr\u1ea3i nghi\u1ec7m linh ho\u1ea1t, trong khi c\u00f4ng ngh\u1ec7 EcoSmart (t\u00f9y phi\u00ean b\u1ea3n) gi\u00fap ti\u1ebft ki\u1ec7m n\u01b0\u1edbc hi\u1ec7u qu\u1ea3 m\u00e0 v\u1eabn duy tr\u00ec \u00e1p l\u1ef1c d\u1ec5 ch\u1ecbu. T\u1eebng chi ti\u1ebft \u0111\u01b0\u1ee3c tinh ch\u1ec9nh theo ti\u00eau chu\u1ea9n hansgrohe, \u0111\u1ea3m b\u1ea3o \u0111\u1ed9 b\u1ec1n, hi\u1ec7u su\u1ea5t \u1ed5n \u0111\u1ecbnh v\u00e0 s\u1ef1 tho\u1ea3i m\u00e1i l\u00e2u d\u00e0i trong s\u1eed d\u1ee5ng h\u1eb1ng ng\u00e0y.<\/p>\n","protected":false},"excerpt":{"rendered":"<p>Sen tay Croma 100 v\u1edbi thi\u1ebft k\u1ebf t\u1ed1i gi\u1ea3n, tinh t\u1ebf, h\u00f2a quy\u1ec7n ho\u00e0n h\u1ea3o v\u00e0o kh\u00f4ng gian ph\u00f2ng t\u1eafm hi\u1ec7n \u0111\u1ea1i. T\u1eebng \u0111\u01b0\u1eddng n\u00e9t \u0111\u01b0\u1ee3c chau chu\u1ed1t t\u1ec9 m\u1ec9, mang \u0111\u1ebfn v\u1ebb \u0111\u1eb9p sang tr\u1ecdng, \u0111\u1eb3ng c\u1ea5p. C\u00f4ng n\u0103ng v\u01b0\u1ee3t tr\u1ed9i v\u1edbi m\u1ed9t ch\u1ebf \u0111\u1ed9 phun m\u1ea1nh m\u1ebd, \u0111\u00e1nh th\u1ee9c m\u1ecdi gi\u00e1c quan, cu\u1ed1n tr\u00f4i m\u1ecdi m\u1ec7t m\u1ecfi sau ng\u00e0y d\u00e0i. Tr\u1ea3i nghi\u1ec7m s\u1eed d\u1ee5ng \u00eam \u00e1i, m\u01b0\u1ee3t m\u00e0, bi\u1ebfn m\u1ed7i kho\u1ea3nh kh\u1eafc d\u01b0\u1edbi v\u00f2i sen th\u00e0nh m\u1ed9t li\u1ec7u tr\u00ecnh th\u01b0 gi\u00e3n \u0111\u00edch th\u1ef1c, n\u01a1i b\u1ea1n t\u00ecm th\u1ea5y s\u1ef1 b\u00ecnh y\u00ean v\u00e0 t\u00e1i t\u1ea1o n\u0103ng l\u01b0\u1ee3ng.<\/p>\n","protected":false},"featured_media":145427,"comment_status":"open","ping_status":"closed","template":"","meta":{"_acf_changed":false},"product_cat":[890],"product_tag":[],"class_list":{"0":"post-145429","1":"product","2":"type-product","3":"status-publish","4":"has-post-thumbnail","6":"product_cat-tay-sen","7":"pa_mau-sac-chrome","9":"first","10":"onbackorder","11":"shipping-taxable","12":"purchasable","13":"product-type-simple"},"acf":[],"featured_media_urls":{"thumbnail":["https:\/\/trading.hhg.vn\/wp-content\/uploads\/2026\/01\/154__hpa00611_tif-150x150.png",150,150,true],"medium":["https:\/\/trading.hhg.vn\/wp-content\/uploads\/2026\/01\/154__hpa00611_tif-262x300.png",262,300,true],"medium_large":["https:\/\/trading.hhg.vn\/wp-content\/uploads\/2026\/01\/154__hpa00611_tif-768x878.png",768,878,true],"large":["https:\/\/trading.hhg.vn\/wp-content\/uploads\/2026\/01\/154__hpa00611_tif-896x1024.png",896,1024,true],"1536x1536":["https:\/\/trading.hhg.vn\/wp-content\/uploads\/2026\/01\/154__hpa00611_tif.png",1307,1494,false],"2048x2048":["https:\/\/trading.hhg.vn\/wp-content\/uploads\/2026\/01\/154__hpa00611_tif.png",1307,1494,false],"woocommerce_thumbnail":["https:\/\/trading.hhg.vn\/wp-content\/uploads\/2026\/01\/154__hpa00611_tif-600x600.png",600,600,true],"woocommerce_single":["https:\/\/trading.hhg.vn\/wp-content\/uploads\/2026\/01\/154__hpa00611_tif-1200x1372.png",1200,1372,true],"woocommerce_gallery_thumbnail":["https:\/\/trading.hhg.vn\/wp-content\/uploads\/2026\/01\/154__hpa00611_tif-150x171.png",150,171,true],"portfolio_item-thumbnail":["https:\/\/trading.hhg.vn\/wp-content\/uploads\/2026\/01\/154__hpa00611_tif.png",350,400,false],"portfolio_item-thumbnail@2x":["https:\/\/trading.hhg.vn\/wp-content\/uploads\/2026\/01\/154__hpa00611_tif.png",700,800,false],"portfolio_item-masonry":["https:\/\/trading.hhg.vn\/wp-content\/uploads\/2026\/01\/154__hpa00611_tif.png",600,686,false],"portfolio_item-masonry@2x":["https:\/\/trading.hhg.vn\/wp-content\/uploads\/2026\/01\/154__hpa00611_tif.png",1200,1372,false],"portfolio_item-thumbnail_cinema":["https:\/\/trading.hhg.vn\/wp-content\/uploads\/2026\/01\/154__hpa00611_tif.png",293,335,false],"portfolio_item-thumbnail_portrait":["https:\/\/trading.hhg.vn\/wp-content\/uploads\/2026\/01\/154__hpa00611_tif.png",600,686,false],"portfolio_item-thumbnail_portrait@2x":["https:\/\/trading.hhg.vn\/wp-content\/uploads\/2026\/01\/154__hpa00611_tif.png",1200,1372,false],"portfolio_item-thumbnail_square":["https:\/\/trading.hhg.vn\/wp-content\/uploads\/2026\/01\/154__hpa00611_tif.png",700,800,false]},"_links":{"self":[{"href":"https:\/\/trading.hhg.vn\/en\/wp-json\/wp\/v2\/product\/145429","targetHints":{"allow":["GET"]}}],"collection":[{"href":"https:\/\/trading.hhg.vn\/en\/wp-json\/wp\/v2\/product"}],"about":[{"href":"https:\/\/trading.hhg.vn\/en\/wp-json\/wp\/v2\/types\/product"}],"replies":[{"embeddable":true,"href":"https:\/\/trading.hhg.vn\/en\/wp-json\/wp\/v2\/comments?post=145429"}],"version-history":[{"count":2,"href":"https:\/\/trading.hhg.vn\/en\/wp-json\/wp\/v2\/product\/145429\/revisions"}],"predecessor-version":[{"id":147058,"href":"https:\/\/trading.hhg.vn\/en\/wp-json\/wp\/v2\/product\/145429\/revisions\/147058"}],"wp:featuredmedia":[{"embeddable":true,"href":"https:\/\/trading.hhg.vn\/en\/wp-json\/wp\/v2\/media\/145427"}],"wp:attachment":[{"href":"https:\/\/trading.hhg.vn\/en\/wp-json\/wp\/v2\/media?parent=145429"}],"wp:term":[{"taxonomy":"product_cat","embeddable":true,"href":"https:\/\/trading.hhg.vn\/en\/wp-json\/wp\/v2\/product_cat?post=145429"},{"taxonomy":"product_tag","embeddable":true,"href":"https:\/\/trading.hhg.vn\/en\/wp-json\/wp\/v2\/product_tag?post=145429"}],"curies":[{"name":"wp","href":"https:\/\/api.w.org\/{rel}","templated":true}]}}