{"id":146303,"date":"2026-01-11T14:08:51","date_gmt":"2026-01-11T07:08:51","guid":{"rendered":"https:\/\/trading.hhg.vn\/product\/voi-bep-tay-gat-don-170-rut-day-2-che-do-nuoc-talis-m52\/"},"modified":"2026-01-14T12:55:55","modified_gmt":"2026-01-14T05:55:55","slug":"voi-bep-tay-gat-don-170-rut-day-2-che-do-nuoc-talis-m52","status":"publish","type":"product","link":"https:\/\/trading.hhg.vn\/en\/s\u1ea3n-ph\u1ea9m\/voi-bep-tay-gat-don-170-rut-day-2-che-do-nuoc-talis-m52\/","title":{"rendered":"V\u00f2i b\u1ebfp tay g\u1ea1t \u0111\u01a1n 170 r\u00fat d\u00e2y 2 ch\u1ebf \u0111\u1ed9 n\u01b0\u1edbc Talis M52"},"content":{"rendered":"<p><img fetchpriority=\"high\" decoding=\"async\" class=\"wp-image-146905 aligncenter\" src=\"https:\/\/trading.hhg.vn\/wp-content\/uploads\/2026\/01\/Talis-Select-S-300x169.jpeg\" alt=\"\" width=\"607\" height=\"342\" srcset=\"https:\/\/trading.hhg.vn\/wp-content\/uploads\/2026\/01\/Talis-Select-S-300x169.jpeg 300w, https:\/\/trading.hhg.vn\/wp-content\/uploads\/2026\/01\/Talis-Select-S-1024x576.jpeg 1024w, https:\/\/trading.hhg.vn\/wp-content\/uploads\/2026\/01\/Talis-Select-S-768x432.jpeg 768w, https:\/\/trading.hhg.vn\/wp-content\/uploads\/2026\/01\/Talis-Select-S-1536x864.jpeg 1536w, https:\/\/trading.hhg.vn\/wp-content\/uploads\/2026\/01\/Talis-Select-S-1200x675.jpeg 1200w, https:\/\/trading.hhg.vn\/wp-content\/uploads\/2026\/01\/Talis-Select-S-150x84.jpeg 150w, https:\/\/trading.hhg.vn\/wp-content\/uploads\/2026\/01\/Talis-Select-S.jpeg 1920w\" sizes=\"(max-width: 607px) 100vw, 607px\" \/><\/p>\n<p><strong data-start=\"71\" data-end=\"101\">Talis Select M52<\/strong> mang ng\u00f4n ng\u1eef thi\u1ebft k\u1ebf tinh g\u1ecdn v\u1edbi c\u00e1c \u0111\u01b0\u1eddng cong m\u1ec1m m\u1ea1i, t\u1ef7 l\u1ec7 h\u00e0i h\u00f2a v\u00e0 h\u00ecnh kh\u1ed1i thanh tho\u00e1t, ph\u00f9 h\u1ee3p v\u1edbi kh\u00f4ng gian b\u1ebfp \u0111\u01b0\u01a1ng \u0111\u1ea1i. Th\u00e2n v\u00f2i cao c\u00f9ng c\u1ed5 v\u00f2i cong m\u1edf r\u1ed9ng t\u1ed1i \u0111a kh\u00f4ng gian thao t\u00e1c t\u1ea1i ch\u1eadu r\u1eeda. \u0110i\u1ec3m nh\u1ea5n n\u1ed5i b\u1eadt l\u00e0 n\u00fat b\u1ea5m Select t\u00edch h\u1ee3p tinh t\u1ebf, gi\u00fap t\u1ed5ng th\u1ec3 li\u1ec1n m\u1ea1ch v\u00e0 t\u1ea1o tr\u1ea3i nghi\u1ec7m \u0111i\u1ec1u khi\u1ec3n tr\u1ef1c quan, hi\u1ec7n \u0111\u1ea1i.<\/p>\n<p>S\u1ea3n ph\u1ea9m \u0111\u01b0\u1ee3c ch\u1ebf t\u00e1c t\u1eeb \u0111\u1ed3ng thau ch\u1ea5t l\u01b0\u1ee3ng cao, ho\u00e0n thi\u1ec7n b\u1eb1ng l\u1edbp m\u1ea1 Chrome ho\u1eb7c FinishPlus b\u1ec1n b\u1ec9, ch\u1ed1ng \u0103n m\u00f2n v\u00e0 d\u1ec5 v\u1ec7 sinh. C\u00f4ng ngh\u1ec7 Select cho ph\u00e9p b\u1eadt\/t\u1eaft n\u01b0\u1edbc ch\u00ednh x\u00e1c ch\u1ec9 v\u1edbi m\u1ed9t thao t\u00e1c nh\u1ea5n, thu\u1eadn ti\u1ec7n khi tay \u01b0\u1edbt ho\u1eb7c b\u1ea9n. Nhi\u1ec1u phi\u00ean b\u1ea3n trang b\u1ecb \u0111\u1ea7u v\u00f2i r\u00fat linh ho\u1ea1t, m\u1edf r\u1ed9ng ph\u1ea1m vi s\u1eed d\u1ee5ng v\u00e0 h\u1ed7 tr\u1ee3 l\u00e0m s\u1ea1ch hi\u1ec7u qu\u1ea3.<\/p>\n","protected":false},"excerpt":{"rendered":"<p>V\u00f2i b\u1ebfp Talis M52 l\u00e0 s\u1ef1 k\u1ebft h\u1ee3p ho\u00e0n h\u1ea3o gi\u1eefa n\u00e9t tinh t\u1ebf hi\u1ec7n \u0111\u1ea1i v\u00e0 c\u00f4ng n\u0103ng v\u01b0\u1ee3t tr\u1ed9i. Thi\u1ebft k\u1ebf tay g\u1ea1t \u0111\u01a1n thanh m\u1ea3nh, linh ho\u1ea1t c\u00f9ng kh\u1ea3 n\u0103ng r\u00fat d\u00e2y 170mm ti\u1ec7n l\u1ee3i, d\u1ec5 d\u00e0ng ch\u1ea1m \u0111\u1ebfn m\u1ecdi ng\u00f3c ng\u00e1ch b\u1ed3n r\u1eeda. Hai ch\u1ebf \u0111\u1ed9 n\u01b0\u1edbc \u0111\u00e1p \u1ee9ng m\u1ecdi nhu c\u1ea7u, t\u1eeb r\u1eeda rau c\u1ee7 nh\u1eb9 nh\u00e0ng \u0111\u1ebfn lo\u1ea1i b\u1ecf v\u1ebft b\u1ea9n c\u1ee9ng \u0111\u1ea7u, mang l\u1ea1i tr\u1ea3i nghi\u1ec7m s\u1eed d\u1ee5ng tr\u1ecdn v\u1eb9n, n\u00e2ng t\u1ea7m kh\u00f4ng gian b\u1ebfp c\u1ee7a b\u1ea1n.<\/p>\n","protected":false},"featured_media":146301,"comment_status":"open","ping_status":"closed","template":"","meta":{"_acf_changed":false},"product_cat":[276],"product_tag":[],"class_list":{"0":"post-146303","1":"product","2":"type-product","3":"status-publish","4":"has-post-thumbnail","6":"product_cat-voi-bep","8":"first","9":"onbackorder","10":"shipping-taxable","11":"purchasable","12":"product-type-simple"},"acf":[],"featured_media_urls":{"thumbnail":["https:\/\/trading.hhg.vn\/wp-content\/uploads\/2026\/01\/154__apb01791_tif-150x150.png",150,150,true],"medium":["https:\/\/trading.hhg.vn\/wp-content\/uploads\/2026\/01\/154__apb01791_tif-262x300.png",262,300,true],"medium_large":["https:\/\/trading.hhg.vn\/wp-content\/uploads\/2026\/01\/154__apb01791_tif-768x878.png",768,878,true],"large":["https:\/\/trading.hhg.vn\/wp-content\/uploads\/2026\/01\/154__apb01791_tif-896x1024.png",896,1024,true],"1536x1536":["https:\/\/trading.hhg.vn\/wp-content\/uploads\/2026\/01\/154__apb01791_tif.png",1005,1149,false],"2048x2048":["https:\/\/trading.hhg.vn\/wp-content\/uploads\/2026\/01\/154__apb01791_tif.png",1005,1149,false],"woocommerce_thumbnail":["https:\/\/trading.hhg.vn\/wp-content\/uploads\/2026\/01\/154__apb01791_tif-600x600.png",600,600,true],"woocommerce_single":["https:\/\/trading.hhg.vn\/wp-content\/uploads\/2026\/01\/154__apb01791_tif.png",1005,1149,false],"woocommerce_gallery_thumbnail":["https:\/\/trading.hhg.vn\/wp-content\/uploads\/2026\/01\/154__apb01791_tif-150x171.png",150,171,true],"portfolio_item-thumbnail":["https:\/\/trading.hhg.vn\/wp-content\/uploads\/2026\/01\/154__apb01791_tif.png",350,400,false],"portfolio_item-thumbnail@2x":["https:\/\/trading.hhg.vn\/wp-content\/uploads\/2026\/01\/154__apb01791_tif.png",700,800,false],"portfolio_item-masonry":["https:\/\/trading.hhg.vn\/wp-content\/uploads\/2026\/01\/154__apb01791_tif.png",600,686,false],"portfolio_item-masonry@2x":["https:\/\/trading.hhg.vn\/wp-content\/uploads\/2026\/01\/154__apb01791_tif.png",1005,1149,false],"portfolio_item-thumbnail_cinema":["https:\/\/trading.hhg.vn\/wp-content\/uploads\/2026\/01\/154__apb01791_tif.png",293,335,false],"portfolio_item-thumbnail_portrait":["https:\/\/trading.hhg.vn\/wp-content\/uploads\/2026\/01\/154__apb01791_tif.png",600,686,false],"portfolio_item-thumbnail_portrait@2x":["https:\/\/trading.hhg.vn\/wp-content\/uploads\/2026\/01\/154__apb01791_tif.png",1005,1149,false],"portfolio_item-thumbnail_square":["https:\/\/trading.hhg.vn\/wp-content\/uploads\/2026\/01\/154__apb01791_tif.png",700,800,false]},"_links":{"self":[{"href":"https:\/\/trading.hhg.vn\/en\/wp-json\/wp\/v2\/product\/146303","targetHints":{"allow":["GET"]}}],"collection":[{"href":"https:\/\/trading.hhg.vn\/en\/wp-json\/wp\/v2\/product"}],"about":[{"href":"https:\/\/trading.hhg.vn\/en\/wp-json\/wp\/v2\/types\/product"}],"replies":[{"embeddable":true,"href":"https:\/\/trading.hhg.vn\/en\/wp-json\/wp\/v2\/comments?post=146303"}],"version-history":[{"count":3,"href":"https:\/\/trading.hhg.vn\/en\/wp-json\/wp\/v2\/product\/146303\/revisions"}],"predecessor-version":[{"id":147072,"href":"https:\/\/trading.hhg.vn\/en\/wp-json\/wp\/v2\/product\/146303\/revisions\/147072"}],"wp:featuredmedia":[{"embeddable":true,"href":"https:\/\/trading.hhg.vn\/en\/wp-json\/wp\/v2\/media\/146301"}],"wp:attachment":[{"href":"https:\/\/trading.hhg.vn\/en\/wp-json\/wp\/v2\/media?parent=146303"}],"wp:term":[{"taxonomy":"product_cat","embeddable":true,"href":"https:\/\/trading.hhg.vn\/en\/wp-json\/wp\/v2\/product_cat?post=146303"},{"taxonomy":"product_tag","embeddable":true,"href":"https:\/\/trading.hhg.vn\/en\/wp-json\/wp\/v2\/product_tag?post=146303"}],"curies":[{"name":"wp","href":"https:\/\/api.w.org\/{rel}","templated":true}]}}