{"id":146703,"date":"2026-01-11T14:23:39","date_gmt":"2026-01-11T07:23:39","guid":{"rendered":"https:\/\/trading.hhg.vn\/product\/voi-bep-tay-gat-don-300-ecosmart-1-duong-nuoc-talis-select-m51\/"},"modified":"2026-01-14T12:56:00","modified_gmt":"2026-01-14T05:56:00","slug":"voi-bep-tay-gat-don-300-ecosmart-1-duong-nuoc-talis-select-m51","status":"publish","type":"product","link":"https:\/\/trading.hhg.vn\/en\/s\u1ea3n-ph\u1ea9m\/voi-bep-tay-gat-don-300-ecosmart-1-duong-nuoc-talis-select-m51\/","title":{"rendered":"V\u00f2i b\u1ebfp tay g\u1ea1t \u0111\u01a1n 300 EcoSmart 1 \u0111\u01b0\u1eddng n\u01b0\u1edbc Talis Select M51"},"content":{"rendered":"<p><img fetchpriority=\"high\" decoding=\"async\" class=\"alignnone wp-image-7559 aligncenter\" src=\"https:\/\/trading.hhg.vn\/wp-content\/uploads\/2026\/01\/Talis-Select-M51.jpeg\" alt=\"\" width=\"606\" height=\"454\" \/>Talis Select M51 s\u1edf h\u1eefu ng\u00f4n ng\u1eef thi\u1ebft k\u1ebf tinh gi\u1ea3n v\u1edbi c\u00e1c \u0111\u01b0\u1eddng n\u00e9t m\u01b0\u1ee3t m\u00e0, t\u1ef7 l\u1ec7 c\u00e2n \u0111\u1ed1i v\u00e0 h\u00ecnh kh\u1ed1i g\u1ecdn g\u00e0ng, ph\u00f9 h\u1ee3p v\u1edbi nhi\u1ec1u kh\u00f4ng gian b\u1ebfp hi\u1ec7n \u0111\u1ea1i. Th\u00e2n v\u00f2i cao, c\u1ed5 v\u00f2i cong m\u1ec1m t\u1ea1o kho\u1ea3ng tr\u1ed1ng thao t\u00e1c r\u1ed9ng r\u00e3i t\u1ea1i ch\u1eadu r\u1eeda. \u0110i\u1ec3m nh\u1ea5n n\u1ed5i b\u1eadt l\u00e0 n\u00fat b\u1ea5m Select t\u00edch h\u1ee3p tinh t\u1ebf tr\u00ean th\u00e2n v\u00f2i, gi\u00fap t\u1ed5ng th\u1ec3 li\u1ec1n m\u1ea1ch, hi\u1ec7n \u0111\u1ea1i v\u00e0 tr\u1ef1c quan trong s\u1eed d\u1ee5ng.<\/p>\n<p>S\u1ea3n ph\u1ea9m \u0111\u01b0\u1ee3c ch\u1ebf t\u00e1c t\u1eeb \u0111\u1ed3ng thau ch\u1ea5t l\u01b0\u1ee3ng cao, ho\u00e0n thi\u1ec7n b\u1eb1ng l\u1edbp m\u1ea1 Chrome ho\u1eb7c FinishPlus b\u1ec1n b\u1ec9, ch\u1ed1ng \u0103n m\u00f2n v\u00e0 d\u1ec5 v\u1ec7 sinh. C\u00f4ng ngh\u1ec7 Select cho ph\u00e9p b\u1eadt\/t\u1eaft n\u01b0\u1edbc nhanh ch\u00f3ng b\u1eb1ng m\u1ed9t thao t\u00e1c nh\u1ea5n, thu\u1eadn ti\u1ec7n khi tay \u01b0\u1edbt ho\u1eb7c b\u1ea9n. Phi\u00ean b\u1ea3n \u0111\u1ea7u v\u00f2i r\u00fat linh ho\u1ea1t m\u1edf r\u1ed9ng ph\u1ea1m vi s\u1eed d\u1ee5ng, h\u1ed7 tr\u1ee3 l\u00e0m s\u1ea1ch ch\u1eadu v\u00e0 th\u1ef1c ph\u1ea9m hi\u1ec7u qu\u1ea3.<\/p>\n","protected":false},"excerpt":{"rendered":"<p>V\u00f2i b\u1ebfp Talis Select M51 EcoSmart l\u00e0 tuy\u00ean ng\u00f4n c\u1ee7a s\u1ef1 tinh t\u1ebf v\u00e0 ti\u1ec7n nghi v\u01b0\u1ee3t tr\u1ed9i. Thi\u1ebft k\u1ebf tay g\u1ea1t \u0111\u01a1n thanh tho\u00e1t, c\u00f9ng c\u00f4ng ngh\u1ec7 Select th\u00f4ng minh, cho ph\u00e9p b\u1ea1n \u0111i\u1ec1u ch\u1ec9nh l\u01b0u l\u01b0\u1ee3ng v\u00e0 nhi\u1ec7t \u0111\u1ed9 n\u01b0\u1edbc ch\u1ec9 v\u1edbi m\u1ed9t n\u00fat ch\u1ea1m tr\u1ef1c quan. Ch\u1ea5t li\u1ec7u cao c\u1ea5p, b\u1ec1 m\u1eb7t ho\u00e0n thi\u1ec7n ho\u00e0n h\u1ea3o, kh\u00f4ng ch\u1ec9 l\u00e0 \u0111i\u1ec3m nh\u1ea5n sang tr\u1ecdng cho kh\u00f4ng gian b\u1ebfp m\u00e0 c\u00f2n mang \u0111\u1ebfn tr\u1ea3i nghi\u1ec7m s\u1eed d\u1ee5ng m\u01b0\u1ee3t m\u00e0, \u00eam \u00e1i \u0111\u1ebfn t\u1eebng c\u1eed \u0111\u1ed9ng. EcoSmart ti\u1ebft ki\u1ec7m n\u01b0\u1edbc hi\u1ec7u qu\u1ea3, g\u00f3p ph\u1ea7n b\u1ea3o v\u1ec7 m\u00f4i tr\u01b0\u1eddng m\u00e0 v\u1eabn \u0111\u1ea3m b\u1ea3o d\u00f2ng ch\u1ea3y m\u1ea1nh m\u1ebd, \u0111\u00e1p \u1ee9ng m\u1ecdi nhu c\u1ea7u n\u1ea5u n\u01b0\u1edbng c\u1ee7a b\u1ea1n.<\/p>\n","protected":false},"featured_media":146701,"comment_status":"open","ping_status":"closed","template":"","meta":{"_acf_changed":false},"product_cat":[276],"product_tag":[],"class_list":{"0":"post-146703","1":"product","2":"type-product","3":"status-publish","4":"has-post-thumbnail","6":"product_cat-voi-bep","8":"first","9":"onbackorder","10":"shipping-taxable","11":"purchasable","12":"product-type-simple"},"acf":[],"featured_media_urls":{"thumbnail":["https:\/\/trading.hhg.vn\/wp-content\/uploads\/2026\/01\/154__hpa01679_tif-150x150.png",150,150,true],"medium":["https:\/\/trading.hhg.vn\/wp-content\/uploads\/2026\/01\/154__hpa01679_tif-263x300.png",263,300,true],"medium_large":["https:\/\/trading.hhg.vn\/wp-content\/uploads\/2026\/01\/154__hpa01679_tif-768x878.png",768,878,true],"large":["https:\/\/trading.hhg.vn\/wp-content\/uploads\/2026\/01\/154__hpa01679_tif-896x1024.png",896,1024,true],"1536x1536":["https:\/\/trading.hhg.vn\/wp-content\/uploads\/2026\/01\/154__hpa01679_tif.png",1261,1441,false],"2048x2048":["https:\/\/trading.hhg.vn\/wp-content\/uploads\/2026\/01\/154__hpa01679_tif.png",1261,1441,false],"woocommerce_thumbnail":["https:\/\/trading.hhg.vn\/wp-content\/uploads\/2026\/01\/154__hpa01679_tif-600x600.png",600,600,true],"woocommerce_single":["https:\/\/trading.hhg.vn\/wp-content\/uploads\/2026\/01\/154__hpa01679_tif-1200x1371.png",1200,1371,true],"woocommerce_gallery_thumbnail":["https:\/\/trading.hhg.vn\/wp-content\/uploads\/2026\/01\/154__hpa01679_tif-150x171.png",150,171,true],"portfolio_item-thumbnail":["https:\/\/trading.hhg.vn\/wp-content\/uploads\/2026\/01\/154__hpa01679_tif.png",350,400,false],"portfolio_item-thumbnail@2x":["https:\/\/trading.hhg.vn\/wp-content\/uploads\/2026\/01\/154__hpa01679_tif.png",700,800,false],"portfolio_item-masonry":["https:\/\/trading.hhg.vn\/wp-content\/uploads\/2026\/01\/154__hpa01679_tif.png",600,686,false],"portfolio_item-masonry@2x":["https:\/\/trading.hhg.vn\/wp-content\/uploads\/2026\/01\/154__hpa01679_tif.png",1200,1371,false],"portfolio_item-thumbnail_cinema":["https:\/\/trading.hhg.vn\/wp-content\/uploads\/2026\/01\/154__hpa01679_tif.png",293,335,false],"portfolio_item-thumbnail_portrait":["https:\/\/trading.hhg.vn\/wp-content\/uploads\/2026\/01\/154__hpa01679_tif.png",600,686,false],"portfolio_item-thumbnail_portrait@2x":["https:\/\/trading.hhg.vn\/wp-content\/uploads\/2026\/01\/154__hpa01679_tif.png",1200,1371,false],"portfolio_item-thumbnail_square":["https:\/\/trading.hhg.vn\/wp-content\/uploads\/2026\/01\/154__hpa01679_tif.png",700,800,false]},"_links":{"self":[{"href":"https:\/\/trading.hhg.vn\/en\/wp-json\/wp\/v2\/product\/146703","targetHints":{"allow":["GET"]}}],"collection":[{"href":"https:\/\/trading.hhg.vn\/en\/wp-json\/wp\/v2\/product"}],"about":[{"href":"https:\/\/trading.hhg.vn\/en\/wp-json\/wp\/v2\/types\/product"}],"replies":[{"embeddable":true,"href":"https:\/\/trading.hhg.vn\/en\/wp-json\/wp\/v2\/comments?post=146703"}],"version-history":[{"count":2,"href":"https:\/\/trading.hhg.vn\/en\/wp-json\/wp\/v2\/product\/146703\/revisions"}],"predecessor-version":[{"id":146844,"href":"https:\/\/trading.hhg.vn\/en\/wp-json\/wp\/v2\/product\/146703\/revisions\/146844"}],"wp:featuredmedia":[{"embeddable":true,"href":"https:\/\/trading.hhg.vn\/en\/wp-json\/wp\/v2\/media\/146701"}],"wp:attachment":[{"href":"https:\/\/trading.hhg.vn\/en\/wp-json\/wp\/v2\/media?parent=146703"}],"wp:term":[{"taxonomy":"product_cat","embeddable":true,"href":"https:\/\/trading.hhg.vn\/en\/wp-json\/wp\/v2\/product_cat?post=146703"},{"taxonomy":"product_tag","embeddable":true,"href":"https:\/\/trading.hhg.vn\/en\/wp-json\/wp\/v2\/product_tag?post=146703"}],"curies":[{"name":"wp","href":"https:\/\/api.w.org\/{rel}","templated":true}]}}