{"id":147104,"date":"2026-01-23T06:46:50","date_gmt":"2026-01-22T23:46:50","guid":{"rendered":"https:\/\/trading.hhg.vn\/product\/voi-xit-ve-sinh-1-che-do-kem-gia-do-va-day-sen-chiu-ap-125-cm-2\/"},"modified":"2026-01-23T07:31:45","modified_gmt":"2026-01-23T00:31:45","slug":"voi-xit-ve-sinh-1-che-do-kem-gia-do-va-day-sen-chiu-ap-125-cm-2","status":"publish","type":"product","link":"https:\/\/trading.hhg.vn\/en\/s\u1ea3n-ph\u1ea9m\/voi-xit-ve-sinh-1-che-do-kem-gia-do-va-day-sen-chiu-ap-125-cm-2\/","title":{"rendered":"V\u00f2i x\u1ecbt v\u1ec7 sinh 1 ch\u1ebf \u0111\u1ed9 k\u00e8m gi\u00e1 \u0111\u1ee1 v\u00e0 d\u00e2y sen ch\u1ecbu \u00e1p 125 cm"},"content":{"rendered":"","protected":false},"excerpt":{"rendered":"<p>N\u00e2ng t\u1ea7m kh\u00f4ng gian ti\u1ec7n nghi v\u1edbi v\u00f2i x\u1ecbt v\u1ec7 sinh m\u1ed9t ch\u1ebf \u0111\u1ed9 t\u1eeb thi\u1ebft k\u1ebf tinh gi\u1ea3n, sang tr\u1ecdng. C\u00f4ng n\u0103ng v\u01b0\u1ee3t tr\u1ed9i \u0111\u01b0\u1ee3c th\u1ec3 hi\u1ec7n qua \u00e1p l\u1ef1c n\u01b0\u1edbc m\u1ea1nh m\u1ebd, c\u00f9ng d\u00e2y sen ch\u1ecbu \u00e1p d\u00e0i 125cm mang \u0111\u1ebfn s\u1ef1 linh ho\u1ea1t t\u1ed1i \u0111a. T\u1eadn h\u01b0\u1edfng tr\u1ea3i nghi\u1ec7m v\u1ec7 sinh tho\u1ea3i m\u00e1i, s\u1ea1ch s\u1ebd v\u00e0 ti\u1ec7n l\u1ee3i, ki\u1ebfn t\u1ea1o s\u1ef1 kh\u00e1c bi\u1ec7t trong t\u1eebng kho\u1ea3nh kh\u1eafc s\u1eed d\u1ee5ng.<\/p>\n","protected":false},"featured_media":144232,"comment_status":"open","ping_status":"closed","template":"","meta":{"_acf_changed":false},"product_cat":[870],"product_tag":[],"class_list":{"0":"post-147104","1":"product","2":"type-product","3":"status-publish","4":"has-post-thumbnail","6":"product_cat-tieu-nu","8":"first","9":"onbackorder","10":"shipping-taxable","11":"purchasable","12":"product-type-simple"},"acf":[],"featured_media_urls":{"thumbnail":["https:\/\/trading.hhg.vn\/wp-content\/uploads\/2026\/01\/154__hpa00212_tif-150x150.png",150,150,true],"medium":["https:\/\/trading.hhg.vn\/wp-content\/uploads\/2026\/01\/154__hpa00212_tif-262x300.png",262,300,true],"medium_large":["https:\/\/trading.hhg.vn\/wp-content\/uploads\/2026\/01\/154__hpa00212_tif-768x878.png",768,878,true],"large":["https:\/\/trading.hhg.vn\/wp-content\/uploads\/2026\/01\/154__hpa00212_tif-896x1024.png",896,1024,true],"1536x1536":["https:\/\/trading.hhg.vn\/wp-content\/uploads\/2026\/01\/154__hpa00212_tif.png",949,1085,false],"2048x2048":["https:\/\/trading.hhg.vn\/wp-content\/uploads\/2026\/01\/154__hpa00212_tif.png",949,1085,false],"woocommerce_thumbnail":["https:\/\/trading.hhg.vn\/wp-content\/uploads\/2026\/01\/154__hpa00212_tif-600x600.png",600,600,true],"woocommerce_single":["https:\/\/trading.hhg.vn\/wp-content\/uploads\/2026\/01\/154__hpa00212_tif.png",949,1085,false],"woocommerce_gallery_thumbnail":["https:\/\/trading.hhg.vn\/wp-content\/uploads\/2026\/01\/154__hpa00212_tif-150x171.png",150,171,true],"portfolio_item-thumbnail":["https:\/\/trading.hhg.vn\/wp-content\/uploads\/2026\/01\/154__hpa00212_tif.png",350,400,false],"portfolio_item-thumbnail@2x":["https:\/\/trading.hhg.vn\/wp-content\/uploads\/2026\/01\/154__hpa00212_tif.png",700,800,false],"portfolio_item-masonry":["https:\/\/trading.hhg.vn\/wp-content\/uploads\/2026\/01\/154__hpa00212_tif.png",600,686,false],"portfolio_item-masonry@2x":["https:\/\/trading.hhg.vn\/wp-content\/uploads\/2026\/01\/154__hpa00212_tif.png",949,1085,false],"portfolio_item-thumbnail_cinema":["https:\/\/trading.hhg.vn\/wp-content\/uploads\/2026\/01\/154__hpa00212_tif.png",293,335,false],"portfolio_item-thumbnail_portrait":["https:\/\/trading.hhg.vn\/wp-content\/uploads\/2026\/01\/154__hpa00212_tif.png",600,686,false],"portfolio_item-thumbnail_portrait@2x":["https:\/\/trading.hhg.vn\/wp-content\/uploads\/2026\/01\/154__hpa00212_tif.png",949,1085,false],"portfolio_item-thumbnail_square":["https:\/\/trading.hhg.vn\/wp-content\/uploads\/2026\/01\/154__hpa00212_tif.png",700,800,false]},"_links":{"self":[{"href":"https:\/\/trading.hhg.vn\/en\/wp-json\/wp\/v2\/product\/147104","targetHints":{"allow":["GET"]}}],"collection":[{"href":"https:\/\/trading.hhg.vn\/en\/wp-json\/wp\/v2\/product"}],"about":[{"href":"https:\/\/trading.hhg.vn\/en\/wp-json\/wp\/v2\/types\/product"}],"replies":[{"embeddable":true,"href":"https:\/\/trading.hhg.vn\/en\/wp-json\/wp\/v2\/comments?post=147104"}],"version-history":[{"count":1,"href":"https:\/\/trading.hhg.vn\/en\/wp-json\/wp\/v2\/product\/147104\/revisions"}],"predecessor-version":[{"id":147202,"href":"https:\/\/trading.hhg.vn\/en\/wp-json\/wp\/v2\/product\/147104\/revisions\/147202"}],"wp:featuredmedia":[{"embeddable":true,"href":"https:\/\/trading.hhg.vn\/en\/wp-json\/wp\/v2\/media\/144232"}],"wp:attachment":[{"href":"https:\/\/trading.hhg.vn\/en\/wp-json\/wp\/v2\/media?parent=147104"}],"wp:term":[{"taxonomy":"product_cat","embeddable":true,"href":"https:\/\/trading.hhg.vn\/en\/wp-json\/wp\/v2\/product_cat?post=147104"},{"taxonomy":"product_tag","embeddable":true,"href":"https:\/\/trading.hhg.vn\/en\/wp-json\/wp\/v2\/product_tag?post=147104"}],"curies":[{"name":"wp","href":"https:\/\/api.w.org\/{rel}","templated":true}]}}