{"id":147177,"date":"2026-01-23T07:19:29","date_gmt":"2026-01-23T00:19:29","guid":{"rendered":"https:\/\/trading.hhg.vn\/product\/voi-bep-tay-gat-don-240-keo-dau-voi-1-duong-nuoc-kem-sbox-metris-select-m71-2\/"},"modified":"2026-01-23T07:31:46","modified_gmt":"2026-01-23T00:31:46","slug":"voi-bep-tay-gat-don-240-keo-dau-voi-1-duong-nuoc-kem-sbox-metris-select-m71-2","status":"publish","type":"product","link":"https:\/\/trading.hhg.vn\/en\/s\u1ea3n-ph\u1ea9m\/voi-bep-tay-gat-don-240-keo-dau-voi-1-duong-nuoc-kem-sbox-metris-select-m71-2\/","title":{"rendered":"V\u00f2i b\u1ebfp tay g\u1ea1t \u0111\u01a1n 240 k\u00e9o \u0111\u1ea7u v\u00f2i, 1 \u0111\u01b0\u1eddng n\u01b0\u1edbc, k\u00e8m sBox Metris Select M71"},"content":{"rendered":"<p><img fetchpriority=\"high\" decoding=\"async\" class=\"alignnone wp-image-7559 aligncenter\" src=\"https:\/\/trading.hhg.vn\/wp-content\/uploads\/2026\/01\/Metris-Select-M71.jpg\" alt=\"\" width=\"606\" height=\"454\" \/>Metris Select M71 mang ng\u00f4n ng\u1eef thi\u1ebft k\u1ebf h\u00ecnh h\u1ecdc m\u1ea1nh m\u1ebd, l\u1ea5y c\u1ea3m h\u1ee9ng t\u1eeb kh\u00f4ng gian b\u1ebfp chuy\u00ean nghi\u1ec7p. Th\u00e2n v\u00f2i cao, c\u1ed5 v\u00f2i ch\u1eef L ho\u1eb7c ch\u1eef U \u0111\u01b0\u1ee3c t\u1ea1o h\u00ecnh d\u1ee9t kho\u00e1t, mang l\u1ea1i kho\u1ea3ng tr\u1ed1ng thao t\u00e1c r\u1ed9ng r\u00e3i t\u1ea1i ch\u1eadu r\u1eeda. \u0110i\u1ec3m nh\u1ea5n thi\u1ebft k\u1ebf n\u1eb1m \u1edf n\u00fat b\u1ea5m Select t\u00edch h\u1ee3p tr\u1ef1c quan tr\u00ean th\u00e2n v\u00f2i, gi\u00fap t\u1ed5ng th\u1ec3 g\u1ecdn g\u00e0ng v\u00e0 hi\u1ec7n \u0111\u1ea1i, \u0111\u1ed3ng th\u1eddi n\u00e2ng cao t\u00ednh ti\u1ec7n d\u1ee5ng trong qu\u00e1 tr\u00ecnh s\u1eed d\u1ee5ng.<\/p>\n<p>S\u1ea3n ph\u1ea9m \u0111\u01b0\u1ee3c ch\u1ebf t\u00e1c t\u1eeb \u0111\u1ed3ng thau cao c\u1ea5p, ho\u00e0n thi\u1ec7n b\u1eb1ng c\u00e1c b\u1ec1 m\u1eb7t Chrome ho\u1eb7c FinishPlus b\u1ec1n b\u1ec9, ch\u1ed1ng \u0103n m\u00f2n v\u00e0 d\u1ec5 v\u1ec7 sinh. C\u00f4ng ngh\u1ec7 Select cho ph\u00e9p b\u1eadt\/t\u1eaft d\u00f2ng n\u01b0\u1edbc nhanh ch\u00f3ng ch\u1ec9 v\u1edbi m\u1ed9t n\u00fat nh\u1ea5n, thu\u1eadn ti\u1ec7n khi tay \u01b0\u1edbt ho\u1eb7c b\u1ea9n. Nhi\u1ec1u phi\u00ean b\u1ea3n trang b\u1ecb \u0111\u1ea7u v\u00f2i r\u00fat linh ho\u1ea1t v\u1edbi ch\u1ebf \u0111\u1ed9 phun \u0111a d\u1ea1ng, m\u1edf r\u1ed9ng ph\u1ea1m vi thao t\u00e1c.<\/p>\n","protected":false},"excerpt":{"rendered":"<p>Metris Select M71, bi\u1ec3u t\u01b0\u1ee3ng c\u1ee7a s\u1ef1 tinh t\u1ebf, l\u00e0 v\u00f2i b\u1ebfp tay g\u1ea1t \u0111\u01a1n 240 mang \u0111\u1ebfn tr\u1ea3i nghi\u1ec7m ti\u1ec7n nghi v\u01b0\u1ee3t tr\u1ed9i. V\u1edbi \u0111\u1ea7u v\u00f2i k\u00e9o linh ho\u1ea1t v\u00e0 m\u1ed9t \u0111\u01b0\u1eddng n\u01b0\u1edbc tinh g\u1ecdn, m\u1ecdi thao t\u00e1c b\u1ebfp n\u00fac tr\u1edf n\u00ean d\u1ec5 d\u00e0ng v\u00e0 \u0111\u1eb3ng c\u1ea5p h\u01a1n bao gi\u1edd h\u1ebft. K\u1ebft h\u1ee3p c\u00f9ng sBox th\u00f4ng minh, Metris Select M71 kh\u00f4ng ch\u1ec9 l\u00e0 thi\u1ebft b\u1ecb m\u00e0 c\u00f2n l\u00e0 ki\u1ec7t t\u00e1c ki\u1ebfn tr\u00fac, n\u00e2ng t\u1ea7m kh\u00f4ng gian b\u1ebfp v\u00e0 \u0111\u1ecbnh ngh\u0129a l\u1ea1i s\u1ef1 sang tr\u1ecdng trong t\u1eebng kho\u1ea3nh kh\u1eafc s\u1eed d\u1ee5ng.<\/p>\n","protected":false},"featured_media":146685,"comment_status":"open","ping_status":"closed","template":"","meta":{"_acf_changed":false},"product_cat":[276],"product_tag":[],"class_list":{"0":"post-147177","1":"product","2":"type-product","3":"status-publish","4":"has-post-thumbnail","6":"product_cat-voi-bep","8":"first","9":"onbackorder","10":"shipping-taxable","11":"purchasable","12":"product-type-simple"},"acf":[],"featured_media_urls":{"thumbnail":["https:\/\/trading.hhg.vn\/wp-content\/uploads\/2026\/01\/154__hpr01750_tif-150x150.png",150,150,true],"medium":["https:\/\/trading.hhg.vn\/wp-content\/uploads\/2026\/01\/154__hpr01750_tif-263x300.png",263,300,true],"medium_large":["https:\/\/trading.hhg.vn\/wp-content\/uploads\/2026\/01\/154__hpr01750_tif-768x877.png",768,877,true],"large":["https:\/\/trading.hhg.vn\/wp-content\/uploads\/2026\/01\/154__hpr01750_tif-896x1024.png",896,1024,true],"1536x1536":["https:\/\/trading.hhg.vn\/wp-content\/uploads\/2026\/01\/154__hpr01750_tif.png",1263,1443,false],"2048x2048":["https:\/\/trading.hhg.vn\/wp-content\/uploads\/2026\/01\/154__hpr01750_tif.png",1263,1443,false],"woocommerce_thumbnail":["https:\/\/trading.hhg.vn\/wp-content\/uploads\/2026\/01\/154__hpr01750_tif-600x600.png",600,600,true],"woocommerce_single":["https:\/\/trading.hhg.vn\/wp-content\/uploads\/2026\/01\/154__hpr01750_tif-1200x1371.png",1200,1371,true],"woocommerce_gallery_thumbnail":["https:\/\/trading.hhg.vn\/wp-content\/uploads\/2026\/01\/154__hpr01750_tif-150x171.png",150,171,true],"portfolio_item-thumbnail":["https:\/\/trading.hhg.vn\/wp-content\/uploads\/2026\/01\/154__hpr01750_tif.png",350,400,false],"portfolio_item-thumbnail@2x":["https:\/\/trading.hhg.vn\/wp-content\/uploads\/2026\/01\/154__hpr01750_tif.png",700,800,false],"portfolio_item-masonry":["https:\/\/trading.hhg.vn\/wp-content\/uploads\/2026\/01\/154__hpr01750_tif.png",600,686,false],"portfolio_item-masonry@2x":["https:\/\/trading.hhg.vn\/wp-content\/uploads\/2026\/01\/154__hpr01750_tif.png",1200,1371,false],"portfolio_item-thumbnail_cinema":["https:\/\/trading.hhg.vn\/wp-content\/uploads\/2026\/01\/154__hpr01750_tif.png",293,335,false],"portfolio_item-thumbnail_portrait":["https:\/\/trading.hhg.vn\/wp-content\/uploads\/2026\/01\/154__hpr01750_tif.png",600,686,false],"portfolio_item-thumbnail_portrait@2x":["https:\/\/trading.hhg.vn\/wp-content\/uploads\/2026\/01\/154__hpr01750_tif.png",1200,1371,false],"portfolio_item-thumbnail_square":["https:\/\/trading.hhg.vn\/wp-content\/uploads\/2026\/01\/154__hpr01750_tif.png",700,800,false]},"_links":{"self":[{"href":"https:\/\/trading.hhg.vn\/en\/wp-json\/wp\/v2\/product\/147177","targetHints":{"allow":["GET"]}}],"collection":[{"href":"https:\/\/trading.hhg.vn\/en\/wp-json\/wp\/v2\/product"}],"about":[{"href":"https:\/\/trading.hhg.vn\/en\/wp-json\/wp\/v2\/types\/product"}],"replies":[{"embeddable":true,"href":"https:\/\/trading.hhg.vn\/en\/wp-json\/wp\/v2\/comments?post=147177"}],"version-history":[{"count":1,"href":"https:\/\/trading.hhg.vn\/en\/wp-json\/wp\/v2\/product\/147177\/revisions"}],"predecessor-version":[{"id":147186,"href":"https:\/\/trading.hhg.vn\/en\/wp-json\/wp\/v2\/product\/147177\/revisions\/147186"}],"wp:featuredmedia":[{"embeddable":true,"href":"https:\/\/trading.hhg.vn\/en\/wp-json\/wp\/v2\/media\/146685"}],"wp:attachment":[{"href":"https:\/\/trading.hhg.vn\/en\/wp-json\/wp\/v2\/media?parent=147177"}],"wp:term":[{"taxonomy":"product_cat","embeddable":true,"href":"https:\/\/trading.hhg.vn\/en\/wp-json\/wp\/v2\/product_cat?post=147177"},{"taxonomy":"product_tag","embeddable":true,"href":"https:\/\/trading.hhg.vn\/en\/wp-json\/wp\/v2\/product_tag?post=147177"}],"curies":[{"name":"wp","href":"https:\/\/api.w.org\/{rel}","templated":true}]}}