{"id":147279,"date":"2026-01-24T09:48:47","date_gmt":"2026-01-24T02:48:47","guid":{"rendered":"https:\/\/trading.hhg.vn\/?post_type=product&#038;p=147279"},"modified":"2026-01-28T07:50:30","modified_gmt":"2026-01-28T00:50:30","slug":"voi-lavabo-tay-gat-don-voi-voi-xoay-va-bo-xa-pop-up-vernis-blend","status":"publish","type":"product","link":"https:\/\/trading.hhg.vn\/en\/s\u1ea3n-ph\u1ea9m\/voi-lavabo-tay-gat-don-voi-voi-xoay-va-bo-xa-pop-up-vernis-blend\/","title":{"rendered":"V\u00f2i lavabo tay g\u1ea1t \u0111\u01a1n v\u1edbi v\u00f2i xoay v\u00e0 b\u1ed9 x\u1ea3 pop-up Vernis Blend"},"content":{"rendered":"<p><img fetchpriority=\"high\" decoding=\"async\" class=\"alignnone wp-image-7559 aligncenter\" src=\"https:\/\/trading.hhg.vn\/wp-content\/uploads\/2026\/01\/Vernis-Blend.jpg\" alt=\"\" width=\"606\" height=\"454\" \/>Vernis Blend mang ng\u00f4n ng\u1eef thi\u1ebft k\u1ebf tr\u00f2n m\u1ec1m m\u1ea1i, c\u00e2n \u0111\u1ed1i v\u00e0 th\u00e2n thi\u1ec7n, ph\u00f9 h\u1ee3p v\u1edbi nhi\u1ec1u phong c\u00e1ch ph\u00f2ng t\u1eafm hi\u1ec7n \u0111\u1ea1i. Th\u00e2n v\u00f2i g\u1ecdn g\u00e0ng k\u1ebft h\u1ee3p tay g\u1ea1t m\u1ea3nh t\u1ea1o c\u1ea3m gi\u00e1c nh\u1eb9 nh\u00e0ng, d\u1ec5 s\u1eed d\u1ee5ng. C\u00e1c b\u1ec1 m\u1eb7t \u0111\u01b0\u1ee3c x\u1eed l\u00fd li\u1ec1n m\u1ea1ch, gi\u1ea3m chi ti\u1ebft th\u1eeba, gi\u00fap t\u1ed5ng th\u1ec3 tr\u1edf n\u00ean thanh tho\u00e1t v\u00e0 d\u1ec5 v\u1ec7 sinh, \u0111\u1ed3ng th\u1eddi t\u1ea1o \u0111i\u1ec3m nh\u1ea5n tinh t\u1ebf nh\u01b0ng kh\u00f4ng ph\u00f4 tr\u01b0\u01a1ng.<\/p>\n<p>S\u1ea3n ph\u1ea9m \u0111\u01b0\u1ee3c ch\u1ebf t\u00e1c t\u1eeb \u0111\u1ed3ng thau ch\u1ea5t l\u01b0\u1ee3ng cao, ho\u00e0n thi\u1ec7n b\u1eb1ng l\u1edbp m\u1ea1 Chrome b\u1ec1n m\u00e0u, ch\u1ed1ng \u0103n m\u00f2n v\u00e0 gi\u1eef \u0111\u1ed9 s\u00e1ng l\u00e2u d\u00e0i. L\u00f5i tr\u1ed9n g\u1ed1m ch\u00ednh x\u00e1c b\u00ean trong cho thao t\u00e1c \u0111i\u1ec1u khi\u1ec3n m\u01b0\u1ee3t m\u00e0, \u1ed5n \u0111\u1ecbnh theo th\u1eddi gian.<\/p>\n","protected":false},"excerpt":{"rendered":"<p>Kh\u00e1m ph\u00e1 V\u00f2i lavabo Vernis Blend \u2013 bi\u1ec3u t\u01b0\u1ee3ng c\u1ee7a s\u1ef1 tinh t\u1ebf v\u00e0 ti\u1ec7n nghi v\u01b0\u1ee3t tr\u1ed9i. V\u1edbi thi\u1ebft k\u1ebf tay g\u1ea1t \u0111\u01a1n thanh l\u1ecbch c\u00f9ng v\u00f2i xoay linh ho\u1ea1t, m\u1ed7i l\u1ea7n ch\u1ea1m l\u00e0 m\u1ed9t tr\u1ea3i nghi\u1ec7m m\u01b0\u1ee3t m\u00e0, ch\u00ednh x\u00e1c. B\u1ed9 x\u1ea3 pop-up t\u00edch h\u1ee3p kh\u00f4ng ch\u1ec9 t\u0103ng t\u00ednh th\u1ea9m m\u1ef9 m\u00e0 c\u00f2n t\u1ed1i \u01b0u h\u00f3a c\u00f4ng n\u0103ng, mang \u0111\u1ebfn d\u00f2ng ch\u1ea3y ho\u00e0n h\u1ea3o v\u00e0 d\u1ec5 d\u00e0ng v\u1ec7 sinh. Vernis Blend kh\u00f4ng ch\u1ec9 l\u00e0 m\u1ed9t chi\u1ebfc v\u00f2i, m\u00e0 l\u00e0 \u0111i\u1ec3m nh\u1ea5n ngh\u1ec7 thu\u1eadt n\u00e2ng t\u1ea7m kh\u00f4ng gian ph\u00f2ng t\u1eafm, ki\u1ebfn t\u1ea1o tr\u1ea3i nghi\u1ec7m th\u01b0 gi\u00e3n \u0111\u1eb3ng c\u1ea5p m\u1ed7i ng\u00e0y.<\/p>\n","protected":false},"featured_media":93504,"comment_status":"open","ping_status":"closed","template":"","meta":{"_acf_changed":false},"product_cat":[883],"product_tag":[],"class_list":{"0":"post-147279","1":"product","2":"type-product","3":"status-publish","4":"has-post-thumbnail","6":"product_cat-voi-chau-2","7":"pa_mau-sac-chrome","9":"first","10":"onbackorder","11":"shipping-taxable","12":"product-type-variable"},"acf":[],"featured_media_urls":{"thumbnail":["https:\/\/trading.hhg.vn\/wp-content\/uploads\/2025\/11\/154__hpr02537_tif-150x150.png",150,150,true],"medium":["https:\/\/trading.hhg.vn\/wp-content\/uploads\/2025\/11\/154__hpr02537_tif-263x300.png",263,300,true],"medium_large":["https:\/\/trading.hhg.vn\/wp-content\/uploads\/2025\/11\/154__hpr02537_tif-768x878.png",768,878,true],"large":["https:\/\/trading.hhg.vn\/wp-content\/uploads\/2025\/11\/154__hpr02537_tif-896x1024.png",896,1024,true],"1536x1536":["https:\/\/trading.hhg.vn\/wp-content\/uploads\/2025\/11\/154__hpr02537_tif.png",1260,1440,false],"2048x2048":["https:\/\/trading.hhg.vn\/wp-content\/uploads\/2025\/11\/154__hpr02537_tif.png",1260,1440,false],"woocommerce_thumbnail":["https:\/\/trading.hhg.vn\/wp-content\/uploads\/2025\/11\/154__hpr02537_tif-600x600.png",600,600,true],"woocommerce_single":["https:\/\/trading.hhg.vn\/wp-content\/uploads\/2025\/11\/154__hpr02537_tif-1200x1371.png",1200,1371,true],"woocommerce_gallery_thumbnail":["https:\/\/trading.hhg.vn\/wp-content\/uploads\/2025\/11\/154__hpr02537_tif-150x171.png",150,171,true],"portfolio_item-thumbnail":["https:\/\/trading.hhg.vn\/wp-content\/uploads\/2025\/11\/154__hpr02537_tif.png",350,400,false],"portfolio_item-thumbnail@2x":["https:\/\/trading.hhg.vn\/wp-content\/uploads\/2025\/11\/154__hpr02537_tif.png",700,800,false],"portfolio_item-masonry":["https:\/\/trading.hhg.vn\/wp-content\/uploads\/2025\/11\/154__hpr02537_tif.png",600,686,false],"portfolio_item-masonry@2x":["https:\/\/trading.hhg.vn\/wp-content\/uploads\/2025\/11\/154__hpr02537_tif.png",1200,1371,false],"portfolio_item-thumbnail_cinema":["https:\/\/trading.hhg.vn\/wp-content\/uploads\/2025\/11\/154__hpr02537_tif.png",293,335,false],"portfolio_item-thumbnail_portrait":["https:\/\/trading.hhg.vn\/wp-content\/uploads\/2025\/11\/154__hpr02537_tif.png",600,686,false],"portfolio_item-thumbnail_portrait@2x":["https:\/\/trading.hhg.vn\/wp-content\/uploads\/2025\/11\/154__hpr02537_tif.png",1200,1371,false],"portfolio_item-thumbnail_square":["https:\/\/trading.hhg.vn\/wp-content\/uploads\/2025\/11\/154__hpr02537_tif.png",700,800,false]},"_links":{"self":[{"href":"https:\/\/trading.hhg.vn\/en\/wp-json\/wp\/v2\/product\/147279","targetHints":{"allow":["GET"]}}],"collection":[{"href":"https:\/\/trading.hhg.vn\/en\/wp-json\/wp\/v2\/product"}],"about":[{"href":"https:\/\/trading.hhg.vn\/en\/wp-json\/wp\/v2\/types\/product"}],"replies":[{"embeddable":true,"href":"https:\/\/trading.hhg.vn\/en\/wp-json\/wp\/v2\/comments?post=147279"}],"version-history":[{"count":1,"href":"https:\/\/trading.hhg.vn\/en\/wp-json\/wp\/v2\/product\/147279\/revisions"}],"predecessor-version":[{"id":147286,"href":"https:\/\/trading.hhg.vn\/en\/wp-json\/wp\/v2\/product\/147279\/revisions\/147286"}],"wp:featuredmedia":[{"embeddable":true,"href":"https:\/\/trading.hhg.vn\/en\/wp-json\/wp\/v2\/media\/93504"}],"wp:attachment":[{"href":"https:\/\/trading.hhg.vn\/en\/wp-json\/wp\/v2\/media?parent=147279"}],"wp:term":[{"taxonomy":"product_cat","embeddable":true,"href":"https:\/\/trading.hhg.vn\/en\/wp-json\/wp\/v2\/product_cat?post=147279"},{"taxonomy":"product_tag","embeddable":true,"href":"https:\/\/trading.hhg.vn\/en\/wp-json\/wp\/v2\/product_tag?post=147279"}],"curies":[{"name":"wp","href":"https:\/\/api.w.org\/{rel}","templated":true}]}}