{"id":147735,"date":"2026-01-29T07:33:49","date_gmt":"2026-01-29T00:33:49","guid":{"rendered":"https:\/\/trading.hhg.vn\/?post_type=product&#038;p=147735"},"modified":"2026-01-29T08:02:17","modified_gmt":"2026-01-29T01:02:17","slug":"voi-lavabo-lanh-80-ecosmart-tay-gat-dung-cho-nuoc-lanh-hoac-nuoc-da-dieu-chinh-san-khong-kem-bo-xa-tecturis-s","status":"publish","type":"product","link":"https:\/\/trading.hhg.vn\/en\/s\u1ea3n-ph\u1ea9m\/voi-lavabo-lanh-80-ecosmart-tay-gat-dung-cho-nuoc-lanh-hoac-nuoc-da-dieu-chinh-san-khong-kem-bo-xa-tecturis-s\/","title":{"rendered":"V\u00f2i lavabo l\u1ea1nh 80 EcoSmart+ tay g\u1ea1t d\u00f9ng cho n\u01b0\u1edbc l\u1ea1nh ho\u1eb7c n\u01b0\u1edbc \u0111\u00e3 \u0111i\u1ec1u ch\u1ec9nh s\u1eb5n, kh\u00f4ng k\u00e8m b\u1ed9 x\u1ea3 Tecturis S"},"content":{"rendered":"","protected":false},"excerpt":{"rendered":"<p>V\u00f2i lavabo Tecturis S EcoSmart+ kh\u00f4ng ch\u1ec9 l\u00e0 \u0111i\u1ec3m nh\u1ea5n thanh l\u1ecbch m\u00e0 c\u00f2n n\u00e2ng t\u1ea7m kh\u00f4ng gian ph\u00f2ng t\u1eafm v\u1edbi thi\u1ebft k\u1ebf t\u1ed1i gi\u1ea3n, tinh t\u1ebf. Tay g\u1ea1t v\u1eadn h\u00e0nh m\u01b0\u1ee3t m\u00e0, ch\u00ednh x\u00e1c, mang \u0111\u1ebfn tr\u1ea3i nghi\u1ec7m \u0111i\u1ec1u khi\u1ec3n n\u01b0\u1edbc l\u1ea1nh ho\u00e0n h\u1ea3o. V\u1edbi c\u00f4ng ngh\u1ec7 EcoSmart+, s\u1ea3n ph\u1ea9m ti\u00ean phong trong vi\u1ec7c ti\u1ebft ki\u1ec7m n\u01b0\u1edbc m\u00e0 v\u1eabn \u0111\u1ea3m b\u1ea3o d\u00f2ng ch\u1ea3y \u00eam \u00e1i, m\u1ea1nh m\u1ebd, ki\u1ebfn t\u1ea1o m\u1ed9t chu\u1ea9n m\u1ef1c m\u1edbi v\u1ec1 s\u1ef1 sang tr\u1ecdng v\u00e0 ti\u1ec7n nghi cho kh\u00f4ng gian s\u1ed1ng hi\u1ec7n \u0111\u1ea1i.<\/p>\n","protected":false},"featured_media":147806,"comment_status":"open","ping_status":"closed","template":"","meta":{"_acf_changed":false},"product_cat":[883],"product_tag":[],"class_list":{"0":"post-147735","1":"product","2":"type-product","3":"status-publish","4":"has-post-thumbnail","6":"product_cat-voi-chau-2","7":"pa_mau-sac-chrome","9":"first","10":"instock","11":"shipping-taxable","12":"product-type-variable"},"acf":[],"featured_media_urls":{"thumbnail":["https:\/\/trading.hhg.vn\/wp-content\/uploads\/2026\/01\/154__hpr05875_tif-150x150.png",150,150,true],"medium":["https:\/\/trading.hhg.vn\/wp-content\/uploads\/2026\/01\/154__hpr05875_tif-262x300.png",262,300,true],"medium_large":["https:\/\/trading.hhg.vn\/wp-content\/uploads\/2026\/01\/154__hpr05875_tif-768x878.png",768,878,true],"large":["https:\/\/trading.hhg.vn\/wp-content\/uploads\/2026\/01\/154__hpr05875_tif-896x1024.png",896,1024,true],"1536x1536":["https:\/\/trading.hhg.vn\/wp-content\/uploads\/2026\/01\/154__hpr05875_tif-1344x1536.png",1344,1536,true],"2048x2048":["https:\/\/trading.hhg.vn\/wp-content\/uploads\/2026\/01\/154__hpr05875_tif.png",1453,1661,false],"woocommerce_thumbnail":["https:\/\/trading.hhg.vn\/wp-content\/uploads\/2026\/01\/154__hpr05875_tif-600x600.png",600,600,true],"woocommerce_single":["https:\/\/trading.hhg.vn\/wp-content\/uploads\/2026\/01\/154__hpr05875_tif-1200x1372.png",1200,1372,true],"woocommerce_gallery_thumbnail":["https:\/\/trading.hhg.vn\/wp-content\/uploads\/2026\/01\/154__hpr05875_tif-150x171.png",150,171,true],"portfolio_item-thumbnail":["https:\/\/trading.hhg.vn\/wp-content\/uploads\/2026\/01\/154__hpr05875_tif-600x400.png",600,400,true],"portfolio_item-thumbnail@2x":["https:\/\/trading.hhg.vn\/wp-content\/uploads\/2026\/01\/154__hpr05875_tif-1200x800.png",1200,800,true],"portfolio_item-masonry":["https:\/\/trading.hhg.vn\/wp-content\/uploads\/2026\/01\/154__hpr05875_tif-600x686.png",600,686,true],"portfolio_item-masonry@2x":["https:\/\/trading.hhg.vn\/wp-content\/uploads\/2026\/01\/154__hpr05875_tif-1200x1372.png",1200,1372,true],"portfolio_item-thumbnail_cinema":["https:\/\/trading.hhg.vn\/wp-content\/uploads\/2026\/01\/154__hpr05875_tif-800x335.png",800,335,true],"portfolio_item-thumbnail_portrait":["https:\/\/trading.hhg.vn\/wp-content\/uploads\/2026\/01\/154__hpr05875_tif-600x900.png",600,900,true],"portfolio_item-thumbnail_portrait@2x":["https:\/\/trading.hhg.vn\/wp-content\/uploads\/2026\/01\/154__hpr05875_tif-1200x1661.png",1200,1661,true],"portfolio_item-thumbnail_square":["https:\/\/trading.hhg.vn\/wp-content\/uploads\/2026\/01\/154__hpr05875_tif-800x800.png",800,800,true]},"_links":{"self":[{"href":"https:\/\/trading.hhg.vn\/en\/wp-json\/wp\/v2\/product\/147735","targetHints":{"allow":["GET"]}}],"collection":[{"href":"https:\/\/trading.hhg.vn\/en\/wp-json\/wp\/v2\/product"}],"about":[{"href":"https:\/\/trading.hhg.vn\/en\/wp-json\/wp\/v2\/types\/product"}],"replies":[{"embeddable":true,"href":"https:\/\/trading.hhg.vn\/en\/wp-json\/wp\/v2\/comments?post=147735"}],"version-history":[{"count":1,"href":"https:\/\/trading.hhg.vn\/en\/wp-json\/wp\/v2\/product\/147735\/revisions"}],"predecessor-version":[{"id":147808,"href":"https:\/\/trading.hhg.vn\/en\/wp-json\/wp\/v2\/product\/147735\/revisions\/147808"}],"wp:featuredmedia":[{"embeddable":true,"href":"https:\/\/trading.hhg.vn\/en\/wp-json\/wp\/v2\/media\/147806"}],"wp:attachment":[{"href":"https:\/\/trading.hhg.vn\/en\/wp-json\/wp\/v2\/media?parent=147735"}],"wp:term":[{"taxonomy":"product_cat","embeddable":true,"href":"https:\/\/trading.hhg.vn\/en\/wp-json\/wp\/v2\/product_cat?post=147735"},{"taxonomy":"product_tag","embeddable":true,"href":"https:\/\/trading.hhg.vn\/en\/wp-json\/wp\/v2\/product_tag?post=147735"}],"curies":[{"name":"wp","href":"https:\/\/api.w.org\/{rel}","templated":true}]}}