{"id":147833,"date":"2026-01-29T07:40:04","date_gmt":"2026-01-29T00:40:04","guid":{"rendered":"https:\/\/trading.hhg.vn\/?post_type=product&#038;p=147833"},"modified":"2026-05-08T17:09:50","modified_gmt":"2026-05-08T10:09:50","slug":"voi-chau-70-tay-gat-mot-duong-lanh-hoac-nuoc-dat-truoc-khong-bo-xa-zesis-s","status":"publish","type":"product","link":"https:\/\/trading.hhg.vn\/en\/s\u1ea3n-ph\u1ea9m\/voi-chau-70-tay-gat-mot-duong-lanh-hoac-nuoc-dat-truoc-khong-bo-xa-zesis-s\/","title":{"rendered":"V\u00f2i ch\u1eadu 70 tay g\u1ea1t m\u1ed9t \u0111\u01b0\u1eddng l\u1ea1nh ho\u1eb7c n\u01b0\u1edbc \u0111\u1eb7t tr\u01b0\u1edbc kh\u00f4ng b\u1ed9 x\u1ea3 Zesis S"},"content":{"rendered":"","protected":false},"excerpt":{"rendered":"<p>N\u00e2ng t\u1ea7m kh\u00f4ng gian s\u1ed1ng v\u1edbi v\u00f2i ch\u1eadu Zesis S, bi\u1ec3u t\u01b0\u1ee3ng c\u1ee7a s\u1ef1 tinh t\u1ebf v\u00e0 c\u00f4ng n\u0103ng v\u01b0\u1ee3t tr\u1ed9i. Thi\u1ebft k\u1ebf tay g\u1ea1t 70 \u0111\u1ed9 t\u1ed1i gi\u1ea3n, k\u1ebft h\u1ee3p c\u00f9ng \u0111\u01b0\u1eddng cong m\u1ec1m m\u1ea1i, t\u1ea1o n\u00ean v\u1ebb \u0111\u1eb9p thanh l\u1ecbch v\u01b0\u1ee3t th\u1eddi gian. Tr\u1ea3i nghi\u1ec7m c\u1ea3m gi\u00e1c \u00eam \u00e1i, m\u01b0\u1ee3t m\u00e0 trong t\u1eebng l\u1ea7n \u0111i\u1ec1u ch\u1ec9nh d\u00f2ng n\u01b0\u1edbc l\u1ea1nh, mang l\u1ea1i s\u1ef1 ti\u1ec7n nghi ho\u00e0n h\u1ea3o cho m\u1ecdi kho\u1ea3nh kh\u1eafc. Zesis S kh\u00f4ng ch\u1ec9 l\u00e0 m\u1ed9t chi\u1ebfc v\u00f2i, m\u00e0 c\u00f2n l\u00e0 \u0111i\u1ec3m nh\u1ea5n sang tr\u1ecdng, kh\u01a1i ngu\u1ed3n c\u1ea3m h\u1ee9ng cho m\u1ed9t cu\u1ed9c s\u1ed1ng \u0111\u1eb3ng c\u1ea5p v\u00e0 \u0111\u1ea7y phong c\u00e1ch.<\/p>\n","protected":false},"featured_media":147910,"comment_status":"open","ping_status":"closed","template":"","meta":{"_acf_changed":false},"product_cat":[883],"product_tag":[],"class_list":{"0":"post-147833","1":"product","2":"type-product","3":"status-publish","4":"has-post-thumbnail","6":"product_cat-voi-chau-2","7":"pa_mau-sac-chrome","9":"first","10":"instock","11":"shipping-taxable","12":"product-type-variable"},"acf":[],"_links":{"self":[{"href":"https:\/\/trading.hhg.vn\/en\/wp-json\/wp\/v2\/product\/147833","targetHints":{"allow":["GET"]}}],"collection":[{"href":"https:\/\/trading.hhg.vn\/en\/wp-json\/wp\/v2\/product"}],"about":[{"href":"https:\/\/trading.hhg.vn\/en\/wp-json\/wp\/v2\/types\/product"}],"replies":[{"embeddable":true,"href":"https:\/\/trading.hhg.vn\/en\/wp-json\/wp\/v2\/comments?post=147833"}],"version-history":[{"count":1,"href":"https:\/\/trading.hhg.vn\/en\/wp-json\/wp\/v2\/product\/147833\/revisions"}],"predecessor-version":[{"id":147912,"href":"https:\/\/trading.hhg.vn\/en\/wp-json\/wp\/v2\/product\/147833\/revisions\/147912"}],"wp:featuredmedia":[{"embeddable":true,"href":"https:\/\/trading.hhg.vn\/en\/wp-json\/wp\/v2\/media\/147910"}],"wp:attachment":[{"href":"https:\/\/trading.hhg.vn\/en\/wp-json\/wp\/v2\/media?parent=147833"}],"wp:term":[{"taxonomy":"product_cat","embeddable":true,"href":"https:\/\/trading.hhg.vn\/en\/wp-json\/wp\/v2\/product_cat?post=147833"},{"taxonomy":"product_tag","embeddable":true,"href":"https:\/\/trading.hhg.vn\/en\/wp-json\/wp\/v2\/product_tag?post=147833"}],"curies":[{"name":"wp","href":"https:\/\/api.w.org\/{rel}","templated":true}]}}